{"id":2527,"date":"2024-09-12T18:38:01","date_gmt":"2024-09-12T18:38:01","guid":{"rendered":"https:\/\/steel-woody.com\/magazin\/senza-categoria\/comodino\/"},"modified":"2024-09-12T18:38:01","modified_gmt":"2024-09-12T18:38:01","slug":"comodino","status":"publish","type":"product","link":"https:\/\/steel-woody.com\/it\/negozio\/comodini\/comodino\/","title":{"rendered":"Comodino"},"content":{"rendered":"<h3>Eleganza in stile funzionale<\/h3>\n<p>Scopri il comodino Elegance, un mobile che combina funzionalit\u00e0 ed estetica sofisticata per completare perfettamente l&#8217;arredamento di qualsiasi camera da letto. Realizzato con materiali di alta qualit\u00e0, il comodino ha una finitura lucida che aggiunge un tocco di eleganza e raffinatezza. La sua generosa superficie \u00e8 ideale per tenere a portata di mano libri, il cellulare o una tazza di t\u00e8.<\/p>\n<p>&nbsp;<\/p>\n<h3>Superficie generosa, durata garantita<\/h3>\n<p>Un cassetto spazioso e di facile accesso \u00e8 il luogo perfetto per riporre gli accessori personali, mentre il ripiano inferiore pu\u00f2 essere utilizzato per esporre oggetti decorativi o riviste. Caratterizzato da un design classico e moderno, il comodino si integra armoniosamente con qualsiasi stile di arredamento, aggiungendo funzionalit\u00e0 e stile alla tua stanza. Scegli il comodino Elegance per aggiungere un tocco di comfort e raffinatezza alla tua vita quotidiana.<\/p>\n<p>&nbsp;<\/p>\n<h3>Eleganza e versatilit\u00e0 nel design<\/h3>\n<p>L&#8217;eleganza minimalista incontra la funzionalit\u00e0 pratica. Grazie alle linee pulite e al design compatto, questo comodino si adatta perfettamente agli spazi ristretti, aggiungendo uno stile contemporaneo a qualsiasi camera da letto. Realizzato in legno massiccio con finitura opaca, il comodino Elegance \u00e8 robusto, durevole e di facile manutenzione. <\/p>\n<p>&nbsp;<\/p>\n<h3>Materiale<\/h3>\n<p>Il comodino \u00e8 realizzato in legno di quercia o noce di altissima qualit\u00e0, noto per la sua durata e resistenza all&#8217;usura. La finitura opaca applicata con cura non solo protegge il legno, ma aggiunge anche un aspetto elegante e moderno, integrandosi armoniosamente nell&#8217;arredamento di qualsiasi stanza. <\/p>\n<p>&nbsp;<\/p>\n<h3>Dimensioni<\/h3>\n<p>45(L) x 32,3(L) x 50,8(h) cm<\/p>\n","protected":false},"excerpt":{"rendered":"<p>Scopri il Comodino Elegance, un mobile che combina funzionalit\u00e0 ed estetica sofisticata per completare perfettamente l&#8217;arredamento di qualsiasi camera da letto.<\/p>\n","protected":false},"featured_media":1764,"comment_status":"open","ping_status":"closed","template":"","meta":[],"product_brand":[],"product_cat":[82],"product_tag":[],"class_list":{"0":"post-2527","1":"product","2":"type-product","3":"status-publish","4":"has-post-thumbnail","6":"product_cat-comodini","8":"first","9":"instock","10":"shipping-taxable","11":"purchasable","12":"product-type-simple"},"yoast_head":"<!-- This site is optimized with the Yoast SEO plugin v25.5 - https:\/\/yoast.com\/wordpress\/plugins\/seo\/ -->\n<title>Comodino - Steel Woody<\/title>\n<meta name=\"robots\" content=\"index, follow, max-snippet:-1, max-image-preview:large, max-video-preview:-1\" \/>\n<link rel=\"canonical\" href=\"https:\/\/steel-woody.com\/it\/negozio\/comodini\/comodino\/\" \/>\n<meta property=\"og:locale\" content=\"it_IT\" \/>\n<meta property=\"og:type\" content=\"article\" \/>\n<meta property=\"og:title\" content=\"Comodino - Steel Woody\" \/>\n<meta property=\"og:description\" content=\"Scopri il Comodino Elegance, un mobile che combina funzionalit\u00e0 ed estetica sofisticata per completare perfettamente l&#039;arredamento di qualsiasi camera da letto.\" \/>\n<meta property=\"og:url\" content=\"https:\/\/steel-woody.com\/it\/negozio\/comodini\/comodino\/\" \/>\n<meta property=\"og:site_name\" content=\"Steel Woody\" \/>\n<meta property=\"og:image\" content=\"https:\/\/steel-woody.com\/wp-content\/uploads\/2024\/09\/4-2.jpg\" \/>\n\t<meta property=\"og:image:width\" content=\"1536\" \/>\n\t<meta property=\"og:image:height\" content=\"1167\" \/>\n\t<meta property=\"og:image:type\" content=\"image\/jpeg\" \/>\n<meta name=\"twitter:card\" content=\"summary_large_image\" \/>\n<meta name=\"twitter:label1\" content=\"Tempo di lettura stimato\" \/>\n\t<meta name=\"twitter:data1\" content=\"1 minuto\" \/>\n<script type=\"application\/ld+json\" class=\"yoast-schema-graph\">{\"@context\":\"https:\/\/schema.org\",\"@graph\":[{\"@type\":\"WebPage\",\"@id\":\"https:\/\/steel-woody.com\/it\/negozio\/comodini\/comodino\/\",\"url\":\"https:\/\/steel-woody.com\/it\/negozio\/comodini\/comodino\/\",\"name\":\"Comodino - Steel Woody\",\"isPartOf\":{\"@id\":\"https:\/\/steel-woody.com\/it\/#website\"},\"primaryImageOfPage\":{\"@id\":\"https:\/\/steel-woody.com\/it\/negozio\/comodini\/comodino\/#primaryimage\"},\"image\":{\"@id\":\"https:\/\/steel-woody.com\/it\/negozio\/comodini\/comodino\/#primaryimage\"},\"thumbnailUrl\":\"https:\/\/steel-woody.com\/wp-content\/uploads\/2024\/09\/4-2.jpg\",\"datePublished\":\"2024-09-12T18:38:01+00:00\",\"breadcrumb\":{\"@id\":\"https:\/\/steel-woody.com\/it\/negozio\/comodini\/comodino\/#breadcrumb\"},\"inLanguage\":\"it-IT\",\"potentialAction\":[{\"@type\":\"ReadAction\",\"target\":[\"https:\/\/steel-woody.com\/it\/negozio\/comodini\/comodino\/\"]}]},{\"@type\":\"ImageObject\",\"inLanguage\":\"it-IT\",\"@id\":\"https:\/\/steel-woody.com\/it\/negozio\/comodini\/comodino\/#primaryimage\",\"url\":\"https:\/\/steel-woody.com\/wp-content\/uploads\/2024\/09\/4-2.jpg\",\"contentUrl\":\"https:\/\/steel-woody.com\/wp-content\/uploads\/2024\/09\/4-2.jpg\",\"width\":1536,\"height\":1167},{\"@type\":\"BreadcrumbList\",\"@id\":\"https:\/\/steel-woody.com\/it\/negozio\/comodini\/comodino\/#breadcrumb\",\"itemListElement\":[{\"@type\":\"ListItem\",\"position\":1,\"name\":\"Home\",\"item\":\"https:\/\/steel-woody.com\/it\/\"},{\"@type\":\"ListItem\",\"position\":2,\"name\":\"Negozio\",\"item\":\"https:\/\/steel-woody.com\/it\/negozio\/\"},{\"@type\":\"ListItem\",\"position\":3,\"name\":\"Comodino\"}]},{\"@type\":\"WebSite\",\"@id\":\"https:\/\/steel-woody.com\/it\/#website\",\"url\":\"https:\/\/steel-woody.com\/it\/\",\"name\":\"Steel Woody\",\"description\":\"\",\"potentialAction\":[{\"@type\":\"SearchAction\",\"target\":{\"@type\":\"EntryPoint\",\"urlTemplate\":\"https:\/\/steel-woody.com\/it\/?s={search_term_string}\"},\"query-input\":{\"@type\":\"PropertyValueSpecification\",\"valueRequired\":true,\"valueName\":\"search_term_string\"}}],\"inLanguage\":\"it-IT\"}]}<\/script>\n<!-- \/ Yoast SEO plugin. -->","yoast_head_json":{"title":"Comodino - Steel Woody","robots":{"index":"index","follow":"follow","max-snippet":"max-snippet:-1","max-image-preview":"max-image-preview:large","max-video-preview":"max-video-preview:-1"},"canonical":"https:\/\/steel-woody.com\/it\/negozio\/comodini\/comodino\/","og_locale":"it_IT","og_type":"article","og_title":"Comodino - Steel Woody","og_description":"Scopri il Comodino Elegance, un mobile che combina funzionalit\u00e0 ed estetica sofisticata per completare perfettamente l'arredamento di qualsiasi camera da letto.","og_url":"https:\/\/steel-woody.com\/it\/negozio\/comodini\/comodino\/","og_site_name":"Steel Woody","og_image":[{"width":1536,"height":1167,"url":"https:\/\/steel-woody.com\/wp-content\/uploads\/2024\/09\/4-2.jpg","type":"image\/jpeg"}],"twitter_card":"summary_large_image","twitter_misc":{"Tempo di lettura stimato":"1 minuto"},"schema":{"@context":"https:\/\/schema.org","@graph":[{"@type":"WebPage","@id":"https:\/\/steel-woody.com\/it\/negozio\/comodini\/comodino\/","url":"https:\/\/steel-woody.com\/it\/negozio\/comodini\/comodino\/","name":"Comodino - Steel Woody","isPartOf":{"@id":"https:\/\/steel-woody.com\/it\/#website"},"primaryImageOfPage":{"@id":"https:\/\/steel-woody.com\/it\/negozio\/comodini\/comodino\/#primaryimage"},"image":{"@id":"https:\/\/steel-woody.com\/it\/negozio\/comodini\/comodino\/#primaryimage"},"thumbnailUrl":"https:\/\/steel-woody.com\/wp-content\/uploads\/2024\/09\/4-2.jpg","datePublished":"2024-09-12T18:38:01+00:00","breadcrumb":{"@id":"https:\/\/steel-woody.com\/it\/negozio\/comodini\/comodino\/#breadcrumb"},"inLanguage":"it-IT","potentialAction":[{"@type":"ReadAction","target":["https:\/\/steel-woody.com\/it\/negozio\/comodini\/comodino\/"]}]},{"@type":"ImageObject","inLanguage":"it-IT","@id":"https:\/\/steel-woody.com\/it\/negozio\/comodini\/comodino\/#primaryimage","url":"https:\/\/steel-woody.com\/wp-content\/uploads\/2024\/09\/4-2.jpg","contentUrl":"https:\/\/steel-woody.com\/wp-content\/uploads\/2024\/09\/4-2.jpg","width":1536,"height":1167},{"@type":"BreadcrumbList","@id":"https:\/\/steel-woody.com\/it\/negozio\/comodini\/comodino\/#breadcrumb","itemListElement":[{"@type":"ListItem","position":1,"name":"Home","item":"https:\/\/steel-woody.com\/it\/"},{"@type":"ListItem","position":2,"name":"Negozio","item":"https:\/\/steel-woody.com\/it\/negozio\/"},{"@type":"ListItem","position":3,"name":"Comodino"}]},{"@type":"WebSite","@id":"https:\/\/steel-woody.com\/it\/#website","url":"https:\/\/steel-woody.com\/it\/","name":"Steel Woody","description":"","potentialAction":[{"@type":"SearchAction","target":{"@type":"EntryPoint","urlTemplate":"https:\/\/steel-woody.com\/it\/?s={search_term_string}"},"query-input":{"@type":"PropertyValueSpecification","valueRequired":true,"valueName":"search_term_string"}}],"inLanguage":"it-IT"}]}},"_links":{"self":[{"href":"https:\/\/steel-woody.com\/it\/wp-json\/wp\/v2\/product\/2527","targetHints":{"allow":["GET"]}}],"collection":[{"href":"https:\/\/steel-woody.com\/it\/wp-json\/wp\/v2\/product"}],"about":[{"href":"https:\/\/steel-woody.com\/it\/wp-json\/wp\/v2\/types\/product"}],"replies":[{"embeddable":true,"href":"https:\/\/steel-woody.com\/it\/wp-json\/wp\/v2\/comments?post=2527"}],"wp:featuredmedia":[{"embeddable":true,"href":"https:\/\/steel-woody.com\/it\/wp-json\/wp\/v2\/media\/1764"}],"wp:attachment":[{"href":"https:\/\/steel-woody.com\/it\/wp-json\/wp\/v2\/media?parent=2527"}],"wp:term":[{"taxonomy":"product_brand","embeddable":true,"href":"https:\/\/steel-woody.com\/it\/wp-json\/wp\/v2\/product_brand?post=2527"},{"taxonomy":"product_cat","embeddable":true,"href":"https:\/\/steel-woody.com\/it\/wp-json\/wp\/v2\/product_cat?post=2527"},{"taxonomy":"product_tag","embeddable":true,"href":"https:\/\/steel-woody.com\/it\/wp-json\/wp\/v2\/product_tag?post=2527"}],"curies":[{"name":"wp","href":"https:\/\/api.w.org\/{rel}","templated":true}]}}