{"id":2526,"date":"2024-09-12T18:38:19","date_gmt":"2024-09-12T18:38:19","guid":{"rendered":"https:\/\/steel-woody.com\/magazin\/senza-categoria\/tavolo-da-letto\/"},"modified":"2024-09-12T18:38:19","modified_gmt":"2024-09-12T18:38:19","slug":"tavolo-da-letto","status":"publish","type":"product","link":"https:\/\/steel-woody.com\/it\/negozio\/tabella\/tavolo-da-letto\/","title":{"rendered":"Tavolo da letto"},"content":{"rendered":"<h3>Design contemporaneo e stabilit\u00e0 superiore<\/h3>\n<p>Questo tavolo da letto moderno \u00e8 un accessorio essenziale per qualsiasi camera da letto contemporanea.<br \/>\nProgettato per garantire il massimo del comfort e dell&#8217;utilit\u00e0, questo elegante pezzo combina funzionalit\u00e0 e stile. La sua robusta struttura \u00e8 sostenuta da una solida gamba centrale, rifinita in nero opaco, che garantisce stabilit\u00e0 senza compromettere l&#8217;estetica. <\/p>\n<p>&nbsp;<\/p>\n<h3>Eleganza e versatilit\u00e0 nel design dei comodini<\/h3>\n<p>Il piano del tavolo di forma rotonda, rifinito con tonalit\u00e0 di legno naturale, offre un piacevole contrasto e aggiunge un tocco di calore all&#8217;arredamento della stanza. Perfetto per servire la colazione a letto o per appoggiare il tuo computer portatile mentre lavori da casa, questo tavolo non \u00e8 solo funzionale ma anche un elegante punto focale in qualsiasi stanza.<\/p>\n<p>&nbsp;<\/p>\n<h3>Design moderno e robusto<\/h3>\n<p>Questo tavolo da letto combina perfettamente funzionalit\u00e0 e design moderno. Con il suo piano rotondo in legno naturale e la gamba centrale in metallo nero opaco, offre un equilibrio ideale tra robustezza e stile, rendendolo un accessorio indispensabile in qualsiasi camera da letto contemporanea. <\/p>\n<p>&nbsp;<\/p>\n<h3>Materiale<\/h3>\n<p>Il prodotto \u00e8 costruito con materiali di alta qualit\u00e0 per garantire una lunga durata e un aspetto esteticamente gradevole. La testiera \u00e8 realizzata in legno di quercia o di noce, rifinito in tonalit\u00e0 naturali che enfatizzano la bellezza della texture del legno. Aggiunge calore e un aspetto organico, integrandosi armoniosamente nell&#8217;arredamento moderno della stanza. La robusta gamba centrale \u00e8 in metallo rifinito in nero opaco e offre una struttura solida e stabile, ideale per l&#8217;uso quotidiano. La combinazione di legno e metallo non solo garantisce la resistenza e la longevit\u00e0 del tavolo, ma aggiunge anche un contrasto visivamente accattivante adatto a un interno contemporaneo.  <\/p>\n<p>&nbsp;<\/p>\n<h3>Dimensioni<\/h3>\n<p>60(L) x 30(L) x 75(h) cm<\/p>\n","protected":false},"excerpt":{"rendered":"<p>Tavolo da letto moderno e multifunzionale<\/p>\n","protected":false},"featured_media":1767,"comment_status":"open","ping_status":"closed","template":"","meta":[],"product_brand":[],"product_cat":[72],"product_tag":[],"class_list":{"0":"post-2526","1":"product","2":"type-product","3":"status-publish","4":"has-post-thumbnail","6":"product_cat-tabella","8":"first","9":"instock","10":"shipping-taxable","11":"purchasable","12":"product-type-simple"},"yoast_head":"<!-- This site is optimized with the Yoast SEO plugin v25.5 - https:\/\/yoast.com\/wordpress\/plugins\/seo\/ -->\n<title>Tavolo da letto - Steel Woody<\/title>\n<meta name=\"robots\" content=\"index, follow, max-snippet:-1, max-image-preview:large, max-video-preview:-1\" \/>\n<link rel=\"canonical\" href=\"https:\/\/steel-woody.com\/it\/negozio\/tabella\/tavolo-da-letto\/\" \/>\n<meta property=\"og:locale\" content=\"it_IT\" \/>\n<meta property=\"og:type\" content=\"article\" \/>\n<meta property=\"og:title\" content=\"Tavolo da letto - Steel Woody\" \/>\n<meta property=\"og:description\" content=\"Tavolo da letto moderno e multifunzionale\" \/>\n<meta property=\"og:url\" content=\"https:\/\/steel-woody.com\/it\/negozio\/tabella\/tavolo-da-letto\/\" \/>\n<meta property=\"og:site_name\" content=\"Steel Woody\" \/>\n<meta property=\"og:image\" content=\"https:\/\/steel-woody.com\/wp-content\/uploads\/2024\/09\/4-3.jpg\" \/>\n\t<meta property=\"og:image:width\" content=\"1536\" \/>\n\t<meta property=\"og:image:height\" content=\"1167\" \/>\n\t<meta property=\"og:image:type\" content=\"image\/jpeg\" \/>\n<meta name=\"twitter:card\" content=\"summary_large_image\" \/>\n<meta name=\"twitter:label1\" content=\"Tempo di lettura stimato\" \/>\n\t<meta name=\"twitter:data1\" content=\"1 minuto\" \/>\n<script type=\"application\/ld+json\" class=\"yoast-schema-graph\">{\"@context\":\"https:\/\/schema.org\",\"@graph\":[{\"@type\":\"WebPage\",\"@id\":\"https:\/\/steel-woody.com\/it\/negozio\/tabella\/tavolo-da-letto\/\",\"url\":\"https:\/\/steel-woody.com\/it\/negozio\/tabella\/tavolo-da-letto\/\",\"name\":\"Tavolo da letto - Steel Woody\",\"isPartOf\":{\"@id\":\"https:\/\/steel-woody.com\/it\/#website\"},\"primaryImageOfPage\":{\"@id\":\"https:\/\/steel-woody.com\/it\/negozio\/tabella\/tavolo-da-letto\/#primaryimage\"},\"image\":{\"@id\":\"https:\/\/steel-woody.com\/it\/negozio\/tabella\/tavolo-da-letto\/#primaryimage\"},\"thumbnailUrl\":\"https:\/\/steel-woody.com\/wp-content\/uploads\/2024\/09\/4-3.jpg\",\"datePublished\":\"2024-09-12T18:38:19+00:00\",\"breadcrumb\":{\"@id\":\"https:\/\/steel-woody.com\/it\/negozio\/tabella\/tavolo-da-letto\/#breadcrumb\"},\"inLanguage\":\"it-IT\",\"potentialAction\":[{\"@type\":\"ReadAction\",\"target\":[\"https:\/\/steel-woody.com\/it\/negozio\/tabella\/tavolo-da-letto\/\"]}]},{\"@type\":\"ImageObject\",\"inLanguage\":\"it-IT\",\"@id\":\"https:\/\/steel-woody.com\/it\/negozio\/tabella\/tavolo-da-letto\/#primaryimage\",\"url\":\"https:\/\/steel-woody.com\/wp-content\/uploads\/2024\/09\/4-3.jpg\",\"contentUrl\":\"https:\/\/steel-woody.com\/wp-content\/uploads\/2024\/09\/4-3.jpg\",\"width\":1536,\"height\":1167},{\"@type\":\"BreadcrumbList\",\"@id\":\"https:\/\/steel-woody.com\/it\/negozio\/tabella\/tavolo-da-letto\/#breadcrumb\",\"itemListElement\":[{\"@type\":\"ListItem\",\"position\":1,\"name\":\"Home\",\"item\":\"https:\/\/steel-woody.com\/it\/\"},{\"@type\":\"ListItem\",\"position\":2,\"name\":\"Negozio\",\"item\":\"https:\/\/steel-woody.com\/it\/negozio\/\"},{\"@type\":\"ListItem\",\"position\":3,\"name\":\"Tavolo da letto\"}]},{\"@type\":\"WebSite\",\"@id\":\"https:\/\/steel-woody.com\/it\/#website\",\"url\":\"https:\/\/steel-woody.com\/it\/\",\"name\":\"Steel Woody\",\"description\":\"\",\"potentialAction\":[{\"@type\":\"SearchAction\",\"target\":{\"@type\":\"EntryPoint\",\"urlTemplate\":\"https:\/\/steel-woody.com\/it\/?s={search_term_string}\"},\"query-input\":{\"@type\":\"PropertyValueSpecification\",\"valueRequired\":true,\"valueName\":\"search_term_string\"}}],\"inLanguage\":\"it-IT\"}]}<\/script>\n<!-- \/ Yoast SEO plugin. -->","yoast_head_json":{"title":"Tavolo da letto - Steel Woody","robots":{"index":"index","follow":"follow","max-snippet":"max-snippet:-1","max-image-preview":"max-image-preview:large","max-video-preview":"max-video-preview:-1"},"canonical":"https:\/\/steel-woody.com\/it\/negozio\/tabella\/tavolo-da-letto\/","og_locale":"it_IT","og_type":"article","og_title":"Tavolo da letto - Steel Woody","og_description":"Tavolo da letto moderno e multifunzionale","og_url":"https:\/\/steel-woody.com\/it\/negozio\/tabella\/tavolo-da-letto\/","og_site_name":"Steel Woody","og_image":[{"width":1536,"height":1167,"url":"https:\/\/steel-woody.com\/wp-content\/uploads\/2024\/09\/4-3.jpg","type":"image\/jpeg"}],"twitter_card":"summary_large_image","twitter_misc":{"Tempo di lettura stimato":"1 minuto"},"schema":{"@context":"https:\/\/schema.org","@graph":[{"@type":"WebPage","@id":"https:\/\/steel-woody.com\/it\/negozio\/tabella\/tavolo-da-letto\/","url":"https:\/\/steel-woody.com\/it\/negozio\/tabella\/tavolo-da-letto\/","name":"Tavolo da letto - Steel Woody","isPartOf":{"@id":"https:\/\/steel-woody.com\/it\/#website"},"primaryImageOfPage":{"@id":"https:\/\/steel-woody.com\/it\/negozio\/tabella\/tavolo-da-letto\/#primaryimage"},"image":{"@id":"https:\/\/steel-woody.com\/it\/negozio\/tabella\/tavolo-da-letto\/#primaryimage"},"thumbnailUrl":"https:\/\/steel-woody.com\/wp-content\/uploads\/2024\/09\/4-3.jpg","datePublished":"2024-09-12T18:38:19+00:00","breadcrumb":{"@id":"https:\/\/steel-woody.com\/it\/negozio\/tabella\/tavolo-da-letto\/#breadcrumb"},"inLanguage":"it-IT","potentialAction":[{"@type":"ReadAction","target":["https:\/\/steel-woody.com\/it\/negozio\/tabella\/tavolo-da-letto\/"]}]},{"@type":"ImageObject","inLanguage":"it-IT","@id":"https:\/\/steel-woody.com\/it\/negozio\/tabella\/tavolo-da-letto\/#primaryimage","url":"https:\/\/steel-woody.com\/wp-content\/uploads\/2024\/09\/4-3.jpg","contentUrl":"https:\/\/steel-woody.com\/wp-content\/uploads\/2024\/09\/4-3.jpg","width":1536,"height":1167},{"@type":"BreadcrumbList","@id":"https:\/\/steel-woody.com\/it\/negozio\/tabella\/tavolo-da-letto\/#breadcrumb","itemListElement":[{"@type":"ListItem","position":1,"name":"Home","item":"https:\/\/steel-woody.com\/it\/"},{"@type":"ListItem","position":2,"name":"Negozio","item":"https:\/\/steel-woody.com\/it\/negozio\/"},{"@type":"ListItem","position":3,"name":"Tavolo da letto"}]},{"@type":"WebSite","@id":"https:\/\/steel-woody.com\/it\/#website","url":"https:\/\/steel-woody.com\/it\/","name":"Steel Woody","description":"","potentialAction":[{"@type":"SearchAction","target":{"@type":"EntryPoint","urlTemplate":"https:\/\/steel-woody.com\/it\/?s={search_term_string}"},"query-input":{"@type":"PropertyValueSpecification","valueRequired":true,"valueName":"search_term_string"}}],"inLanguage":"it-IT"}]}},"_links":{"self":[{"href":"https:\/\/steel-woody.com\/it\/wp-json\/wp\/v2\/product\/2526","targetHints":{"allow":["GET"]}}],"collection":[{"href":"https:\/\/steel-woody.com\/it\/wp-json\/wp\/v2\/product"}],"about":[{"href":"https:\/\/steel-woody.com\/it\/wp-json\/wp\/v2\/types\/product"}],"replies":[{"embeddable":true,"href":"https:\/\/steel-woody.com\/it\/wp-json\/wp\/v2\/comments?post=2526"}],"wp:featuredmedia":[{"embeddable":true,"href":"https:\/\/steel-woody.com\/it\/wp-json\/wp\/v2\/media\/1767"}],"wp:attachment":[{"href":"https:\/\/steel-woody.com\/it\/wp-json\/wp\/v2\/media?parent=2526"}],"wp:term":[{"taxonomy":"product_brand","embeddable":true,"href":"https:\/\/steel-woody.com\/it\/wp-json\/wp\/v2\/product_brand?post=2526"},{"taxonomy":"product_cat","embeddable":true,"href":"https:\/\/steel-woody.com\/it\/wp-json\/wp\/v2\/product_cat?post=2526"},{"taxonomy":"product_tag","embeddable":true,"href":"https:\/\/steel-woody.com\/it\/wp-json\/wp\/v2\/product_tag?post=2526"}],"curies":[{"name":"wp","href":"https:\/\/api.w.org\/{rel}","templated":true}]}}