{"id":2522,"date":"2024-09-21T16:02:48","date_gmt":"2024-09-21T16:02:48","guid":{"rendered":"https:\/\/steel-woody.com\/magazin\/senza-categoria\/sedia\/"},"modified":"2024-09-21T16:02:48","modified_gmt":"2024-09-21T16:02:48","slug":"sedia","status":"publish","type":"product","link":"https:\/\/steel-woody.com\/it\/negozio\/sedie\/sedia\/","title":{"rendered":"Sedia"},"content":{"rendered":"<h3>Raffinatezza e comfort nel design contemporaneo<\/h3>\n<p>Scopri la raffinatezza e il comfort di questa sedia moderna, ideale per dare un tocco artistico a qualsiasi spazio. Il design innovativo e le linee pulite conferiscono a questa sedia un aspetto scultoreo che unisce l&#8217;estetica moderna a un&#8217;innegabile funzionalit\u00e0. Costruita per durare nel tempo, la robusta struttura \u00e8 realizzata in legno o metallo verniciato nero, completata da una comoda seduta con finitura in legno naturale. <\/p>\n<p>&nbsp;<\/p>\n<h3>Sedie contemporanee dal design scultoreo<\/h3>\n<p>Le sedie hanno un design distintivo con linee curve e un aspetto scultoreo, che combina funzionalit\u00e0 ed estetica moderna. La struttura \u00e8 robusta, realizzata in legno o metallo verniciato di nero, per creare un forte contrasto con il piano del tavolo in legno naturale e la finitura calda della seduta. La forma ergonomica della sedia assicura il massimo comfort ed \u00e8 ideale per lunghi periodi di seduta. <\/p>\n<p>&nbsp;<\/p>\n<h3>Ideale per gli spazi moderni<\/h3>\n<p>Questo modello di sedia si inserisce perfettamente in uno spazio moderno ed \u00e8 un&#8217;ottima scelta per la sala da pranzo, l&#8217;ufficio o come pezzo forte in un salotto.<\/p>\n<p>&nbsp;<\/p>\n<h3>Materiale<\/h3>\n<p>Robusta struttura in metallo, verniciata in nero opaco per un look elegante e moderno. Il metallo garantisce resistenza e stabilit\u00e0, rendendo la sedia adatta a un uso quotidiano intenso. La finitura opaca del telaio offre una piacevole consistenza al tatto e si integra armoniosamente in qualsiasi arredamento contemporaneo. La seduta \u00e8 realizzata in legno di quercia o noce di alta qualit\u00e0, rifinito in una tonalit\u00e0 naturale che aggiunge calore e un bellissimo contrasto visivo con la struttura in metallo nero. Il legno \u00e8 trattato per resistere all&#8217;usura e alle variazioni di umidit\u00e0, garantendo comfort e longevit\u00e0.  <\/p>\n<p>&nbsp;<\/p>\n<h3>Dimensioni<\/h3>\n<p>51,8(L) x 50(L) x 73,4(h) cm<\/p>\n","protected":false},"excerpt":{"rendered":"<p>Sedia dal design moderno: eleganza e resistenza<\/p>\n","protected":false},"featured_media":1818,"comment_status":"open","ping_status":"closed","template":"","meta":[],"product_brand":[],"product_cat":[70],"product_tag":[],"class_list":{"0":"post-2522","1":"product","2":"type-product","3":"status-publish","4":"has-post-thumbnail","6":"product_cat-sedie","8":"first","9":"instock","10":"shipping-taxable","11":"purchasable","12":"product-type-simple"},"yoast_head":"<!-- This site is optimized with the Yoast SEO plugin v25.5 - https:\/\/yoast.com\/wordpress\/plugins\/seo\/ -->\n<title>Sedia - Steel Woody<\/title>\n<meta name=\"robots\" content=\"index, follow, max-snippet:-1, max-image-preview:large, max-video-preview:-1\" \/>\n<link rel=\"canonical\" href=\"https:\/\/steel-woody.com\/it\/negozio\/sedie\/sedia\/\" \/>\n<meta property=\"og:locale\" content=\"it_IT\" \/>\n<meta property=\"og:type\" content=\"article\" \/>\n<meta property=\"og:title\" content=\"Sedia - Steel Woody\" \/>\n<meta property=\"og:description\" content=\"Sedia dal design moderno: eleganza e resistenza\" \/>\n<meta property=\"og:url\" content=\"https:\/\/steel-woody.com\/it\/negozio\/sedie\/sedia\/\" \/>\n<meta property=\"og:site_name\" content=\"Steel Woody\" \/>\n<meta property=\"og:image\" content=\"https:\/\/steel-woody.com\/wp-content\/uploads\/2024\/09\/4-7.jpg\" \/>\n\t<meta property=\"og:image:width\" content=\"1536\" \/>\n\t<meta property=\"og:image:height\" content=\"1167\" \/>\n\t<meta property=\"og:image:type\" content=\"image\/jpeg\" \/>\n<meta name=\"twitter:card\" content=\"summary_large_image\" \/>\n<meta name=\"twitter:label1\" content=\"Tempo di lettura stimato\" \/>\n\t<meta name=\"twitter:data1\" content=\"1 minuto\" \/>\n<script type=\"application\/ld+json\" class=\"yoast-schema-graph\">{\"@context\":\"https:\/\/schema.org\",\"@graph\":[{\"@type\":\"WebPage\",\"@id\":\"https:\/\/steel-woody.com\/it\/negozio\/sedie\/sedia\/\",\"url\":\"https:\/\/steel-woody.com\/it\/negozio\/sedie\/sedia\/\",\"name\":\"Sedia - Steel Woody\",\"isPartOf\":{\"@id\":\"https:\/\/steel-woody.com\/it\/#website\"},\"primaryImageOfPage\":{\"@id\":\"https:\/\/steel-woody.com\/it\/negozio\/sedie\/sedia\/#primaryimage\"},\"image\":{\"@id\":\"https:\/\/steel-woody.com\/it\/negozio\/sedie\/sedia\/#primaryimage\"},\"thumbnailUrl\":\"https:\/\/steel-woody.com\/wp-content\/uploads\/2024\/09\/4-7.jpg\",\"datePublished\":\"2024-09-21T16:02:48+00:00\",\"breadcrumb\":{\"@id\":\"https:\/\/steel-woody.com\/it\/negozio\/sedie\/sedia\/#breadcrumb\"},\"inLanguage\":\"it-IT\",\"potentialAction\":[{\"@type\":\"ReadAction\",\"target\":[\"https:\/\/steel-woody.com\/it\/negozio\/sedie\/sedia\/\"]}]},{\"@type\":\"ImageObject\",\"inLanguage\":\"it-IT\",\"@id\":\"https:\/\/steel-woody.com\/it\/negozio\/sedie\/sedia\/#primaryimage\",\"url\":\"https:\/\/steel-woody.com\/wp-content\/uploads\/2024\/09\/4-7.jpg\",\"contentUrl\":\"https:\/\/steel-woody.com\/wp-content\/uploads\/2024\/09\/4-7.jpg\",\"width\":1536,\"height\":1167},{\"@type\":\"BreadcrumbList\",\"@id\":\"https:\/\/steel-woody.com\/it\/negozio\/sedie\/sedia\/#breadcrumb\",\"itemListElement\":[{\"@type\":\"ListItem\",\"position\":1,\"name\":\"Home\",\"item\":\"https:\/\/steel-woody.com\/it\/\"},{\"@type\":\"ListItem\",\"position\":2,\"name\":\"Negozio\",\"item\":\"https:\/\/steel-woody.com\/it\/negozio\/\"},{\"@type\":\"ListItem\",\"position\":3,\"name\":\"Sedia\"}]},{\"@type\":\"WebSite\",\"@id\":\"https:\/\/steel-woody.com\/it\/#website\",\"url\":\"https:\/\/steel-woody.com\/it\/\",\"name\":\"Steel Woody\",\"description\":\"\",\"potentialAction\":[{\"@type\":\"SearchAction\",\"target\":{\"@type\":\"EntryPoint\",\"urlTemplate\":\"https:\/\/steel-woody.com\/it\/?s={search_term_string}\"},\"query-input\":{\"@type\":\"PropertyValueSpecification\",\"valueRequired\":true,\"valueName\":\"search_term_string\"}}],\"inLanguage\":\"it-IT\"}]}<\/script>\n<!-- \/ Yoast SEO plugin. -->","yoast_head_json":{"title":"Sedia - Steel Woody","robots":{"index":"index","follow":"follow","max-snippet":"max-snippet:-1","max-image-preview":"max-image-preview:large","max-video-preview":"max-video-preview:-1"},"canonical":"https:\/\/steel-woody.com\/it\/negozio\/sedie\/sedia\/","og_locale":"it_IT","og_type":"article","og_title":"Sedia - Steel Woody","og_description":"Sedia dal design moderno: eleganza e resistenza","og_url":"https:\/\/steel-woody.com\/it\/negozio\/sedie\/sedia\/","og_site_name":"Steel Woody","og_image":[{"width":1536,"height":1167,"url":"https:\/\/steel-woody.com\/wp-content\/uploads\/2024\/09\/4-7.jpg","type":"image\/jpeg"}],"twitter_card":"summary_large_image","twitter_misc":{"Tempo di lettura stimato":"1 minuto"},"schema":{"@context":"https:\/\/schema.org","@graph":[{"@type":"WebPage","@id":"https:\/\/steel-woody.com\/it\/negozio\/sedie\/sedia\/","url":"https:\/\/steel-woody.com\/it\/negozio\/sedie\/sedia\/","name":"Sedia - Steel Woody","isPartOf":{"@id":"https:\/\/steel-woody.com\/it\/#website"},"primaryImageOfPage":{"@id":"https:\/\/steel-woody.com\/it\/negozio\/sedie\/sedia\/#primaryimage"},"image":{"@id":"https:\/\/steel-woody.com\/it\/negozio\/sedie\/sedia\/#primaryimage"},"thumbnailUrl":"https:\/\/steel-woody.com\/wp-content\/uploads\/2024\/09\/4-7.jpg","datePublished":"2024-09-21T16:02:48+00:00","breadcrumb":{"@id":"https:\/\/steel-woody.com\/it\/negozio\/sedie\/sedia\/#breadcrumb"},"inLanguage":"it-IT","potentialAction":[{"@type":"ReadAction","target":["https:\/\/steel-woody.com\/it\/negozio\/sedie\/sedia\/"]}]},{"@type":"ImageObject","inLanguage":"it-IT","@id":"https:\/\/steel-woody.com\/it\/negozio\/sedie\/sedia\/#primaryimage","url":"https:\/\/steel-woody.com\/wp-content\/uploads\/2024\/09\/4-7.jpg","contentUrl":"https:\/\/steel-woody.com\/wp-content\/uploads\/2024\/09\/4-7.jpg","width":1536,"height":1167},{"@type":"BreadcrumbList","@id":"https:\/\/steel-woody.com\/it\/negozio\/sedie\/sedia\/#breadcrumb","itemListElement":[{"@type":"ListItem","position":1,"name":"Home","item":"https:\/\/steel-woody.com\/it\/"},{"@type":"ListItem","position":2,"name":"Negozio","item":"https:\/\/steel-woody.com\/it\/negozio\/"},{"@type":"ListItem","position":3,"name":"Sedia"}]},{"@type":"WebSite","@id":"https:\/\/steel-woody.com\/it\/#website","url":"https:\/\/steel-woody.com\/it\/","name":"Steel Woody","description":"","potentialAction":[{"@type":"SearchAction","target":{"@type":"EntryPoint","urlTemplate":"https:\/\/steel-woody.com\/it\/?s={search_term_string}"},"query-input":{"@type":"PropertyValueSpecification","valueRequired":true,"valueName":"search_term_string"}}],"inLanguage":"it-IT"}]}},"_links":{"self":[{"href":"https:\/\/steel-woody.com\/it\/wp-json\/wp\/v2\/product\/2522","targetHints":{"allow":["GET"]}}],"collection":[{"href":"https:\/\/steel-woody.com\/it\/wp-json\/wp\/v2\/product"}],"about":[{"href":"https:\/\/steel-woody.com\/it\/wp-json\/wp\/v2\/types\/product"}],"replies":[{"embeddable":true,"href":"https:\/\/steel-woody.com\/it\/wp-json\/wp\/v2\/comments?post=2522"}],"wp:featuredmedia":[{"embeddable":true,"href":"https:\/\/steel-woody.com\/it\/wp-json\/wp\/v2\/media\/1818"}],"wp:attachment":[{"href":"https:\/\/steel-woody.com\/it\/wp-json\/wp\/v2\/media?parent=2522"}],"wp:term":[{"taxonomy":"product_brand","embeddable":true,"href":"https:\/\/steel-woody.com\/it\/wp-json\/wp\/v2\/product_brand?post=2522"},{"taxonomy":"product_cat","embeddable":true,"href":"https:\/\/steel-woody.com\/it\/wp-json\/wp\/v2\/product_cat?post=2522"},{"taxonomy":"product_tag","embeddable":true,"href":"https:\/\/steel-woody.com\/it\/wp-json\/wp\/v2\/product_tag?post=2522"}],"curies":[{"name":"wp","href":"https:\/\/api.w.org\/{rel}","templated":true}]}}