{"id":2508,"date":"2024-09-21T16:05:56","date_gmt":"2024-09-21T16:05:56","guid":{"rendered":"https:\/\/steel-woody.com\/magazin\/senza-categoria\/sgabello-da-bar\/"},"modified":"2024-09-21T16:05:56","modified_gmt":"2024-09-21T16:05:56","slug":"sgabello-da-bar","status":"publish","type":"product","link":"https:\/\/steel-woody.com\/it\/negozio\/sedie\/sgabello-da-bar\/","title":{"rendered":"Sgabello da bar"},"content":{"rendered":"<h3>Design attraente e moderno<\/h3>\n<p>Il suo profilo distintivo, con una sottile e robusta struttura in metallo e una seduta circolare in legno, offre un look moderno e arioso. I colori neutri scelti con cura e le finiture opache facilitano l&#8217;integrazione in qualsiasi schema di arredamento. Costruita per resistere all&#8217;usura quotidiana, la struttura in metallo della sedia offre una base robusta in grado di sopportare un peso considerevole, rendendola ideale per un uso frequente in spazi commerciali o residenziali. <\/p>\n<p>&nbsp;<\/p>\n<h3>Versatilit\u00e0 e facilit\u00e0 di manutenzione<\/h3>\n<p>Grazie al suo design elegante e neutro, questo sgabello da bar si adatta a una variet\u00e0 di ambienti, dalla cucina personale ai bar e ristoranti di lusso. \u00c8 un&#8217;ottima scelta per aggiungere uno stile raffinato e pratico a qualsiasi spazio. Le superfici lisce della sedia sono facili da pulire e da mantenere: basta un panno umido per rimuovere le macchie o la polvere, il che la rende ideale per gli ambienti pi\u00f9 frequentati. <\/p>\n<p>&nbsp;<\/p>\n<h3>Stile, comfort e durata<\/h3>\n<p>Il suo design versatile e i materiali di alta qualit\u00e0 fanno s\u00ec che si integri facilmente in qualsiasi ambiente, sia domestico che commerciale.<\/p>\n<p>&nbsp;<\/p>\n<h3>Materiale<\/h3>\n<p>Lo sgabello da bar \u00e8 stato progettato pensando alla qualit\u00e0 e alla durata. La robusta base \u00e8 realizzata in metallo di alta qualit\u00e0, verniciato in una tonalit\u00e0 nera opaca per aggiungere stile e resistenza. Questa struttura metallica offre una base solida e una stabilit\u00e0 duratura, ideale per l&#8217;uso quotidiano. Il sedile rotondo \u00e8 realizzato in legno di quercia o noce, scelto per la sua durata e bellezza naturale. La superficie in legno \u00e8 rifinita con cura per far risaltare la consistenza e il colore naturale del materiale, contribuendo all&#8217;aspetto caldo e accogliente della sedia.  <\/p>\n<p>&nbsp;<\/p>\n<h3>Dimensioni<\/h3>\n<p>40(L) x 40(L) x 77(h) cm<\/p>\n","protected":false},"excerpt":{"rendered":"<p>Accessorio essenziale per qualsiasi interno contemporaneo<\/p>\n","protected":false},"featured_media":1866,"comment_status":"open","ping_status":"closed","template":"","meta":[],"product_brand":[],"product_cat":[70],"product_tag":[],"class_list":{"0":"post-2508","1":"product","2":"type-product","3":"status-publish","4":"has-post-thumbnail","6":"product_cat-sedie","8":"first","9":"instock","10":"shipping-taxable","11":"purchasable","12":"product-type-simple"},"yoast_head":"<!-- This site is optimized with the Yoast SEO plugin v25.5 - https:\/\/yoast.com\/wordpress\/plugins\/seo\/ -->\n<title>Sgabello da bar - Steel Woody<\/title>\n<meta name=\"robots\" content=\"index, follow, max-snippet:-1, max-image-preview:large, max-video-preview:-1\" \/>\n<link rel=\"canonical\" href=\"https:\/\/steel-woody.com\/it\/negozio\/sedie\/sgabello-da-bar\/\" \/>\n<meta property=\"og:locale\" content=\"it_IT\" \/>\n<meta property=\"og:type\" content=\"article\" \/>\n<meta property=\"og:title\" content=\"Sgabello da bar - Steel Woody\" \/>\n<meta property=\"og:description\" content=\"Accessorio essenziale per qualsiasi interno contemporaneo\" \/>\n<meta property=\"og:url\" content=\"https:\/\/steel-woody.com\/it\/negozio\/sedie\/sgabello-da-bar\/\" \/>\n<meta property=\"og:site_name\" content=\"Steel Woody\" \/>\n<meta property=\"og:image\" content=\"https:\/\/steel-woody.com\/wp-content\/uploads\/2024\/09\/4-11.jpg\" \/>\n\t<meta property=\"og:image:width\" content=\"1536\" \/>\n\t<meta property=\"og:image:height\" content=\"1167\" \/>\n\t<meta property=\"og:image:type\" content=\"image\/jpeg\" \/>\n<meta name=\"twitter:card\" content=\"summary_large_image\" \/>\n<meta name=\"twitter:label1\" content=\"Tempo di lettura stimato\" \/>\n\t<meta name=\"twitter:data1\" content=\"1 minuto\" \/>\n<script type=\"application\/ld+json\" class=\"yoast-schema-graph\">{\"@context\":\"https:\/\/schema.org\",\"@graph\":[{\"@type\":\"WebPage\",\"@id\":\"https:\/\/steel-woody.com\/it\/negozio\/sedie\/sgabello-da-bar\/\",\"url\":\"https:\/\/steel-woody.com\/it\/negozio\/sedie\/sgabello-da-bar\/\",\"name\":\"Sgabello da bar - Steel Woody\",\"isPartOf\":{\"@id\":\"https:\/\/steel-woody.com\/it\/#website\"},\"primaryImageOfPage\":{\"@id\":\"https:\/\/steel-woody.com\/it\/negozio\/sedie\/sgabello-da-bar\/#primaryimage\"},\"image\":{\"@id\":\"https:\/\/steel-woody.com\/it\/negozio\/sedie\/sgabello-da-bar\/#primaryimage\"},\"thumbnailUrl\":\"https:\/\/steel-woody.com\/wp-content\/uploads\/2024\/09\/4-11.jpg\",\"datePublished\":\"2024-09-21T16:05:56+00:00\",\"breadcrumb\":{\"@id\":\"https:\/\/steel-woody.com\/it\/negozio\/sedie\/sgabello-da-bar\/#breadcrumb\"},\"inLanguage\":\"it-IT\",\"potentialAction\":[{\"@type\":\"ReadAction\",\"target\":[\"https:\/\/steel-woody.com\/it\/negozio\/sedie\/sgabello-da-bar\/\"]}]},{\"@type\":\"ImageObject\",\"inLanguage\":\"it-IT\",\"@id\":\"https:\/\/steel-woody.com\/it\/negozio\/sedie\/sgabello-da-bar\/#primaryimage\",\"url\":\"https:\/\/steel-woody.com\/wp-content\/uploads\/2024\/09\/4-11.jpg\",\"contentUrl\":\"https:\/\/steel-woody.com\/wp-content\/uploads\/2024\/09\/4-11.jpg\",\"width\":1536,\"height\":1167},{\"@type\":\"BreadcrumbList\",\"@id\":\"https:\/\/steel-woody.com\/it\/negozio\/sedie\/sgabello-da-bar\/#breadcrumb\",\"itemListElement\":[{\"@type\":\"ListItem\",\"position\":1,\"name\":\"Home\",\"item\":\"https:\/\/steel-woody.com\/it\/\"},{\"@type\":\"ListItem\",\"position\":2,\"name\":\"Negozio\",\"item\":\"https:\/\/steel-woody.com\/it\/negozio\/\"},{\"@type\":\"ListItem\",\"position\":3,\"name\":\"Sgabello da bar\"}]},{\"@type\":\"WebSite\",\"@id\":\"https:\/\/steel-woody.com\/it\/#website\",\"url\":\"https:\/\/steel-woody.com\/it\/\",\"name\":\"Steel Woody\",\"description\":\"\",\"potentialAction\":[{\"@type\":\"SearchAction\",\"target\":{\"@type\":\"EntryPoint\",\"urlTemplate\":\"https:\/\/steel-woody.com\/it\/?s={search_term_string}\"},\"query-input\":{\"@type\":\"PropertyValueSpecification\",\"valueRequired\":true,\"valueName\":\"search_term_string\"}}],\"inLanguage\":\"it-IT\"}]}<\/script>\n<!-- \/ Yoast SEO plugin. -->","yoast_head_json":{"title":"Sgabello da bar - Steel Woody","robots":{"index":"index","follow":"follow","max-snippet":"max-snippet:-1","max-image-preview":"max-image-preview:large","max-video-preview":"max-video-preview:-1"},"canonical":"https:\/\/steel-woody.com\/it\/negozio\/sedie\/sgabello-da-bar\/","og_locale":"it_IT","og_type":"article","og_title":"Sgabello da bar - Steel Woody","og_description":"Accessorio essenziale per qualsiasi interno contemporaneo","og_url":"https:\/\/steel-woody.com\/it\/negozio\/sedie\/sgabello-da-bar\/","og_site_name":"Steel Woody","og_image":[{"width":1536,"height":1167,"url":"https:\/\/steel-woody.com\/wp-content\/uploads\/2024\/09\/4-11.jpg","type":"image\/jpeg"}],"twitter_card":"summary_large_image","twitter_misc":{"Tempo di lettura stimato":"1 minuto"},"schema":{"@context":"https:\/\/schema.org","@graph":[{"@type":"WebPage","@id":"https:\/\/steel-woody.com\/it\/negozio\/sedie\/sgabello-da-bar\/","url":"https:\/\/steel-woody.com\/it\/negozio\/sedie\/sgabello-da-bar\/","name":"Sgabello da bar - Steel Woody","isPartOf":{"@id":"https:\/\/steel-woody.com\/it\/#website"},"primaryImageOfPage":{"@id":"https:\/\/steel-woody.com\/it\/negozio\/sedie\/sgabello-da-bar\/#primaryimage"},"image":{"@id":"https:\/\/steel-woody.com\/it\/negozio\/sedie\/sgabello-da-bar\/#primaryimage"},"thumbnailUrl":"https:\/\/steel-woody.com\/wp-content\/uploads\/2024\/09\/4-11.jpg","datePublished":"2024-09-21T16:05:56+00:00","breadcrumb":{"@id":"https:\/\/steel-woody.com\/it\/negozio\/sedie\/sgabello-da-bar\/#breadcrumb"},"inLanguage":"it-IT","potentialAction":[{"@type":"ReadAction","target":["https:\/\/steel-woody.com\/it\/negozio\/sedie\/sgabello-da-bar\/"]}]},{"@type":"ImageObject","inLanguage":"it-IT","@id":"https:\/\/steel-woody.com\/it\/negozio\/sedie\/sgabello-da-bar\/#primaryimage","url":"https:\/\/steel-woody.com\/wp-content\/uploads\/2024\/09\/4-11.jpg","contentUrl":"https:\/\/steel-woody.com\/wp-content\/uploads\/2024\/09\/4-11.jpg","width":1536,"height":1167},{"@type":"BreadcrumbList","@id":"https:\/\/steel-woody.com\/it\/negozio\/sedie\/sgabello-da-bar\/#breadcrumb","itemListElement":[{"@type":"ListItem","position":1,"name":"Home","item":"https:\/\/steel-woody.com\/it\/"},{"@type":"ListItem","position":2,"name":"Negozio","item":"https:\/\/steel-woody.com\/it\/negozio\/"},{"@type":"ListItem","position":3,"name":"Sgabello da bar"}]},{"@type":"WebSite","@id":"https:\/\/steel-woody.com\/it\/#website","url":"https:\/\/steel-woody.com\/it\/","name":"Steel Woody","description":"","potentialAction":[{"@type":"SearchAction","target":{"@type":"EntryPoint","urlTemplate":"https:\/\/steel-woody.com\/it\/?s={search_term_string}"},"query-input":{"@type":"PropertyValueSpecification","valueRequired":true,"valueName":"search_term_string"}}],"inLanguage":"it-IT"}]}},"_links":{"self":[{"href":"https:\/\/steel-woody.com\/it\/wp-json\/wp\/v2\/product\/2508","targetHints":{"allow":["GET"]}}],"collection":[{"href":"https:\/\/steel-woody.com\/it\/wp-json\/wp\/v2\/product"}],"about":[{"href":"https:\/\/steel-woody.com\/it\/wp-json\/wp\/v2\/types\/product"}],"replies":[{"embeddable":true,"href":"https:\/\/steel-woody.com\/it\/wp-json\/wp\/v2\/comments?post=2508"}],"wp:featuredmedia":[{"embeddable":true,"href":"https:\/\/steel-woody.com\/it\/wp-json\/wp\/v2\/media\/1866"}],"wp:attachment":[{"href":"https:\/\/steel-woody.com\/it\/wp-json\/wp\/v2\/media?parent=2508"}],"wp:term":[{"taxonomy":"product_brand","embeddable":true,"href":"https:\/\/steel-woody.com\/it\/wp-json\/wp\/v2\/product_brand?post=2508"},{"taxonomy":"product_cat","embeddable":true,"href":"https:\/\/steel-woody.com\/it\/wp-json\/wp\/v2\/product_cat?post=2508"},{"taxonomy":"product_tag","embeddable":true,"href":"https:\/\/steel-woody.com\/it\/wp-json\/wp\/v2\/product_tag?post=2508"}],"curies":[{"name":"wp","href":"https:\/\/api.w.org\/{rel}","templated":true}]}}