{"id":2507,"date":"2024-09-21T16:21:52","date_gmt":"2024-09-21T16:21:52","guid":{"rendered":"https:\/\/steel-woody.com\/magazin\/senza-categoria\/set-di-tavolini-da-caffe\/"},"modified":"2024-09-21T16:21:52","modified_gmt":"2024-09-21T16:21:52","slug":"set-di-tavolini-da-caffe","status":"publish","type":"product","link":"https:\/\/steel-woody.com\/it\/negozio\/tabella\/set-di-tavolini-da-caffe\/","title":{"rendered":"Set di tavolini da caff\u00e8"},"content":{"rendered":"<h3>Set da tavola minimalista con piano in noce e struttura in metallo nero<\/h3>\n<p>Questi tavoli sono progettati con un design minimalista e contemporaneo che si adatta perfettamente a un&#8217;ampia gamma di arredi interni. Il piano in legno di noce meticolosamente rifinito si armonizza perfettamente con la sottile ed elegante struttura in metallo nero, offrendo un contrasto visivamente accattivante. Il set comprende due pezzi di dimensioni diverse, che possono essere impilati l&#8217;uno sull&#8217;altro per risparmiare spazio o distribuiti strategicamente nella stanza per massimizzare l&#8217;utilit\u00e0. <\/p>\n<p>&nbsp;<\/p>\n<h3>Versatilit\u00e0 e stile: trasforma ogni momento con il set da tavola<\/h3>\n<p>L&#8217;adattabilit\u00e0 \u00e8 un altro vantaggio: ogni pezzo pu\u00f2 essere utilizzato separatamente o in combinazione, a seconda dell&#8217;occasione o dei cambiamenti nell&#8217;arredamento. In questo modo \u00e8 facile trasformare l&#8217;ambiente del tuo salotto da informale, adatto a incontri rilassati con gli amici, a pi\u00f9 formale, ideale per serate speciali. Che tu scelga di posizionarlo in un angolo discreto della stanza o al centro del tuo spazio di socializzazione, il set da pranzo si integrer\u00e0 perfettamente, aggiungendo stile e funzionalit\u00e0. <\/p>\n<p>&nbsp;<\/p>\n<h3>Raffinatezza e personalit\u00e0: il fulcro della tua casa<\/h3>\n<p>Aggiungi un elemento di raffinatezza ed eleganza al tuo salotto, un simbolo di raffinatezza e durata. Questo set non \u00e8 solo un mobile, ma una dichiarazione di design che riflette la tua personalit\u00e0 e il tuo stile unici. <\/p>\n<p>&nbsp;<\/p>\n<h3>Materiale<\/h3>\n<p>Piani dei tavoli: realizzati in rovere o noce, i piani dei tavoli Modern Elegance sono apprezzati per la loro durata e bellezza naturale.<br \/>\nIl legno di noce \u00e8 noto per la sua consistenza fine e i suoi toni caldi, che conferiscono un aspetto sofisticato e accogliente a qualsiasi interno. La superficie \u00e8 trattata con lacche di alta qualit\u00e0 per garantire resistenza all&#8217;usura e facilit\u00e0 di manutenzione. Ogni tavolo \u00e8 sostenuto da una robusta struttura in metallo, verniciata di nero per offrire un contrasto elegante e moderno. Il metallo utilizzato \u00e8 stato scelto per la sua resistenza alla deformazione e per la capacit\u00e0 di sostenere un peso considerevole, garantendo stabilit\u00e0 e durata a lungo termine.  <\/p>\n<p>&nbsp;<\/p>\n<h3>Dimensioni<\/h3>\n<p>72(L) x 45(L) x 47(H) cm<\/p>\n","protected":false},"excerpt":{"rendered":"<p>Questi tavoli sono progettati con un design minimalista e contemporaneo che si adatta perfettamente a un&#8217;ampia gamma di arredi interni.<\/p>\n","protected":false},"featured_media":1878,"comment_status":"open","ping_status":"closed","template":"","meta":[],"product_brand":[],"product_cat":[72],"product_tag":[],"class_list":{"0":"post-2507","1":"product","2":"type-product","3":"status-publish","4":"has-post-thumbnail","6":"product_cat-tabella","8":"first","9":"instock","10":"shipping-taxable","11":"purchasable","12":"product-type-simple"},"yoast_head":"<!-- This site is optimized with the Yoast SEO plugin v25.5 - https:\/\/yoast.com\/wordpress\/plugins\/seo\/ -->\n<title>Set di tavolini da caff\u00e8 - Steel Woody<\/title>\n<meta name=\"robots\" content=\"index, follow, max-snippet:-1, max-image-preview:large, max-video-preview:-1\" \/>\n<link rel=\"canonical\" href=\"https:\/\/steel-woody.com\/it\/negozio\/tabella\/set-di-tavolini-da-caffe\/\" \/>\n<meta property=\"og:locale\" content=\"it_IT\" \/>\n<meta property=\"og:type\" content=\"article\" \/>\n<meta property=\"og:title\" content=\"Set di tavolini da caff\u00e8 - Steel Woody\" \/>\n<meta property=\"og:description\" content=\"Questi tavoli sono progettati con un design minimalista e contemporaneo che si adatta perfettamente a un&#039;ampia gamma di arredi interni.\" \/>\n<meta property=\"og:url\" content=\"https:\/\/steel-woody.com\/it\/negozio\/tabella\/set-di-tavolini-da-caffe\/\" \/>\n<meta property=\"og:site_name\" content=\"Steel Woody\" \/>\n<meta property=\"og:image\" content=\"https:\/\/steel-woody.com\/wp-content\/uploads\/2024\/09\/6.jpg\" \/>\n\t<meta property=\"og:image:width\" content=\"1536\" \/>\n\t<meta property=\"og:image:height\" content=\"1167\" \/>\n\t<meta property=\"og:image:type\" content=\"image\/jpeg\" \/>\n<meta name=\"twitter:card\" content=\"summary_large_image\" \/>\n<meta name=\"twitter:label1\" content=\"Tempo di lettura stimato\" \/>\n\t<meta name=\"twitter:data1\" content=\"2 minuti\" \/>\n<script type=\"application\/ld+json\" class=\"yoast-schema-graph\">{\"@context\":\"https:\/\/schema.org\",\"@graph\":[{\"@type\":\"WebPage\",\"@id\":\"https:\/\/steel-woody.com\/it\/negozio\/tabella\/set-di-tavolini-da-caffe\/\",\"url\":\"https:\/\/steel-woody.com\/it\/negozio\/tabella\/set-di-tavolini-da-caffe\/\",\"name\":\"Set di tavolini da caff\u00e8 - Steel Woody\",\"isPartOf\":{\"@id\":\"https:\/\/steel-woody.com\/it\/#website\"},\"primaryImageOfPage\":{\"@id\":\"https:\/\/steel-woody.com\/it\/negozio\/tabella\/set-di-tavolini-da-caffe\/#primaryimage\"},\"image\":{\"@id\":\"https:\/\/steel-woody.com\/it\/negozio\/tabella\/set-di-tavolini-da-caffe\/#primaryimage\"},\"thumbnailUrl\":\"https:\/\/steel-woody.com\/wp-content\/uploads\/2024\/09\/6.jpg\",\"datePublished\":\"2024-09-21T16:21:52+00:00\",\"breadcrumb\":{\"@id\":\"https:\/\/steel-woody.com\/it\/negozio\/tabella\/set-di-tavolini-da-caffe\/#breadcrumb\"},\"inLanguage\":\"it-IT\",\"potentialAction\":[{\"@type\":\"ReadAction\",\"target\":[\"https:\/\/steel-woody.com\/it\/negozio\/tabella\/set-di-tavolini-da-caffe\/\"]}]},{\"@type\":\"ImageObject\",\"inLanguage\":\"it-IT\",\"@id\":\"https:\/\/steel-woody.com\/it\/negozio\/tabella\/set-di-tavolini-da-caffe\/#primaryimage\",\"url\":\"https:\/\/steel-woody.com\/wp-content\/uploads\/2024\/09\/6.jpg\",\"contentUrl\":\"https:\/\/steel-woody.com\/wp-content\/uploads\/2024\/09\/6.jpg\",\"width\":1536,\"height\":1167},{\"@type\":\"BreadcrumbList\",\"@id\":\"https:\/\/steel-woody.com\/it\/negozio\/tabella\/set-di-tavolini-da-caffe\/#breadcrumb\",\"itemListElement\":[{\"@type\":\"ListItem\",\"position\":1,\"name\":\"Home\",\"item\":\"https:\/\/steel-woody.com\/it\/\"},{\"@type\":\"ListItem\",\"position\":2,\"name\":\"Negozio\",\"item\":\"https:\/\/steel-woody.com\/it\/negozio\/\"},{\"@type\":\"ListItem\",\"position\":3,\"name\":\"Set di tavolini da caff\u00e8\"}]},{\"@type\":\"WebSite\",\"@id\":\"https:\/\/steel-woody.com\/it\/#website\",\"url\":\"https:\/\/steel-woody.com\/it\/\",\"name\":\"Steel Woody\",\"description\":\"\",\"potentialAction\":[{\"@type\":\"SearchAction\",\"target\":{\"@type\":\"EntryPoint\",\"urlTemplate\":\"https:\/\/steel-woody.com\/it\/?s={search_term_string}\"},\"query-input\":{\"@type\":\"PropertyValueSpecification\",\"valueRequired\":true,\"valueName\":\"search_term_string\"}}],\"inLanguage\":\"it-IT\"}]}<\/script>\n<!-- \/ Yoast SEO plugin. -->","yoast_head_json":{"title":"Set di tavolini da caff\u00e8 - Steel Woody","robots":{"index":"index","follow":"follow","max-snippet":"max-snippet:-1","max-image-preview":"max-image-preview:large","max-video-preview":"max-video-preview:-1"},"canonical":"https:\/\/steel-woody.com\/it\/negozio\/tabella\/set-di-tavolini-da-caffe\/","og_locale":"it_IT","og_type":"article","og_title":"Set di tavolini da caff\u00e8 - Steel Woody","og_description":"Questi tavoli sono progettati con un design minimalista e contemporaneo che si adatta perfettamente a un'ampia gamma di arredi interni.","og_url":"https:\/\/steel-woody.com\/it\/negozio\/tabella\/set-di-tavolini-da-caffe\/","og_site_name":"Steel Woody","og_image":[{"width":1536,"height":1167,"url":"https:\/\/steel-woody.com\/wp-content\/uploads\/2024\/09\/6.jpg","type":"image\/jpeg"}],"twitter_card":"summary_large_image","twitter_misc":{"Tempo di lettura stimato":"2 minuti"},"schema":{"@context":"https:\/\/schema.org","@graph":[{"@type":"WebPage","@id":"https:\/\/steel-woody.com\/it\/negozio\/tabella\/set-di-tavolini-da-caffe\/","url":"https:\/\/steel-woody.com\/it\/negozio\/tabella\/set-di-tavolini-da-caffe\/","name":"Set di tavolini da caff\u00e8 - Steel Woody","isPartOf":{"@id":"https:\/\/steel-woody.com\/it\/#website"},"primaryImageOfPage":{"@id":"https:\/\/steel-woody.com\/it\/negozio\/tabella\/set-di-tavolini-da-caffe\/#primaryimage"},"image":{"@id":"https:\/\/steel-woody.com\/it\/negozio\/tabella\/set-di-tavolini-da-caffe\/#primaryimage"},"thumbnailUrl":"https:\/\/steel-woody.com\/wp-content\/uploads\/2024\/09\/6.jpg","datePublished":"2024-09-21T16:21:52+00:00","breadcrumb":{"@id":"https:\/\/steel-woody.com\/it\/negozio\/tabella\/set-di-tavolini-da-caffe\/#breadcrumb"},"inLanguage":"it-IT","potentialAction":[{"@type":"ReadAction","target":["https:\/\/steel-woody.com\/it\/negozio\/tabella\/set-di-tavolini-da-caffe\/"]}]},{"@type":"ImageObject","inLanguage":"it-IT","@id":"https:\/\/steel-woody.com\/it\/negozio\/tabella\/set-di-tavolini-da-caffe\/#primaryimage","url":"https:\/\/steel-woody.com\/wp-content\/uploads\/2024\/09\/6.jpg","contentUrl":"https:\/\/steel-woody.com\/wp-content\/uploads\/2024\/09\/6.jpg","width":1536,"height":1167},{"@type":"BreadcrumbList","@id":"https:\/\/steel-woody.com\/it\/negozio\/tabella\/set-di-tavolini-da-caffe\/#breadcrumb","itemListElement":[{"@type":"ListItem","position":1,"name":"Home","item":"https:\/\/steel-woody.com\/it\/"},{"@type":"ListItem","position":2,"name":"Negozio","item":"https:\/\/steel-woody.com\/it\/negozio\/"},{"@type":"ListItem","position":3,"name":"Set di tavolini da caff\u00e8"}]},{"@type":"WebSite","@id":"https:\/\/steel-woody.com\/it\/#website","url":"https:\/\/steel-woody.com\/it\/","name":"Steel Woody","description":"","potentialAction":[{"@type":"SearchAction","target":{"@type":"EntryPoint","urlTemplate":"https:\/\/steel-woody.com\/it\/?s={search_term_string}"},"query-input":{"@type":"PropertyValueSpecification","valueRequired":true,"valueName":"search_term_string"}}],"inLanguage":"it-IT"}]}},"_links":{"self":[{"href":"https:\/\/steel-woody.com\/it\/wp-json\/wp\/v2\/product\/2507","targetHints":{"allow":["GET"]}}],"collection":[{"href":"https:\/\/steel-woody.com\/it\/wp-json\/wp\/v2\/product"}],"about":[{"href":"https:\/\/steel-woody.com\/it\/wp-json\/wp\/v2\/types\/product"}],"replies":[{"embeddable":true,"href":"https:\/\/steel-woody.com\/it\/wp-json\/wp\/v2\/comments?post=2507"}],"wp:featuredmedia":[{"embeddable":true,"href":"https:\/\/steel-woody.com\/it\/wp-json\/wp\/v2\/media\/1878"}],"wp:attachment":[{"href":"https:\/\/steel-woody.com\/it\/wp-json\/wp\/v2\/media?parent=2507"}],"wp:term":[{"taxonomy":"product_brand","embeddable":true,"href":"https:\/\/steel-woody.com\/it\/wp-json\/wp\/v2\/product_brand?post=2507"},{"taxonomy":"product_cat","embeddable":true,"href":"https:\/\/steel-woody.com\/it\/wp-json\/wp\/v2\/product_cat?post=2507"},{"taxonomy":"product_tag","embeddable":true,"href":"https:\/\/steel-woody.com\/it\/wp-json\/wp\/v2\/product_tag?post=2507"}],"curies":[{"name":"wp","href":"https:\/\/api.w.org\/{rel}","templated":true}]}}