{"id":2506,"date":"2024-09-21T16:22:25","date_gmt":"2024-09-21T16:22:25","guid":{"rendered":"https:\/\/steel-woody.com\/magazin\/senza-categoria\/dulap\/"},"modified":"2024-09-21T16:22:25","modified_gmt":"2024-09-21T16:22:25","slug":"dulap","status":"publish","type":"product","link":"https:\/\/steel-woody.com\/it\/negozio\/armadietti\/dulap\/","title":{"rendered":"Dulap"},"content":{"rendered":"<h3>L&#8217;armadio ideale per ogni spazio<\/h3>\n<p>Grazie al suo design moderno, questo armadio si integra facilmente in una variet\u00e0 di decori, da quelli minimalisti e moderni a quelli pi\u00f9 tradizionali. \u00c8 ideale per appartamenti urbani, uffici moderni o anche spazi commerciali che desiderano combinare la praticit\u00e0 con l&#8217;intimit\u00e0. La sua modularit\u00e0 e le sue dimensioni compatte permettono di collocarlo in diverse configurazioni di spazio, che si tratti di un soggiorno, di una camera da letto o di un corridoio. <\/p>\n<p>&nbsp;<\/p>\n<h3>Il guardaroba che perfeziona i tuoi interni<\/h3>\n<p>Oltre a queste funzionalit\u00e0 adattive, il design sofisticato dell&#8217;armadio arricchisce l&#8217;estetica di qualsiasi spazio.<br \/>\nCon un look cos\u00ec versatile, si inserisce con naturalezza in una variet\u00e0 di schemi di arredamento, dall&#8217;industriale allo scandinavo, fino al contemporaneo. Quindi, qualunque sia il tuo stile personale o le tue esigenze di spazio, il nostro armadio soddisfa le esigenze di funzionalit\u00e0 e stile, integrandosi armoniosamente nell&#8217;arredamento esistente. <\/p>\n<p>&nbsp;<\/p>\n<h3>Versatilit\u00e0 ed eleganza<\/h3>\n<p>Ogni dettaglio di questo armadio \u00e8 stato progettato per unire l&#8217;utile al dilettevole, creando uno spazio di archiviazione che non \u00e8 solo pratico, ma anche un punto focale in qualsiasi stanza.<\/p>\n<p>&nbsp;<\/p>\n<h3>Materiale<\/h3>\n<p>L&#8217;armadio \u00e8 costruito con materiali di alta qualit\u00e0 selezionati per la loro durata ed estetica. La combinazione di legno di noce e metallo nero offre non solo un aspetto elegante, ma anche una struttura robusta in grado di resistere all&#8217;usura quotidiana. Le superfici in legno di quercia o noce sono scelte meticolosamente per garantire una finitura uniforme e una maggiore durata. Il noce \u00e8 rinomato per la sua consistenza densa e per i suoi colori profondi, che vanno da tonalit\u00e0 chiare di marrone a tonalit\u00e0 ricche, quasi nere. Il legno di noce non solo aggiunge un elemento di calore e naturalezza al design, ma \u00e8 anche estremamente durevole e resiste bene ai graffi e all&#8217;usura. <\/p>\n<p>&nbsp;<\/p>\n<h3>Dimensioni<\/h3>\n<p>80(L) x 40(L) x 180(h) cm<\/p>\n","protected":false},"excerpt":{"rendered":"<p>Grazie al suo design moderno, questo armadio si adatta facilmente a diversi tipi di arredamento, da quello minimalista e moderno a quello pi\u00f9 tradizionale.<\/p>\n","protected":false},"featured_media":1890,"comment_status":"open","ping_status":"closed","template":"","meta":[],"product_brand":[],"product_cat":[66],"product_tag":[],"class_list":{"0":"post-2506","1":"product","2":"type-product","3":"status-publish","4":"has-post-thumbnail","6":"product_cat-armadietti","8":"first","9":"instock","10":"shipping-taxable","11":"purchasable","12":"product-type-simple"},"yoast_head":"<!-- This site is optimized with the Yoast SEO plugin v25.5 - https:\/\/yoast.com\/wordpress\/plugins\/seo\/ -->\n<title>Dulap - Steel Woody<\/title>\n<meta name=\"robots\" content=\"index, follow, max-snippet:-1, max-image-preview:large, max-video-preview:-1\" \/>\n<link rel=\"canonical\" href=\"https:\/\/steel-woody.com\/it\/negozio\/armadietti\/dulap\/\" \/>\n<meta property=\"og:locale\" content=\"it_IT\" \/>\n<meta property=\"og:type\" content=\"article\" \/>\n<meta property=\"og:title\" content=\"Dulap - Steel Woody\" \/>\n<meta property=\"og:description\" content=\"Grazie al suo design moderno, questo armadio si adatta facilmente a diversi tipi di arredamento, da quello minimalista e moderno a quello pi\u00f9 tradizionale.\" \/>\n<meta property=\"og:url\" content=\"https:\/\/steel-woody.com\/it\/negozio\/armadietti\/dulap\/\" \/>\n<meta property=\"og:site_name\" content=\"Steel Woody\" \/>\n<meta property=\"og:image\" content=\"https:\/\/steel-woody.com\/wp-content\/uploads\/2024\/09\/4-12.jpg\" \/>\n\t<meta property=\"og:image:width\" content=\"1536\" \/>\n\t<meta property=\"og:image:height\" content=\"1167\" \/>\n\t<meta property=\"og:image:type\" content=\"image\/jpeg\" \/>\n<meta name=\"twitter:card\" content=\"summary_large_image\" \/>\n<meta name=\"twitter:label1\" content=\"Tempo di lettura stimato\" \/>\n\t<meta name=\"twitter:data1\" content=\"2 minuti\" \/>\n<script type=\"application\/ld+json\" class=\"yoast-schema-graph\">{\"@context\":\"https:\/\/schema.org\",\"@graph\":[{\"@type\":\"WebPage\",\"@id\":\"https:\/\/steel-woody.com\/it\/negozio\/armadietti\/dulap\/\",\"url\":\"https:\/\/steel-woody.com\/it\/negozio\/armadietti\/dulap\/\",\"name\":\"Dulap - Steel Woody\",\"isPartOf\":{\"@id\":\"https:\/\/steel-woody.com\/it\/#website\"},\"primaryImageOfPage\":{\"@id\":\"https:\/\/steel-woody.com\/it\/negozio\/armadietti\/dulap\/#primaryimage\"},\"image\":{\"@id\":\"https:\/\/steel-woody.com\/it\/negozio\/armadietti\/dulap\/#primaryimage\"},\"thumbnailUrl\":\"https:\/\/steel-woody.com\/wp-content\/uploads\/2024\/09\/4-12.jpg\",\"datePublished\":\"2024-09-21T16:22:25+00:00\",\"breadcrumb\":{\"@id\":\"https:\/\/steel-woody.com\/it\/negozio\/armadietti\/dulap\/#breadcrumb\"},\"inLanguage\":\"it-IT\",\"potentialAction\":[{\"@type\":\"ReadAction\",\"target\":[\"https:\/\/steel-woody.com\/it\/negozio\/armadietti\/dulap\/\"]}]},{\"@type\":\"ImageObject\",\"inLanguage\":\"it-IT\",\"@id\":\"https:\/\/steel-woody.com\/it\/negozio\/armadietti\/dulap\/#primaryimage\",\"url\":\"https:\/\/steel-woody.com\/wp-content\/uploads\/2024\/09\/4-12.jpg\",\"contentUrl\":\"https:\/\/steel-woody.com\/wp-content\/uploads\/2024\/09\/4-12.jpg\",\"width\":1536,\"height\":1167},{\"@type\":\"BreadcrumbList\",\"@id\":\"https:\/\/steel-woody.com\/it\/negozio\/armadietti\/dulap\/#breadcrumb\",\"itemListElement\":[{\"@type\":\"ListItem\",\"position\":1,\"name\":\"Home\",\"item\":\"https:\/\/steel-woody.com\/it\/\"},{\"@type\":\"ListItem\",\"position\":2,\"name\":\"Negozio\",\"item\":\"https:\/\/steel-woody.com\/it\/negozio\/\"},{\"@type\":\"ListItem\",\"position\":3,\"name\":\"Dulap\"}]},{\"@type\":\"WebSite\",\"@id\":\"https:\/\/steel-woody.com\/it\/#website\",\"url\":\"https:\/\/steel-woody.com\/it\/\",\"name\":\"Steel Woody\",\"description\":\"\",\"potentialAction\":[{\"@type\":\"SearchAction\",\"target\":{\"@type\":\"EntryPoint\",\"urlTemplate\":\"https:\/\/steel-woody.com\/it\/?s={search_term_string}\"},\"query-input\":{\"@type\":\"PropertyValueSpecification\",\"valueRequired\":true,\"valueName\":\"search_term_string\"}}],\"inLanguage\":\"it-IT\"}]}<\/script>\n<!-- \/ Yoast SEO plugin. -->","yoast_head_json":{"title":"Dulap - Steel Woody","robots":{"index":"index","follow":"follow","max-snippet":"max-snippet:-1","max-image-preview":"max-image-preview:large","max-video-preview":"max-video-preview:-1"},"canonical":"https:\/\/steel-woody.com\/it\/negozio\/armadietti\/dulap\/","og_locale":"it_IT","og_type":"article","og_title":"Dulap - Steel Woody","og_description":"Grazie al suo design moderno, questo armadio si adatta facilmente a diversi tipi di arredamento, da quello minimalista e moderno a quello pi\u00f9 tradizionale.","og_url":"https:\/\/steel-woody.com\/it\/negozio\/armadietti\/dulap\/","og_site_name":"Steel Woody","og_image":[{"width":1536,"height":1167,"url":"https:\/\/steel-woody.com\/wp-content\/uploads\/2024\/09\/4-12.jpg","type":"image\/jpeg"}],"twitter_card":"summary_large_image","twitter_misc":{"Tempo di lettura stimato":"2 minuti"},"schema":{"@context":"https:\/\/schema.org","@graph":[{"@type":"WebPage","@id":"https:\/\/steel-woody.com\/it\/negozio\/armadietti\/dulap\/","url":"https:\/\/steel-woody.com\/it\/negozio\/armadietti\/dulap\/","name":"Dulap - Steel Woody","isPartOf":{"@id":"https:\/\/steel-woody.com\/it\/#website"},"primaryImageOfPage":{"@id":"https:\/\/steel-woody.com\/it\/negozio\/armadietti\/dulap\/#primaryimage"},"image":{"@id":"https:\/\/steel-woody.com\/it\/negozio\/armadietti\/dulap\/#primaryimage"},"thumbnailUrl":"https:\/\/steel-woody.com\/wp-content\/uploads\/2024\/09\/4-12.jpg","datePublished":"2024-09-21T16:22:25+00:00","breadcrumb":{"@id":"https:\/\/steel-woody.com\/it\/negozio\/armadietti\/dulap\/#breadcrumb"},"inLanguage":"it-IT","potentialAction":[{"@type":"ReadAction","target":["https:\/\/steel-woody.com\/it\/negozio\/armadietti\/dulap\/"]}]},{"@type":"ImageObject","inLanguage":"it-IT","@id":"https:\/\/steel-woody.com\/it\/negozio\/armadietti\/dulap\/#primaryimage","url":"https:\/\/steel-woody.com\/wp-content\/uploads\/2024\/09\/4-12.jpg","contentUrl":"https:\/\/steel-woody.com\/wp-content\/uploads\/2024\/09\/4-12.jpg","width":1536,"height":1167},{"@type":"BreadcrumbList","@id":"https:\/\/steel-woody.com\/it\/negozio\/armadietti\/dulap\/#breadcrumb","itemListElement":[{"@type":"ListItem","position":1,"name":"Home","item":"https:\/\/steel-woody.com\/it\/"},{"@type":"ListItem","position":2,"name":"Negozio","item":"https:\/\/steel-woody.com\/it\/negozio\/"},{"@type":"ListItem","position":3,"name":"Dulap"}]},{"@type":"WebSite","@id":"https:\/\/steel-woody.com\/it\/#website","url":"https:\/\/steel-woody.com\/it\/","name":"Steel Woody","description":"","potentialAction":[{"@type":"SearchAction","target":{"@type":"EntryPoint","urlTemplate":"https:\/\/steel-woody.com\/it\/?s={search_term_string}"},"query-input":{"@type":"PropertyValueSpecification","valueRequired":true,"valueName":"search_term_string"}}],"inLanguage":"it-IT"}]}},"_links":{"self":[{"href":"https:\/\/steel-woody.com\/it\/wp-json\/wp\/v2\/product\/2506","targetHints":{"allow":["GET"]}}],"collection":[{"href":"https:\/\/steel-woody.com\/it\/wp-json\/wp\/v2\/product"}],"about":[{"href":"https:\/\/steel-woody.com\/it\/wp-json\/wp\/v2\/types\/product"}],"replies":[{"embeddable":true,"href":"https:\/\/steel-woody.com\/it\/wp-json\/wp\/v2\/comments?post=2506"}],"wp:featuredmedia":[{"embeddable":true,"href":"https:\/\/steel-woody.com\/it\/wp-json\/wp\/v2\/media\/1890"}],"wp:attachment":[{"href":"https:\/\/steel-woody.com\/it\/wp-json\/wp\/v2\/media?parent=2506"}],"wp:term":[{"taxonomy":"product_brand","embeddable":true,"href":"https:\/\/steel-woody.com\/it\/wp-json\/wp\/v2\/product_brand?post=2506"},{"taxonomy":"product_cat","embeddable":true,"href":"https:\/\/steel-woody.com\/it\/wp-json\/wp\/v2\/product_cat?post=2506"},{"taxonomy":"product_tag","embeddable":true,"href":"https:\/\/steel-woody.com\/it\/wp-json\/wp\/v2\/product_tag?post=2506"}],"curies":[{"name":"wp","href":"https:\/\/api.w.org\/{rel}","templated":true}]}}