{"id":2502,"date":"2024-09-21T16:25:30","date_gmt":"2024-09-21T16:25:30","guid":{"rendered":"https:\/\/steel-woody.com\/magazin\/senza-categoria\/tavolino-da-caffe\/"},"modified":"2024-09-21T16:25:30","modified_gmt":"2024-09-21T16:25:30","slug":"tavolino-da-caffe","status":"publish","type":"product","link":"https:\/\/steel-woody.com\/it\/negozio\/tabella\/tavolino-da-caffe\/","title":{"rendered":"Tavolino da caff\u00e8"},"content":{"rendered":"<h3>Tavolino ideale per spazi moderni<\/h3>\n<p>Questo tavolino combina eleganza e funzionalit\u00e0, rendendolo un accessorio ideale per qualsiasi spazio moderno. Con un piano rotondo in legno naturale, emana un calore rustico che contrasta piacevolmente con la struttura sottile e minimalista in metallo nero. Il design semplice ma sofisticato permette a questo pezzo di integrarsi armoniosamente in una variet\u00e0 di decori, da quelli urbani a quelli contemporanei. <\/p>\n<p>&nbsp;<\/p>\n<h3>La misura perfetta per qualsiasi ambiente<\/h3>\n<p>Questo tavolino \u00e8 perfetto per soggiorni, uffici, biblioteche o come pezzo d&#8217;accento in corridoi o camere da letto. Offre uno spazio ideale per t\u00e8, caff\u00e8, libri o anche per esporre oggetti decorativi. In un ambiente di lavoro, il tavolino aggiunge un tocco di sobria eleganza e praticit\u00e0. Pu\u00f2 essere utilizzato per tenere a portata di mano libri di consultazione, documenti o per esporre premi e riconoscimenti professionali, contribuendo a rendere l&#8217;ambiente di lavoro pi\u00f9 piacevole e personalizzato. <\/p>\n<p>&nbsp;<\/p>\n<h3>Design equilibrato e versatile<\/h3>\n<p>\u00c8 il luogo ideale per servire il caff\u00e8 o il t\u00e8 e offre un ampio spazio per appoggiare snack, telecomandi o dispositivi mobili, mantenendo l&#8217;ordine e l&#8217;organizzazione.<\/p>\n<p>&nbsp;<\/p>\n<h3>Materiale<\/h3>\n<p><strong>Piani di lavoro in legno di quercia o noce:<\/strong> Questi legni sono apprezzati per la loro struttura fine e la loro naturale durata. Il piano del tavolo \u00e8 trattato con una vernice protettiva che non solo ne migliora la resistenza alle macchie e ai graffi, ma fa risaltare la bellezza naturale del legno, accentuandone le ricche sfumature e le venature uniche. <strong>Base in acciaio verniciato:<\/strong> l&#8217;acciaio utilizzato per la struttura portante \u00e8 stato scelto per la sua resistenza e stabilit\u00e0. <strong>Maniglia integrata:<\/strong> un dettaglio pratico e di design, la maniglia integrata nel piano di lavoro \u00e8 anch&#8217;essa realizzata in legno di noce, garantendo la coerenza estetica e funzionale dell&#8217;intero prodotto. <\/p>\n<p>&nbsp;<\/p>\n<h3>Dimensioni<\/h3>\n<p>41(L) x 41(L) x 55,5(h) cm<\/p>\n<p>&nbsp;<\/p>\n","protected":false},"excerpt":{"rendered":"<p>Aggiungi un tocco di raffinatezza a ogni angolo della tua casa con il tavolino da caff\u00e8 moderno<\/p>\n","protected":false},"featured_media":1938,"comment_status":"open","ping_status":"closed","template":"","meta":[],"product_brand":[],"product_cat":[72],"product_tag":[],"class_list":{"0":"post-2502","1":"product","2":"type-product","3":"status-publish","4":"has-post-thumbnail","6":"product_cat-tabella","8":"first","9":"instock","10":"shipping-taxable","11":"purchasable","12":"product-type-simple"},"yoast_head":"<!-- This site is optimized with the Yoast SEO plugin v25.5 - https:\/\/yoast.com\/wordpress\/plugins\/seo\/ -->\n<title>Tavolino da caff\u00e8 - Steel Woody<\/title>\n<meta name=\"robots\" content=\"index, follow, max-snippet:-1, max-image-preview:large, max-video-preview:-1\" \/>\n<link rel=\"canonical\" href=\"https:\/\/steel-woody.com\/it\/negozio\/tabella\/tavolino-da-caffe\/\" \/>\n<meta property=\"og:locale\" content=\"it_IT\" \/>\n<meta property=\"og:type\" content=\"article\" \/>\n<meta property=\"og:title\" content=\"Tavolino da caff\u00e8 - Steel Woody\" \/>\n<meta property=\"og:description\" content=\"Aggiungi un tocco di raffinatezza a ogni angolo della tua casa con il tavolino da caff\u00e8 moderno\" \/>\n<meta property=\"og:url\" content=\"https:\/\/steel-woody.com\/it\/negozio\/tabella\/tavolino-da-caffe\/\" \/>\n<meta property=\"og:site_name\" content=\"Steel Woody\" \/>\n<meta property=\"og:image\" content=\"https:\/\/steel-woody.com\/wp-content\/uploads\/2024\/09\/4-16.jpg\" \/>\n\t<meta property=\"og:image:width\" content=\"1536\" \/>\n\t<meta property=\"og:image:height\" content=\"1167\" \/>\n\t<meta property=\"og:image:type\" content=\"image\/jpeg\" \/>\n<meta name=\"twitter:card\" content=\"summary_large_image\" \/>\n<meta name=\"twitter:label1\" content=\"Tempo di lettura stimato\" \/>\n\t<meta name=\"twitter:data1\" content=\"1 minuto\" \/>\n<script type=\"application\/ld+json\" class=\"yoast-schema-graph\">{\"@context\":\"https:\/\/schema.org\",\"@graph\":[{\"@type\":\"WebPage\",\"@id\":\"https:\/\/steel-woody.com\/it\/negozio\/tabella\/tavolino-da-caffe\/\",\"url\":\"https:\/\/steel-woody.com\/it\/negozio\/tabella\/tavolino-da-caffe\/\",\"name\":\"Tavolino da caff\u00e8 - Steel Woody\",\"isPartOf\":{\"@id\":\"https:\/\/steel-woody.com\/it\/#website\"},\"primaryImageOfPage\":{\"@id\":\"https:\/\/steel-woody.com\/it\/negozio\/tabella\/tavolino-da-caffe\/#primaryimage\"},\"image\":{\"@id\":\"https:\/\/steel-woody.com\/it\/negozio\/tabella\/tavolino-da-caffe\/#primaryimage\"},\"thumbnailUrl\":\"https:\/\/steel-woody.com\/wp-content\/uploads\/2024\/09\/4-16.jpg\",\"datePublished\":\"2024-09-21T16:25:30+00:00\",\"breadcrumb\":{\"@id\":\"https:\/\/steel-woody.com\/it\/negozio\/tabella\/tavolino-da-caffe\/#breadcrumb\"},\"inLanguage\":\"it-IT\",\"potentialAction\":[{\"@type\":\"ReadAction\",\"target\":[\"https:\/\/steel-woody.com\/it\/negozio\/tabella\/tavolino-da-caffe\/\"]}]},{\"@type\":\"ImageObject\",\"inLanguage\":\"it-IT\",\"@id\":\"https:\/\/steel-woody.com\/it\/negozio\/tabella\/tavolino-da-caffe\/#primaryimage\",\"url\":\"https:\/\/steel-woody.com\/wp-content\/uploads\/2024\/09\/4-16.jpg\",\"contentUrl\":\"https:\/\/steel-woody.com\/wp-content\/uploads\/2024\/09\/4-16.jpg\",\"width\":1536,\"height\":1167},{\"@type\":\"BreadcrumbList\",\"@id\":\"https:\/\/steel-woody.com\/it\/negozio\/tabella\/tavolino-da-caffe\/#breadcrumb\",\"itemListElement\":[{\"@type\":\"ListItem\",\"position\":1,\"name\":\"Home\",\"item\":\"https:\/\/steel-woody.com\/it\/\"},{\"@type\":\"ListItem\",\"position\":2,\"name\":\"Negozio\",\"item\":\"https:\/\/steel-woody.com\/it\/negozio\/\"},{\"@type\":\"ListItem\",\"position\":3,\"name\":\"Tavolino da caff\u00e8\"}]},{\"@type\":\"WebSite\",\"@id\":\"https:\/\/steel-woody.com\/it\/#website\",\"url\":\"https:\/\/steel-woody.com\/it\/\",\"name\":\"Steel Woody\",\"description\":\"\",\"potentialAction\":[{\"@type\":\"SearchAction\",\"target\":{\"@type\":\"EntryPoint\",\"urlTemplate\":\"https:\/\/steel-woody.com\/it\/?s={search_term_string}\"},\"query-input\":{\"@type\":\"PropertyValueSpecification\",\"valueRequired\":true,\"valueName\":\"search_term_string\"}}],\"inLanguage\":\"it-IT\"}]}<\/script>\n<!-- \/ Yoast SEO plugin. -->","yoast_head_json":{"title":"Tavolino da caff\u00e8 - Steel Woody","robots":{"index":"index","follow":"follow","max-snippet":"max-snippet:-1","max-image-preview":"max-image-preview:large","max-video-preview":"max-video-preview:-1"},"canonical":"https:\/\/steel-woody.com\/it\/negozio\/tabella\/tavolino-da-caffe\/","og_locale":"it_IT","og_type":"article","og_title":"Tavolino da caff\u00e8 - Steel Woody","og_description":"Aggiungi un tocco di raffinatezza a ogni angolo della tua casa con il tavolino da caff\u00e8 moderno","og_url":"https:\/\/steel-woody.com\/it\/negozio\/tabella\/tavolino-da-caffe\/","og_site_name":"Steel Woody","og_image":[{"width":1536,"height":1167,"url":"https:\/\/steel-woody.com\/wp-content\/uploads\/2024\/09\/4-16.jpg","type":"image\/jpeg"}],"twitter_card":"summary_large_image","twitter_misc":{"Tempo di lettura stimato":"1 minuto"},"schema":{"@context":"https:\/\/schema.org","@graph":[{"@type":"WebPage","@id":"https:\/\/steel-woody.com\/it\/negozio\/tabella\/tavolino-da-caffe\/","url":"https:\/\/steel-woody.com\/it\/negozio\/tabella\/tavolino-da-caffe\/","name":"Tavolino da caff\u00e8 - Steel Woody","isPartOf":{"@id":"https:\/\/steel-woody.com\/it\/#website"},"primaryImageOfPage":{"@id":"https:\/\/steel-woody.com\/it\/negozio\/tabella\/tavolino-da-caffe\/#primaryimage"},"image":{"@id":"https:\/\/steel-woody.com\/it\/negozio\/tabella\/tavolino-da-caffe\/#primaryimage"},"thumbnailUrl":"https:\/\/steel-woody.com\/wp-content\/uploads\/2024\/09\/4-16.jpg","datePublished":"2024-09-21T16:25:30+00:00","breadcrumb":{"@id":"https:\/\/steel-woody.com\/it\/negozio\/tabella\/tavolino-da-caffe\/#breadcrumb"},"inLanguage":"it-IT","potentialAction":[{"@type":"ReadAction","target":["https:\/\/steel-woody.com\/it\/negozio\/tabella\/tavolino-da-caffe\/"]}]},{"@type":"ImageObject","inLanguage":"it-IT","@id":"https:\/\/steel-woody.com\/it\/negozio\/tabella\/tavolino-da-caffe\/#primaryimage","url":"https:\/\/steel-woody.com\/wp-content\/uploads\/2024\/09\/4-16.jpg","contentUrl":"https:\/\/steel-woody.com\/wp-content\/uploads\/2024\/09\/4-16.jpg","width":1536,"height":1167},{"@type":"BreadcrumbList","@id":"https:\/\/steel-woody.com\/it\/negozio\/tabella\/tavolino-da-caffe\/#breadcrumb","itemListElement":[{"@type":"ListItem","position":1,"name":"Home","item":"https:\/\/steel-woody.com\/it\/"},{"@type":"ListItem","position":2,"name":"Negozio","item":"https:\/\/steel-woody.com\/it\/negozio\/"},{"@type":"ListItem","position":3,"name":"Tavolino da caff\u00e8"}]},{"@type":"WebSite","@id":"https:\/\/steel-woody.com\/it\/#website","url":"https:\/\/steel-woody.com\/it\/","name":"Steel Woody","description":"","potentialAction":[{"@type":"SearchAction","target":{"@type":"EntryPoint","urlTemplate":"https:\/\/steel-woody.com\/it\/?s={search_term_string}"},"query-input":{"@type":"PropertyValueSpecification","valueRequired":true,"valueName":"search_term_string"}}],"inLanguage":"it-IT"}]}},"_links":{"self":[{"href":"https:\/\/steel-woody.com\/it\/wp-json\/wp\/v2\/product\/2502","targetHints":{"allow":["GET"]}}],"collection":[{"href":"https:\/\/steel-woody.com\/it\/wp-json\/wp\/v2\/product"}],"about":[{"href":"https:\/\/steel-woody.com\/it\/wp-json\/wp\/v2\/types\/product"}],"replies":[{"embeddable":true,"href":"https:\/\/steel-woody.com\/it\/wp-json\/wp\/v2\/comments?post=2502"}],"wp:featuredmedia":[{"embeddable":true,"href":"https:\/\/steel-woody.com\/it\/wp-json\/wp\/v2\/media\/1938"}],"wp:attachment":[{"href":"https:\/\/steel-woody.com\/it\/wp-json\/wp\/v2\/media?parent=2502"}],"wp:term":[{"taxonomy":"product_brand","embeddable":true,"href":"https:\/\/steel-woody.com\/it\/wp-json\/wp\/v2\/product_brand?post=2502"},{"taxonomy":"product_cat","embeddable":true,"href":"https:\/\/steel-woody.com\/it\/wp-json\/wp\/v2\/product_cat?post=2502"},{"taxonomy":"product_tag","embeddable":true,"href":"https:\/\/steel-woody.com\/it\/wp-json\/wp\/v2\/product_tag?post=2502"}],"curies":[{"name":"wp","href":"https:\/\/api.w.org\/{rel}","templated":true}]}}