{"id":2496,"date":"2024-09-21T16:29:51","date_gmt":"2024-09-21T16:29:51","guid":{"rendered":"https:\/\/steel-woody.com\/magazin\/senza-categoria\/bagno\/"},"modified":"2024-09-21T16:29:51","modified_gmt":"2024-09-21T16:29:51","slug":"bagno","status":"publish","type":"product","link":"https:\/\/steel-woody.com\/it\/negozio\/mobili-da-bagno\/bagno\/","title":{"rendered":"Bagno"},"content":{"rendered":"<h3>Un design moderno per un ambiente fantastico!<\/h3>\n<p>Il corpo vasca \u00e8 realizzato con materiali di alta qualit\u00e0, combinando il legno con una finitura naturale e una robusta struttura metallica, offrendo un look contemporaneo e una lunga durata. Il legno utilizzato \u00e8 trattato in modo speciale per resistere all&#8217;umidit\u00e0, garantendo un&#8217;eccellente durata e una facile manutenzione. Questa suite da bagno si caratterizza per le sue linee pulite e il suo design minimalista, che la rendono adatta a bagni moderni e sofisticati. <\/p>\n<p>&nbsp;<\/p>\n<h3>Vanity bagno compatto ed elegante: perfetto per qualsiasi spazio<\/h3>\n<p>Che tu abbia un bagno grande o piccolo, questo mobile da bagno si integra perfettamente in ogni spazio grazie al suo design compatto ed elegante. La struttura in metallo, sottile ma robusta, offre stabilit\u00e0 senza ingombrare visivamente lo spazio, conferendo un aspetto arioso e moderno. Il legno con finitura naturale aggiunge un senso di calore e comfort, creando il perfetto equilibrio tra estetica e funzionalit\u00e0. <\/p>\n<p>&nbsp;<\/p>\n<h3>Aggiungi calore e comfort al tuo bagno!<\/h3>\n<p>Se vuoi rinnovare completamente il tuo bagno o aggiungere solo qualche nuovo pezzo, questo set di mobili \u00e8 la scelta ideale.<\/p>\n<p>&nbsp;<\/p>\n<h3>Materiale<\/h3>\n<p><strong>Legno naturale di alta qualit\u00e0<\/strong><\/p>\n<p>I mobili in foto sono realizzati in legno naturale di alta qualit\u00e0, come il rovere o il noce, trattato per resistere all&#8217;umidit\u00e0 e all&#8217;usura quotidiana. La finitura del legno mantiene la consistenza e il colore naturale, conferendo un aspetto caldo e raffinato a tutto l&#8217;insieme. <\/p>\n<p><strong>Struttura in metallo<\/strong><\/p>\n<p>Le gambe e i supporti del mobile sono realizzati in metallo nero opaco. Questo materiale aggiunge un tocco industriale e moderno, garantendo al tempo stesso durata e stabilit\u00e0. Il metallo \u00e8 trattato per prevenire la corrosione e quindi \u00e8 ideale per l&#8217;ambiente umido del bagno.  <\/p>\n<p>&nbsp;<\/p>\n<h3>Dimensioni<\/h3>\n<p>30(L) x 30(L) x 170,3(h) cm<\/p>\n","protected":false},"excerpt":{"rendered":"<p>Il corpo vasca \u00e8 realizzato con materiali di alta qualit\u00e0, combinando il legno con una finitura naturale e una robusta struttura metallica, offrendo un look contemporaneo e una lunga durata.<\/p>\n","protected":false},"featured_media":2022,"comment_status":"open","ping_status":"closed","template":"","meta":[],"product_brand":[],"product_cat":[81],"product_tag":[],"class_list":{"0":"post-2496","1":"product","2":"type-product","3":"status-publish","4":"has-post-thumbnail","6":"product_cat-mobili-da-bagno","8":"first","9":"instock","10":"shipping-taxable","11":"purchasable","12":"product-type-simple"},"yoast_head":"<!-- This site is optimized with the Yoast SEO plugin v25.5 - https:\/\/yoast.com\/wordpress\/plugins\/seo\/ -->\n<title>Bagno - Steel Woody<\/title>\n<meta name=\"robots\" content=\"index, follow, max-snippet:-1, max-image-preview:large, max-video-preview:-1\" \/>\n<link rel=\"canonical\" href=\"https:\/\/steel-woody.com\/it\/negozio\/mobili-da-bagno\/bagno\/\" \/>\n<meta property=\"og:locale\" content=\"it_IT\" \/>\n<meta property=\"og:type\" content=\"article\" \/>\n<meta property=\"og:title\" content=\"Bagno - Steel Woody\" \/>\n<meta property=\"og:description\" content=\"Il corpo vasca \u00e8 realizzato con materiali di alta qualit\u00e0, combinando il legno con una finitura naturale e una robusta struttura metallica, offrendo un look contemporaneo e una lunga durata.\" \/>\n<meta property=\"og:url\" content=\"https:\/\/steel-woody.com\/it\/negozio\/mobili-da-bagno\/bagno\/\" \/>\n<meta property=\"og:site_name\" content=\"Steel Woody\" \/>\n<meta property=\"og:image\" content=\"https:\/\/steel-woody.com\/wp-content\/uploads\/2024\/09\/4-22.jpg\" \/>\n\t<meta property=\"og:image:width\" content=\"1536\" \/>\n\t<meta property=\"og:image:height\" content=\"1167\" \/>\n\t<meta property=\"og:image:type\" content=\"image\/jpeg\" \/>\n<meta name=\"twitter:card\" content=\"summary_large_image\" \/>\n<meta name=\"twitter:label1\" content=\"Tempo di lettura stimato\" \/>\n\t<meta name=\"twitter:data1\" content=\"1 minuto\" \/>\n<script type=\"application\/ld+json\" class=\"yoast-schema-graph\">{\"@context\":\"https:\/\/schema.org\",\"@graph\":[{\"@type\":\"WebPage\",\"@id\":\"https:\/\/steel-woody.com\/it\/negozio\/mobili-da-bagno\/bagno\/\",\"url\":\"https:\/\/steel-woody.com\/it\/negozio\/mobili-da-bagno\/bagno\/\",\"name\":\"Bagno - Steel Woody\",\"isPartOf\":{\"@id\":\"https:\/\/steel-woody.com\/it\/#website\"},\"primaryImageOfPage\":{\"@id\":\"https:\/\/steel-woody.com\/it\/negozio\/mobili-da-bagno\/bagno\/#primaryimage\"},\"image\":{\"@id\":\"https:\/\/steel-woody.com\/it\/negozio\/mobili-da-bagno\/bagno\/#primaryimage\"},\"thumbnailUrl\":\"https:\/\/steel-woody.com\/wp-content\/uploads\/2024\/09\/4-22.jpg\",\"datePublished\":\"2024-09-21T16:29:51+00:00\",\"breadcrumb\":{\"@id\":\"https:\/\/steel-woody.com\/it\/negozio\/mobili-da-bagno\/bagno\/#breadcrumb\"},\"inLanguage\":\"it-IT\",\"potentialAction\":[{\"@type\":\"ReadAction\",\"target\":[\"https:\/\/steel-woody.com\/it\/negozio\/mobili-da-bagno\/bagno\/\"]}]},{\"@type\":\"ImageObject\",\"inLanguage\":\"it-IT\",\"@id\":\"https:\/\/steel-woody.com\/it\/negozio\/mobili-da-bagno\/bagno\/#primaryimage\",\"url\":\"https:\/\/steel-woody.com\/wp-content\/uploads\/2024\/09\/4-22.jpg\",\"contentUrl\":\"https:\/\/steel-woody.com\/wp-content\/uploads\/2024\/09\/4-22.jpg\",\"width\":1536,\"height\":1167},{\"@type\":\"BreadcrumbList\",\"@id\":\"https:\/\/steel-woody.com\/it\/negozio\/mobili-da-bagno\/bagno\/#breadcrumb\",\"itemListElement\":[{\"@type\":\"ListItem\",\"position\":1,\"name\":\"Home\",\"item\":\"https:\/\/steel-woody.com\/it\/\"},{\"@type\":\"ListItem\",\"position\":2,\"name\":\"Negozio\",\"item\":\"https:\/\/steel-woody.com\/it\/negozio\/\"},{\"@type\":\"ListItem\",\"position\":3,\"name\":\"Bagno\"}]},{\"@type\":\"WebSite\",\"@id\":\"https:\/\/steel-woody.com\/it\/#website\",\"url\":\"https:\/\/steel-woody.com\/it\/\",\"name\":\"Steel Woody\",\"description\":\"\",\"potentialAction\":[{\"@type\":\"SearchAction\",\"target\":{\"@type\":\"EntryPoint\",\"urlTemplate\":\"https:\/\/steel-woody.com\/it\/?s={search_term_string}\"},\"query-input\":{\"@type\":\"PropertyValueSpecification\",\"valueRequired\":true,\"valueName\":\"search_term_string\"}}],\"inLanguage\":\"it-IT\"}]}<\/script>\n<!-- \/ Yoast SEO plugin. -->","yoast_head_json":{"title":"Bagno - Steel Woody","robots":{"index":"index","follow":"follow","max-snippet":"max-snippet:-1","max-image-preview":"max-image-preview:large","max-video-preview":"max-video-preview:-1"},"canonical":"https:\/\/steel-woody.com\/it\/negozio\/mobili-da-bagno\/bagno\/","og_locale":"it_IT","og_type":"article","og_title":"Bagno - Steel Woody","og_description":"Il corpo vasca \u00e8 realizzato con materiali di alta qualit\u00e0, combinando il legno con una finitura naturale e una robusta struttura metallica, offrendo un look contemporaneo e una lunga durata.","og_url":"https:\/\/steel-woody.com\/it\/negozio\/mobili-da-bagno\/bagno\/","og_site_name":"Steel Woody","og_image":[{"width":1536,"height":1167,"url":"https:\/\/steel-woody.com\/wp-content\/uploads\/2024\/09\/4-22.jpg","type":"image\/jpeg"}],"twitter_card":"summary_large_image","twitter_misc":{"Tempo di lettura stimato":"1 minuto"},"schema":{"@context":"https:\/\/schema.org","@graph":[{"@type":"WebPage","@id":"https:\/\/steel-woody.com\/it\/negozio\/mobili-da-bagno\/bagno\/","url":"https:\/\/steel-woody.com\/it\/negozio\/mobili-da-bagno\/bagno\/","name":"Bagno - Steel Woody","isPartOf":{"@id":"https:\/\/steel-woody.com\/it\/#website"},"primaryImageOfPage":{"@id":"https:\/\/steel-woody.com\/it\/negozio\/mobili-da-bagno\/bagno\/#primaryimage"},"image":{"@id":"https:\/\/steel-woody.com\/it\/negozio\/mobili-da-bagno\/bagno\/#primaryimage"},"thumbnailUrl":"https:\/\/steel-woody.com\/wp-content\/uploads\/2024\/09\/4-22.jpg","datePublished":"2024-09-21T16:29:51+00:00","breadcrumb":{"@id":"https:\/\/steel-woody.com\/it\/negozio\/mobili-da-bagno\/bagno\/#breadcrumb"},"inLanguage":"it-IT","potentialAction":[{"@type":"ReadAction","target":["https:\/\/steel-woody.com\/it\/negozio\/mobili-da-bagno\/bagno\/"]}]},{"@type":"ImageObject","inLanguage":"it-IT","@id":"https:\/\/steel-woody.com\/it\/negozio\/mobili-da-bagno\/bagno\/#primaryimage","url":"https:\/\/steel-woody.com\/wp-content\/uploads\/2024\/09\/4-22.jpg","contentUrl":"https:\/\/steel-woody.com\/wp-content\/uploads\/2024\/09\/4-22.jpg","width":1536,"height":1167},{"@type":"BreadcrumbList","@id":"https:\/\/steel-woody.com\/it\/negozio\/mobili-da-bagno\/bagno\/#breadcrumb","itemListElement":[{"@type":"ListItem","position":1,"name":"Home","item":"https:\/\/steel-woody.com\/it\/"},{"@type":"ListItem","position":2,"name":"Negozio","item":"https:\/\/steel-woody.com\/it\/negozio\/"},{"@type":"ListItem","position":3,"name":"Bagno"}]},{"@type":"WebSite","@id":"https:\/\/steel-woody.com\/it\/#website","url":"https:\/\/steel-woody.com\/it\/","name":"Steel Woody","description":"","potentialAction":[{"@type":"SearchAction","target":{"@type":"EntryPoint","urlTemplate":"https:\/\/steel-woody.com\/it\/?s={search_term_string}"},"query-input":{"@type":"PropertyValueSpecification","valueRequired":true,"valueName":"search_term_string"}}],"inLanguage":"it-IT"}]}},"_links":{"self":[{"href":"https:\/\/steel-woody.com\/it\/wp-json\/wp\/v2\/product\/2496","targetHints":{"allow":["GET"]}}],"collection":[{"href":"https:\/\/steel-woody.com\/it\/wp-json\/wp\/v2\/product"}],"about":[{"href":"https:\/\/steel-woody.com\/it\/wp-json\/wp\/v2\/types\/product"}],"replies":[{"embeddable":true,"href":"https:\/\/steel-woody.com\/it\/wp-json\/wp\/v2\/comments?post=2496"}],"wp:featuredmedia":[{"embeddable":true,"href":"https:\/\/steel-woody.com\/it\/wp-json\/wp\/v2\/media\/2022"}],"wp:attachment":[{"href":"https:\/\/steel-woody.com\/it\/wp-json\/wp\/v2\/media?parent=2496"}],"wp:term":[{"taxonomy":"product_brand","embeddable":true,"href":"https:\/\/steel-woody.com\/it\/wp-json\/wp\/v2\/product_brand?post=2496"},{"taxonomy":"product_cat","embeddable":true,"href":"https:\/\/steel-woody.com\/it\/wp-json\/wp\/v2\/product_cat?post=2496"},{"taxonomy":"product_tag","embeddable":true,"href":"https:\/\/steel-woody.com\/it\/wp-json\/wp\/v2\/product_tag?post=2496"}],"curies":[{"name":"wp","href":"https:\/\/api.w.org\/{rel}","templated":true}]}}