{"id":2320,"date":"2024-09-12T15:17:39","date_gmt":"2024-09-12T15:17:39","guid":{"rendered":"https:\/\/steel-woody.com\/termini-e-condizioni\/"},"modified":"2024-10-21T14:38:50","modified_gmt":"2024-10-21T14:38:50","slug":"termini-e-condizioni","status":"publish","type":"page","link":"https:\/\/steel-woody.com\/it\/termini-e-condizioni\/","title":{"rendered":"Termini e condizioni"},"content":{"rendered":"\t\t<div data-elementor-type=\"wp-page\" data-elementor-id=\"2320\" class=\"elementor elementor-2320 elementor-254\" data-elementor-post-type=\"page\">\n\t\t\t\t<div class=\"elementor-element elementor-element-eed9b21 e-flex e-con-boxed e-con e-parent\" data-id=\"eed9b21\" data-element_type=\"container\" data-settings=\"{&quot;background_background&quot;:&quot;classic&quot;}\">\n\t\t\t\t\t<div class=\"e-con-inner\">\n\t\t<div class=\"elementor-element elementor-element-2cbf808 e-con-full e-flex e-con e-child\" data-id=\"2cbf808\" data-element_type=\"container\">\n\t\t\t\t<div class=\"elementor-element elementor-element-5914247 elementor-widget elementor-widget-heading\" data-id=\"5914247\" data-element_type=\"widget\" data-widget_type=\"heading.default\">\n\t\t\t\t<div class=\"elementor-widget-container\">\n\t\t\t\t\t<h2 class=\"elementor-heading-title elementor-size-default\">Termini e condizioni<\/h2>\t\t\t\t<\/div>\n\t\t\t\t<\/div>\n\t\t\t\t<div class=\"elementor-element elementor-element-736d1a0 elementor-widget elementor-widget-text-editor\" data-id=\"736d1a0\" data-element_type=\"widget\" data-widget_type=\"text-editor.default\">\n\t\t\t\t<div class=\"elementor-widget-container\">\n\t\t\t\t\t\t\t\t\t<p>Benvenuto sul sito web di <strong>SteelWoody<\/strong>. Accedendo e utilizzando questo sito web, accetti i termini e le condizioni riportati di seguito. Ti invitiamo a leggerli attentamente prima di utilizzare il sito o di effettuare un ordine.  <\/p>\n\t\t\t\t\t\t\t\t<\/div>\n\t\t\t\t<\/div>\n\t\t\t\t<div class=\"elementor-element elementor-element-3ca06c2 elementor-widget elementor-widget-heading\" data-id=\"3ca06c2\" data-element_type=\"widget\" data-widget_type=\"heading.default\">\n\t\t\t\t<div class=\"elementor-widget-container\">\n\t\t\t\t\t<h2 class=\"elementor-heading-title elementor-size-default\">1. Accettazione dei termini<\/h2>\t\t\t\t<\/div>\n\t\t\t\t<\/div>\n\t\t\t\t<div class=\"elementor-element elementor-element-fba16d6 elementor-widget elementor-widget-text-editor\" data-id=\"fba16d6\" data-element_type=\"widget\" data-widget_type=\"text-editor.default\">\n\t\t\t\t<div class=\"elementor-widget-container\">\n\t\t\t\t\t\t\t\t\t<p>Accedendo a questo sito web ed effettuando ordini, confermi di accettare i nostri Termini e Condizioni. Se non accetti questi termini, ti invitiamo a non utilizzare il sito. <\/p>\n\t\t\t\t\t\t\t\t<\/div>\n\t\t\t\t<\/div>\n\t\t\t\t<div class=\"elementor-element elementor-element-e624ca4 elementor-widget elementor-widget-heading\" data-id=\"e624ca4\" data-element_type=\"widget\" data-widget_type=\"heading.default\">\n\t\t\t\t<div class=\"elementor-widget-container\">\n\t\t\t\t\t<h2 class=\"elementor-heading-title elementor-size-default\">2. Informazioni sul prodotto\n<\/h2>\t\t\t\t<\/div>\n\t\t\t\t<\/div>\n\t\t\t\t<div class=\"elementor-element elementor-element-6497d0f elementor-widget elementor-widget-text-editor\" data-id=\"6497d0f\" data-element_type=\"widget\" data-widget_type=\"text-editor.default\">\n\t\t\t\t<div class=\"elementor-widget-container\">\n\t\t\t\t\t\t\t\t\t<p>Ci sforziamo di descrivere i nostri prodotti nel modo pi\u00f9 accurato possibile. Tuttavia, il colore, le dimensioni o l&#8217;aspetto dei prodotti potrebbero subire lievi variazioni a causa della natura della visualizzazione su schermo.   [Numele Brandului]  non pu\u00f2 garantire che le immagini dei prodotti presenti sul sito web rispecchino fedelmente i prodotti reali.<\/p>\n\t\t\t\t\t\t\t\t<\/div>\n\t\t\t\t<\/div>\n\t\t\t\t<div class=\"elementor-element elementor-element-a45e4c4 elementor-widget elementor-widget-heading\" data-id=\"a45e4c4\" data-element_type=\"widget\" data-widget_type=\"heading.default\">\n\t\t\t\t<div class=\"elementor-widget-container\">\n\t\t\t\t\t<h2 class=\"elementor-heading-title elementor-size-default\">3. Ordini e disponibilit\u00e0\n<\/h2>\t\t\t\t<\/div>\n\t\t\t\t<\/div>\n\t\t\t\t<div class=\"elementor-element elementor-element-7092e76 elementor-widget elementor-widget-text-editor\" data-id=\"7092e76\" data-element_type=\"widget\" data-widget_type=\"text-editor.default\">\n\t\t\t\t<div class=\"elementor-widget-container\">\n\t\t\t\t\t\t\t\t\t<p>Una volta effettuato l&#8217;ordine, riceverai una conferma via e-mail. Se un prodotto non \u00e8 disponibile o se c&#8217;\u00e8 un errore nei dettagli dell&#8217;ordine, ci riserviamo il diritto di cancellare l&#8217;ordine e di informarti a tempo debito. <\/p>\n\t\t\t\t\t\t\t\t<\/div>\n\t\t\t\t<\/div>\n\t\t\t\t<div class=\"elementor-element elementor-element-fb9c845 elementor-widget elementor-widget-heading\" data-id=\"fb9c845\" data-element_type=\"widget\" data-widget_type=\"heading.default\">\n\t\t\t\t<div class=\"elementor-widget-container\">\n\t\t\t\t\t<h2 class=\"elementor-heading-title elementor-size-default\">4. Prezzi e pagamenti\n<\/h2>\t\t\t\t<\/div>\n\t\t\t\t<\/div>\n\t\t\t\t<div class=\"elementor-element elementor-element-3cda496 elementor-widget elementor-widget-text-editor\" data-id=\"3cda496\" data-element_type=\"widget\" data-widget_type=\"text-editor.default\">\n\t\t\t\t<div class=\"elementor-widget-container\">\n\t\t\t\t\t\t\t\t\t<p>[moneda local\u0103] I prezzi indicati sul sito web sono in e includono l&#8217;IVA, ove applicabile. I pagamenti possono essere effettuati con carta di credito, bonifico bancario o in contanti alla consegna. Ci riserviamo il diritto di modificare i prezzi senza preavviso, ma tali modifiche non influiranno sugli ordini gi\u00e0 confermati.  <\/p>\n\t\t\t\t\t\t\t\t<\/div>\n\t\t\t\t<\/div>\n\t\t\t\t<div class=\"elementor-element elementor-element-5e120bf elementor-widget elementor-widget-heading\" data-id=\"5e120bf\" data-element_type=\"widget\" data-widget_type=\"heading.default\">\n\t\t\t\t<div class=\"elementor-widget-container\">\n\t\t\t\t\t<h2 class=\"elementor-heading-title elementor-size-default\">5. Consegna\n<\/h2>\t\t\t\t<\/div>\n\t\t\t\t<\/div>\n\t\t\t\t<div class=\"elementor-element elementor-element-01cdddc elementor-widget elementor-widget-text-editor\" data-id=\"01cdddc\" data-element_type=\"widget\" data-widget_type=\"text-editor.default\">\n\t\t\t\t<div class=\"elementor-widget-container\">\n\t\t\t\t\t\t\t\t\t<p>Offriamo consegne in tutto il paese. [num\u0103r] [num\u0103r] I tempi di consegna stimati variano da un giorno lavorativo all&#8217;altro, a seconda della tua localit\u00e0 e della disponibilit\u00e0 del prodotto. In caso di ritardi o problemi di consegna, ti informeremo il prima possibile.  <\/p>\n\t\t\t\t\t\t\t\t<\/div>\n\t\t\t\t<\/div>\n\t\t\t\t<div class=\"elementor-element elementor-element-1c65d77 elementor-widget elementor-widget-heading\" data-id=\"1c65d77\" data-element_type=\"widget\" data-widget_type=\"heading.default\">\n\t\t\t\t<div class=\"elementor-widget-container\">\n\t\t\t\t\t<h2 class=\"elementor-heading-title elementor-size-default\">6. Politica di restituzione\n<\/h2>\t\t\t\t<\/div>\n\t\t\t\t<\/div>\n\t\t\t\t<div class=\"elementor-element elementor-element-5635363 elementor-widget elementor-widget-text-editor\" data-id=\"5635363\" data-element_type=\"widget\" data-widget_type=\"text-editor.default\">\n\t\t\t\t<div class=\"elementor-widget-container\">\n\t\t\t\t\t\t\t\t\t<p>[num\u0103r] I prodotti possono essere restituiti entro pochi giorni dal ricevimento, in base alla <strong>Politica di restituzione<\/strong> riportata sul sito web. I prodotti devono essere inutilizzati, nella confezione originale e nelle stesse condizioni in cui sono stati ricevuti. <\/p>\n\t\t\t\t\t\t\t\t<\/div>\n\t\t\t\t<\/div>\n\t\t\t\t<div class=\"elementor-element elementor-element-d8fb914 elementor-widget elementor-widget-heading\" data-id=\"d8fb914\" data-element_type=\"widget\" data-widget_type=\"heading.default\">\n\t\t\t\t<div class=\"elementor-widget-container\">\n\t\t\t\t\t<h2 class=\"elementor-heading-title elementor-size-default\">7. Garanzie e responsabilit\u00e0\n<\/h2>\t\t\t\t<\/div>\n\t\t\t\t<\/div>\n\t\t\t\t<div class=\"elementor-element elementor-element-7503d12 elementor-widget elementor-widget-text-editor\" data-id=\"7503d12\" data-element_type=\"widget\" data-widget_type=\"text-editor.default\">\n\t\t\t\t<div class=\"elementor-widget-container\">\n\t\t\t\t\t\t\t\t\t<p>[num\u0103r] Tutti i nostri prodotti sono coperti da una garanzia di anni. Se un prodotto presenta un difetto di fabbricazione, contattaci per risolvere la situazione. La garanzia non copre la normale usura, l&#8217;uso improprio o i danni accidentali.  <\/p>\n\t\t\t\t\t\t\t\t<\/div>\n\t\t\t\t<\/div>\n\t\t\t\t<div class=\"elementor-element elementor-element-39ec09f elementor-widget elementor-widget-heading\" data-id=\"39ec09f\" data-element_type=\"widget\" data-widget_type=\"heading.default\">\n\t\t\t\t<div class=\"elementor-widget-container\">\n\t\t\t\t\t<h2 class=\"elementor-heading-title elementor-size-default\">8. Riservatezza dei dati\n<\/h2>\t\t\t\t<\/div>\n\t\t\t\t<\/div>\n\t\t\t\t<div class=\"elementor-element elementor-element-5c31808 elementor-widget elementor-widget-text-editor\" data-id=\"5c31808\" data-element_type=\"widget\" data-widget_type=\"text-editor.default\">\n\t\t\t\t<div class=\"elementor-widget-container\">\n\t\t\t\t\t\t\t\t\t<p>I tuoi dati personali sono protetti e utilizzati in conformit\u00e0 alla nostra <strong>Politica sulla privacy.<\/strong> Ci impegniamo a mantenere la riservatezza e la sicurezza delle informazioni fornite dai clienti. <\/p>\n\t\t\t\t\t\t\t\t<\/div>\n\t\t\t\t<\/div>\n\t\t\t\t<div class=\"elementor-element elementor-element-d43fb13 elementor-widget elementor-widget-heading\" data-id=\"d43fb13\" data-element_type=\"widget\" data-widget_type=\"heading.default\">\n\t\t\t\t<div class=\"elementor-widget-container\">\n\t\t\t\t\t<h2 class=\"elementor-heading-title elementor-size-default\">9. Diritti di propriet\u00e0 intellettuale<\/h2>\t\t\t\t<\/div>\n\t\t\t\t<\/div>\n\t\t\t\t<div class=\"elementor-element elementor-element-458051e elementor-widget elementor-widget-text-editor\" data-id=\"458051e\" data-element_type=\"widget\" data-widget_type=\"text-editor.default\">\n\t\t\t\t<div class=\"elementor-widget-container\">\n\t\t\t\t\t\t\t\t\t<p>[Numele Brandului] Il contenuto di questo sito web (testi, immagini, grafica, loghi) \u00e8 di propriet\u00e0 e protetto dalla legge sul copyright. \u00c8 vietata la riproduzione, la distribuzione o l&#8217;utilizzo di questi contenuti senza il nostro consenso scritto. <\/p>\n\t\t\t\t\t\t\t\t<\/div>\n\t\t\t\t<\/div>\n\t\t\t\t<div class=\"elementor-element elementor-element-f096adb elementor-widget elementor-widget-heading\" data-id=\"f096adb\" data-element_type=\"widget\" data-widget_type=\"heading.default\">\n\t\t\t\t<div class=\"elementor-widget-container\">\n\t\t\t\t\t<h2 class=\"elementor-heading-title elementor-size-default\">10. Controversie e legge applicabile\n<\/h2>\t\t\t\t<\/div>\n\t\t\t\t<\/div>\n\t\t\t\t<div class=\"elementor-element elementor-element-355b12d elementor-widget elementor-widget-text-editor\" data-id=\"355b12d\" data-element_type=\"widget\" data-widget_type=\"text-editor.default\">\n\t\t\t\t<div class=\"elementor-widget-container\">\n\t\t\t\t\t\t\t\t\t<p>[Numele Brandului] Eventuali controversie tra i clienti e saranno risolte in via amichevole. [localitatea sau \u021bara] Qualora ci\u00f2 non fosse possibile, le controversie saranno risolte dai tribunali competenti di . <\/p>\n\t\t\t\t\t\t\t\t<\/div>\n\t\t\t\t<\/div>\n\t\t\t\t<div class=\"elementor-element elementor-element-ee968d8 elementor-widget elementor-widget-heading\" data-id=\"ee968d8\" data-element_type=\"widget\" data-widget_type=\"heading.default\">\n\t\t\t\t<div class=\"elementor-widget-container\">\n\t\t\t\t\t<h2 class=\"elementor-heading-title elementor-size-default\">11. Modifica dei termini\n<\/h2>\t\t\t\t<\/div>\n\t\t\t\t<\/div>\n\t\t\t\t<div class=\"elementor-element elementor-element-b118d7b elementor-widget elementor-widget-text-editor\" data-id=\"b118d7b\" data-element_type=\"widget\" data-widget_type=\"text-editor.default\">\n\t\t\t\t<div class=\"elementor-widget-container\">\n\t\t\t\t\t\t\t\t\t<p>Ci riserviamo il diritto di modificare i presenti Termini e Condizioni in qualsiasi momento e senza preavviso. Ti consigliamo di rivedere periodicamente questa pagina per essere al corrente di eventuali modifiche. <\/p>\n\t\t\t\t\t\t\t\t<\/div>\n\t\t\t\t<\/div>\n\t\t\t\t<div class=\"elementor-element elementor-element-fc3b868 elementor-widget elementor-widget-heading\" data-id=\"fc3b868\" data-element_type=\"widget\" data-widget_type=\"heading.default\">\n\t\t\t\t<div class=\"elementor-widget-container\">\n\t\t\t\t\t<h2 class=\"elementor-heading-title elementor-size-default\">Contatto<\/h2>\t\t\t\t<\/div>\n\t\t\t\t<\/div>\n\t\t\t\t<div class=\"elementor-element elementor-element-1ed5b82 elementor-widget elementor-widget-text-editor\" data-id=\"1ed5b82\" data-element_type=\"widget\" data-widget_type=\"text-editor.default\">\n\t\t\t\t<div class=\"elementor-widget-container\">\n\t\t\t\t\t\t\t\t\t<p>[adresa de email] [num\u0103rul de telefon]Per ulteriori domande sui nostri Termini e Condizioni, contattaci all&#8217;indirizzo o .<\/p>\n\t\t\t\t\t\t\t\t<\/div>\n\t\t\t\t<\/div>\n\t\t\t\t<\/div>\n\t\t\t\t\t<\/div>\n\t\t\t\t<\/div>\n\t\t\t\t<\/div>\n\t\t","protected":false},"excerpt":{"rendered":"<p>Termini e condizioni Benvenuto sul sito web di SteelWoody. Accedendo e utilizzando questo sito web, accetti i termini e le condizioni riportati di seguito. Ti invitiamo a leggerli attentamente prima di utilizzare il sito o di effettuare un ordine. 1. Accettazione dei termini Accedendo a questo sito web ed effettuando ordini, confermi di accettare i [&hellip;]<\/p>\n","protected":false},"author":1,"featured_media":0,"parent":0,"menu_order":0,"comment_status":"closed","ping_status":"closed","template":"elementor_header_footer","meta":{"footnotes":""},"class_list":["post-2320","page","type-page","status-publish","hentry"],"yoast_head":"<!-- This site is optimized with the Yoast SEO plugin v25.5 - https:\/\/yoast.com\/wordpress\/plugins\/seo\/ -->\n<title>Termini e condizioni - Steel Woody<\/title>\n<meta name=\"robots\" content=\"index, follow, max-snippet:-1, max-image-preview:large, max-video-preview:-1\" \/>\n<link rel=\"canonical\" href=\"https:\/\/steel-woody.com\/it\/termini-e-condizioni\/\" \/>\n<meta property=\"og:locale\" content=\"it_IT\" \/>\n<meta property=\"og:type\" content=\"article\" \/>\n<meta property=\"og:title\" content=\"Termini e condizioni - Steel Woody\" \/>\n<meta property=\"og:description\" content=\"Termini e condizioni Benvenuto sul sito web di SteelWoody. Accedendo e utilizzando questo sito web, accetti i termini e le condizioni riportati di seguito. Ti invitiamo a leggerli attentamente prima di utilizzare il sito o di effettuare un ordine. 1. Accettazione dei termini Accedendo a questo sito web ed effettuando ordini, confermi di accettare i [&hellip;]\" \/>\n<meta property=\"og:url\" content=\"https:\/\/steel-woody.com\/it\/termini-e-condizioni\/\" \/>\n<meta property=\"og:site_name\" content=\"Steel Woody\" \/>\n<meta property=\"article:modified_time\" content=\"2024-10-21T14:38:50+00:00\" \/>\n<meta name=\"twitter:card\" content=\"summary_large_image\" \/>\n<meta name=\"twitter:label1\" content=\"Tempo di lettura stimato\" \/>\n\t<meta name=\"twitter:data1\" content=\"3 minuti\" \/>\n<script type=\"application\/ld+json\" class=\"yoast-schema-graph\">{\"@context\":\"https:\/\/schema.org\",\"@graph\":[{\"@type\":\"WebPage\",\"@id\":\"https:\/\/steel-woody.com\/it\/termini-e-condizioni\/\",\"url\":\"https:\/\/steel-woody.com\/it\/termini-e-condizioni\/\",\"name\":\"Termini e condizioni - Steel Woody\",\"isPartOf\":{\"@id\":\"https:\/\/steel-woody.com\/it\/#website\"},\"datePublished\":\"2024-09-12T15:17:39+00:00\",\"dateModified\":\"2024-10-21T14:38:50+00:00\",\"breadcrumb\":{\"@id\":\"https:\/\/steel-woody.com\/it\/termini-e-condizioni\/#breadcrumb\"},\"inLanguage\":\"it-IT\",\"potentialAction\":[{\"@type\":\"ReadAction\",\"target\":[\"https:\/\/steel-woody.com\/it\/termini-e-condizioni\/\"]}]},{\"@type\":\"BreadcrumbList\",\"@id\":\"https:\/\/steel-woody.com\/it\/termini-e-condizioni\/#breadcrumb\",\"itemListElement\":[{\"@type\":\"ListItem\",\"position\":1,\"name\":\"Home\",\"item\":\"https:\/\/steel-woody.com\/it\/\"},{\"@type\":\"ListItem\",\"position\":2,\"name\":\"Termini e condizioni\"}]},{\"@type\":\"WebSite\",\"@id\":\"https:\/\/steel-woody.com\/it\/#website\",\"url\":\"https:\/\/steel-woody.com\/it\/\",\"name\":\"Steel Woody\",\"description\":\"\",\"potentialAction\":[{\"@type\":\"SearchAction\",\"target\":{\"@type\":\"EntryPoint\",\"urlTemplate\":\"https:\/\/steel-woody.com\/it\/?s={search_term_string}\"},\"query-input\":{\"@type\":\"PropertyValueSpecification\",\"valueRequired\":true,\"valueName\":\"search_term_string\"}}],\"inLanguage\":\"it-IT\"}]}<\/script>\n<!-- \/ Yoast SEO plugin. -->","yoast_head_json":{"title":"Termini e condizioni - Steel Woody","robots":{"index":"index","follow":"follow","max-snippet":"max-snippet:-1","max-image-preview":"max-image-preview:large","max-video-preview":"max-video-preview:-1"},"canonical":"https:\/\/steel-woody.com\/it\/termini-e-condizioni\/","og_locale":"it_IT","og_type":"article","og_title":"Termini e condizioni - Steel Woody","og_description":"Termini e condizioni Benvenuto sul sito web di SteelWoody. Accedendo e utilizzando questo sito web, accetti i termini e le condizioni riportati di seguito. Ti invitiamo a leggerli attentamente prima di utilizzare il sito o di effettuare un ordine. 1. Accettazione dei termini Accedendo a questo sito web ed effettuando ordini, confermi di accettare i [&hellip;]","og_url":"https:\/\/steel-woody.com\/it\/termini-e-condizioni\/","og_site_name":"Steel Woody","article_modified_time":"2024-10-21T14:38:50+00:00","twitter_card":"summary_large_image","twitter_misc":{"Tempo di lettura stimato":"3 minuti"},"schema":{"@context":"https:\/\/schema.org","@graph":[{"@type":"WebPage","@id":"https:\/\/steel-woody.com\/it\/termini-e-condizioni\/","url":"https:\/\/steel-woody.com\/it\/termini-e-condizioni\/","name":"Termini e condizioni - Steel Woody","isPartOf":{"@id":"https:\/\/steel-woody.com\/it\/#website"},"datePublished":"2024-09-12T15:17:39+00:00","dateModified":"2024-10-21T14:38:50+00:00","breadcrumb":{"@id":"https:\/\/steel-woody.com\/it\/termini-e-condizioni\/#breadcrumb"},"inLanguage":"it-IT","potentialAction":[{"@type":"ReadAction","target":["https:\/\/steel-woody.com\/it\/termini-e-condizioni\/"]}]},{"@type":"BreadcrumbList","@id":"https:\/\/steel-woody.com\/it\/termini-e-condizioni\/#breadcrumb","itemListElement":[{"@type":"ListItem","position":1,"name":"Home","item":"https:\/\/steel-woody.com\/it\/"},{"@type":"ListItem","position":2,"name":"Termini e condizioni"}]},{"@type":"WebSite","@id":"https:\/\/steel-woody.com\/it\/#website","url":"https:\/\/steel-woody.com\/it\/","name":"Steel Woody","description":"","potentialAction":[{"@type":"SearchAction","target":{"@type":"EntryPoint","urlTemplate":"https:\/\/steel-woody.com\/it\/?s={search_term_string}"},"query-input":{"@type":"PropertyValueSpecification","valueRequired":true,"valueName":"search_term_string"}}],"inLanguage":"it-IT"}]}},"_links":{"self":[{"href":"https:\/\/steel-woody.com\/it\/wp-json\/wp\/v2\/pages\/2320","targetHints":{"allow":["GET"]}}],"collection":[{"href":"https:\/\/steel-woody.com\/it\/wp-json\/wp\/v2\/pages"}],"about":[{"href":"https:\/\/steel-woody.com\/it\/wp-json\/wp\/v2\/types\/page"}],"author":[{"embeddable":true,"href":"https:\/\/steel-woody.com\/it\/wp-json\/wp\/v2\/users\/1"}],"replies":[{"embeddable":true,"href":"https:\/\/steel-woody.com\/it\/wp-json\/wp\/v2\/comments?post=2320"}],"version-history":[{"count":1,"href":"https:\/\/steel-woody.com\/it\/wp-json\/wp\/v2\/pages\/2320\/revisions"}],"predecessor-version":[{"id":2323,"href":"https:\/\/steel-woody.com\/it\/wp-json\/wp\/v2\/pages\/2320\/revisions\/2323"}],"wp:attachment":[{"href":"https:\/\/steel-woody.com\/it\/wp-json\/wp\/v2\/media?parent=2320"}],"curies":[{"name":"wp","href":"https:\/\/api.w.org\/{rel}","templated":true}]}}