{"id":2517,"date":"2024-09-12T18:38:01","date_gmt":"2024-09-12T18:38:01","guid":{"rendered":"https:\/\/steel-woody.com\/magazin\/unkategorisiert\/nachttisch\/"},"modified":"2024-09-12T18:38:01","modified_gmt":"2024-09-12T18:38:01","slug":"nachttisch","status":"publish","type":"product","link":"https:\/\/steel-woody.com\/de\/online-shop\/nachttische\/nachttisch\/","title":{"rendered":"Nachttisch"},"content":{"rendered":"<h3>Eleganz im funktionalen Stil<\/h3>\n<p>Entdecken Sie den Elegance Nachttisch, ein M\u00f6belst\u00fcck, das Funktionalit\u00e4t mit raffinierter \u00c4sthetik verbindet und jede Schlafzimmereinrichtung perfekt erg\u00e4nzt. Der Nachttisch ist aus hochwertigen Materialien gefertigt und verf\u00fcgt \u00fcber eine gl\u00e4nzende Oberfl\u00e4che, die ihm einen Hauch von Eleganz und Raffinesse verleiht. Seine gro\u00dfz\u00fcgige Ablagefl\u00e4che ist ideal, um B\u00fccher, Ihr Mobiltelefon oder eine Tasse Tee in Reichweite zu halten.<\/p>\n<p>&nbsp;<\/p>\n<h3>Gro\u00dfz\u00fcgige Oberfl\u00e4che, garantierte Langlebigkeit<\/h3>\n<p>Eine ger\u00e4umige, leicht zug\u00e4ngliche Schublade bietet den perfekten Platz, um pers\u00f6nliche Accessoires aufzubewahren, w\u00e4hrend die untere Ablagefl\u00e4che zur Pr\u00e4sentation von Dekorationsgegenst\u00e4nden oder Zeitschriften genutzt werden kann. Mit seinem klassischen und doch modernen Design f\u00fcgt sich der Nachttisch harmonisch in jeden Einrichtungsstil ein und bringt zus\u00e4tzliche Funktionalit\u00e4t und Stil in Ihr Zimmer. W\u00e4hlen Sie den Elegance Nachttisch, um Ihrem Alltag einen Hauch von Komfort und Raffinesse zu verleihen.<\/p>\n<p>&nbsp;<\/p>\n<h3>Eleganz und Vielseitigkeit im Design<\/h3>\n<p>Minimalistische Eleganz trifft auf praktische Funktionalit\u00e4t. Mit seinen klaren Linien und seinem kompakten Design passt dieser Nachttisch perfekt in enge R\u00e4ume und verleiht jedem Schlafzimmer einen modernen Stil. Der Nachttisch Elegance aus Massivholz mit matter Oberfl\u00e4che ist robust, langlebig und pflegeleicht. <\/p>\n<p>&nbsp;<\/p>\n<h3>Material<\/h3>\n<p>Der Nachttisch ist aus hochwertigem Eichen- oder Walnussholz gefertigt, das f\u00fcr seine Langlebigkeit und Widerstandsf\u00e4higkeit bekannt ist. Die sorgf\u00e4ltig aufgetragene matte Oberfl\u00e4che sch\u00fctzt nicht nur das Holz, sondern verleiht ihm auch einen eleganten und modernen Look, der sich harmonisch in die Einrichtung jedes Raumes einf\u00fcgt. <\/p>\n<p>&nbsp;<\/p>\n<h3>Abmessungen<\/h3>\n<p>45(L) x 32.3(B) x 50.8(H) cm<\/p>\n","protected":false},"excerpt":{"rendered":"<p>Entdecken Sie den Elegance Nachttisch, ein M\u00f6belst\u00fcck, das Funktionalit\u00e4t mit anspruchsvoller \u00c4sthetik verbindet und jede Schlafzimmereinrichtung perfekt erg\u00e4nzt.<\/p>\n","protected":false},"featured_media":1763,"comment_status":"open","ping_status":"closed","template":"","meta":[],"product_brand":[],"product_cat":[74],"product_tag":[],"class_list":{"0":"post-2517","1":"product","2":"type-product","3":"status-publish","4":"has-post-thumbnail","6":"product_cat-nachttische","8":"first","9":"instock","10":"shipping-taxable","11":"purchasable","12":"product-type-simple"},"yoast_head":"<!-- This site is optimized with the Yoast SEO plugin v25.5 - https:\/\/yoast.com\/wordpress\/plugins\/seo\/ -->\n<title>Nachttisch - Steel Woody<\/title>\n<meta name=\"robots\" content=\"index, follow, max-snippet:-1, max-image-preview:large, max-video-preview:-1\" \/>\n<link rel=\"canonical\" href=\"https:\/\/steel-woody.com\/de\/online-shop\/nachttische\/nachttisch\/\" \/>\n<meta property=\"og:locale\" content=\"de_DE\" \/>\n<meta property=\"og:type\" content=\"article\" \/>\n<meta property=\"og:title\" content=\"Nachttisch - Steel Woody\" \/>\n<meta property=\"og:description\" content=\"Entdecken Sie den Elegance Nachttisch, ein M\u00f6belst\u00fcck, das Funktionalit\u00e4t mit anspruchsvoller \u00c4sthetik verbindet und jede Schlafzimmereinrichtung perfekt erg\u00e4nzt.\" \/>\n<meta property=\"og:url\" content=\"https:\/\/steel-woody.com\/de\/online-shop\/nachttische\/nachttisch\/\" \/>\n<meta property=\"og:site_name\" content=\"Steel Woody\" \/>\n<meta property=\"og:image\" content=\"https:\/\/steel-woody.com\/wp-content\/uploads\/2024\/09\/4-2.jpg\" \/>\n\t<meta property=\"og:image:width\" content=\"1536\" \/>\n\t<meta property=\"og:image:height\" content=\"1167\" \/>\n\t<meta property=\"og:image:type\" content=\"image\/jpeg\" \/>\n<meta name=\"twitter:card\" content=\"summary_large_image\" \/>\n<meta name=\"twitter:label1\" content=\"Gesch\u00e4tzte Lesezeit\" \/>\n\t<meta name=\"twitter:data1\" content=\"1\u00a0Minute\" \/>\n<script type=\"application\/ld+json\" class=\"yoast-schema-graph\">{\"@context\":\"https:\/\/schema.org\",\"@graph\":[{\"@type\":\"WebPage\",\"@id\":\"https:\/\/steel-woody.com\/de\/online-shop\/nachttische\/nachttisch\/\",\"url\":\"https:\/\/steel-woody.com\/de\/online-shop\/nachttische\/nachttisch\/\",\"name\":\"Nachttisch - Steel Woody\",\"isPartOf\":{\"@id\":\"https:\/\/steel-woody.com\/de\/#website\"},\"primaryImageOfPage\":{\"@id\":\"https:\/\/steel-woody.com\/de\/online-shop\/nachttische\/nachttisch\/#primaryimage\"},\"image\":{\"@id\":\"https:\/\/steel-woody.com\/de\/online-shop\/nachttische\/nachttisch\/#primaryimage\"},\"thumbnailUrl\":\"https:\/\/steel-woody.com\/wp-content\/uploads\/2024\/09\/4-2.jpg\",\"datePublished\":\"2024-09-12T18:38:01+00:00\",\"breadcrumb\":{\"@id\":\"https:\/\/steel-woody.com\/de\/online-shop\/nachttische\/nachttisch\/#breadcrumb\"},\"inLanguage\":\"de\",\"potentialAction\":[{\"@type\":\"ReadAction\",\"target\":[\"https:\/\/steel-woody.com\/de\/online-shop\/nachttische\/nachttisch\/\"]}]},{\"@type\":\"ImageObject\",\"inLanguage\":\"de\",\"@id\":\"https:\/\/steel-woody.com\/de\/online-shop\/nachttische\/nachttisch\/#primaryimage\",\"url\":\"https:\/\/steel-woody.com\/wp-content\/uploads\/2024\/09\/4-2.jpg\",\"contentUrl\":\"https:\/\/steel-woody.com\/wp-content\/uploads\/2024\/09\/4-2.jpg\",\"width\":1536,\"height\":1167},{\"@type\":\"BreadcrumbList\",\"@id\":\"https:\/\/steel-woody.com\/de\/online-shop\/nachttische\/nachttisch\/#breadcrumb\",\"itemListElement\":[{\"@type\":\"ListItem\",\"position\":1,\"name\":\"Home\",\"item\":\"https:\/\/steel-woody.com\/de\/\"},{\"@type\":\"ListItem\",\"position\":2,\"name\":\"Shop\",\"item\":\"https:\/\/steel-woody.com\/de\/online-shop\/\"},{\"@type\":\"ListItem\",\"position\":3,\"name\":\"Nachttisch\"}]},{\"@type\":\"WebSite\",\"@id\":\"https:\/\/steel-woody.com\/de\/#website\",\"url\":\"https:\/\/steel-woody.com\/de\/\",\"name\":\"Steel Woody\",\"description\":\"\",\"potentialAction\":[{\"@type\":\"SearchAction\",\"target\":{\"@type\":\"EntryPoint\",\"urlTemplate\":\"https:\/\/steel-woody.com\/de\/?s={search_term_string}\"},\"query-input\":{\"@type\":\"PropertyValueSpecification\",\"valueRequired\":true,\"valueName\":\"search_term_string\"}}],\"inLanguage\":\"de\"}]}<\/script>\n<!-- \/ Yoast SEO plugin. -->","yoast_head_json":{"title":"Nachttisch - Steel Woody","robots":{"index":"index","follow":"follow","max-snippet":"max-snippet:-1","max-image-preview":"max-image-preview:large","max-video-preview":"max-video-preview:-1"},"canonical":"https:\/\/steel-woody.com\/de\/online-shop\/nachttische\/nachttisch\/","og_locale":"de_DE","og_type":"article","og_title":"Nachttisch - Steel Woody","og_description":"Entdecken Sie den Elegance Nachttisch, ein M\u00f6belst\u00fcck, das Funktionalit\u00e4t mit anspruchsvoller \u00c4sthetik verbindet und jede Schlafzimmereinrichtung perfekt erg\u00e4nzt.","og_url":"https:\/\/steel-woody.com\/de\/online-shop\/nachttische\/nachttisch\/","og_site_name":"Steel Woody","og_image":[{"width":1536,"height":1167,"url":"https:\/\/steel-woody.com\/wp-content\/uploads\/2024\/09\/4-2.jpg","type":"image\/jpeg"}],"twitter_card":"summary_large_image","twitter_misc":{"Gesch\u00e4tzte Lesezeit":"1\u00a0Minute"},"schema":{"@context":"https:\/\/schema.org","@graph":[{"@type":"WebPage","@id":"https:\/\/steel-woody.com\/de\/online-shop\/nachttische\/nachttisch\/","url":"https:\/\/steel-woody.com\/de\/online-shop\/nachttische\/nachttisch\/","name":"Nachttisch - Steel Woody","isPartOf":{"@id":"https:\/\/steel-woody.com\/de\/#website"},"primaryImageOfPage":{"@id":"https:\/\/steel-woody.com\/de\/online-shop\/nachttische\/nachttisch\/#primaryimage"},"image":{"@id":"https:\/\/steel-woody.com\/de\/online-shop\/nachttische\/nachttisch\/#primaryimage"},"thumbnailUrl":"https:\/\/steel-woody.com\/wp-content\/uploads\/2024\/09\/4-2.jpg","datePublished":"2024-09-12T18:38:01+00:00","breadcrumb":{"@id":"https:\/\/steel-woody.com\/de\/online-shop\/nachttische\/nachttisch\/#breadcrumb"},"inLanguage":"de","potentialAction":[{"@type":"ReadAction","target":["https:\/\/steel-woody.com\/de\/online-shop\/nachttische\/nachttisch\/"]}]},{"@type":"ImageObject","inLanguage":"de","@id":"https:\/\/steel-woody.com\/de\/online-shop\/nachttische\/nachttisch\/#primaryimage","url":"https:\/\/steel-woody.com\/wp-content\/uploads\/2024\/09\/4-2.jpg","contentUrl":"https:\/\/steel-woody.com\/wp-content\/uploads\/2024\/09\/4-2.jpg","width":1536,"height":1167},{"@type":"BreadcrumbList","@id":"https:\/\/steel-woody.com\/de\/online-shop\/nachttische\/nachttisch\/#breadcrumb","itemListElement":[{"@type":"ListItem","position":1,"name":"Home","item":"https:\/\/steel-woody.com\/de\/"},{"@type":"ListItem","position":2,"name":"Shop","item":"https:\/\/steel-woody.com\/de\/online-shop\/"},{"@type":"ListItem","position":3,"name":"Nachttisch"}]},{"@type":"WebSite","@id":"https:\/\/steel-woody.com\/de\/#website","url":"https:\/\/steel-woody.com\/de\/","name":"Steel Woody","description":"","potentialAction":[{"@type":"SearchAction","target":{"@type":"EntryPoint","urlTemplate":"https:\/\/steel-woody.com\/de\/?s={search_term_string}"},"query-input":{"@type":"PropertyValueSpecification","valueRequired":true,"valueName":"search_term_string"}}],"inLanguage":"de"}]}},"_links":{"self":[{"href":"https:\/\/steel-woody.com\/de\/wp-json\/wp\/v2\/product\/2517","targetHints":{"allow":["GET"]}}],"collection":[{"href":"https:\/\/steel-woody.com\/de\/wp-json\/wp\/v2\/product"}],"about":[{"href":"https:\/\/steel-woody.com\/de\/wp-json\/wp\/v2\/types\/product"}],"replies":[{"embeddable":true,"href":"https:\/\/steel-woody.com\/de\/wp-json\/wp\/v2\/comments?post=2517"}],"wp:featuredmedia":[{"embeddable":true,"href":"https:\/\/steel-woody.com\/de\/wp-json\/wp\/v2\/media\/1763"}],"wp:attachment":[{"href":"https:\/\/steel-woody.com\/de\/wp-json\/wp\/v2\/media?parent=2517"}],"wp:term":[{"taxonomy":"product_brand","embeddable":true,"href":"https:\/\/steel-woody.com\/de\/wp-json\/wp\/v2\/product_brand?post=2517"},{"taxonomy":"product_cat","embeddable":true,"href":"https:\/\/steel-woody.com\/de\/wp-json\/wp\/v2\/product_cat?post=2517"},{"taxonomy":"product_tag","embeddable":true,"href":"https:\/\/steel-woody.com\/de\/wp-json\/wp\/v2\/product_tag?post=2517"}],"curies":[{"name":"wp","href":"https:\/\/api.w.org\/{rel}","templated":true}]}}