{"id":2512,"date":"2024-09-21T16:02:48","date_gmt":"2024-09-21T16:02:48","guid":{"rendered":"https:\/\/steel-woody.com\/magazin\/unkategorisiert\/stuhl\/"},"modified":"2024-09-21T16:02:48","modified_gmt":"2024-09-21T16:02:48","slug":"stuhl","status":"publish","type":"product","link":"https:\/\/steel-woody.com\/de\/online-shop\/stuhle\/stuhl\/","title":{"rendered":"Stuhl"},"content":{"rendered":"<h3>Raffinesse und Komfort im zeitgen\u00f6ssischen Design<\/h3>\n<p>Entdecken Sie Raffinesse und Komfort mit diesem modernen Stuhl, der ideal ist, um jedem Raum einen k\u00fcnstlerischen Touch zu verleihen. Innovatives Design und klare Linien verleihen diesem Stuhl einen skulpturalen Look, der moderne \u00c4sthetik mit unbestreitbarer Funktionalit\u00e4t verbindet. Das robuste Gestell ist aus schwarz lackiertem Holz oder Metall gefertigt und wird durch eine bequeme Sitzfl\u00e4che in Naturholzoptik erg\u00e4nzt. <\/p>\n<p>&nbsp;<\/p>\n<h3>Zeitgen\u00f6ssische St\u00fchle mit skulpturalem Design<\/h3>\n<p>Die St\u00fchle haben ein unverwechselbares Design mit geschwungenen Linien und einem skulpturalen Look, der Funktionalit\u00e4t mit moderner \u00c4sthetik verbindet. Das Gestell ist robust und besteht aus schwarz lackiertem Holz oder Metall, das einen starken Kontrast zur Tischplatte aus Naturholz und der warmen Oberfl\u00e4che der Sitzfl\u00e4che bildet. Die ergonomische Form des Stuhls sorgt f\u00fcr Komfort und ist ideal f\u00fcr langes Sitzen. <\/p>\n<p>&nbsp;<\/p>\n<h3>Ideal f\u00fcr moderne R\u00e4ume<\/h3>\n<p>Dieses Stuhlmodell passt perfekt in einen modernen Raum und ist eine gro\u00dfartige Wahl f\u00fcr Esszimmer, B\u00fcros oder als Blickfang in einem Wohnzimmer.<\/p>\n<p>&nbsp;<\/p>\n<h3>Material<\/h3>\n<p>Stabiler Rahmen aus Metall, mattschwarz lackiert f\u00fcr einen eleganten, modernen Look. Das Metall sorgt f\u00fcr Langlebigkeit und Stabilit\u00e4t, so dass der Stuhl auch f\u00fcr den intensiven t\u00e4glichen Gebrauch geeignet ist. Die matte Oberfl\u00e4che des Gestells f\u00fchlt sich angenehm an und f\u00fcgt sich harmonisch in jede moderne Einrichtung ein. Die Sitzfl\u00e4che ist aus hochwertigem Eichen- oder Walnussholz gefertigt, das in einem nat\u00fcrlichen Farbton lackiert ist, der W\u00e4rme und einen sch\u00f6nen optischen Kontrast zum schwarzen Metallrahmen bietet. Das Holz ist so behandelt, dass es gegen Abnutzung und Feuchtigkeitsschwankungen best\u00e4ndig ist, was Komfort und Langlebigkeit gew\u00e4hrleistet.  <\/p>\n<p>&nbsp;<\/p>\n<h3>Abmessungen<\/h3>\n<p>51,8(L) x 50(B) x 73,4(H) cm<\/p>\n","protected":false},"excerpt":{"rendered":"<p>Moderner Designstuhl &#8211; Eleganz und Haltbarkeit<\/p>\n","protected":false},"featured_media":1817,"comment_status":"open","ping_status":"closed","template":"","meta":[],"product_brand":[],"product_cat":[69],"product_tag":[],"class_list":{"0":"post-2512","1":"product","2":"type-product","3":"status-publish","4":"has-post-thumbnail","6":"product_cat-stuhle","8":"first","9":"instock","10":"shipping-taxable","11":"purchasable","12":"product-type-simple"},"yoast_head":"<!-- This site is optimized with the Yoast SEO plugin v25.5 - https:\/\/yoast.com\/wordpress\/plugins\/seo\/ -->\n<title>Stuhl - Steel Woody<\/title>\n<meta name=\"robots\" content=\"index, follow, max-snippet:-1, max-image-preview:large, max-video-preview:-1\" \/>\n<link rel=\"canonical\" href=\"https:\/\/steel-woody.com\/de\/online-shop\/stuhle\/stuhl\/\" \/>\n<meta property=\"og:locale\" content=\"de_DE\" \/>\n<meta property=\"og:type\" content=\"article\" \/>\n<meta property=\"og:title\" content=\"Stuhl - Steel Woody\" \/>\n<meta property=\"og:description\" content=\"Moderner Designstuhl - Eleganz und Haltbarkeit\" \/>\n<meta property=\"og:url\" content=\"https:\/\/steel-woody.com\/de\/online-shop\/stuhle\/stuhl\/\" \/>\n<meta property=\"og:site_name\" content=\"Steel Woody\" \/>\n<meta property=\"og:image\" content=\"https:\/\/steel-woody.com\/wp-content\/uploads\/2024\/09\/4-7.jpg\" \/>\n\t<meta property=\"og:image:width\" content=\"1536\" \/>\n\t<meta property=\"og:image:height\" content=\"1167\" \/>\n\t<meta property=\"og:image:type\" content=\"image\/jpeg\" \/>\n<meta name=\"twitter:card\" content=\"summary_large_image\" \/>\n<meta name=\"twitter:label1\" content=\"Gesch\u00e4tzte Lesezeit\" \/>\n\t<meta name=\"twitter:data1\" content=\"1\u00a0Minute\" \/>\n<script type=\"application\/ld+json\" class=\"yoast-schema-graph\">{\"@context\":\"https:\/\/schema.org\",\"@graph\":[{\"@type\":\"WebPage\",\"@id\":\"https:\/\/steel-woody.com\/de\/online-shop\/stuhle\/stuhl\/\",\"url\":\"https:\/\/steel-woody.com\/de\/online-shop\/stuhle\/stuhl\/\",\"name\":\"Stuhl - Steel Woody\",\"isPartOf\":{\"@id\":\"https:\/\/steel-woody.com\/de\/#website\"},\"primaryImageOfPage\":{\"@id\":\"https:\/\/steel-woody.com\/de\/online-shop\/stuhle\/stuhl\/#primaryimage\"},\"image\":{\"@id\":\"https:\/\/steel-woody.com\/de\/online-shop\/stuhle\/stuhl\/#primaryimage\"},\"thumbnailUrl\":\"https:\/\/steel-woody.com\/wp-content\/uploads\/2024\/09\/4-7.jpg\",\"datePublished\":\"2024-09-21T16:02:48+00:00\",\"breadcrumb\":{\"@id\":\"https:\/\/steel-woody.com\/de\/online-shop\/stuhle\/stuhl\/#breadcrumb\"},\"inLanguage\":\"de\",\"potentialAction\":[{\"@type\":\"ReadAction\",\"target\":[\"https:\/\/steel-woody.com\/de\/online-shop\/stuhle\/stuhl\/\"]}]},{\"@type\":\"ImageObject\",\"inLanguage\":\"de\",\"@id\":\"https:\/\/steel-woody.com\/de\/online-shop\/stuhle\/stuhl\/#primaryimage\",\"url\":\"https:\/\/steel-woody.com\/wp-content\/uploads\/2024\/09\/4-7.jpg\",\"contentUrl\":\"https:\/\/steel-woody.com\/wp-content\/uploads\/2024\/09\/4-7.jpg\",\"width\":1536,\"height\":1167},{\"@type\":\"BreadcrumbList\",\"@id\":\"https:\/\/steel-woody.com\/de\/online-shop\/stuhle\/stuhl\/#breadcrumb\",\"itemListElement\":[{\"@type\":\"ListItem\",\"position\":1,\"name\":\"Home\",\"item\":\"https:\/\/steel-woody.com\/de\/\"},{\"@type\":\"ListItem\",\"position\":2,\"name\":\"Shop\",\"item\":\"https:\/\/steel-woody.com\/de\/online-shop\/\"},{\"@type\":\"ListItem\",\"position\":3,\"name\":\"Stuhl\"}]},{\"@type\":\"WebSite\",\"@id\":\"https:\/\/steel-woody.com\/de\/#website\",\"url\":\"https:\/\/steel-woody.com\/de\/\",\"name\":\"Steel Woody\",\"description\":\"\",\"potentialAction\":[{\"@type\":\"SearchAction\",\"target\":{\"@type\":\"EntryPoint\",\"urlTemplate\":\"https:\/\/steel-woody.com\/de\/?s={search_term_string}\"},\"query-input\":{\"@type\":\"PropertyValueSpecification\",\"valueRequired\":true,\"valueName\":\"search_term_string\"}}],\"inLanguage\":\"de\"}]}<\/script>\n<!-- \/ Yoast SEO plugin. -->","yoast_head_json":{"title":"Stuhl - Steel Woody","robots":{"index":"index","follow":"follow","max-snippet":"max-snippet:-1","max-image-preview":"max-image-preview:large","max-video-preview":"max-video-preview:-1"},"canonical":"https:\/\/steel-woody.com\/de\/online-shop\/stuhle\/stuhl\/","og_locale":"de_DE","og_type":"article","og_title":"Stuhl - Steel Woody","og_description":"Moderner Designstuhl - Eleganz und Haltbarkeit","og_url":"https:\/\/steel-woody.com\/de\/online-shop\/stuhle\/stuhl\/","og_site_name":"Steel Woody","og_image":[{"width":1536,"height":1167,"url":"https:\/\/steel-woody.com\/wp-content\/uploads\/2024\/09\/4-7.jpg","type":"image\/jpeg"}],"twitter_card":"summary_large_image","twitter_misc":{"Gesch\u00e4tzte Lesezeit":"1\u00a0Minute"},"schema":{"@context":"https:\/\/schema.org","@graph":[{"@type":"WebPage","@id":"https:\/\/steel-woody.com\/de\/online-shop\/stuhle\/stuhl\/","url":"https:\/\/steel-woody.com\/de\/online-shop\/stuhle\/stuhl\/","name":"Stuhl - Steel Woody","isPartOf":{"@id":"https:\/\/steel-woody.com\/de\/#website"},"primaryImageOfPage":{"@id":"https:\/\/steel-woody.com\/de\/online-shop\/stuhle\/stuhl\/#primaryimage"},"image":{"@id":"https:\/\/steel-woody.com\/de\/online-shop\/stuhle\/stuhl\/#primaryimage"},"thumbnailUrl":"https:\/\/steel-woody.com\/wp-content\/uploads\/2024\/09\/4-7.jpg","datePublished":"2024-09-21T16:02:48+00:00","breadcrumb":{"@id":"https:\/\/steel-woody.com\/de\/online-shop\/stuhle\/stuhl\/#breadcrumb"},"inLanguage":"de","potentialAction":[{"@type":"ReadAction","target":["https:\/\/steel-woody.com\/de\/online-shop\/stuhle\/stuhl\/"]}]},{"@type":"ImageObject","inLanguage":"de","@id":"https:\/\/steel-woody.com\/de\/online-shop\/stuhle\/stuhl\/#primaryimage","url":"https:\/\/steel-woody.com\/wp-content\/uploads\/2024\/09\/4-7.jpg","contentUrl":"https:\/\/steel-woody.com\/wp-content\/uploads\/2024\/09\/4-7.jpg","width":1536,"height":1167},{"@type":"BreadcrumbList","@id":"https:\/\/steel-woody.com\/de\/online-shop\/stuhle\/stuhl\/#breadcrumb","itemListElement":[{"@type":"ListItem","position":1,"name":"Home","item":"https:\/\/steel-woody.com\/de\/"},{"@type":"ListItem","position":2,"name":"Shop","item":"https:\/\/steel-woody.com\/de\/online-shop\/"},{"@type":"ListItem","position":3,"name":"Stuhl"}]},{"@type":"WebSite","@id":"https:\/\/steel-woody.com\/de\/#website","url":"https:\/\/steel-woody.com\/de\/","name":"Steel Woody","description":"","potentialAction":[{"@type":"SearchAction","target":{"@type":"EntryPoint","urlTemplate":"https:\/\/steel-woody.com\/de\/?s={search_term_string}"},"query-input":{"@type":"PropertyValueSpecification","valueRequired":true,"valueName":"search_term_string"}}],"inLanguage":"de"}]}},"_links":{"self":[{"href":"https:\/\/steel-woody.com\/de\/wp-json\/wp\/v2\/product\/2512","targetHints":{"allow":["GET"]}}],"collection":[{"href":"https:\/\/steel-woody.com\/de\/wp-json\/wp\/v2\/product"}],"about":[{"href":"https:\/\/steel-woody.com\/de\/wp-json\/wp\/v2\/types\/product"}],"replies":[{"embeddable":true,"href":"https:\/\/steel-woody.com\/de\/wp-json\/wp\/v2\/comments?post=2512"}],"wp:featuredmedia":[{"embeddable":true,"href":"https:\/\/steel-woody.com\/de\/wp-json\/wp\/v2\/media\/1817"}],"wp:attachment":[{"href":"https:\/\/steel-woody.com\/de\/wp-json\/wp\/v2\/media?parent=2512"}],"wp:term":[{"taxonomy":"product_brand","embeddable":true,"href":"https:\/\/steel-woody.com\/de\/wp-json\/wp\/v2\/product_brand?post=2512"},{"taxonomy":"product_cat","embeddable":true,"href":"https:\/\/steel-woody.com\/de\/wp-json\/wp\/v2\/product_cat?post=2512"},{"taxonomy":"product_tag","embeddable":true,"href":"https:\/\/steel-woody.com\/de\/wp-json\/wp\/v2\/product_tag?post=2512"}],"curies":[{"name":"wp","href":"https:\/\/api.w.org\/{rel}","templated":true}]}}