{"id":2490,"date":"2024-09-21T16:22:25","date_gmt":"2024-09-21T16:22:25","guid":{"rendered":"https:\/\/steel-woody.com\/magazin\/unkategorisiert\/kleiderschrank\/"},"modified":"2024-09-21T16:22:25","modified_gmt":"2024-09-21T16:22:25","slug":"kleiderschrank","status":"publish","type":"product","link":"https:\/\/steel-woody.com\/de\/online-shop\/schliessfaecher\/kleiderschrank\/","title":{"rendered":"Kleiderschrank"},"content":{"rendered":"<h3>Der ideale Kleiderschrank f\u00fcr jeden Raum<\/h3>\n<p>Mit seinem modernen Design l\u00e4sst sich dieser Schrank leicht in eine Vielzahl von Dekoren integrieren, von minimalistisch und modern bis hin zu eher traditionell. Er ist ideal f\u00fcr st\u00e4dtische Wohnungen, moderne B\u00fcros oder auch gewerbliche R\u00e4ume, die das Praktische mit dem Gem\u00fctlichen verbinden m\u00f6chten. Dank seiner Modularit\u00e4t und seiner kompakten Abmessungen kann er in einer Vielzahl von Raumkonfigurationen aufgestellt werden, sei es in einem Wohnzimmer, Schlafzimmer oder Flur. <\/p>\n<p>&nbsp;<\/p>\n<h3>Die Garderobe, die Ihr Interieur veredelt<\/h3>\n<p>Zus\u00e4tzlich zu diesen anpassungsf\u00e4higen Funktionen bereichert das raffinierte Design des Schranks die \u00c4sthetik jedes Raums.<br \/>\nDank seines vielseitigen Aussehens f\u00fcgt er sich ganz nat\u00fcrlich in eine Vielzahl von Einrichtungsstilen ein, von industriell \u00fcber skandinavisch bis modern. Wie auch immer Ihr pers\u00f6nlicher Stil oder Ihr Platzbedarf aussieht, unser Schrank erf\u00fcllt die Anforderungen an Funktionalit\u00e4t und Stil und f\u00fcgt sich harmonisch in Ihre bestehende Einrichtung ein. <\/p>\n<p>&nbsp;<\/p>\n<h3>Vielseitigkeit und Eleganz<\/h3>\n<p>Jedes Detail dieses Schranks wurde entworfen, um das N\u00fctzliche mit dem Angenehmen zu verbinden und einen Stauraum zu schaffen, der nicht nur praktisch ist, sondern auch ein Blickfang in jedem Raum.<\/p>\n<p>&nbsp;<\/p>\n<h3>Material<\/h3>\n<p>Der Schrank ist aus hochwertigen Materialien gefertigt, die aufgrund ihrer Haltbarkeit und \u00c4sthetik ausgew\u00e4hlt wurden. Die Kombination aus Walnussholz und schwarzem Metall sorgt nicht nur f\u00fcr einen eleganten Look, sondern auch f\u00fcr eine robuste Struktur, die der t\u00e4glichen Beanspruchung standh\u00e4lt. Die Oberfl\u00e4chen aus Eichen- oder Walnussholz werden sorgf\u00e4ltig ausgew\u00e4hlt, um eine einheitliche Oberfl\u00e4che und eine lange Lebensdauer zu gew\u00e4hrleisten. Nussbaum ist bekannt f\u00fcr seine dichte Textur und seine tiefe Farbe, die von hellen Braunt\u00f6nen bis hin zu satten, fast schwarzen T\u00f6nen reicht. Walnussholz verleiht dem Design nicht nur ein Element von W\u00e4rme und Nat\u00fcrlichkeit, sondern ist auch extrem haltbar und widersteht Kratzern und Abnutzung. <\/p>\n<p>&nbsp;<\/p>\n<h3>Abmessungen<\/h3>\n<p>80(L) x 40(B) x 180(H) cm<\/p>\n","protected":false},"excerpt":{"rendered":"<p>Mit seinem modernen Design f\u00fcgt sich dieser Schrank problemlos in eine Vielzahl von Einrichtungsstilen ein, von minimalistisch und modern bis hin zu eher traditionell.<\/p>\n","protected":false},"featured_media":1889,"comment_status":"open","ping_status":"closed","template":"","meta":[],"product_brand":[],"product_cat":[65],"product_tag":[],"class_list":{"0":"post-2490","1":"product","2":"type-product","3":"status-publish","4":"has-post-thumbnail","6":"product_cat-schliessfaecher","8":"first","9":"instock","10":"shipping-taxable","11":"purchasable","12":"product-type-simple"},"yoast_head":"<!-- This site is optimized with the Yoast SEO plugin v25.5 - https:\/\/yoast.com\/wordpress\/plugins\/seo\/ -->\n<title>Kleiderschrank - Steel Woody<\/title>\n<meta name=\"robots\" content=\"index, follow, max-snippet:-1, max-image-preview:large, max-video-preview:-1\" \/>\n<link rel=\"canonical\" href=\"https:\/\/steel-woody.com\/de\/online-shop\/schliessfaecher\/kleiderschrank\/\" \/>\n<meta property=\"og:locale\" content=\"de_DE\" \/>\n<meta property=\"og:type\" content=\"article\" \/>\n<meta property=\"og:title\" content=\"Kleiderschrank - Steel Woody\" \/>\n<meta property=\"og:description\" content=\"Mit seinem modernen Design f\u00fcgt sich dieser Schrank problemlos in eine Vielzahl von Einrichtungsstilen ein, von minimalistisch und modern bis hin zu eher traditionell.\" \/>\n<meta property=\"og:url\" content=\"https:\/\/steel-woody.com\/de\/online-shop\/schliessfaecher\/kleiderschrank\/\" \/>\n<meta property=\"og:site_name\" content=\"Steel Woody\" \/>\n<meta property=\"og:image\" content=\"https:\/\/steel-woody.com\/wp-content\/uploads\/2024\/09\/4-12.jpg\" \/>\n\t<meta property=\"og:image:width\" content=\"1536\" \/>\n\t<meta property=\"og:image:height\" content=\"1167\" \/>\n\t<meta property=\"og:image:type\" content=\"image\/jpeg\" \/>\n<meta name=\"twitter:card\" content=\"summary_large_image\" \/>\n<meta name=\"twitter:label1\" content=\"Gesch\u00e4tzte Lesezeit\" \/>\n\t<meta name=\"twitter:data1\" content=\"2\u00a0Minuten\" \/>\n<script type=\"application\/ld+json\" class=\"yoast-schema-graph\">{\"@context\":\"https:\/\/schema.org\",\"@graph\":[{\"@type\":\"WebPage\",\"@id\":\"https:\/\/steel-woody.com\/de\/online-shop\/schliessfaecher\/kleiderschrank\/\",\"url\":\"https:\/\/steel-woody.com\/de\/online-shop\/schliessfaecher\/kleiderschrank\/\",\"name\":\"Kleiderschrank - Steel Woody\",\"isPartOf\":{\"@id\":\"https:\/\/steel-woody.com\/de\/#website\"},\"primaryImageOfPage\":{\"@id\":\"https:\/\/steel-woody.com\/de\/online-shop\/schliessfaecher\/kleiderschrank\/#primaryimage\"},\"image\":{\"@id\":\"https:\/\/steel-woody.com\/de\/online-shop\/schliessfaecher\/kleiderschrank\/#primaryimage\"},\"thumbnailUrl\":\"https:\/\/steel-woody.com\/wp-content\/uploads\/2024\/09\/4-12.jpg\",\"datePublished\":\"2024-09-21T16:22:25+00:00\",\"breadcrumb\":{\"@id\":\"https:\/\/steel-woody.com\/de\/online-shop\/schliessfaecher\/kleiderschrank\/#breadcrumb\"},\"inLanguage\":\"de\",\"potentialAction\":[{\"@type\":\"ReadAction\",\"target\":[\"https:\/\/steel-woody.com\/de\/online-shop\/schliessfaecher\/kleiderschrank\/\"]}]},{\"@type\":\"ImageObject\",\"inLanguage\":\"de\",\"@id\":\"https:\/\/steel-woody.com\/de\/online-shop\/schliessfaecher\/kleiderschrank\/#primaryimage\",\"url\":\"https:\/\/steel-woody.com\/wp-content\/uploads\/2024\/09\/4-12.jpg\",\"contentUrl\":\"https:\/\/steel-woody.com\/wp-content\/uploads\/2024\/09\/4-12.jpg\",\"width\":1536,\"height\":1167},{\"@type\":\"BreadcrumbList\",\"@id\":\"https:\/\/steel-woody.com\/de\/online-shop\/schliessfaecher\/kleiderschrank\/#breadcrumb\",\"itemListElement\":[{\"@type\":\"ListItem\",\"position\":1,\"name\":\"Home\",\"item\":\"https:\/\/steel-woody.com\/de\/\"},{\"@type\":\"ListItem\",\"position\":2,\"name\":\"Shop\",\"item\":\"https:\/\/steel-woody.com\/de\/online-shop\/\"},{\"@type\":\"ListItem\",\"position\":3,\"name\":\"Kleiderschrank\"}]},{\"@type\":\"WebSite\",\"@id\":\"https:\/\/steel-woody.com\/de\/#website\",\"url\":\"https:\/\/steel-woody.com\/de\/\",\"name\":\"Steel Woody\",\"description\":\"\",\"potentialAction\":[{\"@type\":\"SearchAction\",\"target\":{\"@type\":\"EntryPoint\",\"urlTemplate\":\"https:\/\/steel-woody.com\/de\/?s={search_term_string}\"},\"query-input\":{\"@type\":\"PropertyValueSpecification\",\"valueRequired\":true,\"valueName\":\"search_term_string\"}}],\"inLanguage\":\"de\"}]}<\/script>\n<!-- \/ Yoast SEO plugin. -->","yoast_head_json":{"title":"Kleiderschrank - Steel Woody","robots":{"index":"index","follow":"follow","max-snippet":"max-snippet:-1","max-image-preview":"max-image-preview:large","max-video-preview":"max-video-preview:-1"},"canonical":"https:\/\/steel-woody.com\/de\/online-shop\/schliessfaecher\/kleiderschrank\/","og_locale":"de_DE","og_type":"article","og_title":"Kleiderschrank - Steel Woody","og_description":"Mit seinem modernen Design f\u00fcgt sich dieser Schrank problemlos in eine Vielzahl von Einrichtungsstilen ein, von minimalistisch und modern bis hin zu eher traditionell.","og_url":"https:\/\/steel-woody.com\/de\/online-shop\/schliessfaecher\/kleiderschrank\/","og_site_name":"Steel Woody","og_image":[{"width":1536,"height":1167,"url":"https:\/\/steel-woody.com\/wp-content\/uploads\/2024\/09\/4-12.jpg","type":"image\/jpeg"}],"twitter_card":"summary_large_image","twitter_misc":{"Gesch\u00e4tzte Lesezeit":"2\u00a0Minuten"},"schema":{"@context":"https:\/\/schema.org","@graph":[{"@type":"WebPage","@id":"https:\/\/steel-woody.com\/de\/online-shop\/schliessfaecher\/kleiderschrank\/","url":"https:\/\/steel-woody.com\/de\/online-shop\/schliessfaecher\/kleiderschrank\/","name":"Kleiderschrank - Steel Woody","isPartOf":{"@id":"https:\/\/steel-woody.com\/de\/#website"},"primaryImageOfPage":{"@id":"https:\/\/steel-woody.com\/de\/online-shop\/schliessfaecher\/kleiderschrank\/#primaryimage"},"image":{"@id":"https:\/\/steel-woody.com\/de\/online-shop\/schliessfaecher\/kleiderschrank\/#primaryimage"},"thumbnailUrl":"https:\/\/steel-woody.com\/wp-content\/uploads\/2024\/09\/4-12.jpg","datePublished":"2024-09-21T16:22:25+00:00","breadcrumb":{"@id":"https:\/\/steel-woody.com\/de\/online-shop\/schliessfaecher\/kleiderschrank\/#breadcrumb"},"inLanguage":"de","potentialAction":[{"@type":"ReadAction","target":["https:\/\/steel-woody.com\/de\/online-shop\/schliessfaecher\/kleiderschrank\/"]}]},{"@type":"ImageObject","inLanguage":"de","@id":"https:\/\/steel-woody.com\/de\/online-shop\/schliessfaecher\/kleiderschrank\/#primaryimage","url":"https:\/\/steel-woody.com\/wp-content\/uploads\/2024\/09\/4-12.jpg","contentUrl":"https:\/\/steel-woody.com\/wp-content\/uploads\/2024\/09\/4-12.jpg","width":1536,"height":1167},{"@type":"BreadcrumbList","@id":"https:\/\/steel-woody.com\/de\/online-shop\/schliessfaecher\/kleiderschrank\/#breadcrumb","itemListElement":[{"@type":"ListItem","position":1,"name":"Home","item":"https:\/\/steel-woody.com\/de\/"},{"@type":"ListItem","position":2,"name":"Shop","item":"https:\/\/steel-woody.com\/de\/online-shop\/"},{"@type":"ListItem","position":3,"name":"Kleiderschrank"}]},{"@type":"WebSite","@id":"https:\/\/steel-woody.com\/de\/#website","url":"https:\/\/steel-woody.com\/de\/","name":"Steel Woody","description":"","potentialAction":[{"@type":"SearchAction","target":{"@type":"EntryPoint","urlTemplate":"https:\/\/steel-woody.com\/de\/?s={search_term_string}"},"query-input":{"@type":"PropertyValueSpecification","valueRequired":true,"valueName":"search_term_string"}}],"inLanguage":"de"}]}},"_links":{"self":[{"href":"https:\/\/steel-woody.com\/de\/wp-json\/wp\/v2\/product\/2490","targetHints":{"allow":["GET"]}}],"collection":[{"href":"https:\/\/steel-woody.com\/de\/wp-json\/wp\/v2\/product"}],"about":[{"href":"https:\/\/steel-woody.com\/de\/wp-json\/wp\/v2\/types\/product"}],"replies":[{"embeddable":true,"href":"https:\/\/steel-woody.com\/de\/wp-json\/wp\/v2\/comments?post=2490"}],"wp:featuredmedia":[{"embeddable":true,"href":"https:\/\/steel-woody.com\/de\/wp-json\/wp\/v2\/media\/1889"}],"wp:attachment":[{"href":"https:\/\/steel-woody.com\/de\/wp-json\/wp\/v2\/media?parent=2490"}],"wp:term":[{"taxonomy":"product_brand","embeddable":true,"href":"https:\/\/steel-woody.com\/de\/wp-json\/wp\/v2\/product_brand?post=2490"},{"taxonomy":"product_cat","embeddable":true,"href":"https:\/\/steel-woody.com\/de\/wp-json\/wp\/v2\/product_cat?post=2490"},{"taxonomy":"product_tag","embeddable":true,"href":"https:\/\/steel-woody.com\/de\/wp-json\/wp\/v2\/product_tag?post=2490"}],"curies":[{"name":"wp","href":"https:\/\/api.w.org\/{rel}","templated":true}]}}