{"id":2489,"date":"2024-09-21T16:23:09","date_gmt":"2024-09-21T16:23:09","guid":{"rendered":"https:\/\/steel-woody.com\/magazin\/unkategorisiert\/kleiderschrank-im-soldatenstil\/"},"modified":"2024-09-21T16:23:09","modified_gmt":"2024-09-21T16:23:09","slug":"kleiderschrank-im-soldatenstil","status":"publish","type":"product","link":"https:\/\/steel-woody.com\/de\/online-shop\/schliessfaecher\/kleiderschrank-im-soldatenstil\/","title":{"rendered":"Kleiderschrank im Soldatenstil"},"content":{"rendered":"<h3>Minimalistisches und modernes Design<\/h3>\n<p>Dieser Schrank im Soldatenstil verbindet Eleganz mit Funktionalit\u00e4t in einem minimalistischen und modernen Design. Er ist aus robustem, schwarzem Metall gefertigt und verf\u00fcgt \u00fcber f\u00fcnf Holzb\u00f6den, auf denen Sie B\u00fccher, Dekorationsgegenst\u00e4nde oder Pflanzen aufbewahren k\u00f6nnen. Sein schlankes und hohes Design ist perfekt, um Platz zu sparen, so dass er sich f\u00fcr Zimmerecken oder kleine R\u00e4ume eignet. Dank seiner Vielseitigkeit l\u00e4sst sich der Schrank leicht in verschiedene Einrichtungsstile integrieren, von modern bis klassisch. Das schwarze Metall verleiht ihm einen industriellen und modernen Look, w\u00e4hrend die Holzb\u00f6den einen warmen und nat\u00fcrlichen Kontrast bilden.  <\/p>\n<p>&nbsp;<\/p>\n<h3>Qualit\u00e4t und Langlebigkeit<\/h3>\n<p>Die f\u00fcr diesen Spind im Soldatenstil gew\u00e4hlten Materialien garantieren nicht nur ein ansprechendes Aussehen, sondern auch eine lange Lebensdauer. Der robuste Metallrahmen und seine schwarze Oberfl\u00e4che bieten eine stabile Struktur, die ein hohes Gewicht tragen kann, ohne an Stabilit\u00e4t zu verlieren. Die Holzeinlegeb\u00f6den sind sorgf\u00e4ltig verarbeitet, um Kratzern zu widerstehen und ihr urspr\u00fcngliches Aussehen auch nach langem Gebrauch zu bewahren. Dieser Schrank ist so konzipiert, dass er den allt\u00e4glichen Anforderungen gewachsen ist und gleichzeitig seine Eleganz bewahrt. <\/p>\n<p>&nbsp;<\/p>\n<h3>Optimieren Sie Ihren Platz<\/h3>\n<p>Mit seinem modernen und minimalistischen Design bietet dieser Kleiderschrank intelligente Aufbewahrungsl\u00f6sungen. Die hochwertigen Materialien und die robuste Konstruktion gew\u00e4hrleisten Langlebigkeit und Stabilit\u00e4t f\u00fcr den t\u00e4glichen Gebrauch. <\/p>\n<p>&nbsp;<\/p>\n<h3>Material<\/h3>\n<p>Rahmen:Der Soldatenschrank ist auf einem soliden Metallrahmen mit schwarzer Lackierung aufgebaut, der f\u00fcr Haltbarkeit und Stabilit\u00e4t sorgt. Das verwendete Metall ist so behandelt, dass es Kratzern und Abnutzungserscheinungen widersteht. Das garantiert eine lange Lebensdauer und ein makelloses Aussehen. Einlegeb\u00f6den: Die f\u00fcnf Einlegeb\u00f6den sind aus hochwertigem Eichen- oder Walnussholz gefertigt und bilden einen eleganten Kontrast zum Metallrahmen. Das Holz ist so bearbeitet, dass die nat\u00fcrliche Maserung hervorgehoben wird und einen Hauch von Raffinesse erh\u00e4lt. Jedes Regal ist robust und kann Objekte unterschiedlichen Gewichts aufnehmen, von B\u00fcchern bis hin zu Dekorationsgegenst\u00e4nden. <\/p>\n<p>&nbsp;<\/p>\n<h3>Abmessungen<\/h3>\n<p>30(L) x 30(B) x 160(H) cm<\/p>\n","protected":false},"excerpt":{"rendered":"<p>Moderner Soldatenschrank mit Holzregalen und Metallrahmen<\/p>\n","protected":false},"featured_media":1901,"comment_status":"open","ping_status":"closed","template":"","meta":[],"product_brand":[],"product_cat":[65],"product_tag":[],"class_list":{"0":"post-2489","1":"product","2":"type-product","3":"status-publish","4":"has-post-thumbnail","6":"product_cat-schliessfaecher","8":"first","9":"instock","10":"shipping-taxable","11":"purchasable","12":"product-type-simple"},"yoast_head":"<!-- This site is optimized with the Yoast SEO plugin v25.5 - https:\/\/yoast.com\/wordpress\/plugins\/seo\/ -->\n<title>Kleiderschrank im Soldatenstil - Steel Woody<\/title>\n<meta name=\"robots\" content=\"index, follow, max-snippet:-1, max-image-preview:large, max-video-preview:-1\" \/>\n<link rel=\"canonical\" href=\"https:\/\/steel-woody.com\/de\/online-shop\/schliessfaecher\/kleiderschrank-im-soldatenstil\/\" \/>\n<meta property=\"og:locale\" content=\"de_DE\" \/>\n<meta property=\"og:type\" content=\"article\" \/>\n<meta property=\"og:title\" content=\"Kleiderschrank im Soldatenstil - Steel Woody\" \/>\n<meta property=\"og:description\" content=\"Moderner Soldatenschrank mit Holzregalen und Metallrahmen\" \/>\n<meta property=\"og:url\" content=\"https:\/\/steel-woody.com\/de\/online-shop\/schliessfaecher\/kleiderschrank-im-soldatenstil\/\" \/>\n<meta property=\"og:site_name\" content=\"Steel Woody\" \/>\n<meta property=\"og:image\" content=\"https:\/\/steel-woody.com\/wp-content\/uploads\/2024\/09\/4-13.jpg\" \/>\n\t<meta property=\"og:image:width\" content=\"1536\" \/>\n\t<meta property=\"og:image:height\" content=\"1167\" \/>\n\t<meta property=\"og:image:type\" content=\"image\/jpeg\" \/>\n<meta name=\"twitter:card\" content=\"summary_large_image\" \/>\n<meta name=\"twitter:label1\" content=\"Gesch\u00e4tzte Lesezeit\" \/>\n\t<meta name=\"twitter:data1\" content=\"2\u00a0Minuten\" \/>\n<script type=\"application\/ld+json\" class=\"yoast-schema-graph\">{\"@context\":\"https:\/\/schema.org\",\"@graph\":[{\"@type\":\"WebPage\",\"@id\":\"https:\/\/steel-woody.com\/de\/online-shop\/schliessfaecher\/kleiderschrank-im-soldatenstil\/\",\"url\":\"https:\/\/steel-woody.com\/de\/online-shop\/schliessfaecher\/kleiderschrank-im-soldatenstil\/\",\"name\":\"Kleiderschrank im Soldatenstil - Steel Woody\",\"isPartOf\":{\"@id\":\"https:\/\/steel-woody.com\/de\/#website\"},\"primaryImageOfPage\":{\"@id\":\"https:\/\/steel-woody.com\/de\/online-shop\/schliessfaecher\/kleiderschrank-im-soldatenstil\/#primaryimage\"},\"image\":{\"@id\":\"https:\/\/steel-woody.com\/de\/online-shop\/schliessfaecher\/kleiderschrank-im-soldatenstil\/#primaryimage\"},\"thumbnailUrl\":\"https:\/\/steel-woody.com\/wp-content\/uploads\/2024\/09\/4-13.jpg\",\"datePublished\":\"2024-09-21T16:23:09+00:00\",\"breadcrumb\":{\"@id\":\"https:\/\/steel-woody.com\/de\/online-shop\/schliessfaecher\/kleiderschrank-im-soldatenstil\/#breadcrumb\"},\"inLanguage\":\"de\",\"potentialAction\":[{\"@type\":\"ReadAction\",\"target\":[\"https:\/\/steel-woody.com\/de\/online-shop\/schliessfaecher\/kleiderschrank-im-soldatenstil\/\"]}]},{\"@type\":\"ImageObject\",\"inLanguage\":\"de\",\"@id\":\"https:\/\/steel-woody.com\/de\/online-shop\/schliessfaecher\/kleiderschrank-im-soldatenstil\/#primaryimage\",\"url\":\"https:\/\/steel-woody.com\/wp-content\/uploads\/2024\/09\/4-13.jpg\",\"contentUrl\":\"https:\/\/steel-woody.com\/wp-content\/uploads\/2024\/09\/4-13.jpg\",\"width\":1536,\"height\":1167},{\"@type\":\"BreadcrumbList\",\"@id\":\"https:\/\/steel-woody.com\/de\/online-shop\/schliessfaecher\/kleiderschrank-im-soldatenstil\/#breadcrumb\",\"itemListElement\":[{\"@type\":\"ListItem\",\"position\":1,\"name\":\"Home\",\"item\":\"https:\/\/steel-woody.com\/de\/\"},{\"@type\":\"ListItem\",\"position\":2,\"name\":\"Shop\",\"item\":\"https:\/\/steel-woody.com\/de\/online-shop\/\"},{\"@type\":\"ListItem\",\"position\":3,\"name\":\"Kleiderschrank im Soldatenstil\"}]},{\"@type\":\"WebSite\",\"@id\":\"https:\/\/steel-woody.com\/de\/#website\",\"url\":\"https:\/\/steel-woody.com\/de\/\",\"name\":\"Steel Woody\",\"description\":\"\",\"potentialAction\":[{\"@type\":\"SearchAction\",\"target\":{\"@type\":\"EntryPoint\",\"urlTemplate\":\"https:\/\/steel-woody.com\/de\/?s={search_term_string}\"},\"query-input\":{\"@type\":\"PropertyValueSpecification\",\"valueRequired\":true,\"valueName\":\"search_term_string\"}}],\"inLanguage\":\"de\"}]}<\/script>\n<!-- \/ Yoast SEO plugin. -->","yoast_head_json":{"title":"Kleiderschrank im Soldatenstil - Steel Woody","robots":{"index":"index","follow":"follow","max-snippet":"max-snippet:-1","max-image-preview":"max-image-preview:large","max-video-preview":"max-video-preview:-1"},"canonical":"https:\/\/steel-woody.com\/de\/online-shop\/schliessfaecher\/kleiderschrank-im-soldatenstil\/","og_locale":"de_DE","og_type":"article","og_title":"Kleiderschrank im Soldatenstil - Steel Woody","og_description":"Moderner Soldatenschrank mit Holzregalen und Metallrahmen","og_url":"https:\/\/steel-woody.com\/de\/online-shop\/schliessfaecher\/kleiderschrank-im-soldatenstil\/","og_site_name":"Steel Woody","og_image":[{"width":1536,"height":1167,"url":"https:\/\/steel-woody.com\/wp-content\/uploads\/2024\/09\/4-13.jpg","type":"image\/jpeg"}],"twitter_card":"summary_large_image","twitter_misc":{"Gesch\u00e4tzte Lesezeit":"2\u00a0Minuten"},"schema":{"@context":"https:\/\/schema.org","@graph":[{"@type":"WebPage","@id":"https:\/\/steel-woody.com\/de\/online-shop\/schliessfaecher\/kleiderschrank-im-soldatenstil\/","url":"https:\/\/steel-woody.com\/de\/online-shop\/schliessfaecher\/kleiderschrank-im-soldatenstil\/","name":"Kleiderschrank im Soldatenstil - Steel Woody","isPartOf":{"@id":"https:\/\/steel-woody.com\/de\/#website"},"primaryImageOfPage":{"@id":"https:\/\/steel-woody.com\/de\/online-shop\/schliessfaecher\/kleiderschrank-im-soldatenstil\/#primaryimage"},"image":{"@id":"https:\/\/steel-woody.com\/de\/online-shop\/schliessfaecher\/kleiderschrank-im-soldatenstil\/#primaryimage"},"thumbnailUrl":"https:\/\/steel-woody.com\/wp-content\/uploads\/2024\/09\/4-13.jpg","datePublished":"2024-09-21T16:23:09+00:00","breadcrumb":{"@id":"https:\/\/steel-woody.com\/de\/online-shop\/schliessfaecher\/kleiderschrank-im-soldatenstil\/#breadcrumb"},"inLanguage":"de","potentialAction":[{"@type":"ReadAction","target":["https:\/\/steel-woody.com\/de\/online-shop\/schliessfaecher\/kleiderschrank-im-soldatenstil\/"]}]},{"@type":"ImageObject","inLanguage":"de","@id":"https:\/\/steel-woody.com\/de\/online-shop\/schliessfaecher\/kleiderschrank-im-soldatenstil\/#primaryimage","url":"https:\/\/steel-woody.com\/wp-content\/uploads\/2024\/09\/4-13.jpg","contentUrl":"https:\/\/steel-woody.com\/wp-content\/uploads\/2024\/09\/4-13.jpg","width":1536,"height":1167},{"@type":"BreadcrumbList","@id":"https:\/\/steel-woody.com\/de\/online-shop\/schliessfaecher\/kleiderschrank-im-soldatenstil\/#breadcrumb","itemListElement":[{"@type":"ListItem","position":1,"name":"Home","item":"https:\/\/steel-woody.com\/de\/"},{"@type":"ListItem","position":2,"name":"Shop","item":"https:\/\/steel-woody.com\/de\/online-shop\/"},{"@type":"ListItem","position":3,"name":"Kleiderschrank im Soldatenstil"}]},{"@type":"WebSite","@id":"https:\/\/steel-woody.com\/de\/#website","url":"https:\/\/steel-woody.com\/de\/","name":"Steel Woody","description":"","potentialAction":[{"@type":"SearchAction","target":{"@type":"EntryPoint","urlTemplate":"https:\/\/steel-woody.com\/de\/?s={search_term_string}"},"query-input":{"@type":"PropertyValueSpecification","valueRequired":true,"valueName":"search_term_string"}}],"inLanguage":"de"}]}},"_links":{"self":[{"href":"https:\/\/steel-woody.com\/de\/wp-json\/wp\/v2\/product\/2489","targetHints":{"allow":["GET"]}}],"collection":[{"href":"https:\/\/steel-woody.com\/de\/wp-json\/wp\/v2\/product"}],"about":[{"href":"https:\/\/steel-woody.com\/de\/wp-json\/wp\/v2\/types\/product"}],"replies":[{"embeddable":true,"href":"https:\/\/steel-woody.com\/de\/wp-json\/wp\/v2\/comments?post=2489"}],"wp:featuredmedia":[{"embeddable":true,"href":"https:\/\/steel-woody.com\/de\/wp-json\/wp\/v2\/media\/1901"}],"wp:attachment":[{"href":"https:\/\/steel-woody.com\/de\/wp-json\/wp\/v2\/media?parent=2489"}],"wp:term":[{"taxonomy":"product_brand","embeddable":true,"href":"https:\/\/steel-woody.com\/de\/wp-json\/wp\/v2\/product_brand?post=2489"},{"taxonomy":"product_cat","embeddable":true,"href":"https:\/\/steel-woody.com\/de\/wp-json\/wp\/v2\/product_cat?post=2489"},{"taxonomy":"product_tag","embeddable":true,"href":"https:\/\/steel-woody.com\/de\/wp-json\/wp\/v2\/product_tag?post=2489"}],"curies":[{"name":"wp","href":"https:\/\/api.w.org\/{rel}","templated":true}]}}