{"id":2488,"date":"2024-09-21T16:23:36","date_gmt":"2024-09-21T16:23:36","guid":{"rendered":"https:\/\/steel-woody.com\/magazin\/unkategorisiert\/kleiderbuegel\/"},"modified":"2024-09-21T16:23:36","modified_gmt":"2024-09-21T16:23:36","slug":"kleiderbuegel","status":"publish","type":"product","link":"https:\/\/steel-woody.com\/de\/online-shop\/kleiderbugel\/kleiderbuegel\/","title":{"rendered":"Kleiderb\u00fcgel"},"content":{"rendered":"<h3>Moderner Kleiderb\u00fcgel mit zeitgen\u00f6ssischem Design<\/h3>\n<p>Dieser moderne Kleiderb\u00fcgel verbindet zeitgen\u00f6ssische \u00c4sthetik mit praktischer Funktionalit\u00e4t und ist damit ein unverzichtbares St\u00fcck f\u00fcr jeden Flur oder Eingangsbereich. Der Garderobenhaken besteht aus einem robusten und stilvollen schwarzen Metallrahmen und verf\u00fcgt \u00fcber zwei Reihen von Holzhaken zum Aufh\u00e4ngen von Kleidung, Taschen oder Accessoires. Dar\u00fcber hinaus bieten zwei ger\u00e4umige Holzablagen reichlich Platz f\u00fcr Schuhe, Taschen oder andere pers\u00f6nliche Gegenst\u00e4nde und sorgen f\u00fcr eine effiziente Raumorganisation. <\/p>\n<p>&nbsp;<\/p>\n<h3>Rustikal und stilvoll: Der Wirbel, der Stil und Funktionalit\u00e4t verbindet<\/h3>\n<p>Mit zwei Hakenreihen und zwei ger\u00e4umigen Ablagen bietet der Kleiderb\u00fcgel gen\u00fcgend Platz, um Ihre Kleidung und Accessoires geordnet aufzubewahren. Dieses clevere Design hilft Ihnen, Platz zu sparen und Ordnung zu halten, indem es das Durcheinander im Eingangsbereich beseitigt. Er wird mit allem notwendigen Zubeh\u00f6r f\u00fcr eine schnelle und einfache Installation geliefert. Die klare Anleitung f\u00fchrt Sie Schritt f\u00fcr Schritt, so dass Sie den Kleiderb\u00fcgel m\u00fchelos montieren k\u00f6nnen. <\/p>\n<p>&nbsp;<\/p>\n<h3>Zeitgen\u00f6ssische \u00c4sthetik und Praxis<\/h3>\n<p>Dank seines robusten und eleganten Designs aus einem schwarzen Metallrahmen und hochwertigen Holzelementen wertet dieser Garderobenst\u00e4nder nicht nur jeden Raum auf, sondern bietet auch eine effiziente Organisation f\u00fcr Kleidung und Accessoires.<\/p>\n<p>&nbsp;<\/p>\n<h3>Material<\/h3>\n<p><strong>Einlegeb\u00f6den:<\/strong> Die drei Einlegeb\u00f6den sind aus hochwertigem Eichen- oder Nussbaumholz gefertigt und so bearbeitet, dass die nat\u00fcrliche Maserung betont wird. Das verwendete Holz ist stark und haltbar und kann das Gewicht von Schuhen oder anderen pers\u00f6nlichen Gegenst\u00e4nden tragen, ohne sich zu verziehen oder zu besch\u00e4digen. <strong>Haken:<\/strong> Der Kleiderb\u00fcgel ist mit zwei Reihen stabiler Holzhaken ausgestattet, die in verschiedenen H\u00f6hen angebracht sind, um Kleidung und Accessoires vielseitig zu organisieren. Diese Haken sind fest in den Metallrahmen eingearbeitet, was eine ausgezeichnete Stabilit\u00e4t und eine bequeme Verwendung gew\u00e4hrleistet. <\/p>\n<p>&nbsp;<\/p>\n<h3>Abmessungen<\/h3>\n<p>86,2(L) x 30,3(B) x 180,6(H) cm<\/p>\n<p>&nbsp;<\/p>\n","protected":false},"excerpt":{"rendered":"<p>Dieser moderne Kleiderhaken verbindet zeitgen\u00f6ssische \u00c4sthetik mit praktischer Funktionalit\u00e4t und ist damit ein unverzichtbares St\u00fcck f\u00fcr jeden Flur oder Eingangsbereich.<\/p>\n","protected":false},"featured_media":1922,"comment_status":"open","ping_status":"closed","template":"","meta":[],"product_brand":[],"product_cat":[79],"product_tag":[],"class_list":{"0":"post-2488","1":"product","2":"type-product","3":"status-publish","4":"has-post-thumbnail","6":"product_cat-kleiderbugel","8":"first","9":"instock","10":"shipping-taxable","11":"purchasable","12":"product-type-simple"},"yoast_head":"<!-- This site is optimized with the Yoast SEO plugin v25.5 - https:\/\/yoast.com\/wordpress\/plugins\/seo\/ -->\n<title>Kleiderb\u00fcgel - Steel Woody<\/title>\n<meta name=\"robots\" content=\"index, follow, max-snippet:-1, max-image-preview:large, max-video-preview:-1\" \/>\n<link rel=\"canonical\" href=\"https:\/\/steel-woody.com\/de\/online-shop\/kleiderbugel\/kleiderbuegel\/\" \/>\n<meta property=\"og:locale\" content=\"de_DE\" \/>\n<meta property=\"og:type\" content=\"article\" \/>\n<meta property=\"og:title\" content=\"Kleiderb\u00fcgel - Steel Woody\" \/>\n<meta property=\"og:description\" content=\"Dieser moderne Kleiderhaken verbindet zeitgen\u00f6ssische \u00c4sthetik mit praktischer Funktionalit\u00e4t und ist damit ein unverzichtbares St\u00fcck f\u00fcr jeden Flur oder Eingangsbereich.\" \/>\n<meta property=\"og:url\" content=\"https:\/\/steel-woody.com\/de\/online-shop\/kleiderbugel\/kleiderbuegel\/\" \/>\n<meta property=\"og:site_name\" content=\"Steel Woody\" \/>\n<meta property=\"og:image\" content=\"https:\/\/steel-woody.com\/wp-content\/uploads\/2024\/09\/4-14.jpg\" \/>\n\t<meta property=\"og:image:width\" content=\"1536\" \/>\n\t<meta property=\"og:image:height\" content=\"1167\" \/>\n\t<meta property=\"og:image:type\" content=\"image\/jpeg\" \/>\n<meta name=\"twitter:card\" content=\"summary_large_image\" \/>\n<meta name=\"twitter:label1\" content=\"Gesch\u00e4tzte Lesezeit\" \/>\n\t<meta name=\"twitter:data1\" content=\"2\u00a0Minuten\" \/>\n<script type=\"application\/ld+json\" class=\"yoast-schema-graph\">{\"@context\":\"https:\/\/schema.org\",\"@graph\":[{\"@type\":\"WebPage\",\"@id\":\"https:\/\/steel-woody.com\/de\/online-shop\/kleiderbugel\/kleiderbuegel\/\",\"url\":\"https:\/\/steel-woody.com\/de\/online-shop\/kleiderbugel\/kleiderbuegel\/\",\"name\":\"Kleiderb\u00fcgel - Steel Woody\",\"isPartOf\":{\"@id\":\"https:\/\/steel-woody.com\/de\/#website\"},\"primaryImageOfPage\":{\"@id\":\"https:\/\/steel-woody.com\/de\/online-shop\/kleiderbugel\/kleiderbuegel\/#primaryimage\"},\"image\":{\"@id\":\"https:\/\/steel-woody.com\/de\/online-shop\/kleiderbugel\/kleiderbuegel\/#primaryimage\"},\"thumbnailUrl\":\"https:\/\/steel-woody.com\/wp-content\/uploads\/2024\/09\/4-14.jpg\",\"datePublished\":\"2024-09-21T16:23:36+00:00\",\"breadcrumb\":{\"@id\":\"https:\/\/steel-woody.com\/de\/online-shop\/kleiderbugel\/kleiderbuegel\/#breadcrumb\"},\"inLanguage\":\"de\",\"potentialAction\":[{\"@type\":\"ReadAction\",\"target\":[\"https:\/\/steel-woody.com\/de\/online-shop\/kleiderbugel\/kleiderbuegel\/\"]}]},{\"@type\":\"ImageObject\",\"inLanguage\":\"de\",\"@id\":\"https:\/\/steel-woody.com\/de\/online-shop\/kleiderbugel\/kleiderbuegel\/#primaryimage\",\"url\":\"https:\/\/steel-woody.com\/wp-content\/uploads\/2024\/09\/4-14.jpg\",\"contentUrl\":\"https:\/\/steel-woody.com\/wp-content\/uploads\/2024\/09\/4-14.jpg\",\"width\":1536,\"height\":1167},{\"@type\":\"BreadcrumbList\",\"@id\":\"https:\/\/steel-woody.com\/de\/online-shop\/kleiderbugel\/kleiderbuegel\/#breadcrumb\",\"itemListElement\":[{\"@type\":\"ListItem\",\"position\":1,\"name\":\"Home\",\"item\":\"https:\/\/steel-woody.com\/de\/\"},{\"@type\":\"ListItem\",\"position\":2,\"name\":\"Shop\",\"item\":\"https:\/\/steel-woody.com\/de\/online-shop\/\"},{\"@type\":\"ListItem\",\"position\":3,\"name\":\"Kleiderb\u00fcgel\"}]},{\"@type\":\"WebSite\",\"@id\":\"https:\/\/steel-woody.com\/de\/#website\",\"url\":\"https:\/\/steel-woody.com\/de\/\",\"name\":\"Steel Woody\",\"description\":\"\",\"potentialAction\":[{\"@type\":\"SearchAction\",\"target\":{\"@type\":\"EntryPoint\",\"urlTemplate\":\"https:\/\/steel-woody.com\/de\/?s={search_term_string}\"},\"query-input\":{\"@type\":\"PropertyValueSpecification\",\"valueRequired\":true,\"valueName\":\"search_term_string\"}}],\"inLanguage\":\"de\"}]}<\/script>\n<!-- \/ Yoast SEO plugin. -->","yoast_head_json":{"title":"Kleiderb\u00fcgel - Steel Woody","robots":{"index":"index","follow":"follow","max-snippet":"max-snippet:-1","max-image-preview":"max-image-preview:large","max-video-preview":"max-video-preview:-1"},"canonical":"https:\/\/steel-woody.com\/de\/online-shop\/kleiderbugel\/kleiderbuegel\/","og_locale":"de_DE","og_type":"article","og_title":"Kleiderb\u00fcgel - Steel Woody","og_description":"Dieser moderne Kleiderhaken verbindet zeitgen\u00f6ssische \u00c4sthetik mit praktischer Funktionalit\u00e4t und ist damit ein unverzichtbares St\u00fcck f\u00fcr jeden Flur oder Eingangsbereich.","og_url":"https:\/\/steel-woody.com\/de\/online-shop\/kleiderbugel\/kleiderbuegel\/","og_site_name":"Steel Woody","og_image":[{"width":1536,"height":1167,"url":"https:\/\/steel-woody.com\/wp-content\/uploads\/2024\/09\/4-14.jpg","type":"image\/jpeg"}],"twitter_card":"summary_large_image","twitter_misc":{"Gesch\u00e4tzte Lesezeit":"2\u00a0Minuten"},"schema":{"@context":"https:\/\/schema.org","@graph":[{"@type":"WebPage","@id":"https:\/\/steel-woody.com\/de\/online-shop\/kleiderbugel\/kleiderbuegel\/","url":"https:\/\/steel-woody.com\/de\/online-shop\/kleiderbugel\/kleiderbuegel\/","name":"Kleiderb\u00fcgel - Steel Woody","isPartOf":{"@id":"https:\/\/steel-woody.com\/de\/#website"},"primaryImageOfPage":{"@id":"https:\/\/steel-woody.com\/de\/online-shop\/kleiderbugel\/kleiderbuegel\/#primaryimage"},"image":{"@id":"https:\/\/steel-woody.com\/de\/online-shop\/kleiderbugel\/kleiderbuegel\/#primaryimage"},"thumbnailUrl":"https:\/\/steel-woody.com\/wp-content\/uploads\/2024\/09\/4-14.jpg","datePublished":"2024-09-21T16:23:36+00:00","breadcrumb":{"@id":"https:\/\/steel-woody.com\/de\/online-shop\/kleiderbugel\/kleiderbuegel\/#breadcrumb"},"inLanguage":"de","potentialAction":[{"@type":"ReadAction","target":["https:\/\/steel-woody.com\/de\/online-shop\/kleiderbugel\/kleiderbuegel\/"]}]},{"@type":"ImageObject","inLanguage":"de","@id":"https:\/\/steel-woody.com\/de\/online-shop\/kleiderbugel\/kleiderbuegel\/#primaryimage","url":"https:\/\/steel-woody.com\/wp-content\/uploads\/2024\/09\/4-14.jpg","contentUrl":"https:\/\/steel-woody.com\/wp-content\/uploads\/2024\/09\/4-14.jpg","width":1536,"height":1167},{"@type":"BreadcrumbList","@id":"https:\/\/steel-woody.com\/de\/online-shop\/kleiderbugel\/kleiderbuegel\/#breadcrumb","itemListElement":[{"@type":"ListItem","position":1,"name":"Home","item":"https:\/\/steel-woody.com\/de\/"},{"@type":"ListItem","position":2,"name":"Shop","item":"https:\/\/steel-woody.com\/de\/online-shop\/"},{"@type":"ListItem","position":3,"name":"Kleiderb\u00fcgel"}]},{"@type":"WebSite","@id":"https:\/\/steel-woody.com\/de\/#website","url":"https:\/\/steel-woody.com\/de\/","name":"Steel Woody","description":"","potentialAction":[{"@type":"SearchAction","target":{"@type":"EntryPoint","urlTemplate":"https:\/\/steel-woody.com\/de\/?s={search_term_string}"},"query-input":{"@type":"PropertyValueSpecification","valueRequired":true,"valueName":"search_term_string"}}],"inLanguage":"de"}]}},"_links":{"self":[{"href":"https:\/\/steel-woody.com\/de\/wp-json\/wp\/v2\/product\/2488","targetHints":{"allow":["GET"]}}],"collection":[{"href":"https:\/\/steel-woody.com\/de\/wp-json\/wp\/v2\/product"}],"about":[{"href":"https:\/\/steel-woody.com\/de\/wp-json\/wp\/v2\/types\/product"}],"replies":[{"embeddable":true,"href":"https:\/\/steel-woody.com\/de\/wp-json\/wp\/v2\/comments?post=2488"}],"wp:featuredmedia":[{"embeddable":true,"href":"https:\/\/steel-woody.com\/de\/wp-json\/wp\/v2\/media\/1922"}],"wp:attachment":[{"href":"https:\/\/steel-woody.com\/de\/wp-json\/wp\/v2\/media?parent=2488"}],"wp:term":[{"taxonomy":"product_brand","embeddable":true,"href":"https:\/\/steel-woody.com\/de\/wp-json\/wp\/v2\/product_brand?post=2488"},{"taxonomy":"product_cat","embeddable":true,"href":"https:\/\/steel-woody.com\/de\/wp-json\/wp\/v2\/product_cat?post=2488"},{"taxonomy":"product_tag","embeddable":true,"href":"https:\/\/steel-woody.com\/de\/wp-json\/wp\/v2\/product_tag?post=2488"}],"curies":[{"name":"wp","href":"https:\/\/api.w.org\/{rel}","templated":true}]}}