{"id":2485,"date":"2024-09-21T16:27:09","date_gmt":"2024-09-21T16:27:09","guid":{"rendered":"https:\/\/steel-woody.com\/magazin\/unkategorisiert\/handtuchhalter\/"},"modified":"2024-09-21T16:27:09","modified_gmt":"2024-09-21T16:27:09","slug":"handtuchhalter","status":"publish","type":"product","link":"https:\/\/steel-woody.com\/de\/online-shop\/unterstutzt\/handtuchhalter\/","title":{"rendered":"Handtuchhalter"},"content":{"rendered":"<h3>Moderner Handtuchhalter mit minimalistischem Design<\/h3>\n<p>Dieser Handtuchhalter verbindet Nutzen mit Stil in einem modernen, minimalistischen Design. Er ist aus hochwertigen Materialien gefertigt und verf\u00fcgt \u00fcber einen stabilen schwarzen Metallrahmen, der sich perfekt als moderner Akzent f\u00fcr jedes Badezimmerdekor eignet. Die h\u00f6lzernen Einlegeb\u00f6den sind f\u00fcr die Aufbewahrung von gerollten Handt\u00fcchern vorgesehen und erm\u00f6glichen einen einfachen Zugriff und eine effiziente Organisation. Dank des luftigen Designs und der klaren Linien f\u00fcgt sich dieser St\u00e4nder harmonisch in eine Vielzahl von Einrichtungsstilen ein, von traditionell bis ultramodern.  <\/p>\n<p>&nbsp;<\/p>\n<h3>Elegantes Handtuchregal: Maximierung des Platzes mit Eleganz und Effizienz<\/h3>\n<p>Dieser Handtuchhalter eignet sich perfekt f\u00fcr moderne R\u00e4ume und maximiert nicht nur den Stauraum, sondern ist auch ein raffiniertes Designelement. Jedes Detail ist sorgf\u00e4ltig verarbeitet, so dass der St\u00e4nder nicht nur praktisch, sondern auch ein dekoratives Element ist. Er eignet sich sowohl f\u00fcr den privaten als auch f\u00fcr den gewerblichen Gebrauch und ist die perfekte L\u00f6sung, um Handt\u00fccher ordentlich und in Reichweite aufzubewahren. <\/p>\n<p>&nbsp;<\/p>\n<h3>Luxus und Eleganz in Ihrem Badezimmer<\/h3>\n<p>Mit unserem Handtuchhalter f\u00fcgen Sie nicht nur ein n\u00fctzliches Element zu Ihrem Raum hinzu, sondern auch einen Design-Akzent, der die \u00c4sthetik jeder Badezimmereinrichtung erg\u00e4nzt und bereichert. W\u00e4hlen Sie Qualit\u00e4t und Stil f\u00fcr ein Badezimmer, das genauso einladend ist wie der Rest Ihres Hauses <\/p>\n<p>&nbsp;<\/p>\n<h3>Material<\/h3>\n<p>Die Hauptstruktur besteht aus schwarzem Metall, das so behandelt wurde, dass es korrosionsbest\u00e4ndig und widerstandsf\u00e4hig gegen allt\u00e4gliche Abnutzung ist &#8211; ideal f\u00fcr feuchte Umgebungen wie Badezimmer. Die Einlegeb\u00f6den sind aus hochwertigem Eichen- oder Walnussholz gefertigt, das in einem nat\u00fcrlichen Farbton lackiert ist, der einen Hauch von W\u00e4rme und Eleganz verleiht. Das Holz ist feuchtigkeitsresistent behandelt, so dass es sich nicht verzieht und seine nat\u00fcrliche Sch\u00f6nheit auf Dauer bewahrt. Diese Materialkombination sorgt nicht nur f\u00fcr die Robustheit und Langlebigkeit des Produkts, sondern auch f\u00fcr einen zeitgem\u00e4\u00dfen Look, der perfekt zu jeder modernen Badezimmereinrichtung passt. <\/p>\n<p>&nbsp;<\/p>\n<h3>Abmessungen<\/h3>\n<p>25(L) x 13(B) x 83(H) cm<\/p>\n","protected":false},"excerpt":{"rendered":"<p>Dieser Handtuchhalter kombiniert Nutzen mit Stil in einem modernen, minimalistischen Design.<\/p>\n","protected":false},"featured_media":1961,"comment_status":"open","ping_status":"closed","template":"","meta":[],"product_brand":[],"product_cat":[76],"product_tag":[],"class_list":{"0":"post-2485","1":"product","2":"type-product","3":"status-publish","4":"has-post-thumbnail","6":"product_cat-unterstutzt","8":"first","9":"instock","10":"shipping-taxable","11":"purchasable","12":"product-type-simple"},"yoast_head":"<!-- This site is optimized with the Yoast SEO plugin v25.5 - https:\/\/yoast.com\/wordpress\/plugins\/seo\/ -->\n<title>Handtuchhalter - Steel Woody<\/title>\n<meta name=\"robots\" content=\"index, follow, max-snippet:-1, max-image-preview:large, max-video-preview:-1\" \/>\n<link rel=\"canonical\" href=\"https:\/\/steel-woody.com\/de\/online-shop\/unterstutzt\/handtuchhalter\/\" \/>\n<meta property=\"og:locale\" content=\"de_DE\" \/>\n<meta property=\"og:type\" content=\"article\" \/>\n<meta property=\"og:title\" content=\"Handtuchhalter - Steel Woody\" \/>\n<meta property=\"og:description\" content=\"Dieser Handtuchhalter kombiniert Nutzen mit Stil in einem modernen, minimalistischen Design.\" \/>\n<meta property=\"og:url\" content=\"https:\/\/steel-woody.com\/de\/online-shop\/unterstutzt\/handtuchhalter\/\" \/>\n<meta property=\"og:site_name\" content=\"Steel Woody\" \/>\n<meta property=\"og:image\" content=\"https:\/\/steel-woody.com\/wp-content\/uploads\/2024\/09\/4-18.jpg\" \/>\n\t<meta property=\"og:image:width\" content=\"1536\" \/>\n\t<meta property=\"og:image:height\" content=\"1167\" \/>\n\t<meta property=\"og:image:type\" content=\"image\/jpeg\" \/>\n<meta name=\"twitter:card\" content=\"summary_large_image\" \/>\n<meta name=\"twitter:label1\" content=\"Gesch\u00e4tzte Lesezeit\" \/>\n\t<meta name=\"twitter:data1\" content=\"2\u00a0Minuten\" \/>\n<script type=\"application\/ld+json\" class=\"yoast-schema-graph\">{\"@context\":\"https:\/\/schema.org\",\"@graph\":[{\"@type\":\"WebPage\",\"@id\":\"https:\/\/steel-woody.com\/de\/online-shop\/unterstutzt\/handtuchhalter\/\",\"url\":\"https:\/\/steel-woody.com\/de\/online-shop\/unterstutzt\/handtuchhalter\/\",\"name\":\"Handtuchhalter - Steel Woody\",\"isPartOf\":{\"@id\":\"https:\/\/steel-woody.com\/de\/#website\"},\"primaryImageOfPage\":{\"@id\":\"https:\/\/steel-woody.com\/de\/online-shop\/unterstutzt\/handtuchhalter\/#primaryimage\"},\"image\":{\"@id\":\"https:\/\/steel-woody.com\/de\/online-shop\/unterstutzt\/handtuchhalter\/#primaryimage\"},\"thumbnailUrl\":\"https:\/\/steel-woody.com\/wp-content\/uploads\/2024\/09\/4-18.jpg\",\"datePublished\":\"2024-09-21T16:27:09+00:00\",\"breadcrumb\":{\"@id\":\"https:\/\/steel-woody.com\/de\/online-shop\/unterstutzt\/handtuchhalter\/#breadcrumb\"},\"inLanguage\":\"de\",\"potentialAction\":[{\"@type\":\"ReadAction\",\"target\":[\"https:\/\/steel-woody.com\/de\/online-shop\/unterstutzt\/handtuchhalter\/\"]}]},{\"@type\":\"ImageObject\",\"inLanguage\":\"de\",\"@id\":\"https:\/\/steel-woody.com\/de\/online-shop\/unterstutzt\/handtuchhalter\/#primaryimage\",\"url\":\"https:\/\/steel-woody.com\/wp-content\/uploads\/2024\/09\/4-18.jpg\",\"contentUrl\":\"https:\/\/steel-woody.com\/wp-content\/uploads\/2024\/09\/4-18.jpg\",\"width\":1536,\"height\":1167},{\"@type\":\"BreadcrumbList\",\"@id\":\"https:\/\/steel-woody.com\/de\/online-shop\/unterstutzt\/handtuchhalter\/#breadcrumb\",\"itemListElement\":[{\"@type\":\"ListItem\",\"position\":1,\"name\":\"Home\",\"item\":\"https:\/\/steel-woody.com\/de\/\"},{\"@type\":\"ListItem\",\"position\":2,\"name\":\"Shop\",\"item\":\"https:\/\/steel-woody.com\/de\/online-shop\/\"},{\"@type\":\"ListItem\",\"position\":3,\"name\":\"Handtuchhalter\"}]},{\"@type\":\"WebSite\",\"@id\":\"https:\/\/steel-woody.com\/de\/#website\",\"url\":\"https:\/\/steel-woody.com\/de\/\",\"name\":\"Steel Woody\",\"description\":\"\",\"potentialAction\":[{\"@type\":\"SearchAction\",\"target\":{\"@type\":\"EntryPoint\",\"urlTemplate\":\"https:\/\/steel-woody.com\/de\/?s={search_term_string}\"},\"query-input\":{\"@type\":\"PropertyValueSpecification\",\"valueRequired\":true,\"valueName\":\"search_term_string\"}}],\"inLanguage\":\"de\"}]}<\/script>\n<!-- \/ Yoast SEO plugin. -->","yoast_head_json":{"title":"Handtuchhalter - Steel Woody","robots":{"index":"index","follow":"follow","max-snippet":"max-snippet:-1","max-image-preview":"max-image-preview:large","max-video-preview":"max-video-preview:-1"},"canonical":"https:\/\/steel-woody.com\/de\/online-shop\/unterstutzt\/handtuchhalter\/","og_locale":"de_DE","og_type":"article","og_title":"Handtuchhalter - Steel Woody","og_description":"Dieser Handtuchhalter kombiniert Nutzen mit Stil in einem modernen, minimalistischen Design.","og_url":"https:\/\/steel-woody.com\/de\/online-shop\/unterstutzt\/handtuchhalter\/","og_site_name":"Steel Woody","og_image":[{"width":1536,"height":1167,"url":"https:\/\/steel-woody.com\/wp-content\/uploads\/2024\/09\/4-18.jpg","type":"image\/jpeg"}],"twitter_card":"summary_large_image","twitter_misc":{"Gesch\u00e4tzte Lesezeit":"2\u00a0Minuten"},"schema":{"@context":"https:\/\/schema.org","@graph":[{"@type":"WebPage","@id":"https:\/\/steel-woody.com\/de\/online-shop\/unterstutzt\/handtuchhalter\/","url":"https:\/\/steel-woody.com\/de\/online-shop\/unterstutzt\/handtuchhalter\/","name":"Handtuchhalter - Steel Woody","isPartOf":{"@id":"https:\/\/steel-woody.com\/de\/#website"},"primaryImageOfPage":{"@id":"https:\/\/steel-woody.com\/de\/online-shop\/unterstutzt\/handtuchhalter\/#primaryimage"},"image":{"@id":"https:\/\/steel-woody.com\/de\/online-shop\/unterstutzt\/handtuchhalter\/#primaryimage"},"thumbnailUrl":"https:\/\/steel-woody.com\/wp-content\/uploads\/2024\/09\/4-18.jpg","datePublished":"2024-09-21T16:27:09+00:00","breadcrumb":{"@id":"https:\/\/steel-woody.com\/de\/online-shop\/unterstutzt\/handtuchhalter\/#breadcrumb"},"inLanguage":"de","potentialAction":[{"@type":"ReadAction","target":["https:\/\/steel-woody.com\/de\/online-shop\/unterstutzt\/handtuchhalter\/"]}]},{"@type":"ImageObject","inLanguage":"de","@id":"https:\/\/steel-woody.com\/de\/online-shop\/unterstutzt\/handtuchhalter\/#primaryimage","url":"https:\/\/steel-woody.com\/wp-content\/uploads\/2024\/09\/4-18.jpg","contentUrl":"https:\/\/steel-woody.com\/wp-content\/uploads\/2024\/09\/4-18.jpg","width":1536,"height":1167},{"@type":"BreadcrumbList","@id":"https:\/\/steel-woody.com\/de\/online-shop\/unterstutzt\/handtuchhalter\/#breadcrumb","itemListElement":[{"@type":"ListItem","position":1,"name":"Home","item":"https:\/\/steel-woody.com\/de\/"},{"@type":"ListItem","position":2,"name":"Shop","item":"https:\/\/steel-woody.com\/de\/online-shop\/"},{"@type":"ListItem","position":3,"name":"Handtuchhalter"}]},{"@type":"WebSite","@id":"https:\/\/steel-woody.com\/de\/#website","url":"https:\/\/steel-woody.com\/de\/","name":"Steel Woody","description":"","potentialAction":[{"@type":"SearchAction","target":{"@type":"EntryPoint","urlTemplate":"https:\/\/steel-woody.com\/de\/?s={search_term_string}"},"query-input":{"@type":"PropertyValueSpecification","valueRequired":true,"valueName":"search_term_string"}}],"inLanguage":"de"}]}},"_links":{"self":[{"href":"https:\/\/steel-woody.com\/de\/wp-json\/wp\/v2\/product\/2485","targetHints":{"allow":["GET"]}}],"collection":[{"href":"https:\/\/steel-woody.com\/de\/wp-json\/wp\/v2\/product"}],"about":[{"href":"https:\/\/steel-woody.com\/de\/wp-json\/wp\/v2\/types\/product"}],"replies":[{"embeddable":true,"href":"https:\/\/steel-woody.com\/de\/wp-json\/wp\/v2\/comments?post=2485"}],"wp:featuredmedia":[{"embeddable":true,"href":"https:\/\/steel-woody.com\/de\/wp-json\/wp\/v2\/media\/1961"}],"wp:attachment":[{"href":"https:\/\/steel-woody.com\/de\/wp-json\/wp\/v2\/media?parent=2485"}],"wp:term":[{"taxonomy":"product_brand","embeddable":true,"href":"https:\/\/steel-woody.com\/de\/wp-json\/wp\/v2\/product_brand?post=2485"},{"taxonomy":"product_cat","embeddable":true,"href":"https:\/\/steel-woody.com\/de\/wp-json\/wp\/v2\/product_cat?post=2485"},{"taxonomy":"product_tag","embeddable":true,"href":"https:\/\/steel-woody.com\/de\/wp-json\/wp\/v2\/product_tag?post=2485"}],"curies":[{"name":"wp","href":"https:\/\/api.w.org\/{rel}","templated":true}]}}