{"id":2483,"date":"2024-09-21T16:27:46","date_gmt":"2024-09-21T16:27:46","guid":{"rendered":"https:\/\/steel-woody.com\/magazin\/unkategorisiert\/regale-mit-handtuchhalter\/"},"modified":"2024-09-21T16:27:46","modified_gmt":"2024-09-21T16:27:46","slug":"regale-mit-handtuchhalter","status":"publish","type":"product","link":"https:\/\/steel-woody.com\/de\/online-shop\/bucherregale\/regale-mit-handtuchhalter\/","title":{"rendered":"Regale mit Handtuchhalter"},"content":{"rendered":"<h3>Modernes Regal mit Handtuchhalter<\/h3>\n<p>Unser Handtuchregal verbindet Funktionalit\u00e4t mit moderner \u00c4sthetik und ist damit ideal f\u00fcr jedes moderne Badezimmer. Das aus hochwertigen Materialien gefertigte Regal besteht aus einem stabilen schwarzen Metallrahmen, der zwei Etagen mit eleganten Holzablagen tr\u00e4gt. Das minimalistische und dennoch praktische Design bietet reichlich Stauraum f\u00fcr Badutensilien, von Seifen und Shampoos bis hin zu Handt\u00fcchern. Dieses Regal bringt Stil und Ordnung in jedes Badezimmer und verwandelt den Raum in einen Ort der Entspannung und des Komforts. <\/p>\n<p>&nbsp;<\/p>\n<h3>Handtuchhalter f\u00fcr ein modernes und funktionales Badezimmer<\/h3>\n<p>Der integrierte Handtuchhalter ist diskret und praktisch platziert und macht dieses Produkt nicht nur zu einem eindrucksvollen dekorativen Element, sondern auch zu einem \u00e4u\u00dferst n\u00fctzlichen. Kombinieren Sie das Praktische mit dem Angenehmen in Ihrem Badezimmer mit diesen vielseitigen und strapazierf\u00e4higen Regalen. Dieses multifunktionale Regal wertet sowohl die \u00c4sthetik als auch die Funktionalit\u00e4t Ihres Badezimmers auf und verleiht ihm eine raffinierte und praktische Note. <\/p>\n<p>&nbsp;<\/p>\n<h3>W\u00e4hlen Sie Qualit\u00e4t und Stil f\u00fcr Ihren Wohnkomfort.<\/h3>\n<p>Dieses Regal kombiniert modernes Design mit hochwertigen Materialien und bietet Langlebigkeit und Eleganz. Es sorgt f\u00fcr perfekte Organisation und einen raffinierten Look.<\/p>\n<p>&nbsp;<\/p>\n<h3>Material<\/h3>\n<p>Unser Handtuchregal ist aus hochwertigen Materialien gefertigt, die sowohl Langlebigkeit als auch einen modernen und stilvollen Look garantieren: <strong>schwarzer Metallrahmen:<\/strong> Der robuste Rahmen ist aus hochwertigem Metall gefertigt und mit einer mattschwarzen Beschichtung versehen, die ihm ein modernes und elegantes Aussehen verleiht. Das Metall wurde so behandelt, dass es korrosions- und feuchtigkeitsbest\u00e4ndig ist und sich daher ideal f\u00fcr den Gebrauch im Badezimmer eignet. <strong>Holzregale:<\/strong> Die beiden Ablageebenen sind aus Eiche oder Walnussholz gefertigt und verleihen ihm einen Hauch von W\u00e4rme und Eleganz. Das verwendete Holz ist feuchtigkeitsresistent und verformungsbest\u00e4ndig, so dass es lange genutzt werden kann und sein \u00e4sthetisches Aussehen bewahrt.<\/p>\n<p>&nbsp;<\/p>\n<h3>Abmessungen<\/h3>\n<p>30,8(L) x 15(B) x 84(H) cm<\/p>\n","protected":false},"excerpt":{"rendered":"<p>Das moderne Regal, das Ihr Badezimmer in einen stilvollen Raum verwandelt.<\/p>\n","protected":false},"featured_media":1985,"comment_status":"open","ping_status":"closed","template":"","meta":[],"product_brand":[],"product_cat":[67,75,76],"product_tag":[],"class_list":{"0":"post-2483","1":"product","2":"type-product","3":"status-publish","4":"has-post-thumbnail","6":"product_cat-bucherregale","7":"product_cat-mobel-fur-das-badezimmer","8":"product_cat-unterstutzt","10":"first","11":"instock","12":"shipping-taxable","13":"purchasable","14":"product-type-simple"},"yoast_head":"<!-- This site is optimized with the Yoast SEO plugin v25.5 - https:\/\/yoast.com\/wordpress\/plugins\/seo\/ -->\n<title>Regale mit Handtuchhalter - Steel Woody<\/title>\n<meta name=\"robots\" content=\"index, follow, max-snippet:-1, max-image-preview:large, max-video-preview:-1\" \/>\n<link rel=\"canonical\" href=\"https:\/\/steel-woody.com\/de\/online-shop\/bucherregale\/regale-mit-handtuchhalter\/\" \/>\n<meta property=\"og:locale\" content=\"de_DE\" \/>\n<meta property=\"og:type\" content=\"article\" \/>\n<meta property=\"og:title\" content=\"Regale mit Handtuchhalter - Steel Woody\" \/>\n<meta property=\"og:description\" content=\"Das moderne Regal, das Ihr Badezimmer in einen stilvollen Raum verwandelt.\" \/>\n<meta property=\"og:url\" content=\"https:\/\/steel-woody.com\/de\/online-shop\/bucherregale\/regale-mit-handtuchhalter\/\" \/>\n<meta property=\"og:site_name\" content=\"Steel Woody\" \/>\n<meta property=\"og:image\" content=\"https:\/\/steel-woody.com\/wp-content\/uploads\/2024\/09\/4-19.jpg\" \/>\n\t<meta property=\"og:image:width\" content=\"1536\" \/>\n\t<meta property=\"og:image:height\" content=\"1167\" \/>\n\t<meta property=\"og:image:type\" content=\"image\/jpeg\" \/>\n<meta name=\"twitter:card\" content=\"summary_large_image\" \/>\n<meta name=\"twitter:label1\" content=\"Gesch\u00e4tzte Lesezeit\" \/>\n\t<meta name=\"twitter:data1\" content=\"2\u00a0Minuten\" \/>\n<script type=\"application\/ld+json\" class=\"yoast-schema-graph\">{\"@context\":\"https:\/\/schema.org\",\"@graph\":[{\"@type\":\"WebPage\",\"@id\":\"https:\/\/steel-woody.com\/de\/online-shop\/bucherregale\/regale-mit-handtuchhalter\/\",\"url\":\"https:\/\/steel-woody.com\/de\/online-shop\/bucherregale\/regale-mit-handtuchhalter\/\",\"name\":\"Regale mit Handtuchhalter - Steel Woody\",\"isPartOf\":{\"@id\":\"https:\/\/steel-woody.com\/de\/#website\"},\"primaryImageOfPage\":{\"@id\":\"https:\/\/steel-woody.com\/de\/online-shop\/bucherregale\/regale-mit-handtuchhalter\/#primaryimage\"},\"image\":{\"@id\":\"https:\/\/steel-woody.com\/de\/online-shop\/bucherregale\/regale-mit-handtuchhalter\/#primaryimage\"},\"thumbnailUrl\":\"https:\/\/steel-woody.com\/wp-content\/uploads\/2024\/09\/4-19.jpg\",\"datePublished\":\"2024-09-21T16:27:46+00:00\",\"breadcrumb\":{\"@id\":\"https:\/\/steel-woody.com\/de\/online-shop\/bucherregale\/regale-mit-handtuchhalter\/#breadcrumb\"},\"inLanguage\":\"de\",\"potentialAction\":[{\"@type\":\"ReadAction\",\"target\":[\"https:\/\/steel-woody.com\/de\/online-shop\/bucherregale\/regale-mit-handtuchhalter\/\"]}]},{\"@type\":\"ImageObject\",\"inLanguage\":\"de\",\"@id\":\"https:\/\/steel-woody.com\/de\/online-shop\/bucherregale\/regale-mit-handtuchhalter\/#primaryimage\",\"url\":\"https:\/\/steel-woody.com\/wp-content\/uploads\/2024\/09\/4-19.jpg\",\"contentUrl\":\"https:\/\/steel-woody.com\/wp-content\/uploads\/2024\/09\/4-19.jpg\",\"width\":1536,\"height\":1167},{\"@type\":\"BreadcrumbList\",\"@id\":\"https:\/\/steel-woody.com\/de\/online-shop\/bucherregale\/regale-mit-handtuchhalter\/#breadcrumb\",\"itemListElement\":[{\"@type\":\"ListItem\",\"position\":1,\"name\":\"Home\",\"item\":\"https:\/\/steel-woody.com\/de\/\"},{\"@type\":\"ListItem\",\"position\":2,\"name\":\"Shop\",\"item\":\"https:\/\/steel-woody.com\/de\/online-shop\/\"},{\"@type\":\"ListItem\",\"position\":3,\"name\":\"Regale mit Handtuchhalter\"}]},{\"@type\":\"WebSite\",\"@id\":\"https:\/\/steel-woody.com\/de\/#website\",\"url\":\"https:\/\/steel-woody.com\/de\/\",\"name\":\"Steel Woody\",\"description\":\"\",\"potentialAction\":[{\"@type\":\"SearchAction\",\"target\":{\"@type\":\"EntryPoint\",\"urlTemplate\":\"https:\/\/steel-woody.com\/de\/?s={search_term_string}\"},\"query-input\":{\"@type\":\"PropertyValueSpecification\",\"valueRequired\":true,\"valueName\":\"search_term_string\"}}],\"inLanguage\":\"de\"}]}<\/script>\n<!-- \/ Yoast SEO plugin. -->","yoast_head_json":{"title":"Regale mit Handtuchhalter - Steel Woody","robots":{"index":"index","follow":"follow","max-snippet":"max-snippet:-1","max-image-preview":"max-image-preview:large","max-video-preview":"max-video-preview:-1"},"canonical":"https:\/\/steel-woody.com\/de\/online-shop\/bucherregale\/regale-mit-handtuchhalter\/","og_locale":"de_DE","og_type":"article","og_title":"Regale mit Handtuchhalter - Steel Woody","og_description":"Das moderne Regal, das Ihr Badezimmer in einen stilvollen Raum verwandelt.","og_url":"https:\/\/steel-woody.com\/de\/online-shop\/bucherregale\/regale-mit-handtuchhalter\/","og_site_name":"Steel Woody","og_image":[{"width":1536,"height":1167,"url":"https:\/\/steel-woody.com\/wp-content\/uploads\/2024\/09\/4-19.jpg","type":"image\/jpeg"}],"twitter_card":"summary_large_image","twitter_misc":{"Gesch\u00e4tzte Lesezeit":"2\u00a0Minuten"},"schema":{"@context":"https:\/\/schema.org","@graph":[{"@type":"WebPage","@id":"https:\/\/steel-woody.com\/de\/online-shop\/bucherregale\/regale-mit-handtuchhalter\/","url":"https:\/\/steel-woody.com\/de\/online-shop\/bucherregale\/regale-mit-handtuchhalter\/","name":"Regale mit Handtuchhalter - Steel Woody","isPartOf":{"@id":"https:\/\/steel-woody.com\/de\/#website"},"primaryImageOfPage":{"@id":"https:\/\/steel-woody.com\/de\/online-shop\/bucherregale\/regale-mit-handtuchhalter\/#primaryimage"},"image":{"@id":"https:\/\/steel-woody.com\/de\/online-shop\/bucherregale\/regale-mit-handtuchhalter\/#primaryimage"},"thumbnailUrl":"https:\/\/steel-woody.com\/wp-content\/uploads\/2024\/09\/4-19.jpg","datePublished":"2024-09-21T16:27:46+00:00","breadcrumb":{"@id":"https:\/\/steel-woody.com\/de\/online-shop\/bucherregale\/regale-mit-handtuchhalter\/#breadcrumb"},"inLanguage":"de","potentialAction":[{"@type":"ReadAction","target":["https:\/\/steel-woody.com\/de\/online-shop\/bucherregale\/regale-mit-handtuchhalter\/"]}]},{"@type":"ImageObject","inLanguage":"de","@id":"https:\/\/steel-woody.com\/de\/online-shop\/bucherregale\/regale-mit-handtuchhalter\/#primaryimage","url":"https:\/\/steel-woody.com\/wp-content\/uploads\/2024\/09\/4-19.jpg","contentUrl":"https:\/\/steel-woody.com\/wp-content\/uploads\/2024\/09\/4-19.jpg","width":1536,"height":1167},{"@type":"BreadcrumbList","@id":"https:\/\/steel-woody.com\/de\/online-shop\/bucherregale\/regale-mit-handtuchhalter\/#breadcrumb","itemListElement":[{"@type":"ListItem","position":1,"name":"Home","item":"https:\/\/steel-woody.com\/de\/"},{"@type":"ListItem","position":2,"name":"Shop","item":"https:\/\/steel-woody.com\/de\/online-shop\/"},{"@type":"ListItem","position":3,"name":"Regale mit Handtuchhalter"}]},{"@type":"WebSite","@id":"https:\/\/steel-woody.com\/de\/#website","url":"https:\/\/steel-woody.com\/de\/","name":"Steel Woody","description":"","potentialAction":[{"@type":"SearchAction","target":{"@type":"EntryPoint","urlTemplate":"https:\/\/steel-woody.com\/de\/?s={search_term_string}"},"query-input":{"@type":"PropertyValueSpecification","valueRequired":true,"valueName":"search_term_string"}}],"inLanguage":"de"}]}},"_links":{"self":[{"href":"https:\/\/steel-woody.com\/de\/wp-json\/wp\/v2\/product\/2483","targetHints":{"allow":["GET"]}}],"collection":[{"href":"https:\/\/steel-woody.com\/de\/wp-json\/wp\/v2\/product"}],"about":[{"href":"https:\/\/steel-woody.com\/de\/wp-json\/wp\/v2\/types\/product"}],"replies":[{"embeddable":true,"href":"https:\/\/steel-woody.com\/de\/wp-json\/wp\/v2\/comments?post=2483"}],"wp:featuredmedia":[{"embeddable":true,"href":"https:\/\/steel-woody.com\/de\/wp-json\/wp\/v2\/media\/1985"}],"wp:attachment":[{"href":"https:\/\/steel-woody.com\/de\/wp-json\/wp\/v2\/media?parent=2483"}],"wp:term":[{"taxonomy":"product_brand","embeddable":true,"href":"https:\/\/steel-woody.com\/de\/wp-json\/wp\/v2\/product_brand?post=2483"},{"taxonomy":"product_cat","embeddable":true,"href":"https:\/\/steel-woody.com\/de\/wp-json\/wp\/v2\/product_cat?post=2483"},{"taxonomy":"product_tag","embeddable":true,"href":"https:\/\/steel-woody.com\/de\/wp-json\/wp\/v2\/product_tag?post=2483"}],"curies":[{"name":"wp","href":"https:\/\/api.w.org\/{rel}","templated":true}]}}