{"id":2480,"date":"2024-09-21T16:28:43","date_gmt":"2024-09-21T16:28:43","guid":{"rendered":"https:\/\/steel-woody.com\/magazin\/unkategorisiert\/nachttisch-2\/"},"modified":"2024-09-21T16:28:43","modified_gmt":"2024-09-21T16:28:43","slug":"nachttisch-2","status":"publish","type":"product","link":"https:\/\/steel-woody.com\/de\/online-shop\/nachttische\/nachttisch-2\/","title":{"rendered":"Nachttisch 2"},"content":{"rendered":"<h3>Elegantes und minimalistisches Design<\/h3>\n<p>Dieser stilvolle Nachttisch ist das ideale St\u00fcck, um Ihre moderne Schlafzimmereinrichtung zu vervollst\u00e4ndigen. Der aus hochwertigem Massivholz gefertigte Nachttisch besticht durch sein minimalistisches Design, das sich nahtlos in jeden Raum einf\u00fcgt. Die glatte Oberfl\u00e4che und das strukturierte Holz verleihen dem Raum einen Hauch von Raffinesse und Nat\u00fcrlichkeit <\/p>\n<p>&nbsp;<\/p>\n<h3>Verwandeln Sie Ihr Schlafzimmer mit einem Nachttisch in modernem und praktischem Design<\/h3>\n<p>Der Nachttisch verf\u00fcgt \u00fcber eine gro\u00dfz\u00fcgige Schublade, die reichlich Stauraum f\u00fcr die wichtigsten Dinge auf dem Nachttisch bietet. Der schwarze Metallsockel sorgt f\u00fcr einen eleganten und modernen Kontrast und gew\u00e4hrleistet gleichzeitig Haltbarkeit und Stabilit\u00e4t. Die Ablagefl\u00e4che eignet sich perfekt f\u00fcr eine Lampe, B\u00fccher oder einen Wecker und verleiht Ihrem Schlafzimmer Funktionalit\u00e4t und Stil. <\/p>\n<p>&nbsp;<\/p>\n<h3>Bringen Sie einen Hauch von Eleganz in Ihr Schlafzimmer!<\/h3>\n<p>Dieser Nachttisch ist dank seines vielseitigen Designs und der hochwertigen Materialien perfekt f\u00fcr jedes Schlafzimmer geeignet.<\/p>\n<p>&nbsp;<\/p>\n<h3>Material<\/h3>\n<p>Dieser Nachttisch ist aus Massivholz gefertigt, das sorgf\u00e4ltig nach Langlebigkeit und St\u00e4rke ausgew\u00e4hlt wurde und in Eiche oder Walnuss erh\u00e4ltlich ist. Das verwendete Holz stammt aus nachhaltiger Forstwirtschaft und garantiert nicht nur ein robustes Produkt, sondern auch eine geringe Umweltbelastung. <strong>Nat\u00fcrliches Furnier:<\/strong> Die Oberfl\u00e4che des Nachttischs ist mit einem nat\u00fcrlichen Furnier \u00fcberzogen, das die authentische Textur und Sch\u00f6nheit des Holzes bewahrt. Diese Schicht bietet einen zus\u00e4tzlichen Schutz gegen allt\u00e4gliche Abnutzung und unterstreicht die \u00c4sthetik des M\u00f6belst\u00fccks. <strong>Metallverschl\u00fcsse:<\/strong> F\u00fcr zus\u00e4tzliche Stabilit\u00e4t und Langlebigkeit ist der Nachttisch mit Metallverschl\u00fcssen ausgestattet, die eine robuste Konstruktion und eine kompromisslose Langzeitnutzung gew\u00e4hrleisten. <\/p>\n<p>&nbsp;<\/p>\n<h3>Abmessungen<\/h3>\n<p>58(L) x 41(B) x 56(H) cm<\/p>\n","protected":false},"excerpt":{"rendered":"<p>Dieser stilvolle Nachttisch ist das ideale St\u00fcck, um Ihre moderne Schlafzimmereinrichtung zu vervollst\u00e4ndigen.<\/p>\n","protected":false},"featured_media":1997,"comment_status":"open","ping_status":"closed","template":"","meta":[],"product_brand":[],"product_cat":[74],"product_tag":[],"class_list":{"0":"post-2480","1":"product","2":"type-product","3":"status-publish","4":"has-post-thumbnail","6":"product_cat-nachttische","8":"first","9":"instock","10":"shipping-taxable","11":"purchasable","12":"product-type-simple"},"yoast_head":"<!-- This site is optimized with the Yoast SEO plugin v25.5 - https:\/\/yoast.com\/wordpress\/plugins\/seo\/ -->\n<title>Nachttisch 2 - Steel Woody<\/title>\n<meta name=\"robots\" content=\"index, follow, max-snippet:-1, max-image-preview:large, max-video-preview:-1\" \/>\n<link rel=\"canonical\" href=\"https:\/\/steel-woody.com\/de\/online-shop\/nachttische\/nachttisch-2\/\" \/>\n<meta property=\"og:locale\" content=\"de_DE\" \/>\n<meta property=\"og:type\" content=\"article\" \/>\n<meta property=\"og:title\" content=\"Nachttisch 2 - Steel Woody\" \/>\n<meta property=\"og:description\" content=\"Dieser stilvolle Nachttisch ist das ideale St\u00fcck, um Ihre moderne Schlafzimmereinrichtung zu vervollst\u00e4ndigen.\" \/>\n<meta property=\"og:url\" content=\"https:\/\/steel-woody.com\/de\/online-shop\/nachttische\/nachttisch-2\/\" \/>\n<meta property=\"og:site_name\" content=\"Steel Woody\" \/>\n<meta property=\"og:image\" content=\"https:\/\/steel-woody.com\/wp-content\/uploads\/2024\/09\/4-20.jpg\" \/>\n\t<meta property=\"og:image:width\" content=\"1536\" \/>\n\t<meta property=\"og:image:height\" content=\"1167\" \/>\n\t<meta property=\"og:image:type\" content=\"image\/jpeg\" \/>\n<meta name=\"twitter:card\" content=\"summary_large_image\" \/>\n<meta name=\"twitter:label1\" content=\"Gesch\u00e4tzte Lesezeit\" \/>\n\t<meta name=\"twitter:data1\" content=\"1\u00a0Minute\" \/>\n<script type=\"application\/ld+json\" class=\"yoast-schema-graph\">{\"@context\":\"https:\/\/schema.org\",\"@graph\":[{\"@type\":\"WebPage\",\"@id\":\"https:\/\/steel-woody.com\/de\/online-shop\/nachttische\/nachttisch-2\/\",\"url\":\"https:\/\/steel-woody.com\/de\/online-shop\/nachttische\/nachttisch-2\/\",\"name\":\"Nachttisch 2 - Steel Woody\",\"isPartOf\":{\"@id\":\"https:\/\/steel-woody.com\/de\/#website\"},\"primaryImageOfPage\":{\"@id\":\"https:\/\/steel-woody.com\/de\/online-shop\/nachttische\/nachttisch-2\/#primaryimage\"},\"image\":{\"@id\":\"https:\/\/steel-woody.com\/de\/online-shop\/nachttische\/nachttisch-2\/#primaryimage\"},\"thumbnailUrl\":\"https:\/\/steel-woody.com\/wp-content\/uploads\/2024\/09\/4-20.jpg\",\"datePublished\":\"2024-09-21T16:28:43+00:00\",\"breadcrumb\":{\"@id\":\"https:\/\/steel-woody.com\/de\/online-shop\/nachttische\/nachttisch-2\/#breadcrumb\"},\"inLanguage\":\"de\",\"potentialAction\":[{\"@type\":\"ReadAction\",\"target\":[\"https:\/\/steel-woody.com\/de\/online-shop\/nachttische\/nachttisch-2\/\"]}]},{\"@type\":\"ImageObject\",\"inLanguage\":\"de\",\"@id\":\"https:\/\/steel-woody.com\/de\/online-shop\/nachttische\/nachttisch-2\/#primaryimage\",\"url\":\"https:\/\/steel-woody.com\/wp-content\/uploads\/2024\/09\/4-20.jpg\",\"contentUrl\":\"https:\/\/steel-woody.com\/wp-content\/uploads\/2024\/09\/4-20.jpg\",\"width\":1536,\"height\":1167},{\"@type\":\"BreadcrumbList\",\"@id\":\"https:\/\/steel-woody.com\/de\/online-shop\/nachttische\/nachttisch-2\/#breadcrumb\",\"itemListElement\":[{\"@type\":\"ListItem\",\"position\":1,\"name\":\"Home\",\"item\":\"https:\/\/steel-woody.com\/de\/\"},{\"@type\":\"ListItem\",\"position\":2,\"name\":\"Shop\",\"item\":\"https:\/\/steel-woody.com\/de\/online-shop\/\"},{\"@type\":\"ListItem\",\"position\":3,\"name\":\"Nachttisch 2\"}]},{\"@type\":\"WebSite\",\"@id\":\"https:\/\/steel-woody.com\/de\/#website\",\"url\":\"https:\/\/steel-woody.com\/de\/\",\"name\":\"Steel Woody\",\"description\":\"\",\"potentialAction\":[{\"@type\":\"SearchAction\",\"target\":{\"@type\":\"EntryPoint\",\"urlTemplate\":\"https:\/\/steel-woody.com\/de\/?s={search_term_string}\"},\"query-input\":{\"@type\":\"PropertyValueSpecification\",\"valueRequired\":true,\"valueName\":\"search_term_string\"}}],\"inLanguage\":\"de\"}]}<\/script>\n<!-- \/ Yoast SEO plugin. -->","yoast_head_json":{"title":"Nachttisch 2 - Steel Woody","robots":{"index":"index","follow":"follow","max-snippet":"max-snippet:-1","max-image-preview":"max-image-preview:large","max-video-preview":"max-video-preview:-1"},"canonical":"https:\/\/steel-woody.com\/de\/online-shop\/nachttische\/nachttisch-2\/","og_locale":"de_DE","og_type":"article","og_title":"Nachttisch 2 - Steel Woody","og_description":"Dieser stilvolle Nachttisch ist das ideale St\u00fcck, um Ihre moderne Schlafzimmereinrichtung zu vervollst\u00e4ndigen.","og_url":"https:\/\/steel-woody.com\/de\/online-shop\/nachttische\/nachttisch-2\/","og_site_name":"Steel Woody","og_image":[{"width":1536,"height":1167,"url":"https:\/\/steel-woody.com\/wp-content\/uploads\/2024\/09\/4-20.jpg","type":"image\/jpeg"}],"twitter_card":"summary_large_image","twitter_misc":{"Gesch\u00e4tzte Lesezeit":"1\u00a0Minute"},"schema":{"@context":"https:\/\/schema.org","@graph":[{"@type":"WebPage","@id":"https:\/\/steel-woody.com\/de\/online-shop\/nachttische\/nachttisch-2\/","url":"https:\/\/steel-woody.com\/de\/online-shop\/nachttische\/nachttisch-2\/","name":"Nachttisch 2 - Steel Woody","isPartOf":{"@id":"https:\/\/steel-woody.com\/de\/#website"},"primaryImageOfPage":{"@id":"https:\/\/steel-woody.com\/de\/online-shop\/nachttische\/nachttisch-2\/#primaryimage"},"image":{"@id":"https:\/\/steel-woody.com\/de\/online-shop\/nachttische\/nachttisch-2\/#primaryimage"},"thumbnailUrl":"https:\/\/steel-woody.com\/wp-content\/uploads\/2024\/09\/4-20.jpg","datePublished":"2024-09-21T16:28:43+00:00","breadcrumb":{"@id":"https:\/\/steel-woody.com\/de\/online-shop\/nachttische\/nachttisch-2\/#breadcrumb"},"inLanguage":"de","potentialAction":[{"@type":"ReadAction","target":["https:\/\/steel-woody.com\/de\/online-shop\/nachttische\/nachttisch-2\/"]}]},{"@type":"ImageObject","inLanguage":"de","@id":"https:\/\/steel-woody.com\/de\/online-shop\/nachttische\/nachttisch-2\/#primaryimage","url":"https:\/\/steel-woody.com\/wp-content\/uploads\/2024\/09\/4-20.jpg","contentUrl":"https:\/\/steel-woody.com\/wp-content\/uploads\/2024\/09\/4-20.jpg","width":1536,"height":1167},{"@type":"BreadcrumbList","@id":"https:\/\/steel-woody.com\/de\/online-shop\/nachttische\/nachttisch-2\/#breadcrumb","itemListElement":[{"@type":"ListItem","position":1,"name":"Home","item":"https:\/\/steel-woody.com\/de\/"},{"@type":"ListItem","position":2,"name":"Shop","item":"https:\/\/steel-woody.com\/de\/online-shop\/"},{"@type":"ListItem","position":3,"name":"Nachttisch 2"}]},{"@type":"WebSite","@id":"https:\/\/steel-woody.com\/de\/#website","url":"https:\/\/steel-woody.com\/de\/","name":"Steel Woody","description":"","potentialAction":[{"@type":"SearchAction","target":{"@type":"EntryPoint","urlTemplate":"https:\/\/steel-woody.com\/de\/?s={search_term_string}"},"query-input":{"@type":"PropertyValueSpecification","valueRequired":true,"valueName":"search_term_string"}}],"inLanguage":"de"}]}},"_links":{"self":[{"href":"https:\/\/steel-woody.com\/de\/wp-json\/wp\/v2\/product\/2480","targetHints":{"allow":["GET"]}}],"collection":[{"href":"https:\/\/steel-woody.com\/de\/wp-json\/wp\/v2\/product"}],"about":[{"href":"https:\/\/steel-woody.com\/de\/wp-json\/wp\/v2\/types\/product"}],"replies":[{"embeddable":true,"href":"https:\/\/steel-woody.com\/de\/wp-json\/wp\/v2\/comments?post=2480"}],"wp:featuredmedia":[{"embeddable":true,"href":"https:\/\/steel-woody.com\/de\/wp-json\/wp\/v2\/media\/1997"}],"wp:attachment":[{"href":"https:\/\/steel-woody.com\/de\/wp-json\/wp\/v2\/media?parent=2480"}],"wp:term":[{"taxonomy":"product_brand","embeddable":true,"href":"https:\/\/steel-woody.com\/de\/wp-json\/wp\/v2\/product_brand?post=2480"},{"taxonomy":"product_cat","embeddable":true,"href":"https:\/\/steel-woody.com\/de\/wp-json\/wp\/v2\/product_cat?post=2480"},{"taxonomy":"product_tag","embeddable":true,"href":"https:\/\/steel-woody.com\/de\/wp-json\/wp\/v2\/product_tag?post=2480"}],"curies":[{"name":"wp","href":"https:\/\/api.w.org\/{rel}","templated":true}]}}