{"id":2475,"date":"2024-09-21T16:31:46","date_gmt":"2024-09-21T16:31:46","guid":{"rendered":"https:\/\/steel-woody.com\/magazin\/unkategorisiert\/stuhl-2\/"},"modified":"2024-09-21T16:31:46","modified_gmt":"2024-09-21T16:31:46","slug":"stuhl-2","status":"publish","type":"product","link":"https:\/\/steel-woody.com\/de\/online-shop\/stuhle\/stuhl-2\/","title":{"rendered":"Stuhl 2"},"content":{"rendered":"<h3>Minimalistisches Design f\u00fcr moderne Innenr\u00e4ume<\/h3>\n<p>Dieser moderne Stuhl verbindet die Eleganz des minimalistischen Designs mit praktischer Funktionalit\u00e4t, ideal f\u00fcr zeitgen\u00f6ssische Innenr\u00e4ume. Mit seinem robusten schwarzen Metallgestell und dem hochwertigen Holz bringt dieser Stuhl Stil und Komfort in jeden Raum. Mit seinen klaren Linien und geometrischen Formen f\u00fcgt sich dieser Stuhl nahtlos in moderne Dekors ein und verleiht ihnen einen Hauch von Raffinesse. <\/p>\n<p>&nbsp;<\/p>\n<h3>Metallstuhl mit schwarzem Finish und Holzakzenten<\/h3>\n<p>Der Stuhl ist aus einem soliden Metallrahmen gefertigt, der f\u00fcr Langlebigkeit und Stabilit\u00e4t sorgt. Das schwarze Metallic-Finish verleiht dem Stuhl einen eleganten und modernen Look. Die Holzoberfl\u00e4chen sorgen f\u00fcr einen warmen und nat\u00fcrlichen Kontrast und bieten gleichzeitig Komfort und Halt. Das verwendete Holz ist Hartholz, das so behandelt wurde, dass es abnutzungsbest\u00e4ndig ist und lange Zeit ein makelloses Aussehen beh\u00e4lt. Er f\u00fcgt sich perfekt in Wohnr\u00e4ume oder Wohnzimmer ein und verleiht ihnen ein Element zeitgen\u00f6ssischen Stils.   <\/p>\n<p>&nbsp;<\/p>\n<h3>Vielseitigkeit und Komfort<\/h3>\n<p>Dieser Stuhl eignet sich f\u00fcr Wohnzimmer, B\u00fcros und Essbereiche und passt sich problemlos an jede Umgebung an. Die R\u00fcckenlehne und die Sitzfl\u00e4che sind so konzipiert, dass sie maximalen Komfort bieten und ein angenehmes Sitzerlebnis f\u00fcr den Benutzer gew\u00e4hrleisten. <\/p>\n<p>&nbsp;<\/p>\n<h3>Material<\/h3>\n<p>Die Hauptstruktur dieses Stuhls ist aus hochwertigem Metall gefertigt, das eine lange Haltbarkeit und Stabilit\u00e4t gew\u00e4hrleistet. Das verwendete Metall ist gegen Korrosion behandelt, so dass der Stuhl einer intensiven t\u00e4glichen Nutzung standh\u00e4lt, ohne seinen Glanz oder seine strukturelle Integrit\u00e4t zu verlieren. Die mattschwarze Oberfl\u00e4che bietet einen eleganten, modernen Look, der sich leicht in jede Einrichtung integrieren l\u00e4sst. Die Sitzfl\u00e4che und die R\u00fcckenlehne sind aus Eichen- oder Walnussholz gefertigt, das f\u00fcr seine Langlebigkeit und Widerstandsf\u00e4higkeit bekannt ist. Das Holz ist in einem warmen Braunton gehalten, der einen angenehmen Kontrast zu dem schwarzen Metallgestell bildet.  <\/p>\n<p>&nbsp;<\/p>\n<h3>Abmessungen<\/h3>\n<p>53(L) x 45(B) x 69(H) cm<\/p>\n","protected":false},"excerpt":{"rendered":"<p>Dieser moderne Stuhl verbindet die Eleganz des minimalistischen Designs mit praktischer Funktionalit\u00e4t, ideal f\u00fcr zeitgen\u00f6ssische Innenr\u00e4ume.<\/p>\n","protected":false},"featured_media":2063,"comment_status":"open","ping_status":"closed","template":"","meta":[],"product_brand":[],"product_cat":[69],"product_tag":[],"class_list":{"0":"post-2475","1":"product","2":"type-product","3":"status-publish","4":"has-post-thumbnail","6":"product_cat-stuhle","8":"first","9":"instock","10":"shipping-taxable","11":"purchasable","12":"product-type-simple"},"yoast_head":"<!-- This site is optimized with the Yoast SEO plugin v25.5 - https:\/\/yoast.com\/wordpress\/plugins\/seo\/ -->\n<title>Stuhl 2 - Steel Woody<\/title>\n<meta name=\"robots\" content=\"index, follow, max-snippet:-1, max-image-preview:large, max-video-preview:-1\" \/>\n<link rel=\"canonical\" href=\"https:\/\/steel-woody.com\/de\/online-shop\/stuhle\/stuhl-2\/\" \/>\n<meta property=\"og:locale\" content=\"de_DE\" \/>\n<meta property=\"og:type\" content=\"article\" \/>\n<meta property=\"og:title\" content=\"Stuhl 2 - Steel Woody\" \/>\n<meta property=\"og:description\" content=\"Dieser moderne Stuhl verbindet die Eleganz des minimalistischen Designs mit praktischer Funktionalit\u00e4t, ideal f\u00fcr zeitgen\u00f6ssische Innenr\u00e4ume.\" \/>\n<meta property=\"og:url\" content=\"https:\/\/steel-woody.com\/de\/online-shop\/stuhle\/stuhl-2\/\" \/>\n<meta property=\"og:site_name\" content=\"Steel Woody\" \/>\n<meta property=\"og:image\" content=\"https:\/\/steel-woody.com\/wp-content\/uploads\/2024\/09\/4-25.jpg\" \/>\n\t<meta property=\"og:image:width\" content=\"1536\" \/>\n\t<meta property=\"og:image:height\" content=\"1167\" \/>\n\t<meta property=\"og:image:type\" content=\"image\/jpeg\" \/>\n<meta name=\"twitter:card\" content=\"summary_large_image\" \/>\n<meta name=\"twitter:label1\" content=\"Gesch\u00e4tzte Lesezeit\" \/>\n\t<meta name=\"twitter:data1\" content=\"2\u00a0Minuten\" \/>\n<script type=\"application\/ld+json\" class=\"yoast-schema-graph\">{\"@context\":\"https:\/\/schema.org\",\"@graph\":[{\"@type\":\"WebPage\",\"@id\":\"https:\/\/steel-woody.com\/de\/online-shop\/stuhle\/stuhl-2\/\",\"url\":\"https:\/\/steel-woody.com\/de\/online-shop\/stuhle\/stuhl-2\/\",\"name\":\"Stuhl 2 - Steel Woody\",\"isPartOf\":{\"@id\":\"https:\/\/steel-woody.com\/de\/#website\"},\"primaryImageOfPage\":{\"@id\":\"https:\/\/steel-woody.com\/de\/online-shop\/stuhle\/stuhl-2\/#primaryimage\"},\"image\":{\"@id\":\"https:\/\/steel-woody.com\/de\/online-shop\/stuhle\/stuhl-2\/#primaryimage\"},\"thumbnailUrl\":\"https:\/\/steel-woody.com\/wp-content\/uploads\/2024\/09\/4-25.jpg\",\"datePublished\":\"2024-09-21T16:31:46+00:00\",\"breadcrumb\":{\"@id\":\"https:\/\/steel-woody.com\/de\/online-shop\/stuhle\/stuhl-2\/#breadcrumb\"},\"inLanguage\":\"de\",\"potentialAction\":[{\"@type\":\"ReadAction\",\"target\":[\"https:\/\/steel-woody.com\/de\/online-shop\/stuhle\/stuhl-2\/\"]}]},{\"@type\":\"ImageObject\",\"inLanguage\":\"de\",\"@id\":\"https:\/\/steel-woody.com\/de\/online-shop\/stuhle\/stuhl-2\/#primaryimage\",\"url\":\"https:\/\/steel-woody.com\/wp-content\/uploads\/2024\/09\/4-25.jpg\",\"contentUrl\":\"https:\/\/steel-woody.com\/wp-content\/uploads\/2024\/09\/4-25.jpg\",\"width\":1536,\"height\":1167},{\"@type\":\"BreadcrumbList\",\"@id\":\"https:\/\/steel-woody.com\/de\/online-shop\/stuhle\/stuhl-2\/#breadcrumb\",\"itemListElement\":[{\"@type\":\"ListItem\",\"position\":1,\"name\":\"Home\",\"item\":\"https:\/\/steel-woody.com\/de\/\"},{\"@type\":\"ListItem\",\"position\":2,\"name\":\"Shop\",\"item\":\"https:\/\/steel-woody.com\/de\/online-shop\/\"},{\"@type\":\"ListItem\",\"position\":3,\"name\":\"Stuhl 2\"}]},{\"@type\":\"WebSite\",\"@id\":\"https:\/\/steel-woody.com\/de\/#website\",\"url\":\"https:\/\/steel-woody.com\/de\/\",\"name\":\"Steel Woody\",\"description\":\"\",\"potentialAction\":[{\"@type\":\"SearchAction\",\"target\":{\"@type\":\"EntryPoint\",\"urlTemplate\":\"https:\/\/steel-woody.com\/de\/?s={search_term_string}\"},\"query-input\":{\"@type\":\"PropertyValueSpecification\",\"valueRequired\":true,\"valueName\":\"search_term_string\"}}],\"inLanguage\":\"de\"}]}<\/script>\n<!-- \/ Yoast SEO plugin. -->","yoast_head_json":{"title":"Stuhl 2 - Steel Woody","robots":{"index":"index","follow":"follow","max-snippet":"max-snippet:-1","max-image-preview":"max-image-preview:large","max-video-preview":"max-video-preview:-1"},"canonical":"https:\/\/steel-woody.com\/de\/online-shop\/stuhle\/stuhl-2\/","og_locale":"de_DE","og_type":"article","og_title":"Stuhl 2 - Steel Woody","og_description":"Dieser moderne Stuhl verbindet die Eleganz des minimalistischen Designs mit praktischer Funktionalit\u00e4t, ideal f\u00fcr zeitgen\u00f6ssische Innenr\u00e4ume.","og_url":"https:\/\/steel-woody.com\/de\/online-shop\/stuhle\/stuhl-2\/","og_site_name":"Steel Woody","og_image":[{"width":1536,"height":1167,"url":"https:\/\/steel-woody.com\/wp-content\/uploads\/2024\/09\/4-25.jpg","type":"image\/jpeg"}],"twitter_card":"summary_large_image","twitter_misc":{"Gesch\u00e4tzte Lesezeit":"2\u00a0Minuten"},"schema":{"@context":"https:\/\/schema.org","@graph":[{"@type":"WebPage","@id":"https:\/\/steel-woody.com\/de\/online-shop\/stuhle\/stuhl-2\/","url":"https:\/\/steel-woody.com\/de\/online-shop\/stuhle\/stuhl-2\/","name":"Stuhl 2 - Steel Woody","isPartOf":{"@id":"https:\/\/steel-woody.com\/de\/#website"},"primaryImageOfPage":{"@id":"https:\/\/steel-woody.com\/de\/online-shop\/stuhle\/stuhl-2\/#primaryimage"},"image":{"@id":"https:\/\/steel-woody.com\/de\/online-shop\/stuhle\/stuhl-2\/#primaryimage"},"thumbnailUrl":"https:\/\/steel-woody.com\/wp-content\/uploads\/2024\/09\/4-25.jpg","datePublished":"2024-09-21T16:31:46+00:00","breadcrumb":{"@id":"https:\/\/steel-woody.com\/de\/online-shop\/stuhle\/stuhl-2\/#breadcrumb"},"inLanguage":"de","potentialAction":[{"@type":"ReadAction","target":["https:\/\/steel-woody.com\/de\/online-shop\/stuhle\/stuhl-2\/"]}]},{"@type":"ImageObject","inLanguage":"de","@id":"https:\/\/steel-woody.com\/de\/online-shop\/stuhle\/stuhl-2\/#primaryimage","url":"https:\/\/steel-woody.com\/wp-content\/uploads\/2024\/09\/4-25.jpg","contentUrl":"https:\/\/steel-woody.com\/wp-content\/uploads\/2024\/09\/4-25.jpg","width":1536,"height":1167},{"@type":"BreadcrumbList","@id":"https:\/\/steel-woody.com\/de\/online-shop\/stuhle\/stuhl-2\/#breadcrumb","itemListElement":[{"@type":"ListItem","position":1,"name":"Home","item":"https:\/\/steel-woody.com\/de\/"},{"@type":"ListItem","position":2,"name":"Shop","item":"https:\/\/steel-woody.com\/de\/online-shop\/"},{"@type":"ListItem","position":3,"name":"Stuhl 2"}]},{"@type":"WebSite","@id":"https:\/\/steel-woody.com\/de\/#website","url":"https:\/\/steel-woody.com\/de\/","name":"Steel Woody","description":"","potentialAction":[{"@type":"SearchAction","target":{"@type":"EntryPoint","urlTemplate":"https:\/\/steel-woody.com\/de\/?s={search_term_string}"},"query-input":{"@type":"PropertyValueSpecification","valueRequired":true,"valueName":"search_term_string"}}],"inLanguage":"de"}]}},"_links":{"self":[{"href":"https:\/\/steel-woody.com\/de\/wp-json\/wp\/v2\/product\/2475","targetHints":{"allow":["GET"]}}],"collection":[{"href":"https:\/\/steel-woody.com\/de\/wp-json\/wp\/v2\/product"}],"about":[{"href":"https:\/\/steel-woody.com\/de\/wp-json\/wp\/v2\/types\/product"}],"replies":[{"embeddable":true,"href":"https:\/\/steel-woody.com\/de\/wp-json\/wp\/v2\/comments?post=2475"}],"wp:featuredmedia":[{"embeddable":true,"href":"https:\/\/steel-woody.com\/de\/wp-json\/wp\/v2\/media\/2063"}],"wp:attachment":[{"href":"https:\/\/steel-woody.com\/de\/wp-json\/wp\/v2\/media?parent=2475"}],"wp:term":[{"taxonomy":"product_brand","embeddable":true,"href":"https:\/\/steel-woody.com\/de\/wp-json\/wp\/v2\/product_brand?post=2475"},{"taxonomy":"product_cat","embeddable":true,"href":"https:\/\/steel-woody.com\/de\/wp-json\/wp\/v2\/product_cat?post=2475"},{"taxonomy":"product_tag","embeddable":true,"href":"https:\/\/steel-woody.com\/de\/wp-json\/wp\/v2\/product_tag?post=2475"}],"curies":[{"name":"wp","href":"https:\/\/api.w.org\/{rel}","templated":true}]}}