{"id":2473,"date":"2024-09-21T16:32:43","date_gmt":"2024-09-21T16:32:43","guid":{"rendered":"https:\/\/steel-woody.com\/magazin\/unkategorisiert\/wandregale\/"},"modified":"2024-09-21T16:32:43","modified_gmt":"2024-09-21T16:32:43","slug":"wandregale","status":"publish","type":"product","link":"https:\/\/steel-woody.com\/de\/online-shop\/bucherregale\/wandregale\/","title":{"rendered":"Wandregale"},"content":{"rendered":"<h3>Moderne B\u00fccherregale: Stil und Funktionalit\u00e4t<\/h3>\n<p>Mit drei ger\u00e4umigen Ebenen bieten diese Regale viel Platz zum Aufbewahren und Ausstellen von B\u00fcchern, Pflanzen, Dekorationsgegenst\u00e4nden oder Souvenirs. Dank der gro\u00dfz\u00fcgigen Abmessungen l\u00e4sst sich der Raum effizient organisieren und optimal nutzen, ohne die Wand optisch zu \u00fcberladen. Diese Regale sind ideal, um thematische Ecken oder dekorative Arrangements zu schaffen, die Ihren Stil und Ihre Vorlieben widerspiegeln. Sie k\u00f6nnen au\u00dferdem Kunstobjekte oder pers\u00f6nliche Sammlungen ausstellen und so Ihr Wohnzimmer in einen einzigartigen und denkw\u00fcrdigen Raum verwandeln.  <\/p>\n<p>&nbsp;<\/p>\n<h3>Hochwertiges Holz und robuste Metallm\u00f6bel<\/h3>\n<p>Das Set enth\u00e4lt alle notwendigen Zubeh\u00f6rteile f\u00fcr eine einfache und sichere Wandmontage. Die klare und detaillierte Anleitung f\u00fchrt Sie Schritt f\u00fcr Schritt und sorgt f\u00fcr eine schnelle und problemlose Installation. Das modulare Design erm\u00f6glicht es Ihnen au\u00dferdem, den Abstand zwischen den Regalen perfekt an Ihre Bed\u00fcrfnisse anzupassen. Unsere modernen Wandregale sind mehr als nur M\u00f6belst\u00fccke; sie sind Designl\u00f6sungen, die Ihren Raum \u00e4sthetisch und funktional aufwerten.  <\/p>\n<p>&nbsp;<\/p>\n<h3>Versch\u00f6nern Sie das Ambiente Ihres Hauses!<\/h3>\n<p>Entdecken Sie die Raffinesse und Vielseitigkeit unserer modernen Wandregale, mit denen Sie jeden Wohn- oder B\u00fcroraum in einen stilvollen und funktionalen Ort verwandeln k\u00f6nnen.<\/p>\n<p>&nbsp;<\/p>\n<h3>Material<\/h3>\n<p>Die Regale werden aus den hochwertigsten Materialien hergestellt, die sowohl f\u00fcr Langlebigkeit als auch f\u00fcr \u00c4sthetik ausgew\u00e4hlt wurden. Jede Komponente wird sorgf\u00e4ltig ausgew\u00e4hlt, um ein erstklassiges Erlebnis f\u00fcr unsere Benutzer zu gew\u00e4hrleisten. Sie sind aus hochwertiger Eiche oder Nussbaum gefertigt und bieten sowohl Stabilit\u00e4t als auch ein elegantes Finish. Das Holz ist speziell behandelt, um der t\u00e4glichen Beanspruchung, einschlie\u00dflich Kratzern, Flecken und Verf\u00e4rbungen, standzuhalten. Die glatte, hochgl\u00e4nzende Oberfl\u00e4che des Holzes bringt die nat\u00fcrliche Textur und die satten Farben zur Geltung und verleiht jedem Raum Raffinesse. <\/p>\n<p>&nbsp;<\/p>\n<h3>Abmessungen<\/h3>\n<p>70,8(L) x 39,1(B) x 81(H) cm<\/p>\n","protected":false},"excerpt":{"rendered":"<p>Mit drei ger\u00e4umigen Ebenen bieten diese Regale viel Platz f\u00fcr die Aufbewahrung und Pr\u00e4sentation von B\u00fcchern, Pflanzen, Dekorationsgegenst\u00e4nden oder Souvenirs.<\/p>\n","protected":false},"featured_media":2075,"comment_status":"open","ping_status":"closed","template":"","meta":[],"product_brand":[],"product_cat":[67],"product_tag":[],"class_list":{"0":"post-2473","1":"product","2":"type-product","3":"status-publish","4":"has-post-thumbnail","6":"product_cat-bucherregale","8":"first","9":"instock","10":"shipping-taxable","11":"purchasable","12":"product-type-simple"},"yoast_head":"<!-- This site is optimized with the Yoast SEO plugin v25.5 - https:\/\/yoast.com\/wordpress\/plugins\/seo\/ -->\n<title>Wandregale - Steel Woody<\/title>\n<meta name=\"robots\" content=\"index, follow, max-snippet:-1, max-image-preview:large, max-video-preview:-1\" \/>\n<link rel=\"canonical\" href=\"https:\/\/steel-woody.com\/de\/online-shop\/bucherregale\/wandregale\/\" \/>\n<meta property=\"og:locale\" content=\"de_DE\" \/>\n<meta property=\"og:type\" content=\"article\" \/>\n<meta property=\"og:title\" content=\"Wandregale - Steel Woody\" \/>\n<meta property=\"og:description\" content=\"Mit drei ger\u00e4umigen Ebenen bieten diese Regale viel Platz f\u00fcr die Aufbewahrung und Pr\u00e4sentation von B\u00fcchern, Pflanzen, Dekorationsgegenst\u00e4nden oder Souvenirs.\" \/>\n<meta property=\"og:url\" content=\"https:\/\/steel-woody.com\/de\/online-shop\/bucherregale\/wandregale\/\" \/>\n<meta property=\"og:site_name\" content=\"Steel Woody\" \/>\n<meta property=\"og:image\" content=\"https:\/\/steel-woody.com\/wp-content\/uploads\/2024\/09\/4-26.jpg\" \/>\n\t<meta property=\"og:image:width\" content=\"1536\" \/>\n\t<meta property=\"og:image:height\" content=\"1167\" \/>\n\t<meta property=\"og:image:type\" content=\"image\/jpeg\" \/>\n<meta name=\"twitter:card\" content=\"summary_large_image\" \/>\n<meta name=\"twitter:label1\" content=\"Gesch\u00e4tzte Lesezeit\" \/>\n\t<meta name=\"twitter:data1\" content=\"2\u00a0Minuten\" \/>\n<script type=\"application\/ld+json\" class=\"yoast-schema-graph\">{\"@context\":\"https:\/\/schema.org\",\"@graph\":[{\"@type\":\"WebPage\",\"@id\":\"https:\/\/steel-woody.com\/de\/online-shop\/bucherregale\/wandregale\/\",\"url\":\"https:\/\/steel-woody.com\/de\/online-shop\/bucherregale\/wandregale\/\",\"name\":\"Wandregale - Steel Woody\",\"isPartOf\":{\"@id\":\"https:\/\/steel-woody.com\/de\/#website\"},\"primaryImageOfPage\":{\"@id\":\"https:\/\/steel-woody.com\/de\/online-shop\/bucherregale\/wandregale\/#primaryimage\"},\"image\":{\"@id\":\"https:\/\/steel-woody.com\/de\/online-shop\/bucherregale\/wandregale\/#primaryimage\"},\"thumbnailUrl\":\"https:\/\/steel-woody.com\/wp-content\/uploads\/2024\/09\/4-26.jpg\",\"datePublished\":\"2024-09-21T16:32:43+00:00\",\"breadcrumb\":{\"@id\":\"https:\/\/steel-woody.com\/de\/online-shop\/bucherregale\/wandregale\/#breadcrumb\"},\"inLanguage\":\"de\",\"potentialAction\":[{\"@type\":\"ReadAction\",\"target\":[\"https:\/\/steel-woody.com\/de\/online-shop\/bucherregale\/wandregale\/\"]}]},{\"@type\":\"ImageObject\",\"inLanguage\":\"de\",\"@id\":\"https:\/\/steel-woody.com\/de\/online-shop\/bucherregale\/wandregale\/#primaryimage\",\"url\":\"https:\/\/steel-woody.com\/wp-content\/uploads\/2024\/09\/4-26.jpg\",\"contentUrl\":\"https:\/\/steel-woody.com\/wp-content\/uploads\/2024\/09\/4-26.jpg\",\"width\":1536,\"height\":1167},{\"@type\":\"BreadcrumbList\",\"@id\":\"https:\/\/steel-woody.com\/de\/online-shop\/bucherregale\/wandregale\/#breadcrumb\",\"itemListElement\":[{\"@type\":\"ListItem\",\"position\":1,\"name\":\"Home\",\"item\":\"https:\/\/steel-woody.com\/de\/\"},{\"@type\":\"ListItem\",\"position\":2,\"name\":\"Shop\",\"item\":\"https:\/\/steel-woody.com\/de\/online-shop\/\"},{\"@type\":\"ListItem\",\"position\":3,\"name\":\"Wandregale\"}]},{\"@type\":\"WebSite\",\"@id\":\"https:\/\/steel-woody.com\/de\/#website\",\"url\":\"https:\/\/steel-woody.com\/de\/\",\"name\":\"Steel Woody\",\"description\":\"\",\"potentialAction\":[{\"@type\":\"SearchAction\",\"target\":{\"@type\":\"EntryPoint\",\"urlTemplate\":\"https:\/\/steel-woody.com\/de\/?s={search_term_string}\"},\"query-input\":{\"@type\":\"PropertyValueSpecification\",\"valueRequired\":true,\"valueName\":\"search_term_string\"}}],\"inLanguage\":\"de\"}]}<\/script>\n<!-- \/ Yoast SEO plugin. -->","yoast_head_json":{"title":"Wandregale - Steel Woody","robots":{"index":"index","follow":"follow","max-snippet":"max-snippet:-1","max-image-preview":"max-image-preview:large","max-video-preview":"max-video-preview:-1"},"canonical":"https:\/\/steel-woody.com\/de\/online-shop\/bucherregale\/wandregale\/","og_locale":"de_DE","og_type":"article","og_title":"Wandregale - Steel Woody","og_description":"Mit drei ger\u00e4umigen Ebenen bieten diese Regale viel Platz f\u00fcr die Aufbewahrung und Pr\u00e4sentation von B\u00fcchern, Pflanzen, Dekorationsgegenst\u00e4nden oder Souvenirs.","og_url":"https:\/\/steel-woody.com\/de\/online-shop\/bucherregale\/wandregale\/","og_site_name":"Steel Woody","og_image":[{"width":1536,"height":1167,"url":"https:\/\/steel-woody.com\/wp-content\/uploads\/2024\/09\/4-26.jpg","type":"image\/jpeg"}],"twitter_card":"summary_large_image","twitter_misc":{"Gesch\u00e4tzte Lesezeit":"2\u00a0Minuten"},"schema":{"@context":"https:\/\/schema.org","@graph":[{"@type":"WebPage","@id":"https:\/\/steel-woody.com\/de\/online-shop\/bucherregale\/wandregale\/","url":"https:\/\/steel-woody.com\/de\/online-shop\/bucherregale\/wandregale\/","name":"Wandregale - Steel Woody","isPartOf":{"@id":"https:\/\/steel-woody.com\/de\/#website"},"primaryImageOfPage":{"@id":"https:\/\/steel-woody.com\/de\/online-shop\/bucherregale\/wandregale\/#primaryimage"},"image":{"@id":"https:\/\/steel-woody.com\/de\/online-shop\/bucherregale\/wandregale\/#primaryimage"},"thumbnailUrl":"https:\/\/steel-woody.com\/wp-content\/uploads\/2024\/09\/4-26.jpg","datePublished":"2024-09-21T16:32:43+00:00","breadcrumb":{"@id":"https:\/\/steel-woody.com\/de\/online-shop\/bucherregale\/wandregale\/#breadcrumb"},"inLanguage":"de","potentialAction":[{"@type":"ReadAction","target":["https:\/\/steel-woody.com\/de\/online-shop\/bucherregale\/wandregale\/"]}]},{"@type":"ImageObject","inLanguage":"de","@id":"https:\/\/steel-woody.com\/de\/online-shop\/bucherregale\/wandregale\/#primaryimage","url":"https:\/\/steel-woody.com\/wp-content\/uploads\/2024\/09\/4-26.jpg","contentUrl":"https:\/\/steel-woody.com\/wp-content\/uploads\/2024\/09\/4-26.jpg","width":1536,"height":1167},{"@type":"BreadcrumbList","@id":"https:\/\/steel-woody.com\/de\/online-shop\/bucherregale\/wandregale\/#breadcrumb","itemListElement":[{"@type":"ListItem","position":1,"name":"Home","item":"https:\/\/steel-woody.com\/de\/"},{"@type":"ListItem","position":2,"name":"Shop","item":"https:\/\/steel-woody.com\/de\/online-shop\/"},{"@type":"ListItem","position":3,"name":"Wandregale"}]},{"@type":"WebSite","@id":"https:\/\/steel-woody.com\/de\/#website","url":"https:\/\/steel-woody.com\/de\/","name":"Steel Woody","description":"","potentialAction":[{"@type":"SearchAction","target":{"@type":"EntryPoint","urlTemplate":"https:\/\/steel-woody.com\/de\/?s={search_term_string}"},"query-input":{"@type":"PropertyValueSpecification","valueRequired":true,"valueName":"search_term_string"}}],"inLanguage":"de"}]}},"_links":{"self":[{"href":"https:\/\/steel-woody.com\/de\/wp-json\/wp\/v2\/product\/2473","targetHints":{"allow":["GET"]}}],"collection":[{"href":"https:\/\/steel-woody.com\/de\/wp-json\/wp\/v2\/product"}],"about":[{"href":"https:\/\/steel-woody.com\/de\/wp-json\/wp\/v2\/types\/product"}],"replies":[{"embeddable":true,"href":"https:\/\/steel-woody.com\/de\/wp-json\/wp\/v2\/comments?post=2473"}],"wp:featuredmedia":[{"embeddable":true,"href":"https:\/\/steel-woody.com\/de\/wp-json\/wp\/v2\/media\/2075"}],"wp:attachment":[{"href":"https:\/\/steel-woody.com\/de\/wp-json\/wp\/v2\/media?parent=2473"}],"wp:term":[{"taxonomy":"product_brand","embeddable":true,"href":"https:\/\/steel-woody.com\/de\/wp-json\/wp\/v2\/product_brand?post=2473"},{"taxonomy":"product_cat","embeddable":true,"href":"https:\/\/steel-woody.com\/de\/wp-json\/wp\/v2\/product_cat?post=2473"},{"taxonomy":"product_tag","embeddable":true,"href":"https:\/\/steel-woody.com\/de\/wp-json\/wp\/v2\/product_tag?post=2473"}],"curies":[{"name":"wp","href":"https:\/\/api.w.org\/{rel}","templated":true}]}}