{"id":2395,"date":"2024-09-12T15:17:39","date_gmt":"2024-09-12T15:17:39","guid":{"rendered":"https:\/\/steel-woody.com\/bedingungen-und-konditionen\/"},"modified":"2024-10-21T14:39:38","modified_gmt":"2024-10-21T14:39:38","slug":"bedingungen-und-konditionen","status":"publish","type":"page","link":"https:\/\/steel-woody.com\/de\/bedingungen-und-konditionen\/","title":{"rendered":"Bedingungen und Konditionen"},"content":{"rendered":"\t\t<div data-elementor-type=\"wp-page\" data-elementor-id=\"2395\" class=\"elementor elementor-2395 elementor-254\" data-elementor-post-type=\"page\">\n\t\t\t\t<div class=\"elementor-element elementor-element-eed9b21 e-flex e-con-boxed e-con e-parent\" data-id=\"eed9b21\" data-element_type=\"container\" data-settings=\"{&quot;background_background&quot;:&quot;classic&quot;}\">\n\t\t\t\t\t<div class=\"e-con-inner\">\n\t\t<div class=\"elementor-element elementor-element-2cbf808 e-con-full e-flex e-con e-child\" data-id=\"2cbf808\" data-element_type=\"container\">\n\t\t\t\t<div class=\"elementor-element elementor-element-5914247 elementor-widget elementor-widget-heading\" data-id=\"5914247\" data-element_type=\"widget\" data-widget_type=\"heading.default\">\n\t\t\t\t<div class=\"elementor-widget-container\">\n\t\t\t\t\t<h2 class=\"elementor-heading-title elementor-size-default\">Bedingungen und Konditionen<\/h2>\t\t\t\t<\/div>\n\t\t\t\t<\/div>\n\t\t\t\t<div class=\"elementor-element elementor-element-736d1a0 elementor-widget elementor-widget-text-editor\" data-id=\"736d1a0\" data-element_type=\"widget\" data-widget_type=\"text-editor.default\">\n\t\t\t\t<div class=\"elementor-widget-container\">\n\t\t\t\t\t\t\t\t\t<p>Willkommen auf der Website <strong>von SteelWoody<\/strong>. Indem Sie auf diese Website zugreifen und sie nutzen, erkl\u00e4ren Sie sich mit den nachstehenden Bestimmungen und Bedingungen einverstanden. Bitte lesen Sie diese sorgf\u00e4ltig durch, bevor Sie die Website nutzen oder eine Bestellung aufgeben.  <\/p>\n\t\t\t\t\t\t\t\t<\/div>\n\t\t\t\t<\/div>\n\t\t\t\t<div class=\"elementor-element elementor-element-3ca06c2 elementor-widget elementor-widget-heading\" data-id=\"3ca06c2\" data-element_type=\"widget\" data-widget_type=\"heading.default\">\n\t\t\t\t<div class=\"elementor-widget-container\">\n\t\t\t\t\t<h2 class=\"elementor-heading-title elementor-size-default\">1. Akzeptanz der Bedingungen<\/h2>\t\t\t\t<\/div>\n\t\t\t\t<\/div>\n\t\t\t\t<div class=\"elementor-element elementor-element-fba16d6 elementor-widget elementor-widget-text-editor\" data-id=\"fba16d6\" data-element_type=\"widget\" data-widget_type=\"text-editor.default\">\n\t\t\t\t<div class=\"elementor-widget-container\">\n\t\t\t\t\t\t\t\t\t<p>Indem Sie auf diese Website zugreifen und Bestellungen aufgeben, best\u00e4tigen Sie, dass Sie mit unseren Allgemeinen Gesch\u00e4ftsbedingungen einverstanden sind. Wenn Sie mit diesen Bedingungen nicht einverstanden sind, nutzen Sie diese Website bitte nicht. <\/p>\n\t\t\t\t\t\t\t\t<\/div>\n\t\t\t\t<\/div>\n\t\t\t\t<div class=\"elementor-element elementor-element-e624ca4 elementor-widget elementor-widget-heading\" data-id=\"e624ca4\" data-element_type=\"widget\" data-widget_type=\"heading.default\">\n\t\t\t\t<div class=\"elementor-widget-container\">\n\t\t\t\t\t<h2 class=\"elementor-heading-title elementor-size-default\">2. Produkt Information\n<\/h2>\t\t\t\t<\/div>\n\t\t\t\t<\/div>\n\t\t\t\t<div class=\"elementor-element elementor-element-6497d0f elementor-widget elementor-widget-text-editor\" data-id=\"6497d0f\" data-element_type=\"widget\" data-widget_type=\"text-editor.default\">\n\t\t\t\t<div class=\"elementor-widget-container\">\n\t\t\t\t\t\t\t\t\t<p>Wir bem\u00fchen uns, unsere Produkte so genau wie m\u00f6glich zu beschreiben. Aufgrund der Beschaffenheit der Bildschirmanzeige kann es jedoch zu leichten Abweichungen bei Farbe, Gr\u00f6\u00dfe oder Aussehen der Produkte kommen.   [Numele Brandului]  kann nicht garantieren, dass die Produktbilder auf der Website die tats\u00e4chlichen Produkte korrekt wiedergeben.<\/p>\n\t\t\t\t\t\t\t\t<\/div>\n\t\t\t\t<\/div>\n\t\t\t\t<div class=\"elementor-element elementor-element-a45e4c4 elementor-widget elementor-widget-heading\" data-id=\"a45e4c4\" data-element_type=\"widget\" data-widget_type=\"heading.default\">\n\t\t\t\t<div class=\"elementor-widget-container\">\n\t\t\t\t\t<h2 class=\"elementor-heading-title elementor-size-default\">3. Bestellungen und Verf\u00fcgbarkeit\n<\/h2>\t\t\t\t<\/div>\n\t\t\t\t<\/div>\n\t\t\t\t<div class=\"elementor-element elementor-element-7092e76 elementor-widget elementor-widget-text-editor\" data-id=\"7092e76\" data-element_type=\"widget\" data-widget_type=\"text-editor.default\">\n\t\t\t\t<div class=\"elementor-widget-container\">\n\t\t\t\t\t\t\t\t\t<p>Sobald Sie eine Bestellung aufgegeben haben, erhalten Sie eine Best\u00e4tigung per E-Mail. Wenn ein Produkt nicht verf\u00fcgbar ist oder ein Fehler in Ihren Bestelldaten vorliegt, behalten wir uns das Recht vor, Ihre Bestellung zu stornieren und Sie zu gegebener Zeit zu informieren. <\/p>\n\t\t\t\t\t\t\t\t<\/div>\n\t\t\t\t<\/div>\n\t\t\t\t<div class=\"elementor-element elementor-element-fb9c845 elementor-widget elementor-widget-heading\" data-id=\"fb9c845\" data-element_type=\"widget\" data-widget_type=\"heading.default\">\n\t\t\t\t<div class=\"elementor-widget-container\">\n\t\t\t\t\t<h2 class=\"elementor-heading-title elementor-size-default\">4. Preise und Bezahlung\n<\/h2>\t\t\t\t<\/div>\n\t\t\t\t<\/div>\n\t\t\t\t<div class=\"elementor-element elementor-element-3cda496 elementor-widget elementor-widget-text-editor\" data-id=\"3cda496\" data-element_type=\"widget\" data-widget_type=\"text-editor.default\">\n\t\t\t\t<div class=\"elementor-widget-container\">\n\t\t\t\t\t\t\t\t\t<p>[moneda local\u0103] Die auf der Website angezeigten Preise sind in und enthalten die Mehrwertsteuer, sofern anwendbar. Zahlungen k\u00f6nnen per Bankkarte, Bank\u00fcberweisung oder Nachnahme erfolgen. Wir behalten uns das Recht vor, die Preise ohne vorherige Ank\u00fcndigung zu \u00e4ndern, aber solche \u00c4nderungen haben keine Auswirkungen auf bereits best\u00e4tigte Bestellungen.  <\/p>\n\t\t\t\t\t\t\t\t<\/div>\n\t\t\t\t<\/div>\n\t\t\t\t<div class=\"elementor-element elementor-element-5e120bf elementor-widget elementor-widget-heading\" data-id=\"5e120bf\" data-element_type=\"widget\" data-widget_type=\"heading.default\">\n\t\t\t\t<div class=\"elementor-widget-container\">\n\t\t\t\t\t<h2 class=\"elementor-heading-title elementor-size-default\">5. Lieferung\n<\/h2>\t\t\t\t<\/div>\n\t\t\t\t<\/div>\n\t\t\t\t<div class=\"elementor-element elementor-element-01cdddc elementor-widget elementor-widget-text-editor\" data-id=\"01cdddc\" data-element_type=\"widget\" data-widget_type=\"text-editor.default\">\n\t\t\t\t<div class=\"elementor-widget-container\">\n\t\t\t\t\t\t\t\t\t<p>Wir bieten eine landesweite Lieferung an. [num\u0103r] [num\u0103r] Die gesch\u00e4tzte Lieferzeit liegt zwischen und Werktagen, je nach Standort und Verf\u00fcgbarkeit der Produkte. Im Falle von Verz\u00f6gerungen oder Lieferproblemen werden wir Sie so schnell wie m\u00f6glich informieren.  <\/p>\n\t\t\t\t\t\t\t\t<\/div>\n\t\t\t\t<\/div>\n\t\t\t\t<div class=\"elementor-element elementor-element-1c65d77 elementor-widget elementor-widget-heading\" data-id=\"1c65d77\" data-element_type=\"widget\" data-widget_type=\"heading.default\">\n\t\t\t\t<div class=\"elementor-widget-container\">\n\t\t\t\t\t<h2 class=\"elementor-heading-title elementor-size-default\">6. R\u00fcckgaberecht\n<\/h2>\t\t\t\t<\/div>\n\t\t\t\t<\/div>\n\t\t\t\t<div class=\"elementor-element elementor-element-5635363 elementor-widget elementor-widget-text-editor\" data-id=\"5635363\" data-element_type=\"widget\" data-widget_type=\"text-editor.default\">\n\t\t\t\t<div class=\"elementor-widget-container\">\n\t\t\t\t\t\t\t\t\t<p>[num\u0103r] Sie k\u00f6nnen die Produkte innerhalb von wenigen Tagen nach Erhalt gem\u00e4\u00df den auf der Website aufgef\u00fchrten <strong>R\u00fcckgabebedingungen<\/strong> zur\u00fcckgeben. Die Produkte m\u00fcssen unbenutzt sein, in der Originalverpackung und im gleichen Zustand, wie Sie sie erhalten haben. <\/p>\n\t\t\t\t\t\t\t\t<\/div>\n\t\t\t\t<\/div>\n\t\t\t\t<div class=\"elementor-element elementor-element-d8fb914 elementor-widget elementor-widget-heading\" data-id=\"d8fb914\" data-element_type=\"widget\" data-widget_type=\"heading.default\">\n\t\t\t\t<div class=\"elementor-widget-container\">\n\t\t\t\t\t<h2 class=\"elementor-heading-title elementor-size-default\">7. Garantien und Haftung\n<\/h2>\t\t\t\t<\/div>\n\t\t\t\t<\/div>\n\t\t\t\t<div class=\"elementor-element elementor-element-7503d12 elementor-widget elementor-widget-text-editor\" data-id=\"7503d12\" data-element_type=\"widget\" data-widget_type=\"text-editor.default\">\n\t\t\t\t<div class=\"elementor-widget-container\">\n\t\t\t\t\t\t\t\t\t<p>[num\u0103r] Auf alle unsere Produkte gew\u00e4hren wir ein Jahr Garantie. Sollte ein Produkt einen Herstellungsfehler aufweisen, wenden Sie sich bitte an uns, um die Situation zu kl\u00e4ren. Die Garantie gilt nicht f\u00fcr normale Abnutzung, Missbrauch oder versehentliche Sch\u00e4den.  <\/p>\n\t\t\t\t\t\t\t\t<\/div>\n\t\t\t\t<\/div>\n\t\t\t\t<div class=\"elementor-element elementor-element-39ec09f elementor-widget elementor-widget-heading\" data-id=\"39ec09f\" data-element_type=\"widget\" data-widget_type=\"heading.default\">\n\t\t\t\t<div class=\"elementor-widget-container\">\n\t\t\t\t\t<h2 class=\"elementor-heading-title elementor-size-default\">8. Vertraulichkeit der Daten\n<\/h2>\t\t\t\t<\/div>\n\t\t\t\t<\/div>\n\t\t\t\t<div class=\"elementor-element elementor-element-5c31808 elementor-widget elementor-widget-text-editor\" data-id=\"5c31808\" data-element_type=\"widget\" data-widget_type=\"text-editor.default\">\n\t\t\t\t<div class=\"elementor-widget-container\">\n\t\t\t\t\t\t\t\t\t<p>Ihre pers\u00f6nlichen Daten werden in \u00dcbereinstimmung mit unserer <strong>Datenschutzrichtlinie<\/strong> gesch\u00fctzt und verwendet <strong>.<\/strong> Wir verpflichten uns, die Vertraulichkeit und Sicherheit der von unseren Kunden bereitgestellten Informationen zu wahren. <\/p>\n\t\t\t\t\t\t\t\t<\/div>\n\t\t\t\t<\/div>\n\t\t\t\t<div class=\"elementor-element elementor-element-d43fb13 elementor-widget elementor-widget-heading\" data-id=\"d43fb13\" data-element_type=\"widget\" data-widget_type=\"heading.default\">\n\t\t\t\t<div class=\"elementor-widget-container\">\n\t\t\t\t\t<h2 class=\"elementor-heading-title elementor-size-default\">9. Rechte an geistigem Eigentum<\/h2>\t\t\t\t<\/div>\n\t\t\t\t<\/div>\n\t\t\t\t<div class=\"elementor-element elementor-element-458051e elementor-widget elementor-widget-text-editor\" data-id=\"458051e\" data-element_type=\"widget\" data-widget_type=\"text-editor.default\">\n\t\t\t\t<div class=\"elementor-widget-container\">\n\t\t\t\t\t\t\t\t\t<p>[Numele Brandului] Der Inhalt dieser Website (Texte, Bilder, Grafiken, Logos) ist Eigentum von und durch das Urheberrechtsgesetz gesch\u00fctzt. Jegliche Vervielf\u00e4ltigung, Verbreitung oder Nutzung dieser Inhalte ohne unsere schriftliche Zustimmung ist verboten. <\/p>\n\t\t\t\t\t\t\t\t<\/div>\n\t\t\t\t<\/div>\n\t\t\t\t<div class=\"elementor-element elementor-element-f096adb elementor-widget elementor-widget-heading\" data-id=\"f096adb\" data-element_type=\"widget\" data-widget_type=\"heading.default\">\n\t\t\t\t<div class=\"elementor-widget-container\">\n\t\t\t\t\t<h2 class=\"elementor-heading-title elementor-size-default\">10. Rechtsstreitigkeiten und anwendbares Recht\n<\/h2>\t\t\t\t<\/div>\n\t\t\t\t<\/div>\n\t\t\t\t<div class=\"elementor-element elementor-element-355b12d elementor-widget elementor-widget-text-editor\" data-id=\"355b12d\" data-element_type=\"widget\" data-widget_type=\"text-editor.default\">\n\t\t\t\t<div class=\"elementor-widget-container\">\n\t\t\t\t\t\t\t\t\t<p>[Numele Brandului] Alle Streitigkeiten zwischen Kunden und werden g\u00fctlich beigelegt. [localitatea sau \u021bara] Sollte dies nicht m\u00f6glich sein, werden die Streitigkeiten von den zust\u00e4ndigen Gerichten von . <\/p>\n\t\t\t\t\t\t\t\t<\/div>\n\t\t\t\t<\/div>\n\t\t\t\t<div class=\"elementor-element elementor-element-ee968d8 elementor-widget elementor-widget-heading\" data-id=\"ee968d8\" data-element_type=\"widget\" data-widget_type=\"heading.default\">\n\t\t\t\t<div class=\"elementor-widget-container\">\n\t\t\t\t\t<h2 class=\"elementor-heading-title elementor-size-default\">11. \u00c4nderung der Bedingungen\n<\/h2>\t\t\t\t<\/div>\n\t\t\t\t<\/div>\n\t\t\t\t<div class=\"elementor-element elementor-element-b118d7b elementor-widget elementor-widget-text-editor\" data-id=\"b118d7b\" data-element_type=\"widget\" data-widget_type=\"text-editor.default\">\n\t\t\t\t<div class=\"elementor-widget-container\">\n\t\t\t\t\t\t\t\t\t<p>Wir behalten uns das Recht vor, diese Allgemeinen Gesch\u00e4ftsbedingungen jederzeit und ohne vorherige Ank\u00fcndigung zu \u00e4ndern. Wir empfehlen Ihnen, diese Seite regelm\u00e4\u00dfig zu \u00fcberpr\u00fcfen, um sich \u00fcber etwaige \u00c4nderungen zu informieren. <\/p>\n\t\t\t\t\t\t\t\t<\/div>\n\t\t\t\t<\/div>\n\t\t\t\t<div class=\"elementor-element elementor-element-fc3b868 elementor-widget elementor-widget-heading\" data-id=\"fc3b868\" data-element_type=\"widget\" data-widget_type=\"heading.default\">\n\t\t\t\t<div class=\"elementor-widget-container\">\n\t\t\t\t\t<h2 class=\"elementor-heading-title elementor-size-default\">Kontakt<\/h2>\t\t\t\t<\/div>\n\t\t\t\t<\/div>\n\t\t\t\t<div class=\"elementor-element elementor-element-1ed5b82 elementor-widget elementor-widget-text-editor\" data-id=\"1ed5b82\" data-element_type=\"widget\" data-widget_type=\"text-editor.default\">\n\t\t\t\t<div class=\"elementor-widget-container\">\n\t\t\t\t\t\t\t\t\t<p>[adresa de email] [num\u0103rul de telefon]Bei weiteren Fragen zu unseren Allgemeinen Gesch\u00e4ftsbedingungen kontaktieren Sie uns bitte unter oder .<\/p>\n\t\t\t\t\t\t\t\t<\/div>\n\t\t\t\t<\/div>\n\t\t\t\t<\/div>\n\t\t\t\t\t<\/div>\n\t\t\t\t<\/div>\n\t\t\t\t<\/div>\n\t\t","protected":false},"excerpt":{"rendered":"<p>Bedingungen und Konditionen Willkommen auf der Website von SteelWoody. Indem Sie auf diese Website zugreifen und sie nutzen, erkl\u00e4ren Sie sich mit den nachstehenden Bestimmungen und Bedingungen einverstanden. Bitte lesen Sie diese sorgf\u00e4ltig durch, bevor Sie die Website nutzen oder eine Bestellung aufgeben. 1. Akzeptanz der Bedingungen Indem Sie auf diese Website zugreifen und Bestellungen [&hellip;]<\/p>\n","protected":false},"author":1,"featured_media":0,"parent":0,"menu_order":0,"comment_status":"closed","ping_status":"closed","template":"elementor_header_footer","meta":{"footnotes":""},"class_list":["post-2395","page","type-page","status-publish","hentry"],"yoast_head":"<!-- This site is optimized with the Yoast SEO plugin v25.5 - https:\/\/yoast.com\/wordpress\/plugins\/seo\/ -->\n<title>Bedingungen und Konditionen - Steel Woody<\/title>\n<meta name=\"robots\" content=\"index, follow, max-snippet:-1, max-image-preview:large, max-video-preview:-1\" \/>\n<link rel=\"canonical\" href=\"https:\/\/steel-woody.com\/de\/bedingungen-und-konditionen\/\" \/>\n<meta property=\"og:locale\" content=\"de_DE\" \/>\n<meta property=\"og:type\" content=\"article\" \/>\n<meta property=\"og:title\" content=\"Bedingungen und Konditionen - Steel Woody\" \/>\n<meta property=\"og:description\" content=\"Bedingungen und Konditionen Willkommen auf der Website von SteelWoody. Indem Sie auf diese Website zugreifen und sie nutzen, erkl\u00e4ren Sie sich mit den nachstehenden Bestimmungen und Bedingungen einverstanden. Bitte lesen Sie diese sorgf\u00e4ltig durch, bevor Sie die Website nutzen oder eine Bestellung aufgeben. 1. Akzeptanz der Bedingungen Indem Sie auf diese Website zugreifen und Bestellungen [&hellip;]\" \/>\n<meta property=\"og:url\" content=\"https:\/\/steel-woody.com\/de\/bedingungen-und-konditionen\/\" \/>\n<meta property=\"og:site_name\" content=\"Steel Woody\" \/>\n<meta property=\"article:modified_time\" content=\"2024-10-21T14:39:38+00:00\" \/>\n<meta name=\"twitter:card\" content=\"summary_large_image\" \/>\n<meta name=\"twitter:label1\" content=\"Gesch\u00e4tzte Lesezeit\" \/>\n\t<meta name=\"twitter:data1\" content=\"3\u00a0Minuten\" \/>\n<script type=\"application\/ld+json\" class=\"yoast-schema-graph\">{\"@context\":\"https:\/\/schema.org\",\"@graph\":[{\"@type\":\"WebPage\",\"@id\":\"https:\/\/steel-woody.com\/de\/bedingungen-und-konditionen\/\",\"url\":\"https:\/\/steel-woody.com\/de\/bedingungen-und-konditionen\/\",\"name\":\"Bedingungen und Konditionen - Steel Woody\",\"isPartOf\":{\"@id\":\"https:\/\/steel-woody.com\/de\/#website\"},\"datePublished\":\"2024-09-12T15:17:39+00:00\",\"dateModified\":\"2024-10-21T14:39:38+00:00\",\"breadcrumb\":{\"@id\":\"https:\/\/steel-woody.com\/de\/bedingungen-und-konditionen\/#breadcrumb\"},\"inLanguage\":\"de\",\"potentialAction\":[{\"@type\":\"ReadAction\",\"target\":[\"https:\/\/steel-woody.com\/de\/bedingungen-und-konditionen\/\"]}]},{\"@type\":\"BreadcrumbList\",\"@id\":\"https:\/\/steel-woody.com\/de\/bedingungen-und-konditionen\/#breadcrumb\",\"itemListElement\":[{\"@type\":\"ListItem\",\"position\":1,\"name\":\"Home\",\"item\":\"https:\/\/steel-woody.com\/de\/\"},{\"@type\":\"ListItem\",\"position\":2,\"name\":\"Bedingungen und Konditionen\"}]},{\"@type\":\"WebSite\",\"@id\":\"https:\/\/steel-woody.com\/de\/#website\",\"url\":\"https:\/\/steel-woody.com\/de\/\",\"name\":\"Steel Woody\",\"description\":\"\",\"potentialAction\":[{\"@type\":\"SearchAction\",\"target\":{\"@type\":\"EntryPoint\",\"urlTemplate\":\"https:\/\/steel-woody.com\/de\/?s={search_term_string}\"},\"query-input\":{\"@type\":\"PropertyValueSpecification\",\"valueRequired\":true,\"valueName\":\"search_term_string\"}}],\"inLanguage\":\"de\"}]}<\/script>\n<!-- \/ Yoast SEO plugin. -->","yoast_head_json":{"title":"Bedingungen und Konditionen - Steel Woody","robots":{"index":"index","follow":"follow","max-snippet":"max-snippet:-1","max-image-preview":"max-image-preview:large","max-video-preview":"max-video-preview:-1"},"canonical":"https:\/\/steel-woody.com\/de\/bedingungen-und-konditionen\/","og_locale":"de_DE","og_type":"article","og_title":"Bedingungen und Konditionen - Steel Woody","og_description":"Bedingungen und Konditionen Willkommen auf der Website von SteelWoody. Indem Sie auf diese Website zugreifen und sie nutzen, erkl\u00e4ren Sie sich mit den nachstehenden Bestimmungen und Bedingungen einverstanden. Bitte lesen Sie diese sorgf\u00e4ltig durch, bevor Sie die Website nutzen oder eine Bestellung aufgeben. 1. Akzeptanz der Bedingungen Indem Sie auf diese Website zugreifen und Bestellungen [&hellip;]","og_url":"https:\/\/steel-woody.com\/de\/bedingungen-und-konditionen\/","og_site_name":"Steel Woody","article_modified_time":"2024-10-21T14:39:38+00:00","twitter_card":"summary_large_image","twitter_misc":{"Gesch\u00e4tzte Lesezeit":"3\u00a0Minuten"},"schema":{"@context":"https:\/\/schema.org","@graph":[{"@type":"WebPage","@id":"https:\/\/steel-woody.com\/de\/bedingungen-und-konditionen\/","url":"https:\/\/steel-woody.com\/de\/bedingungen-und-konditionen\/","name":"Bedingungen und Konditionen - Steel Woody","isPartOf":{"@id":"https:\/\/steel-woody.com\/de\/#website"},"datePublished":"2024-09-12T15:17:39+00:00","dateModified":"2024-10-21T14:39:38+00:00","breadcrumb":{"@id":"https:\/\/steel-woody.com\/de\/bedingungen-und-konditionen\/#breadcrumb"},"inLanguage":"de","potentialAction":[{"@type":"ReadAction","target":["https:\/\/steel-woody.com\/de\/bedingungen-und-konditionen\/"]}]},{"@type":"BreadcrumbList","@id":"https:\/\/steel-woody.com\/de\/bedingungen-und-konditionen\/#breadcrumb","itemListElement":[{"@type":"ListItem","position":1,"name":"Home","item":"https:\/\/steel-woody.com\/de\/"},{"@type":"ListItem","position":2,"name":"Bedingungen und Konditionen"}]},{"@type":"WebSite","@id":"https:\/\/steel-woody.com\/de\/#website","url":"https:\/\/steel-woody.com\/de\/","name":"Steel Woody","description":"","potentialAction":[{"@type":"SearchAction","target":{"@type":"EntryPoint","urlTemplate":"https:\/\/steel-woody.com\/de\/?s={search_term_string}"},"query-input":{"@type":"PropertyValueSpecification","valueRequired":true,"valueName":"search_term_string"}}],"inLanguage":"de"}]}},"_links":{"self":[{"href":"https:\/\/steel-woody.com\/de\/wp-json\/wp\/v2\/pages\/2395","targetHints":{"allow":["GET"]}}],"collection":[{"href":"https:\/\/steel-woody.com\/de\/wp-json\/wp\/v2\/pages"}],"about":[{"href":"https:\/\/steel-woody.com\/de\/wp-json\/wp\/v2\/types\/page"}],"author":[{"embeddable":true,"href":"https:\/\/steel-woody.com\/de\/wp-json\/wp\/v2\/users\/1"}],"replies":[{"embeddable":true,"href":"https:\/\/steel-woody.com\/de\/wp-json\/wp\/v2\/comments?post=2395"}],"version-history":[{"count":1,"href":"https:\/\/steel-woody.com\/de\/wp-json\/wp\/v2\/pages\/2395\/revisions"}],"predecessor-version":[{"id":2398,"href":"https:\/\/steel-woody.com\/de\/wp-json\/wp\/v2\/pages\/2395\/revisions\/2398"}],"wp:attachment":[{"href":"https:\/\/steel-woody.com\/de\/wp-json\/wp\/v2\/media?parent=2395"}],"curies":[{"name":"wp","href":"https:\/\/api.w.org\/{rel}","templated":true}]}}