{"id":2375,"date":"2024-09-10T15:05:00","date_gmt":"2024-09-10T15:05:00","guid":{"rendered":"https:\/\/steel-woody.com\/ueber-uns\/"},"modified":"2024-10-21T14:39:31","modified_gmt":"2024-10-21T14:39:31","slug":"ueber-uns","status":"publish","type":"page","link":"https:\/\/steel-woody.com\/de\/ueber-uns\/","title":{"rendered":"\u00dcber uns"},"content":{"rendered":"\t\t<div data-elementor-type=\"wp-page\" data-elementor-id=\"2375\" class=\"elementor elementor-2375 elementor-25\" data-elementor-post-type=\"page\">\n\t\t\t\t<div class=\"elementor-element elementor-element-faa8d68 e-flex e-con-boxed e-con e-parent\" data-id=\"faa8d68\" data-element_type=\"container\" data-settings=\"{&quot;background_background&quot;:&quot;classic&quot;}\">\n\t\t\t\t\t<div class=\"e-con-inner\">\n\t\t<div class=\"elementor-element elementor-element-d3b8f81 e-con-full e-flex e-con e-child\" data-id=\"d3b8f81\" data-element_type=\"container\">\n\t\t\t\t<div class=\"elementor-element elementor-element-aecf9d0 elementor-widget elementor-widget-heading\" data-id=\"aecf9d0\" data-element_type=\"widget\" data-widget_type=\"heading.default\">\n\t\t\t\t<div class=\"elementor-widget-container\">\n\t\t\t\t\t<h2 class=\"elementor-heading-title elementor-size-default\">\u00dcber uns<\/h2>\t\t\t\t<\/div>\n\t\t\t\t<\/div>\n\t\t\t\t<div class=\"elementor-element elementor-element-7a45920 elementor-widget elementor-widget-text-editor\" data-id=\"7a45920\" data-element_type=\"widget\" data-widget_type=\"text-editor.default\">\n\t\t\t\t<div class=\"elementor-widget-container\">\n\t\t\t\t\t\t\t\t\t<p>Wir bei <strong>SteelWoody<\/strong> sind der Meinung, dass M\u00f6bel nicht nur funktional sind, sondern auch ein Ausdruck von pers\u00f6nlichem Stil und Wohnkomfort.<\/p>\n<p>Im Laufe der Jahre haben wir es uns zur Aufgabe gemacht, moderne, stilvolle und qualitativ hochwertige M\u00f6belst\u00fccke zu liefern, die jeden Raum in einen gem\u00fctlichen, funktionalen und pers\u00f6nlichen Raum verwandeln.<\/p>\n<p>Jedes St\u00fcck, das wir anbieten, wird sorgf\u00e4ltig ausgew\u00e4hlt, um \u00c4sthetik, Komfort und Haltbarkeit zu vereinen.<\/p>\n\t\t\t\t\t\t\t\t<\/div>\n\t\t\t\t<\/div>\n\t\t\t\t<\/div>\n\t\t<div class=\"elementor-element elementor-element-6e2f437 e-con-full e-flex e-con e-child\" data-id=\"6e2f437\" data-element_type=\"container\">\n\t\t\t\t<div class=\"elementor-element elementor-element-4f8354d elementor-widget elementor-widget-image\" data-id=\"4f8354d\" data-element_type=\"widget\" data-widget_type=\"image.default\">\n\t\t\t\t<div class=\"elementor-widget-container\">\n\t\t\t\t\t\t\t\t\t\t\t\t\t\t\t<img fetchpriority=\"high\" decoding=\"async\" width=\"2560\" height=\"1448\" src=\"https:\/\/steel-woody.com\/wp-content\/uploads\/2024\/09\/sofa-living-room-decorated-with-brazilian-folklore-design-scaled.jpg\" class=\"attachment-full size-full wp-image-1595\" alt=\"\" srcset=\"https:\/\/steel-woody.com\/wp-content\/uploads\/2024\/09\/sofa-living-room-decorated-with-brazilian-folklore-design-scaled.jpg 2560w, https:\/\/steel-woody.com\/wp-content\/uploads\/2024\/09\/sofa-living-room-decorated-with-brazilian-folklore-design-300x170.jpg 300w, https:\/\/steel-woody.com\/wp-content\/uploads\/2024\/09\/sofa-living-room-decorated-with-brazilian-folklore-design-1024x579.jpg 1024w, https:\/\/steel-woody.com\/wp-content\/uploads\/2024\/09\/sofa-living-room-decorated-with-brazilian-folklore-design-768x434.jpg 768w, https:\/\/steel-woody.com\/wp-content\/uploads\/2024\/09\/sofa-living-room-decorated-with-brazilian-folklore-design-1536x869.jpg 1536w, https:\/\/steel-woody.com\/wp-content\/uploads\/2024\/09\/sofa-living-room-decorated-with-brazilian-folklore-design-2048x1158.jpg 2048w, https:\/\/steel-woody.com\/wp-content\/uploads\/2024\/09\/sofa-living-room-decorated-with-brazilian-folklore-design-600x339.jpg 600w\" sizes=\"(max-width: 2560px) 100vw, 2560px\" \/>\t\t\t\t\t\t\t\t\t\t\t\t\t\t\t<\/div>\n\t\t\t\t<\/div>\n\t\t\t\t<\/div>\n\t\t\t\t\t<\/div>\n\t\t\t\t<\/div>\n\t\t<div class=\"elementor-element elementor-element-4379faf e-flex e-con-boxed e-con e-parent\" data-id=\"4379faf\" data-element_type=\"container\" data-settings=\"{&quot;background_background&quot;:&quot;classic&quot;}\">\n\t\t\t\t\t<div class=\"e-con-inner\">\n\t\t<div class=\"elementor-element elementor-element-58d50de e-con-full e-flex e-con e-child\" data-id=\"58d50de\" data-element_type=\"container\">\n\t\t\t\t<div class=\"elementor-element elementor-element-70af3e0 elementor-widget elementor-widget-image\" data-id=\"70af3e0\" data-element_type=\"widget\" data-widget_type=\"image.default\">\n\t\t\t\t<div class=\"elementor-widget-container\">\n\t\t\t\t\t\t\t\t\t\t\t\t\t\t\t<img decoding=\"async\" width=\"2560\" height=\"1302\" src=\"https:\/\/steel-woody.com\/wp-content\/uploads\/2024\/09\/room-house-decorated-with-brazilian-folklore-design-scaled.jpg\" class=\"attachment-full size-full wp-image-1592\" alt=\"\" srcset=\"https:\/\/steel-woody.com\/wp-content\/uploads\/2024\/09\/room-house-decorated-with-brazilian-folklore-design-scaled.jpg 2560w, https:\/\/steel-woody.com\/wp-content\/uploads\/2024\/09\/room-house-decorated-with-brazilian-folklore-design-300x153.jpg 300w, https:\/\/steel-woody.com\/wp-content\/uploads\/2024\/09\/room-house-decorated-with-brazilian-folklore-design-1024x521.jpg 1024w, https:\/\/steel-woody.com\/wp-content\/uploads\/2024\/09\/room-house-decorated-with-brazilian-folklore-design-768x391.jpg 768w, https:\/\/steel-woody.com\/wp-content\/uploads\/2024\/09\/room-house-decorated-with-brazilian-folklore-design-1536x781.jpg 1536w, https:\/\/steel-woody.com\/wp-content\/uploads\/2024\/09\/room-house-decorated-with-brazilian-folklore-design-2048x1042.jpg 2048w, https:\/\/steel-woody.com\/wp-content\/uploads\/2024\/09\/room-house-decorated-with-brazilian-folklore-design-600x305.jpg 600w\" sizes=\"(max-width: 2560px) 100vw, 2560px\" \/>\t\t\t\t\t\t\t\t\t\t\t\t\t\t\t<\/div>\n\t\t\t\t<\/div>\n\t\t\t\t<\/div>\n\t\t<div class=\"elementor-element elementor-element-76bfa9f e-con-full e-flex e-con e-child\" data-id=\"76bfa9f\" data-element_type=\"container\">\n\t\t\t\t<div class=\"elementor-element elementor-element-864c119 elementor-widget elementor-widget-heading\" data-id=\"864c119\" data-element_type=\"widget\" data-widget_type=\"heading.default\">\n\t\t\t\t<div class=\"elementor-widget-container\">\n\t\t\t\t\t<h2 class=\"elementor-heading-title elementor-size-default\">Unser Auftrag<\/h2>\t\t\t\t<\/div>\n\t\t\t\t<\/div>\n\t\t\t\t<div class=\"elementor-element elementor-element-28c7802 elementor-widget elementor-widget-text-editor\" data-id=\"28c7802\" data-element_type=\"widget\" data-widget_type=\"text-editor.default\">\n\t\t\t\t<div class=\"elementor-widget-container\">\n\t\t\t\t\t\t\t\t\t<p>Unsere Mission ist es, die Lebensqualit\u00e4t unserer Kunden durch Designerm\u00f6bel zu verbessern, die erschwinglich und auf ihren Lebensstil zugeschnitten sind.<\/p>\n<p>Jedes Produkt, das wir in unsere Kollektionen aufnehmen, ist so konzipiert oder ausgew\u00e4hlt, dass es einen Mehrwert bietet und die spezifischen Bed\u00fcrfnisse des modernen Heims erf\u00fcllt.<\/p>\n<p>Von gem\u00fctlichen Wohnzimmern bis hin zu intelligenten Aufbewahrungsl\u00f6sungen m\u00f6chten wir M\u00f6bel anbieten, die \u00e4sthetisch ansprechend sind und praktische Funktionalit\u00e4t mit sich bringen.<\/p>\n\t\t\t\t\t\t\t\t<\/div>\n\t\t\t\t<\/div>\n\t\t\t\t<\/div>\n\t\t\t\t\t<\/div>\n\t\t\t\t<\/div>\n\t\t<div class=\"elementor-element elementor-element-a9091d4 e-flex e-con-boxed e-con e-parent\" data-id=\"a9091d4\" data-element_type=\"container\" data-settings=\"{&quot;background_background&quot;:&quot;classic&quot;}\">\n\t\t\t\t\t<div class=\"e-con-inner\">\n\t\t<div class=\"elementor-element elementor-element-caec122 e-con-full e-flex e-con e-child\" data-id=\"caec122\" data-element_type=\"container\">\n\t\t\t\t<div class=\"elementor-element elementor-element-b81423f elementor-widget elementor-widget-heading\" data-id=\"b81423f\" data-element_type=\"widget\" data-widget_type=\"heading.default\">\n\t\t\t\t<div class=\"elementor-widget-container\">\n\t\t\t\t\t<h2 class=\"elementor-heading-title elementor-size-default\">Unsere Werte<\/h2>\t\t\t\t<\/div>\n\t\t\t\t<\/div>\n\t\t\t\t<div class=\"elementor-element elementor-element-e478544 elementor-widget elementor-widget-text-editor\" data-id=\"e478544\" data-element_type=\"widget\" data-widget_type=\"text-editor.default\">\n\t\t\t\t<div class=\"elementor-widget-container\">\n\t\t\t\t\t\t\t\t\t<p>Wir lassen uns bei unserer Arbeit von einigen Grundwerten leiten:<\/p>\n\t\t\t\t\t\t\t\t<\/div>\n\t\t\t\t<\/div>\n\t\t<div class=\"elementor-element elementor-element-2db7c8d e-grid e-con-full e-con e-child\" data-id=\"2db7c8d\" data-element_type=\"container\" data-settings=\"{&quot;background_background&quot;:&quot;classic&quot;}\">\n\t\t\t\t<div class=\"elementor-element elementor-element-bd5e87c elementor-position-top elementor-widget elementor-widget-image-box\" data-id=\"bd5e87c\" data-element_type=\"widget\" data-widget_type=\"image-box.default\">\n\t\t\t\t<div class=\"elementor-widget-container\">\n\t\t\t\t\t<div class=\"elementor-image-box-wrapper\"><figure class=\"elementor-image-box-img\"><img decoding=\"async\" width=\"512\" height=\"512\" src=\"https:\/\/steel-woody.com\/wp-content\/uploads\/2024\/09\/quality.png\" class=\"attachment-full size-full wp-image-398\" alt=\"\" srcset=\"https:\/\/steel-woody.com\/wp-content\/uploads\/2024\/09\/quality.png 512w, https:\/\/steel-woody.com\/wp-content\/uploads\/2024\/09\/quality-300x300.png 300w, https:\/\/steel-woody.com\/wp-content\/uploads\/2024\/09\/quality-150x150.png 150w, https:\/\/steel-woody.com\/wp-content\/uploads\/2024\/09\/quality-100x100.png 100w\" sizes=\"(max-width: 512px) 100vw, 512px\" \/><\/figure><div class=\"elementor-image-box-content\"><h3 class=\"elementor-image-box-title\">Qualit\u00e4t<\/h3><p class=\"elementor-image-box-description\">Jedes Produkt wird aus den hochwertigsten Materialien hergestellt, um Langlebigkeit und ein auff\u00e4lliges Design zu gew\u00e4hrleisten, das den Test der Zeit \u00fcberdauert.<\/p><\/div><\/div>\t\t\t\t<\/div>\n\t\t\t\t<\/div>\n\t\t\t\t<div class=\"elementor-element elementor-element-2bd4490 elementor-position-top elementor-widget elementor-widget-image-box\" data-id=\"2bd4490\" data-element_type=\"widget\" data-widget_type=\"image-box.default\">\n\t\t\t\t<div class=\"elementor-widget-container\">\n\t\t\t\t\t<div class=\"elementor-image-box-wrapper\"><figure class=\"elementor-image-box-img\"><img loading=\"lazy\" decoding=\"async\" width=\"512\" height=\"512\" src=\"https:\/\/steel-woody.com\/wp-content\/uploads\/2024\/09\/innovation.png\" class=\"attachment-full size-full wp-image-397\" alt=\"\" srcset=\"https:\/\/steel-woody.com\/wp-content\/uploads\/2024\/09\/innovation.png 512w, https:\/\/steel-woody.com\/wp-content\/uploads\/2024\/09\/innovation-300x300.png 300w, https:\/\/steel-woody.com\/wp-content\/uploads\/2024\/09\/innovation-150x150.png 150w, https:\/\/steel-woody.com\/wp-content\/uploads\/2024\/09\/innovation-100x100.png 100w\" sizes=\"(max-width: 512px) 100vw, 512px\" \/><\/figure><div class=\"elementor-image-box-content\"><h3 class=\"elementor-image-box-title\">Innovation<\/h3><p class=\"elementor-image-box-description\">Wir lassen uns von globalen Trends im M\u00f6beldesign inspirieren, passen uns aber auch den lokalen Marktanforderungen an und bieten innovative L\u00f6sungen f\u00fcr moderne Wohnungen.<\/p><\/div><\/div>\t\t\t\t<\/div>\n\t\t\t\t<\/div>\n\t\t\t\t<div class=\"elementor-element elementor-element-f80f415 elementor-position-top elementor-widget elementor-widget-image-box\" data-id=\"f80f415\" data-element_type=\"widget\" data-widget_type=\"image-box.default\">\n\t\t\t\t<div class=\"elementor-widget-container\">\n\t\t\t\t\t<div class=\"elementor-image-box-wrapper\"><figure class=\"elementor-image-box-img\"><img loading=\"lazy\" decoding=\"async\" width=\"512\" height=\"512\" src=\"https:\/\/steel-woody.com\/wp-content\/uploads\/2024\/09\/satisfaction.png\" class=\"attachment-full size-full wp-image-399\" alt=\"\" srcset=\"https:\/\/steel-woody.com\/wp-content\/uploads\/2024\/09\/satisfaction.png 512w, https:\/\/steel-woody.com\/wp-content\/uploads\/2024\/09\/satisfaction-300x300.png 300w, https:\/\/steel-woody.com\/wp-content\/uploads\/2024\/09\/satisfaction-150x150.png 150w, https:\/\/steel-woody.com\/wp-content\/uploads\/2024\/09\/satisfaction-100x100.png 100w\" sizes=\"(max-width: 512px) 100vw, 512px\" \/><\/figure><div class=\"elementor-image-box-content\"><h3 class=\"elementor-image-box-title\">Loyalit\u00e4t<\/h3><p class=\"elementor-image-box-description\">Wir sind bestrebt, Ihnen ein gro\u00dfartiges Kauferlebnis zu bieten. Von der Kundenbetreuung \u00fcber die prompte Lieferung bis hin zur professionellen Installation - jedes Detail ist wichtig. <\/p><\/div><\/div>\t\t\t\t<\/div>\n\t\t\t\t<\/div>\n\t\t\t\t<div class=\"elementor-element elementor-element-4feed98 elementor-position-top elementor-widget elementor-widget-image-box\" data-id=\"4feed98\" data-element_type=\"widget\" data-widget_type=\"image-box.default\">\n\t\t\t\t<div class=\"elementor-widget-container\">\n\t\t\t\t\t<div class=\"elementor-image-box-wrapper\"><figure class=\"elementor-image-box-img\"><img loading=\"lazy\" decoding=\"async\" width=\"512\" height=\"512\" src=\"https:\/\/steel-woody.com\/wp-content\/uploads\/2024\/09\/ecology.png\" class=\"attachment-full size-full wp-image-396\" alt=\"\" srcset=\"https:\/\/steel-woody.com\/wp-content\/uploads\/2024\/09\/ecology.png 512w, https:\/\/steel-woody.com\/wp-content\/uploads\/2024\/09\/ecology-300x300.png 300w, https:\/\/steel-woody.com\/wp-content\/uploads\/2024\/09\/ecology-150x150.png 150w, https:\/\/steel-woody.com\/wp-content\/uploads\/2024\/09\/ecology-100x100.png 100w\" sizes=\"(max-width: 512px) 100vw, 512px\" \/><\/figure><div class=\"elementor-image-box-content\"><h3 class=\"elementor-image-box-title\">Nachhaltigkeit<\/h3><p class=\"elementor-image-box-description\">Wir bem\u00fchen uns, unsere Auswirkungen auf die Umwelt zu reduzieren, indem wir nachhaltige Materialien ausw\u00e4hlen und mit Lieferanten zusammenarbeiten, die Umweltstandards einhalten.<\/p><\/div><\/div>\t\t\t\t<\/div>\n\t\t\t\t<\/div>\n\t\t\t\t<\/div>\n\t\t\t\t<\/div>\n\t\t\t\t\t<\/div>\n\t\t\t\t<\/div>\n\t\t<div class=\"elementor-element elementor-element-9c1363d e-flex e-con-boxed e-con e-parent\" data-id=\"9c1363d\" data-element_type=\"container\" data-settings=\"{&quot;background_background&quot;:&quot;classic&quot;}\">\n\t\t\t\t\t<div class=\"e-con-inner\">\n\t\t<div class=\"elementor-element elementor-element-9a5ac9e e-con-full e-flex e-con e-child\" data-id=\"9a5ac9e\" data-element_type=\"container\">\n\t\t\t\t<div class=\"elementor-element elementor-element-d09195a elementor-widget elementor-widget-heading\" data-id=\"d09195a\" data-element_type=\"widget\" data-widget_type=\"heading.default\">\n\t\t\t\t<div class=\"elementor-widget-container\">\n\t\t\t\t\t<h2 class=\"elementor-heading-title elementor-size-default\">Unsere Vision<\/h2>\t\t\t\t<\/div>\n\t\t\t\t<\/div>\n\t\t\t\t<div class=\"elementor-element elementor-element-6a34ce4 elementor-widget elementor-widget-text-editor\" data-id=\"6a34ce4\" data-element_type=\"widget\" data-widget_type=\"text-editor.default\">\n\t\t\t\t<div class=\"elementor-widget-container\">\n\t\t\t\t\t\t\t\t\t<p>Unsere Vision ist es, ein Marktf\u00fchrer f\u00fcr moderne M\u00f6bel zu werden, der f\u00fcr die Qualit\u00e4t und Innovation seiner Produkte bekannt ist.<\/p>\n<p>Unser Ziel ist es, in jedes Haus Einrichtungsl\u00f6sungen zu bringen, die den pers\u00f6nlichen Stil widerspiegeln und den aktuellen Bed\u00fcrfnissen unserer Kunden entsprechen.<\/p>\n\t\t\t\t\t\t\t\t<\/div>\n\t\t\t\t<\/div>\n\t\t\t\t<\/div>\n\t\t<div class=\"elementor-element elementor-element-60e1bdb e-con-full e-flex e-con e-child\" data-id=\"60e1bdb\" data-element_type=\"container\">\n\t\t\t\t<div class=\"elementor-element elementor-element-48acac8 elementor-widget elementor-widget-image\" data-id=\"48acac8\" data-element_type=\"widget\" data-widget_type=\"image.default\">\n\t\t\t\t<div class=\"elementor-widget-container\">\n\t\t\t\t\t\t\t\t\t\t\t\t\t\t\t<img loading=\"lazy\" decoding=\"async\" width=\"2560\" height=\"1435\" src=\"https:\/\/steel-woody.com\/wp-content\/uploads\/2024\/09\/modern-kitchen-interior-design-scaled.jpg\" class=\"attachment-full size-full wp-image-1616\" alt=\"\" srcset=\"https:\/\/steel-woody.com\/wp-content\/uploads\/2024\/09\/modern-kitchen-interior-design-scaled.jpg 2560w, https:\/\/steel-woody.com\/wp-content\/uploads\/2024\/09\/modern-kitchen-interior-design-300x168.jpg 300w, https:\/\/steel-woody.com\/wp-content\/uploads\/2024\/09\/modern-kitchen-interior-design-1024x574.jpg 1024w, https:\/\/steel-woody.com\/wp-content\/uploads\/2024\/09\/modern-kitchen-interior-design-768x430.jpg 768w, https:\/\/steel-woody.com\/wp-content\/uploads\/2024\/09\/modern-kitchen-interior-design-1536x861.jpg 1536w, https:\/\/steel-woody.com\/wp-content\/uploads\/2024\/09\/modern-kitchen-interior-design-2048x1148.jpg 2048w, https:\/\/steel-woody.com\/wp-content\/uploads\/2024\/09\/modern-kitchen-interior-design-600x336.jpg 600w\" sizes=\"(max-width: 2560px) 100vw, 2560px\" \/>\t\t\t\t\t\t\t\t\t\t\t\t\t\t\t<\/div>\n\t\t\t\t<\/div>\n\t\t\t\t<\/div>\n\t\t\t\t\t<\/div>\n\t\t\t\t<\/div>\n\t\t\t\t<\/div>\n\t\t","protected":false},"excerpt":{"rendered":"<p>\u00dcber uns Wir bei SteelWoody sind der Meinung, dass M\u00f6bel nicht nur funktional sind, sondern auch ein Ausdruck von pers\u00f6nlichem Stil und Wohnkomfort. Im Laufe der Jahre haben wir es uns zur Aufgabe gemacht, moderne, stilvolle und qualitativ hochwertige M\u00f6belst\u00fccke zu liefern, die jeden Raum in einen gem\u00fctlichen, funktionalen und pers\u00f6nlichen Raum verwandeln. Jedes St\u00fcck, [&hellip;]<\/p>\n","protected":false},"author":1,"featured_media":0,"parent":0,"menu_order":0,"comment_status":"closed","ping_status":"closed","template":"elementor_header_footer","meta":{"footnotes":""},"class_list":["post-2375","page","type-page","status-publish","hentry"],"yoast_head":"<!-- This site is optimized with the Yoast SEO plugin v25.5 - https:\/\/yoast.com\/wordpress\/plugins\/seo\/ -->\n<title>\u00dcber uns - Steel Woody<\/title>\n<meta name=\"robots\" content=\"index, follow, max-snippet:-1, max-image-preview:large, max-video-preview:-1\" \/>\n<link rel=\"canonical\" href=\"https:\/\/steel-woody.com\/de\/ueber-uns\/\" \/>\n<meta property=\"og:locale\" content=\"de_DE\" \/>\n<meta property=\"og:type\" content=\"article\" \/>\n<meta property=\"og:title\" content=\"\u00dcber uns - Steel Woody\" \/>\n<meta property=\"og:description\" content=\"\u00dcber uns Wir bei SteelWoody sind der Meinung, dass M\u00f6bel nicht nur funktional sind, sondern auch ein Ausdruck von pers\u00f6nlichem Stil und Wohnkomfort. Im Laufe der Jahre haben wir es uns zur Aufgabe gemacht, moderne, stilvolle und qualitativ hochwertige M\u00f6belst\u00fccke zu liefern, die jeden Raum in einen gem\u00fctlichen, funktionalen und pers\u00f6nlichen Raum verwandeln. Jedes St\u00fcck, [&hellip;]\" \/>\n<meta property=\"og:url\" content=\"https:\/\/steel-woody.com\/de\/ueber-uns\/\" \/>\n<meta property=\"og:site_name\" content=\"Steel Woody\" \/>\n<meta property=\"article:modified_time\" content=\"2024-10-21T14:39:31+00:00\" \/>\n<meta property=\"og:image\" content=\"https:\/\/steel-woody.com\/wp-content\/uploads\/2024\/09\/sofa-living-room-decorated-with-brazilian-folklore-design-scaled.jpg\" \/>\n<meta name=\"twitter:card\" content=\"summary_large_image\" \/>\n<meta name=\"twitter:label1\" content=\"Gesch\u00e4tzte Lesezeit\" \/>\n\t<meta name=\"twitter:data1\" content=\"2\u00a0Minuten\" \/>\n<script type=\"application\/ld+json\" class=\"yoast-schema-graph\">{\"@context\":\"https:\/\/schema.org\",\"@graph\":[{\"@type\":\"WebPage\",\"@id\":\"https:\/\/steel-woody.com\/de\/ueber-uns\/\",\"url\":\"https:\/\/steel-woody.com\/de\/ueber-uns\/\",\"name\":\"\u00dcber uns - Steel Woody\",\"isPartOf\":{\"@id\":\"https:\/\/steel-woody.com\/de\/#website\"},\"primaryImageOfPage\":{\"@id\":\"https:\/\/steel-woody.com\/de\/ueber-uns\/#primaryimage\"},\"image\":{\"@id\":\"https:\/\/steel-woody.com\/de\/ueber-uns\/#primaryimage\"},\"thumbnailUrl\":\"https:\/\/steel-woody.com\/wp-content\/uploads\/2024\/09\/sofa-living-room-decorated-with-brazilian-folklore-design-scaled.jpg\",\"datePublished\":\"2024-09-10T15:05:00+00:00\",\"dateModified\":\"2024-10-21T14:39:31+00:00\",\"breadcrumb\":{\"@id\":\"https:\/\/steel-woody.com\/de\/ueber-uns\/#breadcrumb\"},\"inLanguage\":\"de\",\"potentialAction\":[{\"@type\":\"ReadAction\",\"target\":[\"https:\/\/steel-woody.com\/de\/ueber-uns\/\"]}]},{\"@type\":\"ImageObject\",\"inLanguage\":\"de\",\"@id\":\"https:\/\/steel-woody.com\/de\/ueber-uns\/#primaryimage\",\"url\":\"https:\/\/steel-woody.com\/wp-content\/uploads\/2024\/09\/sofa-living-room-decorated-with-brazilian-folklore-design-scaled.jpg\",\"contentUrl\":\"https:\/\/steel-woody.com\/wp-content\/uploads\/2024\/09\/sofa-living-room-decorated-with-brazilian-folklore-design-scaled.jpg\"},{\"@type\":\"BreadcrumbList\",\"@id\":\"https:\/\/steel-woody.com\/de\/ueber-uns\/#breadcrumb\",\"itemListElement\":[{\"@type\":\"ListItem\",\"position\":1,\"name\":\"Home\",\"item\":\"https:\/\/steel-woody.com\/de\/\"},{\"@type\":\"ListItem\",\"position\":2,\"name\":\"\u00dcber uns\"}]},{\"@type\":\"WebSite\",\"@id\":\"https:\/\/steel-woody.com\/de\/#website\",\"url\":\"https:\/\/steel-woody.com\/de\/\",\"name\":\"Steel Woody\",\"description\":\"\",\"potentialAction\":[{\"@type\":\"SearchAction\",\"target\":{\"@type\":\"EntryPoint\",\"urlTemplate\":\"https:\/\/steel-woody.com\/de\/?s={search_term_string}\"},\"query-input\":{\"@type\":\"PropertyValueSpecification\",\"valueRequired\":true,\"valueName\":\"search_term_string\"}}],\"inLanguage\":\"de\"}]}<\/script>\n<!-- \/ Yoast SEO plugin. -->","yoast_head_json":{"title":"\u00dcber uns - Steel Woody","robots":{"index":"index","follow":"follow","max-snippet":"max-snippet:-1","max-image-preview":"max-image-preview:large","max-video-preview":"max-video-preview:-1"},"canonical":"https:\/\/steel-woody.com\/de\/ueber-uns\/","og_locale":"de_DE","og_type":"article","og_title":"\u00dcber uns - Steel Woody","og_description":"\u00dcber uns Wir bei SteelWoody sind der Meinung, dass M\u00f6bel nicht nur funktional sind, sondern auch ein Ausdruck von pers\u00f6nlichem Stil und Wohnkomfort. Im Laufe der Jahre haben wir es uns zur Aufgabe gemacht, moderne, stilvolle und qualitativ hochwertige M\u00f6belst\u00fccke zu liefern, die jeden Raum in einen gem\u00fctlichen, funktionalen und pers\u00f6nlichen Raum verwandeln. Jedes St\u00fcck, [&hellip;]","og_url":"https:\/\/steel-woody.com\/de\/ueber-uns\/","og_site_name":"Steel Woody","article_modified_time":"2024-10-21T14:39:31+00:00","og_image":[{"url":"https:\/\/steel-woody.com\/wp-content\/uploads\/2024\/09\/sofa-living-room-decorated-with-brazilian-folklore-design-scaled.jpg","type":"","width":"","height":""}],"twitter_card":"summary_large_image","twitter_misc":{"Gesch\u00e4tzte Lesezeit":"2\u00a0Minuten"},"schema":{"@context":"https:\/\/schema.org","@graph":[{"@type":"WebPage","@id":"https:\/\/steel-woody.com\/de\/ueber-uns\/","url":"https:\/\/steel-woody.com\/de\/ueber-uns\/","name":"\u00dcber uns - Steel Woody","isPartOf":{"@id":"https:\/\/steel-woody.com\/de\/#website"},"primaryImageOfPage":{"@id":"https:\/\/steel-woody.com\/de\/ueber-uns\/#primaryimage"},"image":{"@id":"https:\/\/steel-woody.com\/de\/ueber-uns\/#primaryimage"},"thumbnailUrl":"https:\/\/steel-woody.com\/wp-content\/uploads\/2024\/09\/sofa-living-room-decorated-with-brazilian-folklore-design-scaled.jpg","datePublished":"2024-09-10T15:05:00+00:00","dateModified":"2024-10-21T14:39:31+00:00","breadcrumb":{"@id":"https:\/\/steel-woody.com\/de\/ueber-uns\/#breadcrumb"},"inLanguage":"de","potentialAction":[{"@type":"ReadAction","target":["https:\/\/steel-woody.com\/de\/ueber-uns\/"]}]},{"@type":"ImageObject","inLanguage":"de","@id":"https:\/\/steel-woody.com\/de\/ueber-uns\/#primaryimage","url":"https:\/\/steel-woody.com\/wp-content\/uploads\/2024\/09\/sofa-living-room-decorated-with-brazilian-folklore-design-scaled.jpg","contentUrl":"https:\/\/steel-woody.com\/wp-content\/uploads\/2024\/09\/sofa-living-room-decorated-with-brazilian-folklore-design-scaled.jpg"},{"@type":"BreadcrumbList","@id":"https:\/\/steel-woody.com\/de\/ueber-uns\/#breadcrumb","itemListElement":[{"@type":"ListItem","position":1,"name":"Home","item":"https:\/\/steel-woody.com\/de\/"},{"@type":"ListItem","position":2,"name":"\u00dcber uns"}]},{"@type":"WebSite","@id":"https:\/\/steel-woody.com\/de\/#website","url":"https:\/\/steel-woody.com\/de\/","name":"Steel Woody","description":"","potentialAction":[{"@type":"SearchAction","target":{"@type":"EntryPoint","urlTemplate":"https:\/\/steel-woody.com\/de\/?s={search_term_string}"},"query-input":{"@type":"PropertyValueSpecification","valueRequired":true,"valueName":"search_term_string"}}],"inLanguage":"de"}]}},"_links":{"self":[{"href":"https:\/\/steel-woody.com\/de\/wp-json\/wp\/v2\/pages\/2375","targetHints":{"allow":["GET"]}}],"collection":[{"href":"https:\/\/steel-woody.com\/de\/wp-json\/wp\/v2\/pages"}],"about":[{"href":"https:\/\/steel-woody.com\/de\/wp-json\/wp\/v2\/types\/page"}],"author":[{"embeddable":true,"href":"https:\/\/steel-woody.com\/de\/wp-json\/wp\/v2\/users\/1"}],"replies":[{"embeddable":true,"href":"https:\/\/steel-woody.com\/de\/wp-json\/wp\/v2\/comments?post=2375"}],"version-history":[{"count":1,"href":"https:\/\/steel-woody.com\/de\/wp-json\/wp\/v2\/pages\/2375\/revisions"}],"predecessor-version":[{"id":2379,"href":"https:\/\/steel-woody.com\/de\/wp-json\/wp\/v2\/pages\/2375\/revisions\/2379"}],"wp:attachment":[{"href":"https:\/\/steel-woody.com\/de\/wp-json\/wp\/v2\/media?parent=2375"}],"curies":[{"name":"wp","href":"https:\/\/api.w.org\/{rel}","templated":true}]}}