{"id":2327,"date":"2024-09-12T15:16:17","date_gmt":"2024-09-12T15:16:17","guid":{"rendered":"https:\/\/steel-woody.com\/rueckgaberecht\/"},"modified":"2024-10-21T14:38:49","modified_gmt":"2024-10-21T14:38:49","slug":"rueckgaberecht","status":"publish","type":"page","link":"https:\/\/steel-woody.com\/de\/rueckgaberecht\/","title":{"rendered":"R\u00fcckgaberecht"},"content":{"rendered":"\t\t<div data-elementor-type=\"wp-page\" data-elementor-id=\"2327\" class=\"elementor elementor-2327 elementor-250\" data-elementor-post-type=\"page\">\n\t\t\t\t<div class=\"elementor-element elementor-element-1bb1433 e-flex e-con-boxed e-con e-parent\" data-id=\"1bb1433\" data-element_type=\"container\" data-settings=\"{&quot;background_background&quot;:&quot;classic&quot;}\">\n\t\t\t\t\t<div class=\"e-con-inner\">\n\t\t<div class=\"elementor-element elementor-element-6c255bb e-con-full e-flex e-con e-child\" data-id=\"6c255bb\" data-element_type=\"container\">\n\t\t\t\t<div class=\"elementor-element elementor-element-e11b172 elementor-widget elementor-widget-heading\" data-id=\"e11b172\" data-element_type=\"widget\" data-widget_type=\"heading.default\">\n\t\t\t\t<div class=\"elementor-widget-container\">\n\t\t\t\t\t<h2 class=\"elementor-heading-title elementor-size-default\">R\u00fcckgaberecht<\/h2>\t\t\t\t<\/div>\n\t\t\t\t<\/div>\n\t\t\t\t<div class=\"elementor-element elementor-element-dbd7d6a elementor-widget elementor-widget-text-editor\" data-id=\"dbd7d6a\" data-element_type=\"widget\" data-widget_type=\"text-editor.default\">\n\t\t\t\t<div class=\"elementor-widget-container\">\n\t\t\t\t\t\t\t\t\t<p>Wir von <strong>SteelWoody<\/strong> m\u00f6chten, dass jeder Kunde mit seinem Kauf vollkommen zufrieden ist. Sollten Sie aus irgendeinem Grund mit unseren Produkten nicht zufrieden sein, bieten wir Ihnen die M\u00f6glichkeit, die gekauften Artikel gem\u00e4\u00df unseren R\u00fcckgabebedingungen zur\u00fcckzugeben <\/p>\n\t\t\t\t\t\t\t\t<\/div>\n\t\t\t\t<\/div>\n\t\t\t\t<div class=\"elementor-element elementor-element-72d2e30 elementor-widget elementor-widget-heading\" data-id=\"72d2e30\" data-element_type=\"widget\" data-widget_type=\"heading.default\">\n\t\t\t\t<div class=\"elementor-widget-container\">\n\t\t\t\t\t<h2 class=\"elementor-heading-title elementor-size-default\">Wie kann ich ein Produkt zur\u00fcckgeben?<\/h2>\t\t\t\t<\/div>\n\t\t\t\t<\/div>\n\t\t\t\t<div class=\"elementor-element elementor-element-adb85be elementor-widget elementor-widget-text-editor\" data-id=\"adb85be\" data-element_type=\"widget\" data-widget_type=\"text-editor.default\">\n\t\t\t\t<div class=\"elementor-widget-container\">\n\t\t\t\t\t\t\t\t\t<p>Wenn Sie ein Produkt zur\u00fcckgeben m\u00f6chten, folgen Sie bitte diesen Schritten:<\/p>\n<ol>\n<li>[adresa de email sau num\u0103rul de telefon] [num\u0103r] Nehmen Sie innerhalb weniger Tage nach Erhalt Ihrer Bestellung Kontakt mit uns auf.<\/li>\n<li>Vergewissern Sie sich, dass sich das Produkt in seinem urspr\u00fcnglichen, unbenutzten Zustand und in der Originalverpackung befindet.<\/li>\n<li>Wir organisieren die Abholung und geben Ihnen die Versandanweisungen.<\/li>\n<\/ol>\n\t\t\t\t\t\t\t\t<\/div>\n\t\t\t\t<\/div>\n\t\t\t\t<div class=\"elementor-element elementor-element-0b13364 elementor-widget elementor-widget-heading\" data-id=\"0b13364\" data-element_type=\"widget\" data-widget_type=\"heading.default\">\n\t\t\t\t<div class=\"elementor-widget-container\">\n\t\t\t\t\t<h2 class=\"elementor-heading-title elementor-size-default\">Bedingungen und Konditionen f\u00fcr R\u00fccksendungen<\/h2>\t\t\t\t<\/div>\n\t\t\t\t<\/div>\n\t\t\t\t<div class=\"elementor-element elementor-element-c80fbaf elementor-widget elementor-widget-text-editor\" data-id=\"c80fbaf\" data-element_type=\"widget\" data-widget_type=\"text-editor.default\">\n\t\t\t\t<div class=\"elementor-widget-container\">\n\t\t\t\t\t\t\t\t\t<ul>\n<li>[num\u0103r] Die Produkte k\u00f6nnen innerhalb von Tagen nach Erhalt der Bestellung zur\u00fcckgegeben werden.<\/li>\n<li>Die Produkte m\u00fcssen in ihrem urspr\u00fcnglichen Zustand, ohne Gebrauchsspuren und in der Originalverpackung sein.<\/li>\n<li>Personalisierte oder ma\u00dfgefertigte Artikel k\u00f6nnen nicht zur\u00fcckgegeben werden.<\/li>\n<li>Die R\u00fccksendekosten gehen zu Lasten des Kunden, es sei denn, das Produkt ist bei der Lieferung fehlerhaft oder besch\u00e4digt.<\/li>\n<\/ul>\n\t\t\t\t\t\t\t\t<\/div>\n\t\t\t\t<\/div>\n\t\t\t\t<div class=\"elementor-element elementor-element-89e2620 elementor-widget elementor-widget-heading\" data-id=\"89e2620\" data-element_type=\"widget\" data-widget_type=\"heading.default\">\n\t\t\t\t<div class=\"elementor-widget-container\">\n\t\t\t\t\t<h2 class=\"elementor-heading-title elementor-size-default\">Geld zur\u00fcck<\/h2>\t\t\t\t<\/div>\n\t\t\t\t<\/div>\n\t\t\t\t<div class=\"elementor-element elementor-element-5c9ddb7 elementor-widget elementor-widget-text-editor\" data-id=\"5c9ddb7\" data-element_type=\"widget\" data-widget_type=\"text-editor.default\">\n\t\t\t\t<div class=\"elementor-widget-container\">\n\t\t\t\t\t\t\t\t\t<p>Sobald wir das zur\u00fcckgegebene Produkt erhalten und gepr\u00fcft haben, werden wir die R\u00fcckerstattung bearbeiten. [num\u0103r] R\u00fcckerstattungen werden innerhalb von Werktagen bearbeitet, wobei dieselbe Zahlungsmethode verwendet wird, die zum Zeitpunkt des Kaufs verwendet wurde. <\/p>\n\t\t\t\t\t\t\t\t<\/div>\n\t\t\t\t<\/div>\n\t\t\t\t<div class=\"elementor-element elementor-element-20df98e elementor-widget elementor-widget-heading\" data-id=\"20df98e\" data-element_type=\"widget\" data-widget_type=\"heading.default\">\n\t\t\t\t<div class=\"elementor-widget-container\">\n\t\t\t\t\t<h2 class=\"elementor-heading-title elementor-size-default\">Defekte oder besch\u00e4digte Produkte<\/h2>\t\t\t\t<\/div>\n\t\t\t\t<\/div>\n\t\t\t\t<div class=\"elementor-element elementor-element-bcbf936 elementor-widget elementor-widget-text-editor\" data-id=\"bcbf936\" data-element_type=\"widget\" data-widget_type=\"text-editor.default\">\n\t\t\t\t<div class=\"elementor-widget-container\">\n\t\t\t\t\t\t\t\t\t<p>[adresa de email sau num\u0103rul de telefon]Wenn Sie ein fehlerhaftes oder besch\u00e4digtes Produkt erhalten haben, kontaktieren Sie uns bitte umgehend unter . Wir organisieren einen kostenlosen Ersatz oder eine vollst\u00e4ndige R\u00fcckerstattung, einschlie\u00dflich der Versandkosten. <\/p>\n\t\t\t\t\t\t\t\t<\/div>\n\t\t\t\t<\/div>\n\t\t\t\t<\/div>\n\t\t\t\t\t<\/div>\n\t\t\t\t<\/div>\n\t\t\t\t<\/div>\n\t\t","protected":false},"excerpt":{"rendered":"<p>R\u00fcckgaberecht Wir von SteelWoody m\u00f6chten, dass jeder Kunde mit seinem Kauf vollkommen zufrieden ist. Sollten Sie aus irgendeinem Grund mit unseren Produkten nicht zufrieden sein, bieten wir Ihnen die M\u00f6glichkeit, die gekauften Artikel gem\u00e4\u00df unseren R\u00fcckgabebedingungen zur\u00fcckzugeben Wie kann ich ein Produkt zur\u00fcckgeben? Wenn Sie ein Produkt zur\u00fcckgeben m\u00f6chten, folgen Sie bitte diesen Schritten: [adresa [&hellip;]<\/p>\n","protected":false},"author":1,"featured_media":0,"parent":0,"menu_order":0,"comment_status":"closed","ping_status":"closed","template":"elementor_header_footer","meta":{"footnotes":""},"class_list":["post-2327","page","type-page","status-publish","hentry"],"yoast_head":"<!-- This site is optimized with the Yoast SEO plugin v25.5 - https:\/\/yoast.com\/wordpress\/plugins\/seo\/ -->\n<title>R\u00fcckgaberecht - Steel Woody<\/title>\n<meta name=\"robots\" content=\"index, follow, max-snippet:-1, max-image-preview:large, max-video-preview:-1\" \/>\n<link rel=\"canonical\" href=\"https:\/\/steel-woody.com\/de\/rueckgaberecht\/\" \/>\n<meta property=\"og:locale\" content=\"de_DE\" \/>\n<meta property=\"og:type\" content=\"article\" \/>\n<meta property=\"og:title\" content=\"R\u00fcckgaberecht - Steel Woody\" \/>\n<meta property=\"og:description\" content=\"R\u00fcckgaberecht Wir von SteelWoody m\u00f6chten, dass jeder Kunde mit seinem Kauf vollkommen zufrieden ist. Sollten Sie aus irgendeinem Grund mit unseren Produkten nicht zufrieden sein, bieten wir Ihnen die M\u00f6glichkeit, die gekauften Artikel gem\u00e4\u00df unseren R\u00fcckgabebedingungen zur\u00fcckzugeben Wie kann ich ein Produkt zur\u00fcckgeben? Wenn Sie ein Produkt zur\u00fcckgeben m\u00f6chten, folgen Sie bitte diesen Schritten: [adresa [&hellip;]\" \/>\n<meta property=\"og:url\" content=\"https:\/\/steel-woody.com\/de\/rueckgaberecht\/\" \/>\n<meta property=\"og:site_name\" content=\"Steel Woody\" \/>\n<meta property=\"article:modified_time\" content=\"2024-10-21T14:38:49+00:00\" \/>\n<meta name=\"twitter:card\" content=\"summary_large_image\" \/>\n<meta name=\"twitter:label1\" content=\"Gesch\u00e4tzte Lesezeit\" \/>\n\t<meta name=\"twitter:data1\" content=\"1\u00a0Minute\" \/>\n<script type=\"application\/ld+json\" class=\"yoast-schema-graph\">{\"@context\":\"https:\/\/schema.org\",\"@graph\":[{\"@type\":\"WebPage\",\"@id\":\"https:\/\/steel-woody.com\/de\/rueckgaberecht\/\",\"url\":\"https:\/\/steel-woody.com\/de\/rueckgaberecht\/\",\"name\":\"R\u00fcckgaberecht - Steel Woody\",\"isPartOf\":{\"@id\":\"https:\/\/steel-woody.com\/de\/#website\"},\"datePublished\":\"2024-09-12T15:16:17+00:00\",\"dateModified\":\"2024-10-21T14:38:49+00:00\",\"breadcrumb\":{\"@id\":\"https:\/\/steel-woody.com\/de\/rueckgaberecht\/#breadcrumb\"},\"inLanguage\":\"de\",\"potentialAction\":[{\"@type\":\"ReadAction\",\"target\":[\"https:\/\/steel-woody.com\/de\/rueckgaberecht\/\"]}]},{\"@type\":\"BreadcrumbList\",\"@id\":\"https:\/\/steel-woody.com\/de\/rueckgaberecht\/#breadcrumb\",\"itemListElement\":[{\"@type\":\"ListItem\",\"position\":1,\"name\":\"Home\",\"item\":\"https:\/\/steel-woody.com\/de\/\"},{\"@type\":\"ListItem\",\"position\":2,\"name\":\"R\u00fcckgaberecht\"}]},{\"@type\":\"WebSite\",\"@id\":\"https:\/\/steel-woody.com\/de\/#website\",\"url\":\"https:\/\/steel-woody.com\/de\/\",\"name\":\"Steel Woody\",\"description\":\"\",\"potentialAction\":[{\"@type\":\"SearchAction\",\"target\":{\"@type\":\"EntryPoint\",\"urlTemplate\":\"https:\/\/steel-woody.com\/de\/?s={search_term_string}\"},\"query-input\":{\"@type\":\"PropertyValueSpecification\",\"valueRequired\":true,\"valueName\":\"search_term_string\"}}],\"inLanguage\":\"de\"}]}<\/script>\n<!-- \/ Yoast SEO plugin. -->","yoast_head_json":{"title":"R\u00fcckgaberecht - Steel Woody","robots":{"index":"index","follow":"follow","max-snippet":"max-snippet:-1","max-image-preview":"max-image-preview:large","max-video-preview":"max-video-preview:-1"},"canonical":"https:\/\/steel-woody.com\/de\/rueckgaberecht\/","og_locale":"de_DE","og_type":"article","og_title":"R\u00fcckgaberecht - Steel Woody","og_description":"R\u00fcckgaberecht Wir von SteelWoody m\u00f6chten, dass jeder Kunde mit seinem Kauf vollkommen zufrieden ist. Sollten Sie aus irgendeinem Grund mit unseren Produkten nicht zufrieden sein, bieten wir Ihnen die M\u00f6glichkeit, die gekauften Artikel gem\u00e4\u00df unseren R\u00fcckgabebedingungen zur\u00fcckzugeben Wie kann ich ein Produkt zur\u00fcckgeben? Wenn Sie ein Produkt zur\u00fcckgeben m\u00f6chten, folgen Sie bitte diesen Schritten: [adresa [&hellip;]","og_url":"https:\/\/steel-woody.com\/de\/rueckgaberecht\/","og_site_name":"Steel Woody","article_modified_time":"2024-10-21T14:38:49+00:00","twitter_card":"summary_large_image","twitter_misc":{"Gesch\u00e4tzte Lesezeit":"1\u00a0Minute"},"schema":{"@context":"https:\/\/schema.org","@graph":[{"@type":"WebPage","@id":"https:\/\/steel-woody.com\/de\/rueckgaberecht\/","url":"https:\/\/steel-woody.com\/de\/rueckgaberecht\/","name":"R\u00fcckgaberecht - Steel Woody","isPartOf":{"@id":"https:\/\/steel-woody.com\/de\/#website"},"datePublished":"2024-09-12T15:16:17+00:00","dateModified":"2024-10-21T14:38:49+00:00","breadcrumb":{"@id":"https:\/\/steel-woody.com\/de\/rueckgaberecht\/#breadcrumb"},"inLanguage":"de","potentialAction":[{"@type":"ReadAction","target":["https:\/\/steel-woody.com\/de\/rueckgaberecht\/"]}]},{"@type":"BreadcrumbList","@id":"https:\/\/steel-woody.com\/de\/rueckgaberecht\/#breadcrumb","itemListElement":[{"@type":"ListItem","position":1,"name":"Home","item":"https:\/\/steel-woody.com\/de\/"},{"@type":"ListItem","position":2,"name":"R\u00fcckgaberecht"}]},{"@type":"WebSite","@id":"https:\/\/steel-woody.com\/de\/#website","url":"https:\/\/steel-woody.com\/de\/","name":"Steel Woody","description":"","potentialAction":[{"@type":"SearchAction","target":{"@type":"EntryPoint","urlTemplate":"https:\/\/steel-woody.com\/de\/?s={search_term_string}"},"query-input":{"@type":"PropertyValueSpecification","valueRequired":true,"valueName":"search_term_string"}}],"inLanguage":"de"}]}},"_links":{"self":[{"href":"https:\/\/steel-woody.com\/de\/wp-json\/wp\/v2\/pages\/2327","targetHints":{"allow":["GET"]}}],"collection":[{"href":"https:\/\/steel-woody.com\/de\/wp-json\/wp\/v2\/pages"}],"about":[{"href":"https:\/\/steel-woody.com\/de\/wp-json\/wp\/v2\/types\/page"}],"author":[{"embeddable":true,"href":"https:\/\/steel-woody.com\/de\/wp-json\/wp\/v2\/users\/1"}],"replies":[{"embeddable":true,"href":"https:\/\/steel-woody.com\/de\/wp-json\/wp\/v2\/comments?post=2327"}],"version-history":[{"count":1,"href":"https:\/\/steel-woody.com\/de\/wp-json\/wp\/v2\/pages\/2327\/revisions"}],"predecessor-version":[{"id":2329,"href":"https:\/\/steel-woody.com\/de\/wp-json\/wp\/v2\/pages\/2327\/revisions\/2329"}],"wp:attachment":[{"href":"https:\/\/steel-woody.com\/de\/wp-json\/wp\/v2\/media?parent=2327"}],"curies":[{"name":"wp","href":"https:\/\/api.w.org\/{rel}","templated":true}]}}