{"id":2300,"date":"2024-10-17T16:49:53","date_gmt":"2024-10-17T16:49:53","guid":{"rendered":"https:\/\/steel-woody.com\/pantofari\/"},"modified":"2024-10-21T14:42:00","modified_gmt":"2024-10-21T14:42:00","slug":"pantofari","status":"publish","type":"page","link":"https:\/\/steel-woody.com\/de\/online-shop\/pantofari\/","title":{"rendered":"Pantofari"},"content":{"rendered":"\t\t<div data-elementor-type=\"wp-page\" data-elementor-id=\"2300\" class=\"elementor elementor-2300 elementor-1353\" data-elementor-post-type=\"page\">\n\t\t\t\t<div class=\"elementor-element elementor-element-a2d6436 e-flex e-con-boxed e-con e-parent\" data-id=\"a2d6436\" data-element_type=\"container\" data-settings=\"{&quot;background_background&quot;:&quot;classic&quot;}\">\n\t\t\t\t\t<div class=\"e-con-inner\">\n\t\t<div class=\"elementor-element elementor-element-e5bf21e e-con-full e-flex e-con e-child\" data-id=\"e5bf21e\" data-element_type=\"container\">\n\t\t\t\t<div class=\"elementor-element elementor-element-ba3502f elementor-widget elementor-widget-text-editor\" data-id=\"ba3502f\" data-element_type=\"widget\" data-widget_type=\"text-editor.default\">\n\t\t\t\t<div class=\"elementor-widget-container\">\n\t\t\t\t\t\t\t\t\t<p>Halten Sie Ihr Schuhwerk organisiert und handlich mit unseren modernen und praktischen Schuhen.<\/p>\n<p>Von kompakten Modellen f\u00fcr kleine R\u00e4ume bis hin zu ger\u00e4umigen Pantoffeln f\u00fcr die ganze Familie bieten wir ideale L\u00f6sungen f\u00fcr einen gepflegten und stilvollen Flur.<\/p>\n<p>W\u00e4hlen Sie einen Schuhschrank, der zum Stil Ihrer Wohnung passt und den perfekten Platz f\u00fcr Ihr Schuhwerk bietet.<\/p>\n\t\t\t\t\t\t\t\t<\/div>\n\t\t\t\t<\/div>\n\t\t\t\t<div class=\"elementor-element elementor-element-2287c97 elementor-align-left elementor-mobile-align-center elementor-widget elementor-widget-button\" data-id=\"2287c97\" data-element_type=\"widget\" data-widget_type=\"button.default\">\n\t\t\t\t<div class=\"elementor-widget-container\">\n\t\t\t\t\t\t\t\t\t<div class=\"elementor-button-wrapper\">\n\t\t\t\t\t<a class=\"elementor-button elementor-button-link elementor-size-sm\" href=\"#pantofari\">\n\t\t\t\t\t\t<span class=\"elementor-button-content-wrapper\">\n\t\t\t\t\t\t\t\t\t<span class=\"elementor-button-text\">Siehe Produkte<\/span>\n\t\t\t\t\t<\/span>\n\t\t\t\t\t<\/a>\n\t\t\t\t<\/div>\n\t\t\t\t\t\t\t\t<\/div>\n\t\t\t\t<\/div>\n\t\t\t\t<\/div>\n\t\t<div class=\"elementor-element elementor-element-afb04e6 e-con-full e-flex e-con e-child\" data-id=\"afb04e6\" data-element_type=\"container\">\n\t\t\t\t<div class=\"elementor-element elementor-element-b3653a7 elementor-widget elementor-widget-image\" data-id=\"b3653a7\" data-element_type=\"widget\" data-widget_type=\"image.default\">\n\t\t\t\t<div class=\"elementor-widget-container\">\n\t\t\t\t\t\t\t\t\t\t\t\t\t\t\t<img fetchpriority=\"high\" decoding=\"async\" width=\"1536\" height=\"1167\" src=\"https:\/\/steel-woody.com\/wp-content\/uploads\/2024\/09\/4-4.jpg\" class=\"attachment-full size-full wp-image-1778\" alt=\"\" srcset=\"https:\/\/steel-woody.com\/wp-content\/uploads\/2024\/09\/4-4.jpg 1536w, https:\/\/steel-woody.com\/wp-content\/uploads\/2024\/09\/4-4-300x228.jpg 300w, https:\/\/steel-woody.com\/wp-content\/uploads\/2024\/09\/4-4-1024x778.jpg 1024w, https:\/\/steel-woody.com\/wp-content\/uploads\/2024\/09\/4-4-768x584.jpg 768w, https:\/\/steel-woody.com\/wp-content\/uploads\/2024\/09\/4-4-600x456.jpg 600w\" sizes=\"(max-width: 1536px) 100vw, 1536px\" \/>\t\t\t\t\t\t\t\t\t\t\t\t\t\t\t<\/div>\n\t\t\t\t<\/div>\n\t\t\t\t<\/div>\n\t\t\t\t\t<\/div>\n\t\t\t\t<\/div>\n\t\t<div class=\"elementor-element elementor-element-d3e530b e-flex e-con-boxed e-con e-parent\" data-id=\"d3e530b\" data-element_type=\"container\">\n\t\t\t\t\t<div class=\"e-con-inner\">\n\t\t\t\t<div class=\"elementor-element elementor-element-d0ff087 elementor-widget elementor-widget-menu-anchor\" data-id=\"d0ff087\" data-element_type=\"widget\" data-widget_type=\"menu-anchor.default\">\n\t\t\t\t<div class=\"elementor-widget-container\">\n\t\t\t\t\t\t\t<div class=\"elementor-menu-anchor\" id=\"pantofari\"><\/div>\n\t\t\t\t\t\t<\/div>\n\t\t\t\t<\/div>\n\t\t\t\t\t<\/div>\n\t\t\t\t<\/div>\n\t\t<div class=\"elementor-element elementor-element-2c5d567 e-flex e-con-boxed e-con e-parent\" data-id=\"2c5d567\" data-element_type=\"container\" data-settings=\"{&quot;background_background&quot;:&quot;classic&quot;}\">\n\t\t\t\t\t<div class=\"e-con-inner\">\n\t\t<div class=\"elementor-element elementor-element-323409b e-con-full e-flex e-con e-child\" data-id=\"323409b\" data-element_type=\"container\">\n\t\t\t\t<\/div>\n\t\t\t\t\t<\/div>\n\t\t\t\t<\/div>\n\t\t\t\t<\/div>\n\t\t","protected":false},"excerpt":{"rendered":"<p>Halten Sie Ihr Schuhwerk organisiert und handlich mit unseren modernen und praktischen Schuhen. Von kompakten Modellen f\u00fcr kleine R\u00e4ume bis hin zu ger\u00e4umigen Pantoffeln f\u00fcr die ganze Familie bieten wir ideale L\u00f6sungen f\u00fcr einen gepflegten und stilvollen Flur. W\u00e4hlen Sie einen Schuhschrank, der zum Stil Ihrer Wohnung passt und den perfekten Platz f\u00fcr Ihr Schuhwerk [&hellip;]<\/p>\n","protected":false},"author":1,"featured_media":0,"parent":2431,"menu_order":0,"comment_status":"closed","ping_status":"closed","template":"elementor_header_footer","meta":{"footnotes":""},"class_list":["post-2300","page","type-page","status-publish","hentry"],"yoast_head":"<!-- This site is optimized with the Yoast SEO plugin v25.5 - https:\/\/yoast.com\/wordpress\/plugins\/seo\/ -->\n<title>Pantofari - Steel Woody<\/title>\n<meta name=\"robots\" content=\"index, follow, max-snippet:-1, max-image-preview:large, max-video-preview:-1\" \/>\n<link rel=\"canonical\" href=\"https:\/\/steel-woody.com\/de\/online-shop\/pantofari\/\" \/>\n<meta property=\"og:locale\" content=\"de_DE\" \/>\n<meta property=\"og:type\" content=\"article\" \/>\n<meta property=\"og:title\" content=\"Pantofari - Steel Woody\" \/>\n<meta property=\"og:description\" content=\"Halten Sie Ihr Schuhwerk organisiert und handlich mit unseren modernen und praktischen Schuhen. Von kompakten Modellen f\u00fcr kleine R\u00e4ume bis hin zu ger\u00e4umigen Pantoffeln f\u00fcr die ganze Familie bieten wir ideale L\u00f6sungen f\u00fcr einen gepflegten und stilvollen Flur. W\u00e4hlen Sie einen Schuhschrank, der zum Stil Ihrer Wohnung passt und den perfekten Platz f\u00fcr Ihr Schuhwerk [&hellip;]\" \/>\n<meta property=\"og:url\" content=\"https:\/\/steel-woody.com\/de\/online-shop\/pantofari\/\" \/>\n<meta property=\"og:site_name\" content=\"Steel Woody\" \/>\n<meta property=\"article:modified_time\" content=\"2024-10-21T14:42:00+00:00\" \/>\n<meta property=\"og:image\" content=\"https:\/\/steel-woody.com\/wp-content\/uploads\/2024\/09\/4-4.jpg\" \/>\n<meta name=\"twitter:card\" content=\"summary_large_image\" \/>\n<script type=\"application\/ld+json\" class=\"yoast-schema-graph\">{\"@context\":\"https:\/\/schema.org\",\"@graph\":[{\"@type\":\"WebPage\",\"@id\":\"https:\/\/steel-woody.com\/de\/online-shop\/pantofari\/\",\"url\":\"https:\/\/steel-woody.com\/de\/online-shop\/pantofari\/\",\"name\":\"Pantofari - Steel Woody\",\"isPartOf\":{\"@id\":\"https:\/\/steel-woody.com\/de\/#website\"},\"primaryImageOfPage\":{\"@id\":\"https:\/\/steel-woody.com\/de\/online-shop\/pantofari\/#primaryimage\"},\"image\":{\"@id\":\"https:\/\/steel-woody.com\/de\/online-shop\/pantofari\/#primaryimage\"},\"thumbnailUrl\":\"https:\/\/steel-woody.com\/wp-content\/uploads\/2024\/09\/4-4.jpg\",\"datePublished\":\"2024-10-17T16:49:53+00:00\",\"dateModified\":\"2024-10-21T14:42:00+00:00\",\"breadcrumb\":{\"@id\":\"https:\/\/steel-woody.com\/de\/online-shop\/pantofari\/#breadcrumb\"},\"inLanguage\":\"de\",\"potentialAction\":[{\"@type\":\"ReadAction\",\"target\":[\"https:\/\/steel-woody.com\/de\/online-shop\/pantofari\/\"]}]},{\"@type\":\"ImageObject\",\"inLanguage\":\"de\",\"@id\":\"https:\/\/steel-woody.com\/de\/online-shop\/pantofari\/#primaryimage\",\"url\":\"https:\/\/steel-woody.com\/wp-content\/uploads\/2024\/09\/4-4.jpg\",\"contentUrl\":\"https:\/\/steel-woody.com\/wp-content\/uploads\/2024\/09\/4-4.jpg\"},{\"@type\":\"BreadcrumbList\",\"@id\":\"https:\/\/steel-woody.com\/de\/online-shop\/pantofari\/#breadcrumb\",\"itemListElement\":[{\"@type\":\"ListItem\",\"position\":1,\"name\":\"Home\",\"item\":\"https:\/\/steel-woody.com\/de\/\"},{\"@type\":\"ListItem\",\"position\":2,\"name\":\"Shop\",\"item\":\"https:\/\/steel-woody.com\/de\/online-shop\/\"},{\"@type\":\"ListItem\",\"position\":3,\"name\":\"Pantofari\"}]},{\"@type\":\"WebSite\",\"@id\":\"https:\/\/steel-woody.com\/de\/#website\",\"url\":\"https:\/\/steel-woody.com\/de\/\",\"name\":\"Steel Woody\",\"description\":\"\",\"potentialAction\":[{\"@type\":\"SearchAction\",\"target\":{\"@type\":\"EntryPoint\",\"urlTemplate\":\"https:\/\/steel-woody.com\/de\/?s={search_term_string}\"},\"query-input\":{\"@type\":\"PropertyValueSpecification\",\"valueRequired\":true,\"valueName\":\"search_term_string\"}}],\"inLanguage\":\"de\"}]}<\/script>\n<!-- \/ Yoast SEO plugin. -->","yoast_head_json":{"title":"Pantofari - Steel Woody","robots":{"index":"index","follow":"follow","max-snippet":"max-snippet:-1","max-image-preview":"max-image-preview:large","max-video-preview":"max-video-preview:-1"},"canonical":"https:\/\/steel-woody.com\/de\/online-shop\/pantofari\/","og_locale":"de_DE","og_type":"article","og_title":"Pantofari - Steel Woody","og_description":"Halten Sie Ihr Schuhwerk organisiert und handlich mit unseren modernen und praktischen Schuhen. Von kompakten Modellen f\u00fcr kleine R\u00e4ume bis hin zu ger\u00e4umigen Pantoffeln f\u00fcr die ganze Familie bieten wir ideale L\u00f6sungen f\u00fcr einen gepflegten und stilvollen Flur. W\u00e4hlen Sie einen Schuhschrank, der zum Stil Ihrer Wohnung passt und den perfekten Platz f\u00fcr Ihr Schuhwerk [&hellip;]","og_url":"https:\/\/steel-woody.com\/de\/online-shop\/pantofari\/","og_site_name":"Steel Woody","article_modified_time":"2024-10-21T14:42:00+00:00","og_image":[{"url":"https:\/\/steel-woody.com\/wp-content\/uploads\/2024\/09\/4-4.jpg","type":"","width":"","height":""}],"twitter_card":"summary_large_image","schema":{"@context":"https:\/\/schema.org","@graph":[{"@type":"WebPage","@id":"https:\/\/steel-woody.com\/de\/online-shop\/pantofari\/","url":"https:\/\/steel-woody.com\/de\/online-shop\/pantofari\/","name":"Pantofari - Steel Woody","isPartOf":{"@id":"https:\/\/steel-woody.com\/de\/#website"},"primaryImageOfPage":{"@id":"https:\/\/steel-woody.com\/de\/online-shop\/pantofari\/#primaryimage"},"image":{"@id":"https:\/\/steel-woody.com\/de\/online-shop\/pantofari\/#primaryimage"},"thumbnailUrl":"https:\/\/steel-woody.com\/wp-content\/uploads\/2024\/09\/4-4.jpg","datePublished":"2024-10-17T16:49:53+00:00","dateModified":"2024-10-21T14:42:00+00:00","breadcrumb":{"@id":"https:\/\/steel-woody.com\/de\/online-shop\/pantofari\/#breadcrumb"},"inLanguage":"de","potentialAction":[{"@type":"ReadAction","target":["https:\/\/steel-woody.com\/de\/online-shop\/pantofari\/"]}]},{"@type":"ImageObject","inLanguage":"de","@id":"https:\/\/steel-woody.com\/de\/online-shop\/pantofari\/#primaryimage","url":"https:\/\/steel-woody.com\/wp-content\/uploads\/2024\/09\/4-4.jpg","contentUrl":"https:\/\/steel-woody.com\/wp-content\/uploads\/2024\/09\/4-4.jpg"},{"@type":"BreadcrumbList","@id":"https:\/\/steel-woody.com\/de\/online-shop\/pantofari\/#breadcrumb","itemListElement":[{"@type":"ListItem","position":1,"name":"Home","item":"https:\/\/steel-woody.com\/de\/"},{"@type":"ListItem","position":2,"name":"Shop","item":"https:\/\/steel-woody.com\/de\/online-shop\/"},{"@type":"ListItem","position":3,"name":"Pantofari"}]},{"@type":"WebSite","@id":"https:\/\/steel-woody.com\/de\/#website","url":"https:\/\/steel-woody.com\/de\/","name":"Steel Woody","description":"","potentialAction":[{"@type":"SearchAction","target":{"@type":"EntryPoint","urlTemplate":"https:\/\/steel-woody.com\/de\/?s={search_term_string}"},"query-input":{"@type":"PropertyValueSpecification","valueRequired":true,"valueName":"search_term_string"}}],"inLanguage":"de"}]}},"_links":{"self":[{"href":"https:\/\/steel-woody.com\/de\/wp-json\/wp\/v2\/pages\/2300","targetHints":{"allow":["GET"]}}],"collection":[{"href":"https:\/\/steel-woody.com\/de\/wp-json\/wp\/v2\/pages"}],"about":[{"href":"https:\/\/steel-woody.com\/de\/wp-json\/wp\/v2\/types\/page"}],"author":[{"embeddable":true,"href":"https:\/\/steel-woody.com\/de\/wp-json\/wp\/v2\/users\/1"}],"replies":[{"embeddable":true,"href":"https:\/\/steel-woody.com\/de\/wp-json\/wp\/v2\/comments?post=2300"}],"version-history":[{"count":1,"href":"https:\/\/steel-woody.com\/de\/wp-json\/wp\/v2\/pages\/2300\/revisions"}],"predecessor-version":[{"id":2301,"href":"https:\/\/steel-woody.com\/de\/wp-json\/wp\/v2\/pages\/2300\/revisions\/2301"}],"up":[{"embeddable":true,"href":"https:\/\/steel-woody.com\/de\/wp-json\/wp\/v2\/pages\/2431"}],"wp:attachment":[{"href":"https:\/\/steel-woody.com\/de\/wp-json\/wp\/v2\/media?parent=2300"}],"curies":[{"name":"wp","href":"https:\/\/api.w.org\/{rel}","templated":true}]}}