{"id":2285,"date":"2024-10-17T16:13:50","date_gmt":"2024-10-17T16:13:50","guid":{"rendered":"https:\/\/steel-woody.com\/konsole\/"},"modified":"2024-10-21T14:42:00","modified_gmt":"2024-10-21T14:42:00","slug":"konsole","status":"publish","type":"page","link":"https:\/\/steel-woody.com\/de\/online-shop\/konsole\/","title":{"rendered":"Konsole"},"content":{"rendered":"\t\t<div data-elementor-type=\"wp-page\" data-elementor-id=\"2285\" class=\"elementor elementor-2285 elementor-1322\" data-elementor-post-type=\"page\">\n\t\t\t\t<div class=\"elementor-element elementor-element-c77f8f5 e-flex e-con-boxed e-con e-parent\" data-id=\"c77f8f5\" data-element_type=\"container\" data-settings=\"{&quot;background_background&quot;:&quot;classic&quot;}\">\n\t\t\t\t\t<div class=\"e-con-inner\">\n\t\t<div class=\"elementor-element elementor-element-f3c430d e-con-full e-flex e-con e-child\" data-id=\"f3c430d\" data-element_type=\"container\">\n\t\t\t\t<div class=\"elementor-element elementor-element-5e7ebad elementor-widget elementor-widget-text-editor\" data-id=\"5e7ebad\" data-element_type=\"widget\" data-widget_type=\"text-editor.default\">\n\t\t\t\t<div class=\"elementor-widget-container\">\n\t\t\t\t\t\t\t\t\t<p>Verleihen Sie jedem Raum mit unseren vielseitigen Konsolen Raffinesse und Funktionalit\u00e4t.<\/p>\n<p>Von eleganten Fluren bis hin zu modernen Wohnzimmern bieten diese M\u00f6belst\u00fccke einen unverwechselbaren Stil und den perfekten Platz, um Dekorationen auszustellen oder das N\u00f6tigste zu organisieren.<\/p>\n<p>W\u00e4hlen Sie aus einer Vielzahl von Modellen, die hochwertige Materialien mit modernem Design kombinieren und zu jeder Einrichtung passen.<\/p>\n\t\t\t\t\t\t\t\t<\/div>\n\t\t\t\t<\/div>\n\t\t\t\t<div class=\"elementor-element elementor-element-c00338b elementor-align-left elementor-mobile-align-center elementor-widget elementor-widget-button\" data-id=\"c00338b\" data-element_type=\"widget\" data-widget_type=\"button.default\">\n\t\t\t\t<div class=\"elementor-widget-container\">\n\t\t\t\t\t\t\t\t\t<div class=\"elementor-button-wrapper\">\n\t\t\t\t\t<a class=\"elementor-button elementor-button-link elementor-size-sm\" href=\"#console\">\n\t\t\t\t\t\t<span class=\"elementor-button-content-wrapper\">\n\t\t\t\t\t\t\t\t\t<span class=\"elementor-button-text\">Siehe Produkte<\/span>\n\t\t\t\t\t<\/span>\n\t\t\t\t\t<\/a>\n\t\t\t\t<\/div>\n\t\t\t\t\t\t\t\t<\/div>\n\t\t\t\t<\/div>\n\t\t\t\t<\/div>\n\t\t<div class=\"elementor-element elementor-element-c4c66eb e-con-full e-flex e-con e-child\" data-id=\"c4c66eb\" data-element_type=\"container\">\n\t\t\t\t<div class=\"elementor-element elementor-element-3d75707 elementor-widget elementor-widget-image\" data-id=\"3d75707\" data-element_type=\"widget\" data-widget_type=\"image.default\">\n\t\t\t\t<div class=\"elementor-widget-container\">\n\t\t\t\t\t\t\t\t\t\t\t\t\t\t\t<img fetchpriority=\"high\" decoding=\"async\" width=\"1536\" height=\"1167\" src=\"https:\/\/steel-woody.com\/wp-content\/uploads\/2024\/09\/4-15.jpg\" class=\"attachment-full size-full wp-image-1925\" alt=\"\" srcset=\"https:\/\/steel-woody.com\/wp-content\/uploads\/2024\/09\/4-15.jpg 1536w, https:\/\/steel-woody.com\/wp-content\/uploads\/2024\/09\/4-15-300x228.jpg 300w, https:\/\/steel-woody.com\/wp-content\/uploads\/2024\/09\/4-15-1024x778.jpg 1024w, https:\/\/steel-woody.com\/wp-content\/uploads\/2024\/09\/4-15-768x584.jpg 768w, https:\/\/steel-woody.com\/wp-content\/uploads\/2024\/09\/4-15-600x456.jpg 600w\" sizes=\"(max-width: 1536px) 100vw, 1536px\" \/>\t\t\t\t\t\t\t\t\t\t\t\t\t\t\t<\/div>\n\t\t\t\t<\/div>\n\t\t\t\t<\/div>\n\t\t\t\t\t<\/div>\n\t\t\t\t<\/div>\n\t\t<div class=\"elementor-element elementor-element-acfeb10 e-flex e-con-boxed e-con e-parent\" data-id=\"acfeb10\" data-element_type=\"container\">\n\t\t\t\t\t<div class=\"e-con-inner\">\n\t\t\t\t<div class=\"elementor-element elementor-element-420bfdf elementor-widget elementor-widget-menu-anchor\" data-id=\"420bfdf\" data-element_type=\"widget\" data-widget_type=\"menu-anchor.default\">\n\t\t\t\t<div class=\"elementor-widget-container\">\n\t\t\t\t\t\t\t<div class=\"elementor-menu-anchor\" id=\"Konsole\"><\/div>\n\t\t\t\t\t\t<\/div>\n\t\t\t\t<\/div>\n\t\t\t\t\t<\/div>\n\t\t\t\t<\/div>\n\t\t<div class=\"elementor-element elementor-element-59ec7b9 e-flex e-con-boxed e-con e-parent\" data-id=\"59ec7b9\" data-element_type=\"container\" data-settings=\"{&quot;background_background&quot;:&quot;classic&quot;}\">\n\t\t\t\t\t<div class=\"e-con-inner\">\n\t\t<div class=\"elementor-element elementor-element-06925b1 e-con-full e-flex e-con e-child\" data-id=\"06925b1\" data-element_type=\"container\">\n\t\t\t\t<\/div>\n\t\t\t\t\t<\/div>\n\t\t\t\t<\/div>\n\t\t\t\t<\/div>\n\t\t","protected":false},"excerpt":{"rendered":"<p>Verleihen Sie jedem Raum mit unseren vielseitigen Konsolen Raffinesse und Funktionalit\u00e4t. Von eleganten Fluren bis hin zu modernen Wohnzimmern bieten diese M\u00f6belst\u00fccke einen unverwechselbaren Stil und den perfekten Platz, um Dekorationen auszustellen oder das N\u00f6tigste zu organisieren. W\u00e4hlen Sie aus einer Vielzahl von Modellen, die hochwertige Materialien mit modernem Design kombinieren und zu jeder Einrichtung [&hellip;]<\/p>\n","protected":false},"author":1,"featured_media":0,"parent":2431,"menu_order":0,"comment_status":"closed","ping_status":"closed","template":"elementor_header_footer","meta":{"footnotes":""},"class_list":["post-2285","page","type-page","status-publish","hentry"],"yoast_head":"<!-- This site is optimized with the Yoast SEO plugin v25.5 - https:\/\/yoast.com\/wordpress\/plugins\/seo\/ -->\n<title>Konsole - Steel Woody<\/title>\n<meta name=\"robots\" content=\"index, follow, max-snippet:-1, max-image-preview:large, max-video-preview:-1\" \/>\n<link rel=\"canonical\" href=\"https:\/\/steel-woody.com\/de\/online-shop\/konsole\/\" \/>\n<meta property=\"og:locale\" content=\"de_DE\" \/>\n<meta property=\"og:type\" content=\"article\" \/>\n<meta property=\"og:title\" content=\"Konsole - Steel Woody\" \/>\n<meta property=\"og:description\" content=\"Verleihen Sie jedem Raum mit unseren vielseitigen Konsolen Raffinesse und Funktionalit\u00e4t. Von eleganten Fluren bis hin zu modernen Wohnzimmern bieten diese M\u00f6belst\u00fccke einen unverwechselbaren Stil und den perfekten Platz, um Dekorationen auszustellen oder das N\u00f6tigste zu organisieren. W\u00e4hlen Sie aus einer Vielzahl von Modellen, die hochwertige Materialien mit modernem Design kombinieren und zu jeder Einrichtung [&hellip;]\" \/>\n<meta property=\"og:url\" content=\"https:\/\/steel-woody.com\/de\/online-shop\/konsole\/\" \/>\n<meta property=\"og:site_name\" content=\"Steel Woody\" \/>\n<meta property=\"article:modified_time\" content=\"2024-10-21T14:42:00+00:00\" \/>\n<meta property=\"og:image\" content=\"https:\/\/steel-woody.com\/wp-content\/uploads\/2024\/09\/4-15.jpg\" \/>\n<meta name=\"twitter:card\" content=\"summary_large_image\" \/>\n<script type=\"application\/ld+json\" class=\"yoast-schema-graph\">{\"@context\":\"https:\/\/schema.org\",\"@graph\":[{\"@type\":\"WebPage\",\"@id\":\"https:\/\/steel-woody.com\/de\/online-shop\/konsole\/\",\"url\":\"https:\/\/steel-woody.com\/de\/online-shop\/konsole\/\",\"name\":\"Konsole - Steel Woody\",\"isPartOf\":{\"@id\":\"https:\/\/steel-woody.com\/de\/#website\"},\"primaryImageOfPage\":{\"@id\":\"https:\/\/steel-woody.com\/de\/online-shop\/konsole\/#primaryimage\"},\"image\":{\"@id\":\"https:\/\/steel-woody.com\/de\/online-shop\/konsole\/#primaryimage\"},\"thumbnailUrl\":\"https:\/\/steel-woody.com\/wp-content\/uploads\/2024\/09\/4-15.jpg\",\"datePublished\":\"2024-10-17T16:13:50+00:00\",\"dateModified\":\"2024-10-21T14:42:00+00:00\",\"breadcrumb\":{\"@id\":\"https:\/\/steel-woody.com\/de\/online-shop\/konsole\/#breadcrumb\"},\"inLanguage\":\"de\",\"potentialAction\":[{\"@type\":\"ReadAction\",\"target\":[\"https:\/\/steel-woody.com\/de\/online-shop\/konsole\/\"]}]},{\"@type\":\"ImageObject\",\"inLanguage\":\"de\",\"@id\":\"https:\/\/steel-woody.com\/de\/online-shop\/konsole\/#primaryimage\",\"url\":\"https:\/\/steel-woody.com\/wp-content\/uploads\/2024\/09\/4-15.jpg\",\"contentUrl\":\"https:\/\/steel-woody.com\/wp-content\/uploads\/2024\/09\/4-15.jpg\"},{\"@type\":\"BreadcrumbList\",\"@id\":\"https:\/\/steel-woody.com\/de\/online-shop\/konsole\/#breadcrumb\",\"itemListElement\":[{\"@type\":\"ListItem\",\"position\":1,\"name\":\"Home\",\"item\":\"https:\/\/steel-woody.com\/de\/\"},{\"@type\":\"ListItem\",\"position\":2,\"name\":\"Shop\",\"item\":\"https:\/\/steel-woody.com\/de\/online-shop\/\"},{\"@type\":\"ListItem\",\"position\":3,\"name\":\"Konsole\"}]},{\"@type\":\"WebSite\",\"@id\":\"https:\/\/steel-woody.com\/de\/#website\",\"url\":\"https:\/\/steel-woody.com\/de\/\",\"name\":\"Steel Woody\",\"description\":\"\",\"potentialAction\":[{\"@type\":\"SearchAction\",\"target\":{\"@type\":\"EntryPoint\",\"urlTemplate\":\"https:\/\/steel-woody.com\/de\/?s={search_term_string}\"},\"query-input\":{\"@type\":\"PropertyValueSpecification\",\"valueRequired\":true,\"valueName\":\"search_term_string\"}}],\"inLanguage\":\"de\"}]}<\/script>\n<!-- \/ Yoast SEO plugin. -->","yoast_head_json":{"title":"Konsole - Steel Woody","robots":{"index":"index","follow":"follow","max-snippet":"max-snippet:-1","max-image-preview":"max-image-preview:large","max-video-preview":"max-video-preview:-1"},"canonical":"https:\/\/steel-woody.com\/de\/online-shop\/konsole\/","og_locale":"de_DE","og_type":"article","og_title":"Konsole - Steel Woody","og_description":"Verleihen Sie jedem Raum mit unseren vielseitigen Konsolen Raffinesse und Funktionalit\u00e4t. Von eleganten Fluren bis hin zu modernen Wohnzimmern bieten diese M\u00f6belst\u00fccke einen unverwechselbaren Stil und den perfekten Platz, um Dekorationen auszustellen oder das N\u00f6tigste zu organisieren. W\u00e4hlen Sie aus einer Vielzahl von Modellen, die hochwertige Materialien mit modernem Design kombinieren und zu jeder Einrichtung [&hellip;]","og_url":"https:\/\/steel-woody.com\/de\/online-shop\/konsole\/","og_site_name":"Steel Woody","article_modified_time":"2024-10-21T14:42:00+00:00","og_image":[{"url":"https:\/\/steel-woody.com\/wp-content\/uploads\/2024\/09\/4-15.jpg","type":"","width":"","height":""}],"twitter_card":"summary_large_image","schema":{"@context":"https:\/\/schema.org","@graph":[{"@type":"WebPage","@id":"https:\/\/steel-woody.com\/de\/online-shop\/konsole\/","url":"https:\/\/steel-woody.com\/de\/online-shop\/konsole\/","name":"Konsole - Steel Woody","isPartOf":{"@id":"https:\/\/steel-woody.com\/de\/#website"},"primaryImageOfPage":{"@id":"https:\/\/steel-woody.com\/de\/online-shop\/konsole\/#primaryimage"},"image":{"@id":"https:\/\/steel-woody.com\/de\/online-shop\/konsole\/#primaryimage"},"thumbnailUrl":"https:\/\/steel-woody.com\/wp-content\/uploads\/2024\/09\/4-15.jpg","datePublished":"2024-10-17T16:13:50+00:00","dateModified":"2024-10-21T14:42:00+00:00","breadcrumb":{"@id":"https:\/\/steel-woody.com\/de\/online-shop\/konsole\/#breadcrumb"},"inLanguage":"de","potentialAction":[{"@type":"ReadAction","target":["https:\/\/steel-woody.com\/de\/online-shop\/konsole\/"]}]},{"@type":"ImageObject","inLanguage":"de","@id":"https:\/\/steel-woody.com\/de\/online-shop\/konsole\/#primaryimage","url":"https:\/\/steel-woody.com\/wp-content\/uploads\/2024\/09\/4-15.jpg","contentUrl":"https:\/\/steel-woody.com\/wp-content\/uploads\/2024\/09\/4-15.jpg"},{"@type":"BreadcrumbList","@id":"https:\/\/steel-woody.com\/de\/online-shop\/konsole\/#breadcrumb","itemListElement":[{"@type":"ListItem","position":1,"name":"Home","item":"https:\/\/steel-woody.com\/de\/"},{"@type":"ListItem","position":2,"name":"Shop","item":"https:\/\/steel-woody.com\/de\/online-shop\/"},{"@type":"ListItem","position":3,"name":"Konsole"}]},{"@type":"WebSite","@id":"https:\/\/steel-woody.com\/de\/#website","url":"https:\/\/steel-woody.com\/de\/","name":"Steel Woody","description":"","potentialAction":[{"@type":"SearchAction","target":{"@type":"EntryPoint","urlTemplate":"https:\/\/steel-woody.com\/de\/?s={search_term_string}"},"query-input":{"@type":"PropertyValueSpecification","valueRequired":true,"valueName":"search_term_string"}}],"inLanguage":"de"}]}},"_links":{"self":[{"href":"https:\/\/steel-woody.com\/de\/wp-json\/wp\/v2\/pages\/2285","targetHints":{"allow":["GET"]}}],"collection":[{"href":"https:\/\/steel-woody.com\/de\/wp-json\/wp\/v2\/pages"}],"about":[{"href":"https:\/\/steel-woody.com\/de\/wp-json\/wp\/v2\/types\/page"}],"author":[{"embeddable":true,"href":"https:\/\/steel-woody.com\/de\/wp-json\/wp\/v2\/users\/1"}],"replies":[{"embeddable":true,"href":"https:\/\/steel-woody.com\/de\/wp-json\/wp\/v2\/comments?post=2285"}],"version-history":[{"count":1,"href":"https:\/\/steel-woody.com\/de\/wp-json\/wp\/v2\/pages\/2285\/revisions"}],"predecessor-version":[{"id":2287,"href":"https:\/\/steel-woody.com\/de\/wp-json\/wp\/v2\/pages\/2285\/revisions\/2287"}],"up":[{"embeddable":true,"href":"https:\/\/steel-woody.com\/de\/wp-json\/wp\/v2\/pages\/2431"}],"wp:attachment":[{"href":"https:\/\/steel-woody.com\/de\/wp-json\/wp\/v2\/media?parent=2285"}],"curies":[{"name":"wp","href":"https:\/\/api.w.org\/{rel}","templated":true}]}}