{"id":2280,"date":"2024-10-17T16:35:27","date_gmt":"2024-10-17T16:35:27","guid":{"rendered":"https:\/\/steel-woody.com\/moebel-fuer-das-badezimmer\/"},"modified":"2024-10-21T14:42:00","modified_gmt":"2024-10-21T14:42:00","slug":"moebel-fuer-das-badezimmer","status":"publish","type":"page","link":"https:\/\/steel-woody.com\/de\/online-shop\/moebel-fuer-das-badezimmer\/","title":{"rendered":"M\u00f6bel f\u00fcr das Badezimmer"},"content":{"rendered":"\t\t<div data-elementor-type=\"wp-page\" data-elementor-id=\"2280\" class=\"elementor elementor-2280 elementor-1336\" data-elementor-post-type=\"page\">\n\t\t\t\t<div class=\"elementor-element elementor-element-e39597b e-flex e-con-boxed e-con e-parent\" data-id=\"e39597b\" data-element_type=\"container\" data-settings=\"{&quot;background_background&quot;:&quot;classic&quot;}\">\n\t\t\t\t\t<div class=\"e-con-inner\">\n\t\t<div class=\"elementor-element elementor-element-baddd7a e-con-full e-flex e-con e-child\" data-id=\"baddd7a\" data-element_type=\"container\">\n\t\t\t\t<div class=\"elementor-element elementor-element-774b634 elementor-widget elementor-widget-text-editor\" data-id=\"774b634\" data-element_type=\"widget\" data-widget_type=\"text-editor.default\">\n\t\t\t\t<div class=\"elementor-widget-container\">\n\t\t\t\t\t\t\t\t\t<p>Schaffen Sie mit unseren Badm\u00f6beln einen modernen und organisierten Entspannungsraum.<\/p>\n<p>Von stilvollen Aufbewahrungsschr\u00e4nken bis hin zu funktionellen Waschbecken finden Sie hier St\u00fccke, die raffiniertes Design mit feuchtigkeitsbest\u00e4ndigen Materialien kombinieren.<\/p>\n<p>W\u00e4hlen Sie die richtigen M\u00f6bel, um Ihr Badezimmer in einen angenehmen und gut organisierten Ort zu verwandeln, der Ihrem Stil und Ihren Bed\u00fcrfnissen entspricht.<\/p>\n\t\t\t\t\t\t\t\t<\/div>\n\t\t\t\t<\/div>\n\t\t\t\t<div class=\"elementor-element elementor-element-1a79b00 elementor-align-left elementor-mobile-align-center elementor-widget elementor-widget-button\" data-id=\"1a79b00\" data-element_type=\"widget\" data-widget_type=\"button.default\">\n\t\t\t\t<div class=\"elementor-widget-container\">\n\t\t\t\t\t\t\t\t\t<div class=\"elementor-button-wrapper\">\n\t\t\t\t\t<a class=\"elementor-button elementor-button-link elementor-size-sm\" href=\"#baie\">\n\t\t\t\t\t\t<span class=\"elementor-button-content-wrapper\">\n\t\t\t\t\t\t\t\t\t<span class=\"elementor-button-text\">Siehe Produkte<\/span>\n\t\t\t\t\t<\/span>\n\t\t\t\t\t<\/a>\n\t\t\t\t<\/div>\n\t\t\t\t\t\t\t\t<\/div>\n\t\t\t\t<\/div>\n\t\t\t\t<\/div>\n\t\t<div class=\"elementor-element elementor-element-e10ce51 e-con-full e-flex e-con e-child\" data-id=\"e10ce51\" data-element_type=\"container\">\n\t\t\t\t<div class=\"elementor-element elementor-element-d5fe205 elementor-widget elementor-widget-image\" data-id=\"d5fe205\" data-element_type=\"widget\" data-widget_type=\"image.default\">\n\t\t\t\t<div class=\"elementor-widget-container\">\n\t\t\t\t\t\t\t\t\t\t\t\t\t\t\t<img fetchpriority=\"high\" decoding=\"async\" width=\"1536\" height=\"1167\" src=\"https:\/\/steel-woody.com\/wp-content\/uploads\/2024\/09\/4-21.jpg\" class=\"attachment-full size-full wp-image-2009\" alt=\"\" srcset=\"https:\/\/steel-woody.com\/wp-content\/uploads\/2024\/09\/4-21.jpg 1536w, https:\/\/steel-woody.com\/wp-content\/uploads\/2024\/09\/4-21-300x228.jpg 300w, https:\/\/steel-woody.com\/wp-content\/uploads\/2024\/09\/4-21-1024x778.jpg 1024w, https:\/\/steel-woody.com\/wp-content\/uploads\/2024\/09\/4-21-768x584.jpg 768w, https:\/\/steel-woody.com\/wp-content\/uploads\/2024\/09\/4-21-600x456.jpg 600w\" sizes=\"(max-width: 1536px) 100vw, 1536px\" \/>\t\t\t\t\t\t\t\t\t\t\t\t\t\t\t<\/div>\n\t\t\t\t<\/div>\n\t\t\t\t<\/div>\n\t\t\t\t\t<\/div>\n\t\t\t\t<\/div>\n\t\t<div class=\"elementor-element elementor-element-58eea62 e-flex e-con-boxed e-con e-parent\" data-id=\"58eea62\" data-element_type=\"container\">\n\t\t\t\t\t<div class=\"e-con-inner\">\n\t\t\t\t<div class=\"elementor-element elementor-element-ba369af elementor-widget elementor-widget-menu-anchor\" data-id=\"ba369af\" data-element_type=\"widget\" data-widget_type=\"menu-anchor.default\">\n\t\t\t\t<div class=\"elementor-widget-container\">\n\t\t\t\t\t\t\t<div class=\"elementor-menu-anchor\" id=\"Badezimmer\"><\/div>\n\t\t\t\t\t\t<\/div>\n\t\t\t\t<\/div>\n\t\t\t\t\t<\/div>\n\t\t\t\t<\/div>\n\t\t<div class=\"elementor-element elementor-element-3d7f9b5 e-flex e-con-boxed e-con e-parent\" data-id=\"3d7f9b5\" data-element_type=\"container\" data-settings=\"{&quot;background_background&quot;:&quot;classic&quot;}\">\n\t\t\t\t\t<div class=\"e-con-inner\">\n\t\t<div class=\"elementor-element elementor-element-413618a e-con-full e-flex e-con e-child\" data-id=\"413618a\" data-element_type=\"container\">\n\t\t\t\t<\/div>\n\t\t\t\t\t<\/div>\n\t\t\t\t<\/div>\n\t\t\t\t<\/div>\n\t\t","protected":false},"excerpt":{"rendered":"<p>Schaffen Sie mit unseren Badm\u00f6beln einen modernen und organisierten Entspannungsraum. Von stilvollen Aufbewahrungsschr\u00e4nken bis hin zu funktionellen Waschbecken finden Sie hier St\u00fccke, die raffiniertes Design mit feuchtigkeitsbest\u00e4ndigen Materialien kombinieren. W\u00e4hlen Sie die richtigen M\u00f6bel, um Ihr Badezimmer in einen angenehmen und gut organisierten Ort zu verwandeln, der Ihrem Stil und Ihren Bed\u00fcrfnissen entspricht. Siehe Produkte<\/p>\n","protected":false},"author":1,"featured_media":0,"parent":2431,"menu_order":0,"comment_status":"closed","ping_status":"closed","template":"elementor_header_footer","meta":{"footnotes":""},"class_list":["post-2280","page","type-page","status-publish","hentry"],"yoast_head":"<!-- This site is optimized with the Yoast SEO plugin v25.5 - https:\/\/yoast.com\/wordpress\/plugins\/seo\/ -->\n<title>M\u00f6bel f\u00fcr das Badezimmer - Steel Woody<\/title>\n<meta name=\"robots\" content=\"index, follow, max-snippet:-1, max-image-preview:large, max-video-preview:-1\" \/>\n<link rel=\"canonical\" href=\"https:\/\/steel-woody.com\/de\/online-shop\/moebel-fuer-das-badezimmer\/\" \/>\n<meta property=\"og:locale\" content=\"de_DE\" \/>\n<meta property=\"og:type\" content=\"article\" \/>\n<meta property=\"og:title\" content=\"M\u00f6bel f\u00fcr das Badezimmer - Steel Woody\" \/>\n<meta property=\"og:description\" content=\"Schaffen Sie mit unseren Badm\u00f6beln einen modernen und organisierten Entspannungsraum. Von stilvollen Aufbewahrungsschr\u00e4nken bis hin zu funktionellen Waschbecken finden Sie hier St\u00fccke, die raffiniertes Design mit feuchtigkeitsbest\u00e4ndigen Materialien kombinieren. W\u00e4hlen Sie die richtigen M\u00f6bel, um Ihr Badezimmer in einen angenehmen und gut organisierten Ort zu verwandeln, der Ihrem Stil und Ihren Bed\u00fcrfnissen entspricht. Siehe Produkte\" \/>\n<meta property=\"og:url\" content=\"https:\/\/steel-woody.com\/de\/online-shop\/moebel-fuer-das-badezimmer\/\" \/>\n<meta property=\"og:site_name\" content=\"Steel Woody\" \/>\n<meta property=\"article:modified_time\" content=\"2024-10-21T14:42:00+00:00\" \/>\n<meta property=\"og:image\" content=\"https:\/\/steel-woody.com\/wp-content\/uploads\/2024\/09\/4-21.jpg\" \/>\n<meta name=\"twitter:card\" content=\"summary_large_image\" \/>\n<script type=\"application\/ld+json\" class=\"yoast-schema-graph\">{\"@context\":\"https:\/\/schema.org\",\"@graph\":[{\"@type\":\"WebPage\",\"@id\":\"https:\/\/steel-woody.com\/de\/online-shop\/moebel-fuer-das-badezimmer\/\",\"url\":\"https:\/\/steel-woody.com\/de\/online-shop\/moebel-fuer-das-badezimmer\/\",\"name\":\"M\u00f6bel f\u00fcr das Badezimmer - Steel Woody\",\"isPartOf\":{\"@id\":\"https:\/\/steel-woody.com\/de\/#website\"},\"primaryImageOfPage\":{\"@id\":\"https:\/\/steel-woody.com\/de\/online-shop\/moebel-fuer-das-badezimmer\/#primaryimage\"},\"image\":{\"@id\":\"https:\/\/steel-woody.com\/de\/online-shop\/moebel-fuer-das-badezimmer\/#primaryimage\"},\"thumbnailUrl\":\"https:\/\/steel-woody.com\/wp-content\/uploads\/2024\/09\/4-21.jpg\",\"datePublished\":\"2024-10-17T16:35:27+00:00\",\"dateModified\":\"2024-10-21T14:42:00+00:00\",\"breadcrumb\":{\"@id\":\"https:\/\/steel-woody.com\/de\/online-shop\/moebel-fuer-das-badezimmer\/#breadcrumb\"},\"inLanguage\":\"de\",\"potentialAction\":[{\"@type\":\"ReadAction\",\"target\":[\"https:\/\/steel-woody.com\/de\/online-shop\/moebel-fuer-das-badezimmer\/\"]}]},{\"@type\":\"ImageObject\",\"inLanguage\":\"de\",\"@id\":\"https:\/\/steel-woody.com\/de\/online-shop\/moebel-fuer-das-badezimmer\/#primaryimage\",\"url\":\"https:\/\/steel-woody.com\/wp-content\/uploads\/2024\/09\/4-21.jpg\",\"contentUrl\":\"https:\/\/steel-woody.com\/wp-content\/uploads\/2024\/09\/4-21.jpg\"},{\"@type\":\"BreadcrumbList\",\"@id\":\"https:\/\/steel-woody.com\/de\/online-shop\/moebel-fuer-das-badezimmer\/#breadcrumb\",\"itemListElement\":[{\"@type\":\"ListItem\",\"position\":1,\"name\":\"Home\",\"item\":\"https:\/\/steel-woody.com\/de\/\"},{\"@type\":\"ListItem\",\"position\":2,\"name\":\"Shop\",\"item\":\"https:\/\/steel-woody.com\/de\/online-shop\/\"},{\"@type\":\"ListItem\",\"position\":3,\"name\":\"M\u00f6bel f\u00fcr das Badezimmer\"}]},{\"@type\":\"WebSite\",\"@id\":\"https:\/\/steel-woody.com\/de\/#website\",\"url\":\"https:\/\/steel-woody.com\/de\/\",\"name\":\"Steel Woody\",\"description\":\"\",\"potentialAction\":[{\"@type\":\"SearchAction\",\"target\":{\"@type\":\"EntryPoint\",\"urlTemplate\":\"https:\/\/steel-woody.com\/de\/?s={search_term_string}\"},\"query-input\":{\"@type\":\"PropertyValueSpecification\",\"valueRequired\":true,\"valueName\":\"search_term_string\"}}],\"inLanguage\":\"de\"}]}<\/script>\n<!-- \/ Yoast SEO plugin. -->","yoast_head_json":{"title":"M\u00f6bel f\u00fcr das Badezimmer - Steel Woody","robots":{"index":"index","follow":"follow","max-snippet":"max-snippet:-1","max-image-preview":"max-image-preview:large","max-video-preview":"max-video-preview:-1"},"canonical":"https:\/\/steel-woody.com\/de\/online-shop\/moebel-fuer-das-badezimmer\/","og_locale":"de_DE","og_type":"article","og_title":"M\u00f6bel f\u00fcr das Badezimmer - Steel Woody","og_description":"Schaffen Sie mit unseren Badm\u00f6beln einen modernen und organisierten Entspannungsraum. Von stilvollen Aufbewahrungsschr\u00e4nken bis hin zu funktionellen Waschbecken finden Sie hier St\u00fccke, die raffiniertes Design mit feuchtigkeitsbest\u00e4ndigen Materialien kombinieren. W\u00e4hlen Sie die richtigen M\u00f6bel, um Ihr Badezimmer in einen angenehmen und gut organisierten Ort zu verwandeln, der Ihrem Stil und Ihren Bed\u00fcrfnissen entspricht. Siehe Produkte","og_url":"https:\/\/steel-woody.com\/de\/online-shop\/moebel-fuer-das-badezimmer\/","og_site_name":"Steel Woody","article_modified_time":"2024-10-21T14:42:00+00:00","og_image":[{"url":"https:\/\/steel-woody.com\/wp-content\/uploads\/2024\/09\/4-21.jpg","type":"","width":"","height":""}],"twitter_card":"summary_large_image","schema":{"@context":"https:\/\/schema.org","@graph":[{"@type":"WebPage","@id":"https:\/\/steel-woody.com\/de\/online-shop\/moebel-fuer-das-badezimmer\/","url":"https:\/\/steel-woody.com\/de\/online-shop\/moebel-fuer-das-badezimmer\/","name":"M\u00f6bel f\u00fcr das Badezimmer - Steel Woody","isPartOf":{"@id":"https:\/\/steel-woody.com\/de\/#website"},"primaryImageOfPage":{"@id":"https:\/\/steel-woody.com\/de\/online-shop\/moebel-fuer-das-badezimmer\/#primaryimage"},"image":{"@id":"https:\/\/steel-woody.com\/de\/online-shop\/moebel-fuer-das-badezimmer\/#primaryimage"},"thumbnailUrl":"https:\/\/steel-woody.com\/wp-content\/uploads\/2024\/09\/4-21.jpg","datePublished":"2024-10-17T16:35:27+00:00","dateModified":"2024-10-21T14:42:00+00:00","breadcrumb":{"@id":"https:\/\/steel-woody.com\/de\/online-shop\/moebel-fuer-das-badezimmer\/#breadcrumb"},"inLanguage":"de","potentialAction":[{"@type":"ReadAction","target":["https:\/\/steel-woody.com\/de\/online-shop\/moebel-fuer-das-badezimmer\/"]}]},{"@type":"ImageObject","inLanguage":"de","@id":"https:\/\/steel-woody.com\/de\/online-shop\/moebel-fuer-das-badezimmer\/#primaryimage","url":"https:\/\/steel-woody.com\/wp-content\/uploads\/2024\/09\/4-21.jpg","contentUrl":"https:\/\/steel-woody.com\/wp-content\/uploads\/2024\/09\/4-21.jpg"},{"@type":"BreadcrumbList","@id":"https:\/\/steel-woody.com\/de\/online-shop\/moebel-fuer-das-badezimmer\/#breadcrumb","itemListElement":[{"@type":"ListItem","position":1,"name":"Home","item":"https:\/\/steel-woody.com\/de\/"},{"@type":"ListItem","position":2,"name":"Shop","item":"https:\/\/steel-woody.com\/de\/online-shop\/"},{"@type":"ListItem","position":3,"name":"M\u00f6bel f\u00fcr das Badezimmer"}]},{"@type":"WebSite","@id":"https:\/\/steel-woody.com\/de\/#website","url":"https:\/\/steel-woody.com\/de\/","name":"Steel Woody","description":"","potentialAction":[{"@type":"SearchAction","target":{"@type":"EntryPoint","urlTemplate":"https:\/\/steel-woody.com\/de\/?s={search_term_string}"},"query-input":{"@type":"PropertyValueSpecification","valueRequired":true,"valueName":"search_term_string"}}],"inLanguage":"de"}]}},"_links":{"self":[{"href":"https:\/\/steel-woody.com\/de\/wp-json\/wp\/v2\/pages\/2280","targetHints":{"allow":["GET"]}}],"collection":[{"href":"https:\/\/steel-woody.com\/de\/wp-json\/wp\/v2\/pages"}],"about":[{"href":"https:\/\/steel-woody.com\/de\/wp-json\/wp\/v2\/types\/page"}],"author":[{"embeddable":true,"href":"https:\/\/steel-woody.com\/de\/wp-json\/wp\/v2\/users\/1"}],"replies":[{"embeddable":true,"href":"https:\/\/steel-woody.com\/de\/wp-json\/wp\/v2\/comments?post=2280"}],"version-history":[{"count":1,"href":"https:\/\/steel-woody.com\/de\/wp-json\/wp\/v2\/pages\/2280\/revisions"}],"predecessor-version":[{"id":2282,"href":"https:\/\/steel-woody.com\/de\/wp-json\/wp\/v2\/pages\/2280\/revisions\/2282"}],"up":[{"embeddable":true,"href":"https:\/\/steel-woody.com\/de\/wp-json\/wp\/v2\/pages\/2431"}],"wp:attachment":[{"href":"https:\/\/steel-woody.com\/de\/wp-json\/wp\/v2\/media?parent=2280"}],"curies":[{"name":"wp","href":"https:\/\/api.w.org\/{rel}","templated":true}]}}