{"id":2275,"date":"2024-10-17T16:02:53","date_gmt":"2024-10-17T16:02:53","guid":{"rendered":"https:\/\/steel-woody.com\/bequemer-fernseher\/"},"modified":"2024-10-21T14:41:59","modified_gmt":"2024-10-21T14:41:59","slug":"bequemer-fernseher","status":"publish","type":"page","link":"https:\/\/steel-woody.com\/de\/online-shop\/bequemer-fernseher\/","title":{"rendered":"Bequemer Fernseher"},"content":{"rendered":"\t\t<div data-elementor-type=\"wp-page\" data-elementor-id=\"2275\" class=\"elementor elementor-2275 elementor-1317\" data-elementor-post-type=\"page\">\n\t\t\t\t<div class=\"elementor-element elementor-element-41585c1 e-flex e-con-boxed e-con e-parent\" data-id=\"41585c1\" data-element_type=\"container\" data-settings=\"{&quot;background_background&quot;:&quot;classic&quot;}\">\n\t\t\t\t\t<div class=\"e-con-inner\">\n\t\t<div class=\"elementor-element elementor-element-6a3af42 e-con-full e-flex e-con e-child\" data-id=\"6a3af42\" data-element_type=\"container\">\n\t\t\t\t<div class=\"elementor-element elementor-element-a927821 elementor-widget elementor-widget-text-editor\" data-id=\"a927821\" data-element_type=\"widget\" data-widget_type=\"text-editor.default\">\n\t\t\t\t<div class=\"elementor-widget-container\">\n\t\t\t\t\t\t\t\t\t<p>Verwandeln Sie Ihren Lebensraum mit Fernsehern, die modernes Design mit Funktionalit\u00e4t verbinden.<\/p>\n<p>Von schlichten, minimalistischen Designs bis hin zu Kommoden mit mehreren Staur\u00e4umen finden Sie hier die ideale L\u00f6sung f\u00fcr die Organisation Ihrer elektronischen Ger\u00e4te und Ihres Unterhaltungszubeh\u00f6rs.<\/p>\n<p>W\u00e4hlen Sie eine TV-Kommode, die den Stil Ihres Wohnzimmers erg\u00e4nzt und Ihrer Einrichtung einen Hauch von Raffinesse verleiht.<\/p>\n\t\t\t\t\t\t\t\t<\/div>\n\t\t\t\t<\/div>\n\t\t\t\t<div class=\"elementor-element elementor-element-2067608 elementor-align-left elementor-mobile-align-center elementor-widget elementor-widget-button\" data-id=\"2067608\" data-element_type=\"widget\" data-widget_type=\"button.default\">\n\t\t\t\t<div class=\"elementor-widget-container\">\n\t\t\t\t\t\t\t\t\t<div class=\"elementor-button-wrapper\">\n\t\t\t\t\t<a class=\"elementor-button elementor-button-link elementor-size-sm\" href=\"#comodetv\">\n\t\t\t\t\t\t<span class=\"elementor-button-content-wrapper\">\n\t\t\t\t\t\t\t\t\t<span class=\"elementor-button-text\">Siehe Produkte<\/span>\n\t\t\t\t\t<\/span>\n\t\t\t\t\t<\/a>\n\t\t\t\t<\/div>\n\t\t\t\t\t\t\t\t<\/div>\n\t\t\t\t<\/div>\n\t\t\t\t<\/div>\n\t\t<div class=\"elementor-element elementor-element-9f60b02 e-con-full e-flex e-con e-child\" data-id=\"9f60b02\" data-element_type=\"container\">\n\t\t\t\t<div class=\"elementor-element elementor-element-9ec71c4 elementor-widget elementor-widget-image\" data-id=\"9ec71c4\" data-element_type=\"widget\" data-widget_type=\"image.default\">\n\t\t\t\t<div class=\"elementor-widget-container\">\n\t\t\t\t\t\t\t\t\t\t\t\t\t\t\t<img fetchpriority=\"high\" decoding=\"async\" width=\"1536\" height=\"1167\" src=\"https:\/\/steel-woody.com\/wp-content\/uploads\/2024\/09\/4-9.jpg\" class=\"attachment-full size-full wp-image-1841\" alt=\"\" srcset=\"https:\/\/steel-woody.com\/wp-content\/uploads\/2024\/09\/4-9.jpg 1536w, https:\/\/steel-woody.com\/wp-content\/uploads\/2024\/09\/4-9-300x228.jpg 300w, https:\/\/steel-woody.com\/wp-content\/uploads\/2024\/09\/4-9-1024x778.jpg 1024w, https:\/\/steel-woody.com\/wp-content\/uploads\/2024\/09\/4-9-768x584.jpg 768w, https:\/\/steel-woody.com\/wp-content\/uploads\/2024\/09\/4-9-600x456.jpg 600w\" sizes=\"(max-width: 1536px) 100vw, 1536px\" \/>\t\t\t\t\t\t\t\t\t\t\t\t\t\t\t<\/div>\n\t\t\t\t<\/div>\n\t\t\t\t<\/div>\n\t\t\t\t\t<\/div>\n\t\t\t\t<\/div>\n\t\t<div class=\"elementor-element elementor-element-904608b e-flex e-con-boxed e-con e-parent\" data-id=\"904608b\" data-element_type=\"container\">\n\t\t\t\t\t<div class=\"e-con-inner\">\n\t\t\t\t<div class=\"elementor-element elementor-element-e1a3304 elementor-widget elementor-widget-menu-anchor\" data-id=\"e1a3304\" data-element_type=\"widget\" data-widget_type=\"menu-anchor.default\">\n\t\t\t\t<div class=\"elementor-widget-container\">\n\t\t\t\t\t\t\t<div class=\"elementor-menu-anchor\" id=\"comodetv\"><\/div>\n\t\t\t\t\t\t<\/div>\n\t\t\t\t<\/div>\n\t\t\t\t\t<\/div>\n\t\t\t\t<\/div>\n\t\t<div class=\"elementor-element elementor-element-633d77a e-flex e-con-boxed e-con e-parent\" data-id=\"633d77a\" data-element_type=\"container\" data-settings=\"{&quot;background_background&quot;:&quot;classic&quot;}\">\n\t\t\t\t\t<div class=\"e-con-inner\">\n\t\t<div class=\"elementor-element elementor-element-e2241da e-con-full e-flex e-con e-child\" data-id=\"e2241da\" data-element_type=\"container\">\n\t\t\t\t<\/div>\n\t\t\t\t\t<\/div>\n\t\t\t\t<\/div>\n\t\t\t\t<\/div>\n\t\t","protected":false},"excerpt":{"rendered":"<p>Verwandeln Sie Ihren Lebensraum mit Fernsehern, die modernes Design mit Funktionalit\u00e4t verbinden. Von schlichten, minimalistischen Designs bis hin zu Kommoden mit mehreren Staur\u00e4umen finden Sie hier die ideale L\u00f6sung f\u00fcr die Organisation Ihrer elektronischen Ger\u00e4te und Ihres Unterhaltungszubeh\u00f6rs. W\u00e4hlen Sie eine TV-Kommode, die den Stil Ihres Wohnzimmers erg\u00e4nzt und Ihrer Einrichtung einen Hauch von Raffinesse [&hellip;]<\/p>\n","protected":false},"author":1,"featured_media":0,"parent":2431,"menu_order":0,"comment_status":"closed","ping_status":"closed","template":"elementor_header_footer","meta":{"footnotes":""},"class_list":["post-2275","page","type-page","status-publish","hentry"],"yoast_head":"<!-- This site is optimized with the Yoast SEO plugin v25.5 - https:\/\/yoast.com\/wordpress\/plugins\/seo\/ -->\n<title>Bequemer Fernseher - Steel Woody<\/title>\n<meta name=\"robots\" content=\"index, follow, max-snippet:-1, max-image-preview:large, max-video-preview:-1\" \/>\n<link rel=\"canonical\" href=\"https:\/\/steel-woody.com\/de\/online-shop\/bequemer-fernseher\/\" \/>\n<meta property=\"og:locale\" content=\"de_DE\" \/>\n<meta property=\"og:type\" content=\"article\" \/>\n<meta property=\"og:title\" content=\"Bequemer Fernseher - Steel Woody\" \/>\n<meta property=\"og:description\" content=\"Verwandeln Sie Ihren Lebensraum mit Fernsehern, die modernes Design mit Funktionalit\u00e4t verbinden. Von schlichten, minimalistischen Designs bis hin zu Kommoden mit mehreren Staur\u00e4umen finden Sie hier die ideale L\u00f6sung f\u00fcr die Organisation Ihrer elektronischen Ger\u00e4te und Ihres Unterhaltungszubeh\u00f6rs. W\u00e4hlen Sie eine TV-Kommode, die den Stil Ihres Wohnzimmers erg\u00e4nzt und Ihrer Einrichtung einen Hauch von Raffinesse [&hellip;]\" \/>\n<meta property=\"og:url\" content=\"https:\/\/steel-woody.com\/de\/online-shop\/bequemer-fernseher\/\" \/>\n<meta property=\"og:site_name\" content=\"Steel Woody\" \/>\n<meta property=\"article:modified_time\" content=\"2024-10-21T14:41:59+00:00\" \/>\n<meta property=\"og:image\" content=\"https:\/\/steel-woody.com\/wp-content\/uploads\/2024\/09\/4-9.jpg\" \/>\n<meta name=\"twitter:card\" content=\"summary_large_image\" \/>\n<script type=\"application\/ld+json\" class=\"yoast-schema-graph\">{\"@context\":\"https:\/\/schema.org\",\"@graph\":[{\"@type\":\"WebPage\",\"@id\":\"https:\/\/steel-woody.com\/de\/online-shop\/bequemer-fernseher\/\",\"url\":\"https:\/\/steel-woody.com\/de\/online-shop\/bequemer-fernseher\/\",\"name\":\"Bequemer Fernseher - Steel Woody\",\"isPartOf\":{\"@id\":\"https:\/\/steel-woody.com\/de\/#website\"},\"primaryImageOfPage\":{\"@id\":\"https:\/\/steel-woody.com\/de\/online-shop\/bequemer-fernseher\/#primaryimage\"},\"image\":{\"@id\":\"https:\/\/steel-woody.com\/de\/online-shop\/bequemer-fernseher\/#primaryimage\"},\"thumbnailUrl\":\"https:\/\/steel-woody.com\/wp-content\/uploads\/2024\/09\/4-9.jpg\",\"datePublished\":\"2024-10-17T16:02:53+00:00\",\"dateModified\":\"2024-10-21T14:41:59+00:00\",\"breadcrumb\":{\"@id\":\"https:\/\/steel-woody.com\/de\/online-shop\/bequemer-fernseher\/#breadcrumb\"},\"inLanguage\":\"de\",\"potentialAction\":[{\"@type\":\"ReadAction\",\"target\":[\"https:\/\/steel-woody.com\/de\/online-shop\/bequemer-fernseher\/\"]}]},{\"@type\":\"ImageObject\",\"inLanguage\":\"de\",\"@id\":\"https:\/\/steel-woody.com\/de\/online-shop\/bequemer-fernseher\/#primaryimage\",\"url\":\"https:\/\/steel-woody.com\/wp-content\/uploads\/2024\/09\/4-9.jpg\",\"contentUrl\":\"https:\/\/steel-woody.com\/wp-content\/uploads\/2024\/09\/4-9.jpg\"},{\"@type\":\"BreadcrumbList\",\"@id\":\"https:\/\/steel-woody.com\/de\/online-shop\/bequemer-fernseher\/#breadcrumb\",\"itemListElement\":[{\"@type\":\"ListItem\",\"position\":1,\"name\":\"Home\",\"item\":\"https:\/\/steel-woody.com\/de\/\"},{\"@type\":\"ListItem\",\"position\":2,\"name\":\"Shop\",\"item\":\"https:\/\/steel-woody.com\/de\/online-shop\/\"},{\"@type\":\"ListItem\",\"position\":3,\"name\":\"Bequemer Fernseher\"}]},{\"@type\":\"WebSite\",\"@id\":\"https:\/\/steel-woody.com\/de\/#website\",\"url\":\"https:\/\/steel-woody.com\/de\/\",\"name\":\"Steel Woody\",\"description\":\"\",\"potentialAction\":[{\"@type\":\"SearchAction\",\"target\":{\"@type\":\"EntryPoint\",\"urlTemplate\":\"https:\/\/steel-woody.com\/de\/?s={search_term_string}\"},\"query-input\":{\"@type\":\"PropertyValueSpecification\",\"valueRequired\":true,\"valueName\":\"search_term_string\"}}],\"inLanguage\":\"de\"}]}<\/script>\n<!-- \/ Yoast SEO plugin. -->","yoast_head_json":{"title":"Bequemer Fernseher - Steel Woody","robots":{"index":"index","follow":"follow","max-snippet":"max-snippet:-1","max-image-preview":"max-image-preview:large","max-video-preview":"max-video-preview:-1"},"canonical":"https:\/\/steel-woody.com\/de\/online-shop\/bequemer-fernseher\/","og_locale":"de_DE","og_type":"article","og_title":"Bequemer Fernseher - Steel Woody","og_description":"Verwandeln Sie Ihren Lebensraum mit Fernsehern, die modernes Design mit Funktionalit\u00e4t verbinden. Von schlichten, minimalistischen Designs bis hin zu Kommoden mit mehreren Staur\u00e4umen finden Sie hier die ideale L\u00f6sung f\u00fcr die Organisation Ihrer elektronischen Ger\u00e4te und Ihres Unterhaltungszubeh\u00f6rs. W\u00e4hlen Sie eine TV-Kommode, die den Stil Ihres Wohnzimmers erg\u00e4nzt und Ihrer Einrichtung einen Hauch von Raffinesse [&hellip;]","og_url":"https:\/\/steel-woody.com\/de\/online-shop\/bequemer-fernseher\/","og_site_name":"Steel Woody","article_modified_time":"2024-10-21T14:41:59+00:00","og_image":[{"url":"https:\/\/steel-woody.com\/wp-content\/uploads\/2024\/09\/4-9.jpg","type":"","width":"","height":""}],"twitter_card":"summary_large_image","schema":{"@context":"https:\/\/schema.org","@graph":[{"@type":"WebPage","@id":"https:\/\/steel-woody.com\/de\/online-shop\/bequemer-fernseher\/","url":"https:\/\/steel-woody.com\/de\/online-shop\/bequemer-fernseher\/","name":"Bequemer Fernseher - Steel Woody","isPartOf":{"@id":"https:\/\/steel-woody.com\/de\/#website"},"primaryImageOfPage":{"@id":"https:\/\/steel-woody.com\/de\/online-shop\/bequemer-fernseher\/#primaryimage"},"image":{"@id":"https:\/\/steel-woody.com\/de\/online-shop\/bequemer-fernseher\/#primaryimage"},"thumbnailUrl":"https:\/\/steel-woody.com\/wp-content\/uploads\/2024\/09\/4-9.jpg","datePublished":"2024-10-17T16:02:53+00:00","dateModified":"2024-10-21T14:41:59+00:00","breadcrumb":{"@id":"https:\/\/steel-woody.com\/de\/online-shop\/bequemer-fernseher\/#breadcrumb"},"inLanguage":"de","potentialAction":[{"@type":"ReadAction","target":["https:\/\/steel-woody.com\/de\/online-shop\/bequemer-fernseher\/"]}]},{"@type":"ImageObject","inLanguage":"de","@id":"https:\/\/steel-woody.com\/de\/online-shop\/bequemer-fernseher\/#primaryimage","url":"https:\/\/steel-woody.com\/wp-content\/uploads\/2024\/09\/4-9.jpg","contentUrl":"https:\/\/steel-woody.com\/wp-content\/uploads\/2024\/09\/4-9.jpg"},{"@type":"BreadcrumbList","@id":"https:\/\/steel-woody.com\/de\/online-shop\/bequemer-fernseher\/#breadcrumb","itemListElement":[{"@type":"ListItem","position":1,"name":"Home","item":"https:\/\/steel-woody.com\/de\/"},{"@type":"ListItem","position":2,"name":"Shop","item":"https:\/\/steel-woody.com\/de\/online-shop\/"},{"@type":"ListItem","position":3,"name":"Bequemer Fernseher"}]},{"@type":"WebSite","@id":"https:\/\/steel-woody.com\/de\/#website","url":"https:\/\/steel-woody.com\/de\/","name":"Steel Woody","description":"","potentialAction":[{"@type":"SearchAction","target":{"@type":"EntryPoint","urlTemplate":"https:\/\/steel-woody.com\/de\/?s={search_term_string}"},"query-input":{"@type":"PropertyValueSpecification","valueRequired":true,"valueName":"search_term_string"}}],"inLanguage":"de"}]}},"_links":{"self":[{"href":"https:\/\/steel-woody.com\/de\/wp-json\/wp\/v2\/pages\/2275","targetHints":{"allow":["GET"]}}],"collection":[{"href":"https:\/\/steel-woody.com\/de\/wp-json\/wp\/v2\/pages"}],"about":[{"href":"https:\/\/steel-woody.com\/de\/wp-json\/wp\/v2\/types\/page"}],"author":[{"embeddable":true,"href":"https:\/\/steel-woody.com\/de\/wp-json\/wp\/v2\/users\/1"}],"replies":[{"embeddable":true,"href":"https:\/\/steel-woody.com\/de\/wp-json\/wp\/v2\/comments?post=2275"}],"version-history":[{"count":1,"href":"https:\/\/steel-woody.com\/de\/wp-json\/wp\/v2\/pages\/2275\/revisions"}],"predecessor-version":[{"id":2277,"href":"https:\/\/steel-woody.com\/de\/wp-json\/wp\/v2\/pages\/2275\/revisions\/2277"}],"up":[{"embeddable":true,"href":"https:\/\/steel-woody.com\/de\/wp-json\/wp\/v2\/pages\/2431"}],"wp:attachment":[{"href":"https:\/\/steel-woody.com\/de\/wp-json\/wp\/v2\/media?parent=2275"}],"curies":[{"name":"wp","href":"https:\/\/api.w.org\/{rel}","templated":true}]}}