{"id":2263,"date":"2024-10-17T15:57:47","date_gmt":"2024-10-17T15:57:47","guid":{"rendered":"https:\/\/steel-woody.com\/bibliotheken\/"},"modified":"2024-10-21T14:41:59","modified_gmt":"2024-10-21T14:41:59","slug":"bibliotheken","status":"publish","type":"page","link":"https:\/\/steel-woody.com\/de\/online-shop\/bibliotheken\/","title":{"rendered":"Bibliotheken"},"content":{"rendered":"\t\t<div data-elementor-type=\"wp-page\" data-elementor-id=\"2263\" class=\"elementor elementor-2263 elementor-1302\" data-elementor-post-type=\"page\">\n\t\t\t\t<div class=\"elementor-element elementor-element-fdc2dc2 e-flex e-con-boxed e-con e-parent\" data-id=\"fdc2dc2\" data-element_type=\"container\" data-settings=\"{&quot;background_background&quot;:&quot;classic&quot;}\">\n\t\t\t\t\t<div class=\"e-con-inner\">\n\t\t<div class=\"elementor-element elementor-element-e501739 e-con-full e-flex e-con e-child\" data-id=\"e501739\" data-element_type=\"container\">\n\t\t\t\t<div class=\"elementor-element elementor-element-a178b4a elementor-widget elementor-widget-text-editor\" data-id=\"a178b4a\" data-element_type=\"widget\" data-widget_type=\"text-editor.default\">\n\t\t\t\t<div class=\"elementor-widget-container\">\n\t\t\t\t\t\t\t\t\t<p>Organisieren Sie Ihre B\u00fcchersammlung und Ihre Einrichtung stilvoll mit unseren vielseitigen B\u00fccherregalen.<\/p>\n<p>Ob Sie einen gro\u00dfz\u00fcgigen Stauraum oder ein stilvolles Dekorationselement ben\u00f6tigen, hier finden Sie das perfekte B\u00fccherregal, das Funktionalit\u00e4t mit raffiniertem Design verbindet.<\/p>\n\t\t\t\t\t\t\t\t<\/div>\n\t\t\t\t<\/div>\n\t\t\t\t<div class=\"elementor-element elementor-element-9f598c5 elementor-align-left elementor-mobile-align-center elementor-widget elementor-widget-button\" data-id=\"9f598c5\" data-element_type=\"widget\" data-widget_type=\"button.default\">\n\t\t\t\t<div class=\"elementor-widget-container\">\n\t\t\t\t\t\t\t\t\t<div class=\"elementor-button-wrapper\">\n\t\t\t\t\t<a class=\"elementor-button elementor-button-link elementor-size-sm\" href=\"#biblioteci\">\n\t\t\t\t\t\t<span class=\"elementor-button-content-wrapper\">\n\t\t\t\t\t\t\t\t\t<span class=\"elementor-button-text\">Siehe Produkte<\/span>\n\t\t\t\t\t<\/span>\n\t\t\t\t\t<\/a>\n\t\t\t\t<\/div>\n\t\t\t\t\t\t\t\t<\/div>\n\t\t\t\t<\/div>\n\t\t\t\t<\/div>\n\t\t<div class=\"elementor-element elementor-element-8ed3bb6 e-con-full e-flex e-con e-child\" data-id=\"8ed3bb6\" data-element_type=\"container\">\n\t\t\t\t<div class=\"elementor-element elementor-element-420afaa elementor-widget elementor-widget-image\" data-id=\"420afaa\" data-element_type=\"widget\" data-widget_type=\"image.default\">\n\t\t\t\t<div class=\"elementor-widget-container\">\n\t\t\t\t\t\t\t\t\t\t\t\t\t\t\t<img fetchpriority=\"high\" decoding=\"async\" width=\"1536\" height=\"1167\" src=\"https:\/\/steel-woody.com\/wp-content\/uploads\/2024\/09\/4-1.jpg\" class=\"attachment-full size-full wp-image-1751\" alt=\"\" srcset=\"https:\/\/steel-woody.com\/wp-content\/uploads\/2024\/09\/4-1.jpg 1536w, https:\/\/steel-woody.com\/wp-content\/uploads\/2024\/09\/4-1-300x228.jpg 300w, https:\/\/steel-woody.com\/wp-content\/uploads\/2024\/09\/4-1-1024x778.jpg 1024w, https:\/\/steel-woody.com\/wp-content\/uploads\/2024\/09\/4-1-768x584.jpg 768w, https:\/\/steel-woody.com\/wp-content\/uploads\/2024\/09\/4-1-600x456.jpg 600w\" sizes=\"(max-width: 1536px) 100vw, 1536px\" \/>\t\t\t\t\t\t\t\t\t\t\t\t\t\t\t<\/div>\n\t\t\t\t<\/div>\n\t\t\t\t<\/div>\n\t\t\t\t\t<\/div>\n\t\t\t\t<\/div>\n\t\t<div class=\"elementor-element elementor-element-b506f1f e-flex e-con-boxed e-con e-parent\" data-id=\"b506f1f\" data-element_type=\"container\">\n\t\t\t\t\t<div class=\"e-con-inner\">\n\t\t\t\t<div class=\"elementor-element elementor-element-8305567 elementor-widget elementor-widget-menu-anchor\" data-id=\"8305567\" data-element_type=\"widget\" data-widget_type=\"menu-anchor.default\">\n\t\t\t\t<div class=\"elementor-widget-container\">\n\t\t\t\t\t\t\t<div class=\"elementor-menu-anchor\" id=\"Bibliotheken\"><\/div>\n\t\t\t\t\t\t<\/div>\n\t\t\t\t<\/div>\n\t\t\t\t\t<\/div>\n\t\t\t\t<\/div>\n\t\t<div class=\"elementor-element elementor-element-a3a7fbf e-flex e-con-boxed e-con e-parent\" data-id=\"a3a7fbf\" data-element_type=\"container\" data-settings=\"{&quot;background_background&quot;:&quot;classic&quot;}\">\n\t\t\t\t\t<div class=\"e-con-inner\">\n\t\t<div class=\"elementor-element elementor-element-b1d3a39 e-con-full e-flex e-con e-child\" data-id=\"b1d3a39\" data-element_type=\"container\">\n\t\t\t\t<\/div>\n\t\t\t\t\t<\/div>\n\t\t\t\t<\/div>\n\t\t\t\t<\/div>\n\t\t","protected":false},"excerpt":{"rendered":"<p>Organisieren Sie Ihre B\u00fcchersammlung und Ihre Einrichtung stilvoll mit unseren vielseitigen B\u00fccherregalen. Ob Sie einen gro\u00dfz\u00fcgigen Stauraum oder ein stilvolles Dekorationselement ben\u00f6tigen, hier finden Sie das perfekte B\u00fccherregal, das Funktionalit\u00e4t mit raffiniertem Design verbindet. Siehe Produkte<\/p>\n","protected":false},"author":1,"featured_media":0,"parent":2431,"menu_order":0,"comment_status":"closed","ping_status":"closed","template":"elementor_header_footer","meta":{"footnotes":""},"class_list":["post-2263","page","type-page","status-publish","hentry"],"yoast_head":"<!-- This site is optimized with the Yoast SEO plugin v25.5 - https:\/\/yoast.com\/wordpress\/plugins\/seo\/ -->\n<title>Bibliotheken - Steel Woody<\/title>\n<meta name=\"robots\" content=\"index, follow, max-snippet:-1, max-image-preview:large, max-video-preview:-1\" \/>\n<link rel=\"canonical\" href=\"https:\/\/steel-woody.com\/de\/online-shop\/bibliotheken\/\" \/>\n<meta property=\"og:locale\" content=\"de_DE\" \/>\n<meta property=\"og:type\" content=\"article\" \/>\n<meta property=\"og:title\" content=\"Bibliotheken - Steel Woody\" \/>\n<meta property=\"og:description\" content=\"Organisieren Sie Ihre B\u00fcchersammlung und Ihre Einrichtung stilvoll mit unseren vielseitigen B\u00fccherregalen. Ob Sie einen gro\u00dfz\u00fcgigen Stauraum oder ein stilvolles Dekorationselement ben\u00f6tigen, hier finden Sie das perfekte B\u00fccherregal, das Funktionalit\u00e4t mit raffiniertem Design verbindet. Siehe Produkte\" \/>\n<meta property=\"og:url\" content=\"https:\/\/steel-woody.com\/de\/online-shop\/bibliotheken\/\" \/>\n<meta property=\"og:site_name\" content=\"Steel Woody\" \/>\n<meta property=\"article:modified_time\" content=\"2024-10-21T14:41:59+00:00\" \/>\n<meta property=\"og:image\" content=\"https:\/\/steel-woody.com\/wp-content\/uploads\/2024\/09\/4-1.jpg\" \/>\n<meta name=\"twitter:card\" content=\"summary_large_image\" \/>\n<script type=\"application\/ld+json\" class=\"yoast-schema-graph\">{\"@context\":\"https:\/\/schema.org\",\"@graph\":[{\"@type\":\"WebPage\",\"@id\":\"https:\/\/steel-woody.com\/de\/online-shop\/bibliotheken\/\",\"url\":\"https:\/\/steel-woody.com\/de\/online-shop\/bibliotheken\/\",\"name\":\"Bibliotheken - Steel Woody\",\"isPartOf\":{\"@id\":\"https:\/\/steel-woody.com\/de\/#website\"},\"primaryImageOfPage\":{\"@id\":\"https:\/\/steel-woody.com\/de\/online-shop\/bibliotheken\/#primaryimage\"},\"image\":{\"@id\":\"https:\/\/steel-woody.com\/de\/online-shop\/bibliotheken\/#primaryimage\"},\"thumbnailUrl\":\"https:\/\/steel-woody.com\/wp-content\/uploads\/2024\/09\/4-1.jpg\",\"datePublished\":\"2024-10-17T15:57:47+00:00\",\"dateModified\":\"2024-10-21T14:41:59+00:00\",\"breadcrumb\":{\"@id\":\"https:\/\/steel-woody.com\/de\/online-shop\/bibliotheken\/#breadcrumb\"},\"inLanguage\":\"de\",\"potentialAction\":[{\"@type\":\"ReadAction\",\"target\":[\"https:\/\/steel-woody.com\/de\/online-shop\/bibliotheken\/\"]}]},{\"@type\":\"ImageObject\",\"inLanguage\":\"de\",\"@id\":\"https:\/\/steel-woody.com\/de\/online-shop\/bibliotheken\/#primaryimage\",\"url\":\"https:\/\/steel-woody.com\/wp-content\/uploads\/2024\/09\/4-1.jpg\",\"contentUrl\":\"https:\/\/steel-woody.com\/wp-content\/uploads\/2024\/09\/4-1.jpg\"},{\"@type\":\"BreadcrumbList\",\"@id\":\"https:\/\/steel-woody.com\/de\/online-shop\/bibliotheken\/#breadcrumb\",\"itemListElement\":[{\"@type\":\"ListItem\",\"position\":1,\"name\":\"Home\",\"item\":\"https:\/\/steel-woody.com\/de\/\"},{\"@type\":\"ListItem\",\"position\":2,\"name\":\"Shop\",\"item\":\"https:\/\/steel-woody.com\/de\/online-shop\/\"},{\"@type\":\"ListItem\",\"position\":3,\"name\":\"Bibliotheken\"}]},{\"@type\":\"WebSite\",\"@id\":\"https:\/\/steel-woody.com\/de\/#website\",\"url\":\"https:\/\/steel-woody.com\/de\/\",\"name\":\"Steel Woody\",\"description\":\"\",\"potentialAction\":[{\"@type\":\"SearchAction\",\"target\":{\"@type\":\"EntryPoint\",\"urlTemplate\":\"https:\/\/steel-woody.com\/de\/?s={search_term_string}\"},\"query-input\":{\"@type\":\"PropertyValueSpecification\",\"valueRequired\":true,\"valueName\":\"search_term_string\"}}],\"inLanguage\":\"de\"}]}<\/script>\n<!-- \/ Yoast SEO plugin. -->","yoast_head_json":{"title":"Bibliotheken - Steel Woody","robots":{"index":"index","follow":"follow","max-snippet":"max-snippet:-1","max-image-preview":"max-image-preview:large","max-video-preview":"max-video-preview:-1"},"canonical":"https:\/\/steel-woody.com\/de\/online-shop\/bibliotheken\/","og_locale":"de_DE","og_type":"article","og_title":"Bibliotheken - Steel Woody","og_description":"Organisieren Sie Ihre B\u00fcchersammlung und Ihre Einrichtung stilvoll mit unseren vielseitigen B\u00fccherregalen. Ob Sie einen gro\u00dfz\u00fcgigen Stauraum oder ein stilvolles Dekorationselement ben\u00f6tigen, hier finden Sie das perfekte B\u00fccherregal, das Funktionalit\u00e4t mit raffiniertem Design verbindet. Siehe Produkte","og_url":"https:\/\/steel-woody.com\/de\/online-shop\/bibliotheken\/","og_site_name":"Steel Woody","article_modified_time":"2024-10-21T14:41:59+00:00","og_image":[{"url":"https:\/\/steel-woody.com\/wp-content\/uploads\/2024\/09\/4-1.jpg","type":"","width":"","height":""}],"twitter_card":"summary_large_image","schema":{"@context":"https:\/\/schema.org","@graph":[{"@type":"WebPage","@id":"https:\/\/steel-woody.com\/de\/online-shop\/bibliotheken\/","url":"https:\/\/steel-woody.com\/de\/online-shop\/bibliotheken\/","name":"Bibliotheken - Steel Woody","isPartOf":{"@id":"https:\/\/steel-woody.com\/de\/#website"},"primaryImageOfPage":{"@id":"https:\/\/steel-woody.com\/de\/online-shop\/bibliotheken\/#primaryimage"},"image":{"@id":"https:\/\/steel-woody.com\/de\/online-shop\/bibliotheken\/#primaryimage"},"thumbnailUrl":"https:\/\/steel-woody.com\/wp-content\/uploads\/2024\/09\/4-1.jpg","datePublished":"2024-10-17T15:57:47+00:00","dateModified":"2024-10-21T14:41:59+00:00","breadcrumb":{"@id":"https:\/\/steel-woody.com\/de\/online-shop\/bibliotheken\/#breadcrumb"},"inLanguage":"de","potentialAction":[{"@type":"ReadAction","target":["https:\/\/steel-woody.com\/de\/online-shop\/bibliotheken\/"]}]},{"@type":"ImageObject","inLanguage":"de","@id":"https:\/\/steel-woody.com\/de\/online-shop\/bibliotheken\/#primaryimage","url":"https:\/\/steel-woody.com\/wp-content\/uploads\/2024\/09\/4-1.jpg","contentUrl":"https:\/\/steel-woody.com\/wp-content\/uploads\/2024\/09\/4-1.jpg"},{"@type":"BreadcrumbList","@id":"https:\/\/steel-woody.com\/de\/online-shop\/bibliotheken\/#breadcrumb","itemListElement":[{"@type":"ListItem","position":1,"name":"Home","item":"https:\/\/steel-woody.com\/de\/"},{"@type":"ListItem","position":2,"name":"Shop","item":"https:\/\/steel-woody.com\/de\/online-shop\/"},{"@type":"ListItem","position":3,"name":"Bibliotheken"}]},{"@type":"WebSite","@id":"https:\/\/steel-woody.com\/de\/#website","url":"https:\/\/steel-woody.com\/de\/","name":"Steel Woody","description":"","potentialAction":[{"@type":"SearchAction","target":{"@type":"EntryPoint","urlTemplate":"https:\/\/steel-woody.com\/de\/?s={search_term_string}"},"query-input":{"@type":"PropertyValueSpecification","valueRequired":true,"valueName":"search_term_string"}}],"inLanguage":"de"}]}},"_links":{"self":[{"href":"https:\/\/steel-woody.com\/de\/wp-json\/wp\/v2\/pages\/2263","targetHints":{"allow":["GET"]}}],"collection":[{"href":"https:\/\/steel-woody.com\/de\/wp-json\/wp\/v2\/pages"}],"about":[{"href":"https:\/\/steel-woody.com\/de\/wp-json\/wp\/v2\/types\/page"}],"author":[{"embeddable":true,"href":"https:\/\/steel-woody.com\/de\/wp-json\/wp\/v2\/users\/1"}],"replies":[{"embeddable":true,"href":"https:\/\/steel-woody.com\/de\/wp-json\/wp\/v2\/comments?post=2263"}],"version-history":[{"count":1,"href":"https:\/\/steel-woody.com\/de\/wp-json\/wp\/v2\/pages\/2263\/revisions"}],"predecessor-version":[{"id":2265,"href":"https:\/\/steel-woody.com\/de\/wp-json\/wp\/v2\/pages\/2263\/revisions\/2265"}],"up":[{"embeddable":true,"href":"https:\/\/steel-woody.com\/de\/wp-json\/wp\/v2\/pages\/2431"}],"wp:attachment":[{"href":"https:\/\/steel-woody.com\/de\/wp-json\/wp\/v2\/media?parent=2263"}],"curies":[{"name":"wp","href":"https:\/\/api.w.org\/{rel}","templated":true}]}}