{"id":2258,"date":"2024-10-17T15:44:25","date_gmt":"2024-10-17T15:44:25","guid":{"rendered":"https:\/\/steel-woody.com\/schliessfaecher\/"},"modified":"2024-10-21T14:41:59","modified_gmt":"2024-10-21T14:41:59","slug":"schliessfaecher","status":"publish","type":"page","link":"https:\/\/steel-woody.com\/de\/online-shop\/schliessfaecher\/","title":{"rendered":"Schlie\u00dff\u00e4cher"},"content":{"rendered":"\t\t<div data-elementor-type=\"wp-page\" data-elementor-id=\"2258\" class=\"elementor elementor-2258 elementor-1283\" data-elementor-post-type=\"page\">\n\t\t\t\t<div class=\"elementor-element elementor-element-2610d33 e-flex e-con-boxed e-con e-parent\" data-id=\"2610d33\" data-element_type=\"container\" data-settings=\"{&quot;background_background&quot;:&quot;classic&quot;}\">\n\t\t\t\t\t<div class=\"e-con-inner\">\n\t\t<div class=\"elementor-element elementor-element-d4404a8 e-con-full e-flex e-con e-child\" data-id=\"d4404a8\" data-element_type=\"container\">\n\t\t\t\t<div class=\"elementor-element elementor-element-720f362 elementor-widget elementor-widget-text-editor\" data-id=\"720f362\" data-element_type=\"widget\" data-widget_type=\"text-editor.default\">\n\t\t\t\t<div class=\"elementor-widget-container\">\n\t\t\t\t\t\t\t\t\t<p>Entdecken Sie unsere Kollektion von Kleiderschr\u00e4nken, die Ihrem Zuhause Stil und Funktionalit\u00e4t verleihen.<\/p>\n<p>Ob Sie nun gro\u00dfz\u00fcgigen Stauraum ben\u00f6tigen oder ein elegantes Design, das sich nahtlos in Ihre Einrichtung einf\u00fcgt, wir haben die ideale L\u00f6sung.<\/p>\n<p>W\u00e4hlen Sie den Schrank, der Ihren Bed\u00fcrfnissen entspricht, und verwandeln Sie jedes Zimmer in einen organisierten und harmonischen Raum.<\/p>\n\t\t\t\t\t\t\t\t<\/div>\n\t\t\t\t<\/div>\n\t\t\t\t<div class=\"elementor-element elementor-element-f6f4266 elementor-align-left elementor-mobile-align-center elementor-widget elementor-widget-button\" data-id=\"f6f4266\" data-element_type=\"widget\" data-widget_type=\"button.default\">\n\t\t\t\t<div class=\"elementor-widget-container\">\n\t\t\t\t\t\t\t\t\t<div class=\"elementor-button-wrapper\">\n\t\t\t\t\t<a class=\"elementor-button elementor-button-link elementor-size-sm\" href=\"#dulapuri\">\n\t\t\t\t\t\t<span class=\"elementor-button-content-wrapper\">\n\t\t\t\t\t\t\t\t\t<span class=\"elementor-button-text\">Siehe Produkte<\/span>\n\t\t\t\t\t<\/span>\n\t\t\t\t\t<\/a>\n\t\t\t\t<\/div>\n\t\t\t\t\t\t\t\t<\/div>\n\t\t\t\t<\/div>\n\t\t\t\t<\/div>\n\t\t<div class=\"elementor-element elementor-element-b0b1286 e-con-full e-flex e-con e-child\" data-id=\"b0b1286\" data-element_type=\"container\">\n\t\t\t\t<div class=\"elementor-element elementor-element-67bf0e4 elementor-widget elementor-widget-image\" data-id=\"67bf0e4\" data-element_type=\"widget\" data-widget_type=\"image.default\">\n\t\t\t\t<div class=\"elementor-widget-container\">\n\t\t\t\t\t\t\t\t\t\t\t\t\t\t\t<img fetchpriority=\"high\" decoding=\"async\" width=\"1536\" height=\"1167\" src=\"https:\/\/steel-woody.com\/wp-content\/uploads\/2024\/09\/4-28.jpg\" class=\"attachment-full size-full wp-image-2102\" alt=\"\" srcset=\"https:\/\/steel-woody.com\/wp-content\/uploads\/2024\/09\/4-28.jpg 1536w, https:\/\/steel-woody.com\/wp-content\/uploads\/2024\/09\/4-28-300x228.jpg 300w, https:\/\/steel-woody.com\/wp-content\/uploads\/2024\/09\/4-28-1024x778.jpg 1024w, https:\/\/steel-woody.com\/wp-content\/uploads\/2024\/09\/4-28-768x584.jpg 768w, https:\/\/steel-woody.com\/wp-content\/uploads\/2024\/09\/4-28-600x456.jpg 600w\" sizes=\"(max-width: 1536px) 100vw, 1536px\" \/>\t\t\t\t\t\t\t\t\t\t\t\t\t\t\t<\/div>\n\t\t\t\t<\/div>\n\t\t\t\t<\/div>\n\t\t\t\t\t<\/div>\n\t\t\t\t<\/div>\n\t\t<div class=\"elementor-element elementor-element-59f5c5e e-flex e-con-boxed e-con e-parent\" data-id=\"59f5c5e\" data-element_type=\"container\">\n\t\t\t\t\t<div class=\"e-con-inner\">\n\t\t\t\t<div class=\"elementor-element elementor-element-a8496e7 elementor-widget elementor-widget-menu-anchor\" data-id=\"a8496e7\" data-element_type=\"widget\" data-widget_type=\"menu-anchor.default\">\n\t\t\t\t<div class=\"elementor-widget-container\">\n\t\t\t\t\t\t\t<div class=\"elementor-menu-anchor\" id=\"Schrnke\"><\/div>\n\t\t\t\t\t\t<\/div>\n\t\t\t\t<\/div>\n\t\t\t\t\t<\/div>\n\t\t\t\t<\/div>\n\t\t<div class=\"elementor-element elementor-element-9535b0e e-flex e-con-boxed e-con e-parent\" data-id=\"9535b0e\" data-element_type=\"container\" data-settings=\"{&quot;background_background&quot;:&quot;classic&quot;}\">\n\t\t\t\t\t<div class=\"e-con-inner\">\n\t\t<div class=\"elementor-element elementor-element-59d7f70 e-con-full e-flex e-con e-child\" data-id=\"59d7f70\" data-element_type=\"container\">\n\t\t\t\t<\/div>\n\t\t\t\t\t<\/div>\n\t\t\t\t<\/div>\n\t\t\t\t<\/div>\n\t\t","protected":false},"excerpt":{"rendered":"<p>Entdecken Sie unsere Kollektion von Kleiderschr\u00e4nken, die Ihrem Zuhause Stil und Funktionalit\u00e4t verleihen. Ob Sie nun gro\u00dfz\u00fcgigen Stauraum ben\u00f6tigen oder ein elegantes Design, das sich nahtlos in Ihre Einrichtung einf\u00fcgt, wir haben die ideale L\u00f6sung. W\u00e4hlen Sie den Schrank, der Ihren Bed\u00fcrfnissen entspricht, und verwandeln Sie jedes Zimmer in einen organisierten und harmonischen Raum. Siehe [&hellip;]<\/p>\n","protected":false},"author":1,"featured_media":0,"parent":2431,"menu_order":0,"comment_status":"closed","ping_status":"closed","template":"elementor_header_footer","meta":{"footnotes":""},"class_list":["post-2258","page","type-page","status-publish","hentry"],"yoast_head":"<!-- This site is optimized with the Yoast SEO plugin v25.5 - https:\/\/yoast.com\/wordpress\/plugins\/seo\/ -->\n<title>Schlie\u00dff\u00e4cher - Steel Woody<\/title>\n<meta name=\"robots\" content=\"index, follow, max-snippet:-1, max-image-preview:large, max-video-preview:-1\" \/>\n<link rel=\"canonical\" href=\"https:\/\/steel-woody.com\/de\/online-shop\/schliessfaecher\/\" \/>\n<meta property=\"og:locale\" content=\"de_DE\" \/>\n<meta property=\"og:type\" content=\"article\" \/>\n<meta property=\"og:title\" content=\"Schlie\u00dff\u00e4cher - Steel Woody\" \/>\n<meta property=\"og:description\" content=\"Entdecken Sie unsere Kollektion von Kleiderschr\u00e4nken, die Ihrem Zuhause Stil und Funktionalit\u00e4t verleihen. Ob Sie nun gro\u00dfz\u00fcgigen Stauraum ben\u00f6tigen oder ein elegantes Design, das sich nahtlos in Ihre Einrichtung einf\u00fcgt, wir haben die ideale L\u00f6sung. W\u00e4hlen Sie den Schrank, der Ihren Bed\u00fcrfnissen entspricht, und verwandeln Sie jedes Zimmer in einen organisierten und harmonischen Raum. Siehe [&hellip;]\" \/>\n<meta property=\"og:url\" content=\"https:\/\/steel-woody.com\/de\/online-shop\/schliessfaecher\/\" \/>\n<meta property=\"og:site_name\" content=\"Steel Woody\" \/>\n<meta property=\"article:modified_time\" content=\"2024-10-21T14:41:59+00:00\" \/>\n<meta property=\"og:image\" content=\"https:\/\/steel-woody.com\/wp-content\/uploads\/2024\/09\/4-28.jpg\" \/>\n<meta name=\"twitter:card\" content=\"summary_large_image\" \/>\n<script type=\"application\/ld+json\" class=\"yoast-schema-graph\">{\"@context\":\"https:\/\/schema.org\",\"@graph\":[{\"@type\":\"WebPage\",\"@id\":\"https:\/\/steel-woody.com\/de\/online-shop\/schliessfaecher\/\",\"url\":\"https:\/\/steel-woody.com\/de\/online-shop\/schliessfaecher\/\",\"name\":\"Schlie\u00dff\u00e4cher - Steel Woody\",\"isPartOf\":{\"@id\":\"https:\/\/steel-woody.com\/de\/#website\"},\"primaryImageOfPage\":{\"@id\":\"https:\/\/steel-woody.com\/de\/online-shop\/schliessfaecher\/#primaryimage\"},\"image\":{\"@id\":\"https:\/\/steel-woody.com\/de\/online-shop\/schliessfaecher\/#primaryimage\"},\"thumbnailUrl\":\"https:\/\/steel-woody.com\/wp-content\/uploads\/2024\/09\/4-28.jpg\",\"datePublished\":\"2024-10-17T15:44:25+00:00\",\"dateModified\":\"2024-10-21T14:41:59+00:00\",\"breadcrumb\":{\"@id\":\"https:\/\/steel-woody.com\/de\/online-shop\/schliessfaecher\/#breadcrumb\"},\"inLanguage\":\"de\",\"potentialAction\":[{\"@type\":\"ReadAction\",\"target\":[\"https:\/\/steel-woody.com\/de\/online-shop\/schliessfaecher\/\"]}]},{\"@type\":\"ImageObject\",\"inLanguage\":\"de\",\"@id\":\"https:\/\/steel-woody.com\/de\/online-shop\/schliessfaecher\/#primaryimage\",\"url\":\"https:\/\/steel-woody.com\/wp-content\/uploads\/2024\/09\/4-28.jpg\",\"contentUrl\":\"https:\/\/steel-woody.com\/wp-content\/uploads\/2024\/09\/4-28.jpg\"},{\"@type\":\"BreadcrumbList\",\"@id\":\"https:\/\/steel-woody.com\/de\/online-shop\/schliessfaecher\/#breadcrumb\",\"itemListElement\":[{\"@type\":\"ListItem\",\"position\":1,\"name\":\"Home\",\"item\":\"https:\/\/steel-woody.com\/de\/\"},{\"@type\":\"ListItem\",\"position\":2,\"name\":\"Shop\",\"item\":\"https:\/\/steel-woody.com\/de\/online-shop\/\"},{\"@type\":\"ListItem\",\"position\":3,\"name\":\"Schlie\u00dff\u00e4cher\"}]},{\"@type\":\"WebSite\",\"@id\":\"https:\/\/steel-woody.com\/de\/#website\",\"url\":\"https:\/\/steel-woody.com\/de\/\",\"name\":\"Steel Woody\",\"description\":\"\",\"potentialAction\":[{\"@type\":\"SearchAction\",\"target\":{\"@type\":\"EntryPoint\",\"urlTemplate\":\"https:\/\/steel-woody.com\/de\/?s={search_term_string}\"},\"query-input\":{\"@type\":\"PropertyValueSpecification\",\"valueRequired\":true,\"valueName\":\"search_term_string\"}}],\"inLanguage\":\"de\"}]}<\/script>\n<!-- \/ Yoast SEO plugin. -->","yoast_head_json":{"title":"Schlie\u00dff\u00e4cher - Steel Woody","robots":{"index":"index","follow":"follow","max-snippet":"max-snippet:-1","max-image-preview":"max-image-preview:large","max-video-preview":"max-video-preview:-1"},"canonical":"https:\/\/steel-woody.com\/de\/online-shop\/schliessfaecher\/","og_locale":"de_DE","og_type":"article","og_title":"Schlie\u00dff\u00e4cher - Steel Woody","og_description":"Entdecken Sie unsere Kollektion von Kleiderschr\u00e4nken, die Ihrem Zuhause Stil und Funktionalit\u00e4t verleihen. Ob Sie nun gro\u00dfz\u00fcgigen Stauraum ben\u00f6tigen oder ein elegantes Design, das sich nahtlos in Ihre Einrichtung einf\u00fcgt, wir haben die ideale L\u00f6sung. W\u00e4hlen Sie den Schrank, der Ihren Bed\u00fcrfnissen entspricht, und verwandeln Sie jedes Zimmer in einen organisierten und harmonischen Raum. Siehe [&hellip;]","og_url":"https:\/\/steel-woody.com\/de\/online-shop\/schliessfaecher\/","og_site_name":"Steel Woody","article_modified_time":"2024-10-21T14:41:59+00:00","og_image":[{"url":"https:\/\/steel-woody.com\/wp-content\/uploads\/2024\/09\/4-28.jpg","type":"","width":"","height":""}],"twitter_card":"summary_large_image","schema":{"@context":"https:\/\/schema.org","@graph":[{"@type":"WebPage","@id":"https:\/\/steel-woody.com\/de\/online-shop\/schliessfaecher\/","url":"https:\/\/steel-woody.com\/de\/online-shop\/schliessfaecher\/","name":"Schlie\u00dff\u00e4cher - Steel Woody","isPartOf":{"@id":"https:\/\/steel-woody.com\/de\/#website"},"primaryImageOfPage":{"@id":"https:\/\/steel-woody.com\/de\/online-shop\/schliessfaecher\/#primaryimage"},"image":{"@id":"https:\/\/steel-woody.com\/de\/online-shop\/schliessfaecher\/#primaryimage"},"thumbnailUrl":"https:\/\/steel-woody.com\/wp-content\/uploads\/2024\/09\/4-28.jpg","datePublished":"2024-10-17T15:44:25+00:00","dateModified":"2024-10-21T14:41:59+00:00","breadcrumb":{"@id":"https:\/\/steel-woody.com\/de\/online-shop\/schliessfaecher\/#breadcrumb"},"inLanguage":"de","potentialAction":[{"@type":"ReadAction","target":["https:\/\/steel-woody.com\/de\/online-shop\/schliessfaecher\/"]}]},{"@type":"ImageObject","inLanguage":"de","@id":"https:\/\/steel-woody.com\/de\/online-shop\/schliessfaecher\/#primaryimage","url":"https:\/\/steel-woody.com\/wp-content\/uploads\/2024\/09\/4-28.jpg","contentUrl":"https:\/\/steel-woody.com\/wp-content\/uploads\/2024\/09\/4-28.jpg"},{"@type":"BreadcrumbList","@id":"https:\/\/steel-woody.com\/de\/online-shop\/schliessfaecher\/#breadcrumb","itemListElement":[{"@type":"ListItem","position":1,"name":"Home","item":"https:\/\/steel-woody.com\/de\/"},{"@type":"ListItem","position":2,"name":"Shop","item":"https:\/\/steel-woody.com\/de\/online-shop\/"},{"@type":"ListItem","position":3,"name":"Schlie\u00dff\u00e4cher"}]},{"@type":"WebSite","@id":"https:\/\/steel-woody.com\/de\/#website","url":"https:\/\/steel-woody.com\/de\/","name":"Steel Woody","description":"","potentialAction":[{"@type":"SearchAction","target":{"@type":"EntryPoint","urlTemplate":"https:\/\/steel-woody.com\/de\/?s={search_term_string}"},"query-input":{"@type":"PropertyValueSpecification","valueRequired":true,"valueName":"search_term_string"}}],"inLanguage":"de"}]}},"_links":{"self":[{"href":"https:\/\/steel-woody.com\/de\/wp-json\/wp\/v2\/pages\/2258","targetHints":{"allow":["GET"]}}],"collection":[{"href":"https:\/\/steel-woody.com\/de\/wp-json\/wp\/v2\/pages"}],"about":[{"href":"https:\/\/steel-woody.com\/de\/wp-json\/wp\/v2\/types\/page"}],"author":[{"embeddable":true,"href":"https:\/\/steel-woody.com\/de\/wp-json\/wp\/v2\/users\/1"}],"replies":[{"embeddable":true,"href":"https:\/\/steel-woody.com\/de\/wp-json\/wp\/v2\/comments?post=2258"}],"version-history":[{"count":1,"href":"https:\/\/steel-woody.com\/de\/wp-json\/wp\/v2\/pages\/2258\/revisions"}],"predecessor-version":[{"id":2260,"href":"https:\/\/steel-woody.com\/de\/wp-json\/wp\/v2\/pages\/2258\/revisions\/2260"}],"up":[{"embeddable":true,"href":"https:\/\/steel-woody.com\/de\/wp-json\/wp\/v2\/pages\/2431"}],"wp:attachment":[{"href":"https:\/\/steel-woody.com\/de\/wp-json\/wp\/v2\/media?parent=2258"}],"curies":[{"name":"wp","href":"https:\/\/api.w.org\/{rel}","templated":true}]}}