{"id":2215,"date":"2024-10-18T11:35:27","date_gmt":"2024-10-18T11:35:27","guid":{"rendered":"https:\/\/steel-woody.com\/unterstuetzt\/"},"modified":"2024-10-21T14:42:01","modified_gmt":"2024-10-21T14:42:01","slug":"unterstuetzt","status":"publish","type":"page","link":"https:\/\/steel-woody.com\/de\/online-shop\/unterstuetzt\/","title":{"rendered":"Unterst\u00fctzt"},"content":{"rendered":"\t\t<div data-elementor-type=\"wp-page\" data-elementor-id=\"2215\" class=\"elementor elementor-2215 elementor-1376\" data-elementor-post-type=\"page\">\n\t\t\t\t<div class=\"elementor-element elementor-element-e0a9785 e-flex e-con-boxed e-con e-parent\" data-id=\"e0a9785\" data-element_type=\"container\" data-settings=\"{&quot;background_background&quot;:&quot;classic&quot;}\">\n\t\t\t\t\t<div class=\"e-con-inner\">\n\t\t<div class=\"elementor-element elementor-element-7f071ff e-con-full e-flex e-con e-child\" data-id=\"7f071ff\" data-element_type=\"container\">\n\t\t\t\t<div class=\"elementor-element elementor-element-790b43a elementor-widget elementor-widget-text-editor\" data-id=\"790b43a\" data-element_type=\"widget\" data-widget_type=\"text-editor.default\">\n\t\t\t\t<div class=\"elementor-widget-container\">\n\t\t\t\t\t\t\t\t\t<p>Organisieren Sie Ihren Raum stilvoll mit unseren vielseitigen und stilvollen Haltern.<\/p>\n<p>Von Handtuchhaltern bis hin zu Zeitschriftenhaltern und anderen Accessoires finden Sie L\u00f6sungen, die Ordnung und Raffinesse in jeden Raum bringen.<\/p>\n<p>W\u00e4hlen Sie Design- und Funktionshalter, die sich perfekt in Ihre Einrichtung einf\u00fcgen.<\/p>\n\t\t\t\t\t\t\t\t<\/div>\n\t\t\t\t<\/div>\n\t\t\t\t<div class=\"elementor-element elementor-element-e983468 elementor-align-left elementor-mobile-align-center elementor-widget elementor-widget-button\" data-id=\"e983468\" data-element_type=\"widget\" data-widget_type=\"button.default\">\n\t\t\t\t<div class=\"elementor-widget-container\">\n\t\t\t\t\t\t\t\t\t<div class=\"elementor-button-wrapper\">\n\t\t\t\t\t<a class=\"elementor-button elementor-button-link elementor-size-sm\" href=\"#suporturi\">\n\t\t\t\t\t\t<span class=\"elementor-button-content-wrapper\">\n\t\t\t\t\t\t\t\t\t<span class=\"elementor-button-text\">Siehe Produkte<\/span>\n\t\t\t\t\t<\/span>\n\t\t\t\t\t<\/a>\n\t\t\t\t<\/div>\n\t\t\t\t\t\t\t\t<\/div>\n\t\t\t\t<\/div>\n\t\t\t\t<\/div>\n\t\t<div class=\"elementor-element elementor-element-13ceeb0 e-con-full e-flex e-con e-child\" data-id=\"13ceeb0\" data-element_type=\"container\">\n\t\t\t\t<div class=\"elementor-element elementor-element-1609a7d elementor-widget elementor-widget-image\" data-id=\"1609a7d\" data-element_type=\"widget\" data-widget_type=\"image.default\">\n\t\t\t\t<div class=\"elementor-widget-container\">\n\t\t\t\t\t\t\t\t\t\t\t\t\t\t\t<img fetchpriority=\"high\" decoding=\"async\" width=\"1536\" height=\"1167\" src=\"https:\/\/steel-woody.com\/wp-content\/uploads\/2024\/09\/4-19.jpg\" class=\"attachment-full size-full wp-image-1985\" alt=\"\" srcset=\"https:\/\/steel-woody.com\/wp-content\/uploads\/2024\/09\/4-19.jpg 1536w, https:\/\/steel-woody.com\/wp-content\/uploads\/2024\/09\/4-19-300x228.jpg 300w, https:\/\/steel-woody.com\/wp-content\/uploads\/2024\/09\/4-19-1024x778.jpg 1024w, https:\/\/steel-woody.com\/wp-content\/uploads\/2024\/09\/4-19-768x584.jpg 768w, https:\/\/steel-woody.com\/wp-content\/uploads\/2024\/09\/4-19-600x456.jpg 600w\" sizes=\"(max-width: 1536px) 100vw, 1536px\" \/>\t\t\t\t\t\t\t\t\t\t\t\t\t\t\t<\/div>\n\t\t\t\t<\/div>\n\t\t\t\t<\/div>\n\t\t\t\t\t<\/div>\n\t\t\t\t<\/div>\n\t\t<div class=\"elementor-element elementor-element-65f9630 e-flex e-con-boxed e-con e-parent\" data-id=\"65f9630\" data-element_type=\"container\">\n\t\t\t\t\t<div class=\"e-con-inner\">\n\t\t\t\t<div class=\"elementor-element elementor-element-38511b5 elementor-widget elementor-widget-menu-anchor\" data-id=\"38511b5\" data-element_type=\"widget\" data-widget_type=\"menu-anchor.default\">\n\t\t\t\t<div class=\"elementor-widget-container\">\n\t\t\t\t\t\t\t<div class=\"elementor-menu-anchor\" id=\"untersttzt\"><\/div>\n\t\t\t\t\t\t<\/div>\n\t\t\t\t<\/div>\n\t\t\t\t\t<\/div>\n\t\t\t\t<\/div>\n\t\t<div class=\"elementor-element elementor-element-07b4fdd e-flex e-con-boxed e-con e-parent\" data-id=\"07b4fdd\" data-element_type=\"container\" data-settings=\"{&quot;background_background&quot;:&quot;classic&quot;}\">\n\t\t\t\t\t<div class=\"e-con-inner\">\n\t\t<div class=\"elementor-element elementor-element-563b250 e-con-full e-flex e-con e-child\" data-id=\"563b250\" data-element_type=\"container\">\n\t\t\t\t<\/div>\n\t\t\t\t\t<\/div>\n\t\t\t\t<\/div>\n\t\t\t\t<\/div>\n\t\t","protected":false},"excerpt":{"rendered":"<p>Organisieren Sie Ihren Raum stilvoll mit unseren vielseitigen und stilvollen Haltern. Von Handtuchhaltern bis hin zu Zeitschriftenhaltern und anderen Accessoires finden Sie L\u00f6sungen, die Ordnung und Raffinesse in jeden Raum bringen. W\u00e4hlen Sie Design- und Funktionshalter, die sich perfekt in Ihre Einrichtung einf\u00fcgen. Siehe Produkte<\/p>\n","protected":false},"author":1,"featured_media":0,"parent":2431,"menu_order":0,"comment_status":"closed","ping_status":"closed","template":"elementor_header_footer","meta":{"footnotes":""},"class_list":["post-2215","page","type-page","status-publish","hentry"],"yoast_head":"<!-- This site is optimized with the Yoast SEO plugin v25.5 - https:\/\/yoast.com\/wordpress\/plugins\/seo\/ -->\n<title>Unterst\u00fctzt - Steel Woody<\/title>\n<meta name=\"robots\" content=\"index, follow, max-snippet:-1, max-image-preview:large, max-video-preview:-1\" \/>\n<link rel=\"canonical\" href=\"https:\/\/steel-woody.com\/de\/online-shop\/unterstuetzt\/\" \/>\n<meta property=\"og:locale\" content=\"de_DE\" \/>\n<meta property=\"og:type\" content=\"article\" \/>\n<meta property=\"og:title\" content=\"Unterst\u00fctzt - Steel Woody\" \/>\n<meta property=\"og:description\" content=\"Organisieren Sie Ihren Raum stilvoll mit unseren vielseitigen und stilvollen Haltern. Von Handtuchhaltern bis hin zu Zeitschriftenhaltern und anderen Accessoires finden Sie L\u00f6sungen, die Ordnung und Raffinesse in jeden Raum bringen. W\u00e4hlen Sie Design- und Funktionshalter, die sich perfekt in Ihre Einrichtung einf\u00fcgen. Siehe Produkte\" \/>\n<meta property=\"og:url\" content=\"https:\/\/steel-woody.com\/de\/online-shop\/unterstuetzt\/\" \/>\n<meta property=\"og:site_name\" content=\"Steel Woody\" \/>\n<meta property=\"article:modified_time\" content=\"2024-10-21T14:42:01+00:00\" \/>\n<meta property=\"og:image\" content=\"https:\/\/steel-woody.com\/wp-content\/uploads\/2024\/09\/4-19.jpg\" \/>\n<meta name=\"twitter:card\" content=\"summary_large_image\" \/>\n<script type=\"application\/ld+json\" class=\"yoast-schema-graph\">{\"@context\":\"https:\/\/schema.org\",\"@graph\":[{\"@type\":\"WebPage\",\"@id\":\"https:\/\/steel-woody.com\/de\/online-shop\/unterstuetzt\/\",\"url\":\"https:\/\/steel-woody.com\/de\/online-shop\/unterstuetzt\/\",\"name\":\"Unterst\u00fctzt - Steel Woody\",\"isPartOf\":{\"@id\":\"https:\/\/steel-woody.com\/de\/#website\"},\"primaryImageOfPage\":{\"@id\":\"https:\/\/steel-woody.com\/de\/online-shop\/unterstuetzt\/#primaryimage\"},\"image\":{\"@id\":\"https:\/\/steel-woody.com\/de\/online-shop\/unterstuetzt\/#primaryimage\"},\"thumbnailUrl\":\"https:\/\/steel-woody.com\/wp-content\/uploads\/2024\/09\/4-19.jpg\",\"datePublished\":\"2024-10-18T11:35:27+00:00\",\"dateModified\":\"2024-10-21T14:42:01+00:00\",\"breadcrumb\":{\"@id\":\"https:\/\/steel-woody.com\/de\/online-shop\/unterstuetzt\/#breadcrumb\"},\"inLanguage\":\"de\",\"potentialAction\":[{\"@type\":\"ReadAction\",\"target\":[\"https:\/\/steel-woody.com\/de\/online-shop\/unterstuetzt\/\"]}]},{\"@type\":\"ImageObject\",\"inLanguage\":\"de\",\"@id\":\"https:\/\/steel-woody.com\/de\/online-shop\/unterstuetzt\/#primaryimage\",\"url\":\"https:\/\/steel-woody.com\/wp-content\/uploads\/2024\/09\/4-19.jpg\",\"contentUrl\":\"https:\/\/steel-woody.com\/wp-content\/uploads\/2024\/09\/4-19.jpg\"},{\"@type\":\"BreadcrumbList\",\"@id\":\"https:\/\/steel-woody.com\/de\/online-shop\/unterstuetzt\/#breadcrumb\",\"itemListElement\":[{\"@type\":\"ListItem\",\"position\":1,\"name\":\"Home\",\"item\":\"https:\/\/steel-woody.com\/de\/\"},{\"@type\":\"ListItem\",\"position\":2,\"name\":\"Shop\",\"item\":\"https:\/\/steel-woody.com\/de\/online-shop\/\"},{\"@type\":\"ListItem\",\"position\":3,\"name\":\"Unterst\u00fctzt\"}]},{\"@type\":\"WebSite\",\"@id\":\"https:\/\/steel-woody.com\/de\/#website\",\"url\":\"https:\/\/steel-woody.com\/de\/\",\"name\":\"Steel Woody\",\"description\":\"\",\"potentialAction\":[{\"@type\":\"SearchAction\",\"target\":{\"@type\":\"EntryPoint\",\"urlTemplate\":\"https:\/\/steel-woody.com\/de\/?s={search_term_string}\"},\"query-input\":{\"@type\":\"PropertyValueSpecification\",\"valueRequired\":true,\"valueName\":\"search_term_string\"}}],\"inLanguage\":\"de\"}]}<\/script>\n<!-- \/ Yoast SEO plugin. -->","yoast_head_json":{"title":"Unterst\u00fctzt - Steel Woody","robots":{"index":"index","follow":"follow","max-snippet":"max-snippet:-1","max-image-preview":"max-image-preview:large","max-video-preview":"max-video-preview:-1"},"canonical":"https:\/\/steel-woody.com\/de\/online-shop\/unterstuetzt\/","og_locale":"de_DE","og_type":"article","og_title":"Unterst\u00fctzt - Steel Woody","og_description":"Organisieren Sie Ihren Raum stilvoll mit unseren vielseitigen und stilvollen Haltern. Von Handtuchhaltern bis hin zu Zeitschriftenhaltern und anderen Accessoires finden Sie L\u00f6sungen, die Ordnung und Raffinesse in jeden Raum bringen. W\u00e4hlen Sie Design- und Funktionshalter, die sich perfekt in Ihre Einrichtung einf\u00fcgen. Siehe Produkte","og_url":"https:\/\/steel-woody.com\/de\/online-shop\/unterstuetzt\/","og_site_name":"Steel Woody","article_modified_time":"2024-10-21T14:42:01+00:00","og_image":[{"url":"https:\/\/steel-woody.com\/wp-content\/uploads\/2024\/09\/4-19.jpg","type":"","width":"","height":""}],"twitter_card":"summary_large_image","schema":{"@context":"https:\/\/schema.org","@graph":[{"@type":"WebPage","@id":"https:\/\/steel-woody.com\/de\/online-shop\/unterstuetzt\/","url":"https:\/\/steel-woody.com\/de\/online-shop\/unterstuetzt\/","name":"Unterst\u00fctzt - Steel Woody","isPartOf":{"@id":"https:\/\/steel-woody.com\/de\/#website"},"primaryImageOfPage":{"@id":"https:\/\/steel-woody.com\/de\/online-shop\/unterstuetzt\/#primaryimage"},"image":{"@id":"https:\/\/steel-woody.com\/de\/online-shop\/unterstuetzt\/#primaryimage"},"thumbnailUrl":"https:\/\/steel-woody.com\/wp-content\/uploads\/2024\/09\/4-19.jpg","datePublished":"2024-10-18T11:35:27+00:00","dateModified":"2024-10-21T14:42:01+00:00","breadcrumb":{"@id":"https:\/\/steel-woody.com\/de\/online-shop\/unterstuetzt\/#breadcrumb"},"inLanguage":"de","potentialAction":[{"@type":"ReadAction","target":["https:\/\/steel-woody.com\/de\/online-shop\/unterstuetzt\/"]}]},{"@type":"ImageObject","inLanguage":"de","@id":"https:\/\/steel-woody.com\/de\/online-shop\/unterstuetzt\/#primaryimage","url":"https:\/\/steel-woody.com\/wp-content\/uploads\/2024\/09\/4-19.jpg","contentUrl":"https:\/\/steel-woody.com\/wp-content\/uploads\/2024\/09\/4-19.jpg"},{"@type":"BreadcrumbList","@id":"https:\/\/steel-woody.com\/de\/online-shop\/unterstuetzt\/#breadcrumb","itemListElement":[{"@type":"ListItem","position":1,"name":"Home","item":"https:\/\/steel-woody.com\/de\/"},{"@type":"ListItem","position":2,"name":"Shop","item":"https:\/\/steel-woody.com\/de\/online-shop\/"},{"@type":"ListItem","position":3,"name":"Unterst\u00fctzt"}]},{"@type":"WebSite","@id":"https:\/\/steel-woody.com\/de\/#website","url":"https:\/\/steel-woody.com\/de\/","name":"Steel Woody","description":"","potentialAction":[{"@type":"SearchAction","target":{"@type":"EntryPoint","urlTemplate":"https:\/\/steel-woody.com\/de\/?s={search_term_string}"},"query-input":{"@type":"PropertyValueSpecification","valueRequired":true,"valueName":"search_term_string"}}],"inLanguage":"de"}]}},"_links":{"self":[{"href":"https:\/\/steel-woody.com\/de\/wp-json\/wp\/v2\/pages\/2215","targetHints":{"allow":["GET"]}}],"collection":[{"href":"https:\/\/steel-woody.com\/de\/wp-json\/wp\/v2\/pages"}],"about":[{"href":"https:\/\/steel-woody.com\/de\/wp-json\/wp\/v2\/types\/page"}],"author":[{"embeddable":true,"href":"https:\/\/steel-woody.com\/de\/wp-json\/wp\/v2\/users\/1"}],"replies":[{"embeddable":true,"href":"https:\/\/steel-woody.com\/de\/wp-json\/wp\/v2\/comments?post=2215"}],"version-history":[{"count":1,"href":"https:\/\/steel-woody.com\/de\/wp-json\/wp\/v2\/pages\/2215\/revisions"}],"predecessor-version":[{"id":2217,"href":"https:\/\/steel-woody.com\/de\/wp-json\/wp\/v2\/pages\/2215\/revisions\/2217"}],"up":[{"embeddable":true,"href":"https:\/\/steel-woody.com\/de\/wp-json\/wp\/v2\/pages\/2431"}],"wp:attachment":[{"href":"https:\/\/steel-woody.com\/de\/wp-json\/wp\/v2\/media?parent=2215"}],"curies":[{"name":"wp","href":"https:\/\/api.w.org\/{rel}","templated":true}]}}