{"id":2210,"date":"2024-10-18T11:14:26","date_gmt":"2024-10-18T11:14:26","guid":{"rendered":"https:\/\/steel-woody.com\/buecherregale\/"},"modified":"2024-10-21T14:42:01","modified_gmt":"2024-10-21T14:42:01","slug":"buecherregale","status":"publish","type":"page","link":"https:\/\/steel-woody.com\/de\/online-shop\/buecherregale\/","title":{"rendered":"B\u00fccherregale"},"content":{"rendered":"\t\t<div data-elementor-type=\"wp-page\" data-elementor-id=\"2210\" class=\"elementor elementor-2210 elementor-1359\" data-elementor-post-type=\"page\">\n\t\t\t\t<div class=\"elementor-element elementor-element-b684a19 e-flex e-con-boxed e-con e-parent\" data-id=\"b684a19\" data-element_type=\"container\" data-settings=\"{&quot;background_background&quot;:&quot;classic&quot;}\">\n\t\t\t\t\t<div class=\"e-con-inner\">\n\t\t<div class=\"elementor-element elementor-element-83d9865 e-con-full e-flex e-con e-child\" data-id=\"83d9865\" data-element_type=\"container\">\n\t\t\t\t<div class=\"elementor-element elementor-element-09a9fcc elementor-widget elementor-widget-text-editor\" data-id=\"09a9fcc\" data-element_type=\"widget\" data-widget_type=\"text-editor.default\">\n\t\t\t\t<div class=\"elementor-widget-container\">\n\t\t\t\t\t\t\t\t\t<p>Pr\u00e4sentieren Sie Ihre Lieblingsb\u00fccher, Dekorationen und Objekte mit unseren vielseitigen und stilvollen Regalen.<\/p>\n<p>Von modernen Wandregalen bis hin zu ger\u00e4umigen Aufbewahrungsschr\u00e4nken haben wir L\u00f6sungen, die zu jeder Einrichtung passen.<\/p>\n<p>W\u00e4hlen Sie ein Regal, das Funktionalit\u00e4t mit raffiniertem Design verbindet, und verwandeln Sie Ihren Raum in einen organisierten und angenehmen Ort.<\/p>\n\t\t\t\t\t\t\t\t<\/div>\n\t\t\t\t<\/div>\n\t\t\t\t<div class=\"elementor-element elementor-element-53e6eb6 elementor-align-left elementor-mobile-align-center elementor-widget elementor-widget-button\" data-id=\"53e6eb6\" data-element_type=\"widget\" data-widget_type=\"button.default\">\n\t\t\t\t<div class=\"elementor-widget-container\">\n\t\t\t\t\t\t\t\t\t<div class=\"elementor-button-wrapper\">\n\t\t\t\t\t<a class=\"elementor-button elementor-button-link elementor-size-sm\" href=\"#rafturi\">\n\t\t\t\t\t\t<span class=\"elementor-button-content-wrapper\">\n\t\t\t\t\t\t\t\t\t<span class=\"elementor-button-text\">Siehe Produkte<\/span>\n\t\t\t\t\t<\/span>\n\t\t\t\t\t<\/a>\n\t\t\t\t<\/div>\n\t\t\t\t\t\t\t\t<\/div>\n\t\t\t\t<\/div>\n\t\t\t\t<\/div>\n\t\t<div class=\"elementor-element elementor-element-dc19ab0 e-con-full e-flex e-con e-child\" data-id=\"dc19ab0\" data-element_type=\"container\">\n\t\t\t\t<div class=\"elementor-element elementor-element-504b59b elementor-widget elementor-widget-image\" data-id=\"504b59b\" data-element_type=\"widget\" data-widget_type=\"image.default\">\n\t\t\t\t<div class=\"elementor-widget-container\">\n\t\t\t\t\t\t\t\t\t\t\t\t\t\t\t<img fetchpriority=\"high\" decoding=\"async\" width=\"1536\" height=\"1167\" src=\"https:\/\/steel-woody.com\/wp-content\/uploads\/2024\/09\/4-26.jpg\" class=\"attachment-full size-full wp-image-2075\" alt=\"\" srcset=\"https:\/\/steel-woody.com\/wp-content\/uploads\/2024\/09\/4-26.jpg 1536w, https:\/\/steel-woody.com\/wp-content\/uploads\/2024\/09\/4-26-300x228.jpg 300w, https:\/\/steel-woody.com\/wp-content\/uploads\/2024\/09\/4-26-1024x778.jpg 1024w, https:\/\/steel-woody.com\/wp-content\/uploads\/2024\/09\/4-26-768x584.jpg 768w, https:\/\/steel-woody.com\/wp-content\/uploads\/2024\/09\/4-26-600x456.jpg 600w\" sizes=\"(max-width: 1536px) 100vw, 1536px\" \/>\t\t\t\t\t\t\t\t\t\t\t\t\t\t\t<\/div>\n\t\t\t\t<\/div>\n\t\t\t\t<\/div>\n\t\t\t\t\t<\/div>\n\t\t\t\t<\/div>\n\t\t<div class=\"elementor-element elementor-element-0025fa2 e-flex e-con-boxed e-con e-parent\" data-id=\"0025fa2\" data-element_type=\"container\">\n\t\t\t\t\t<div class=\"e-con-inner\">\n\t\t\t\t<div class=\"elementor-element elementor-element-39baf8f elementor-widget elementor-widget-menu-anchor\" data-id=\"39baf8f\" data-element_type=\"widget\" data-widget_type=\"menu-anchor.default\">\n\t\t\t\t<div class=\"elementor-widget-container\">\n\t\t\t\t\t\t\t<div class=\"elementor-menu-anchor\" id=\"Regale\"><\/div>\n\t\t\t\t\t\t<\/div>\n\t\t\t\t<\/div>\n\t\t\t\t\t<\/div>\n\t\t\t\t<\/div>\n\t\t<div class=\"elementor-element elementor-element-6b2e37f e-flex e-con-boxed e-con e-parent\" data-id=\"6b2e37f\" data-element_type=\"container\" data-settings=\"{&quot;background_background&quot;:&quot;classic&quot;}\">\n\t\t\t\t\t<div class=\"e-con-inner\">\n\t\t<div class=\"elementor-element elementor-element-2a005cf e-con-full e-flex e-con e-child\" data-id=\"2a005cf\" data-element_type=\"container\">\n\t\t\t\t<\/div>\n\t\t\t\t\t<\/div>\n\t\t\t\t<\/div>\n\t\t\t\t<\/div>\n\t\t","protected":false},"excerpt":{"rendered":"<p>Pr\u00e4sentieren Sie Ihre Lieblingsb\u00fccher, Dekorationen und Objekte mit unseren vielseitigen und stilvollen Regalen. Von modernen Wandregalen bis hin zu ger\u00e4umigen Aufbewahrungsschr\u00e4nken haben wir L\u00f6sungen, die zu jeder Einrichtung passen. W\u00e4hlen Sie ein Regal, das Funktionalit\u00e4t mit raffiniertem Design verbindet, und verwandeln Sie Ihren Raum in einen organisierten und angenehmen Ort. Siehe Produkte<\/p>\n","protected":false},"author":1,"featured_media":0,"parent":2431,"menu_order":0,"comment_status":"closed","ping_status":"closed","template":"elementor_header_footer","meta":{"footnotes":""},"class_list":["post-2210","page","type-page","status-publish","hentry"],"yoast_head":"<!-- This site is optimized with the Yoast SEO plugin v25.5 - https:\/\/yoast.com\/wordpress\/plugins\/seo\/ -->\n<title>B\u00fccherregale - Steel Woody<\/title>\n<meta name=\"robots\" content=\"index, follow, max-snippet:-1, max-image-preview:large, max-video-preview:-1\" \/>\n<link rel=\"canonical\" href=\"https:\/\/steel-woody.com\/de\/online-shop\/buecherregale\/\" \/>\n<meta property=\"og:locale\" content=\"de_DE\" \/>\n<meta property=\"og:type\" content=\"article\" \/>\n<meta property=\"og:title\" content=\"B\u00fccherregale - Steel Woody\" \/>\n<meta property=\"og:description\" content=\"Pr\u00e4sentieren Sie Ihre Lieblingsb\u00fccher, Dekorationen und Objekte mit unseren vielseitigen und stilvollen Regalen. Von modernen Wandregalen bis hin zu ger\u00e4umigen Aufbewahrungsschr\u00e4nken haben wir L\u00f6sungen, die zu jeder Einrichtung passen. W\u00e4hlen Sie ein Regal, das Funktionalit\u00e4t mit raffiniertem Design verbindet, und verwandeln Sie Ihren Raum in einen organisierten und angenehmen Ort. Siehe Produkte\" \/>\n<meta property=\"og:url\" content=\"https:\/\/steel-woody.com\/de\/online-shop\/buecherregale\/\" \/>\n<meta property=\"og:site_name\" content=\"Steel Woody\" \/>\n<meta property=\"article:modified_time\" content=\"2024-10-21T14:42:01+00:00\" \/>\n<meta property=\"og:image\" content=\"https:\/\/steel-woody.com\/wp-content\/uploads\/2024\/09\/4-26.jpg\" \/>\n<meta name=\"twitter:card\" content=\"summary_large_image\" \/>\n<script type=\"application\/ld+json\" class=\"yoast-schema-graph\">{\"@context\":\"https:\/\/schema.org\",\"@graph\":[{\"@type\":\"WebPage\",\"@id\":\"https:\/\/steel-woody.com\/de\/online-shop\/buecherregale\/\",\"url\":\"https:\/\/steel-woody.com\/de\/online-shop\/buecherregale\/\",\"name\":\"B\u00fccherregale - Steel Woody\",\"isPartOf\":{\"@id\":\"https:\/\/steel-woody.com\/de\/#website\"},\"primaryImageOfPage\":{\"@id\":\"https:\/\/steel-woody.com\/de\/online-shop\/buecherregale\/#primaryimage\"},\"image\":{\"@id\":\"https:\/\/steel-woody.com\/de\/online-shop\/buecherregale\/#primaryimage\"},\"thumbnailUrl\":\"https:\/\/steel-woody.com\/wp-content\/uploads\/2024\/09\/4-26.jpg\",\"datePublished\":\"2024-10-18T11:14:26+00:00\",\"dateModified\":\"2024-10-21T14:42:01+00:00\",\"breadcrumb\":{\"@id\":\"https:\/\/steel-woody.com\/de\/online-shop\/buecherregale\/#breadcrumb\"},\"inLanguage\":\"de\",\"potentialAction\":[{\"@type\":\"ReadAction\",\"target\":[\"https:\/\/steel-woody.com\/de\/online-shop\/buecherregale\/\"]}]},{\"@type\":\"ImageObject\",\"inLanguage\":\"de\",\"@id\":\"https:\/\/steel-woody.com\/de\/online-shop\/buecherregale\/#primaryimage\",\"url\":\"https:\/\/steel-woody.com\/wp-content\/uploads\/2024\/09\/4-26.jpg\",\"contentUrl\":\"https:\/\/steel-woody.com\/wp-content\/uploads\/2024\/09\/4-26.jpg\"},{\"@type\":\"BreadcrumbList\",\"@id\":\"https:\/\/steel-woody.com\/de\/online-shop\/buecherregale\/#breadcrumb\",\"itemListElement\":[{\"@type\":\"ListItem\",\"position\":1,\"name\":\"Home\",\"item\":\"https:\/\/steel-woody.com\/de\/\"},{\"@type\":\"ListItem\",\"position\":2,\"name\":\"Shop\",\"item\":\"https:\/\/steel-woody.com\/de\/online-shop\/\"},{\"@type\":\"ListItem\",\"position\":3,\"name\":\"B\u00fccherregale\"}]},{\"@type\":\"WebSite\",\"@id\":\"https:\/\/steel-woody.com\/de\/#website\",\"url\":\"https:\/\/steel-woody.com\/de\/\",\"name\":\"Steel Woody\",\"description\":\"\",\"potentialAction\":[{\"@type\":\"SearchAction\",\"target\":{\"@type\":\"EntryPoint\",\"urlTemplate\":\"https:\/\/steel-woody.com\/de\/?s={search_term_string}\"},\"query-input\":{\"@type\":\"PropertyValueSpecification\",\"valueRequired\":true,\"valueName\":\"search_term_string\"}}],\"inLanguage\":\"de\"}]}<\/script>\n<!-- \/ Yoast SEO plugin. -->","yoast_head_json":{"title":"B\u00fccherregale - Steel Woody","robots":{"index":"index","follow":"follow","max-snippet":"max-snippet:-1","max-image-preview":"max-image-preview:large","max-video-preview":"max-video-preview:-1"},"canonical":"https:\/\/steel-woody.com\/de\/online-shop\/buecherregale\/","og_locale":"de_DE","og_type":"article","og_title":"B\u00fccherregale - Steel Woody","og_description":"Pr\u00e4sentieren Sie Ihre Lieblingsb\u00fccher, Dekorationen und Objekte mit unseren vielseitigen und stilvollen Regalen. Von modernen Wandregalen bis hin zu ger\u00e4umigen Aufbewahrungsschr\u00e4nken haben wir L\u00f6sungen, die zu jeder Einrichtung passen. W\u00e4hlen Sie ein Regal, das Funktionalit\u00e4t mit raffiniertem Design verbindet, und verwandeln Sie Ihren Raum in einen organisierten und angenehmen Ort. Siehe Produkte","og_url":"https:\/\/steel-woody.com\/de\/online-shop\/buecherregale\/","og_site_name":"Steel Woody","article_modified_time":"2024-10-21T14:42:01+00:00","og_image":[{"url":"https:\/\/steel-woody.com\/wp-content\/uploads\/2024\/09\/4-26.jpg","type":"","width":"","height":""}],"twitter_card":"summary_large_image","schema":{"@context":"https:\/\/schema.org","@graph":[{"@type":"WebPage","@id":"https:\/\/steel-woody.com\/de\/online-shop\/buecherregale\/","url":"https:\/\/steel-woody.com\/de\/online-shop\/buecherregale\/","name":"B\u00fccherregale - Steel Woody","isPartOf":{"@id":"https:\/\/steel-woody.com\/de\/#website"},"primaryImageOfPage":{"@id":"https:\/\/steel-woody.com\/de\/online-shop\/buecherregale\/#primaryimage"},"image":{"@id":"https:\/\/steel-woody.com\/de\/online-shop\/buecherregale\/#primaryimage"},"thumbnailUrl":"https:\/\/steel-woody.com\/wp-content\/uploads\/2024\/09\/4-26.jpg","datePublished":"2024-10-18T11:14:26+00:00","dateModified":"2024-10-21T14:42:01+00:00","breadcrumb":{"@id":"https:\/\/steel-woody.com\/de\/online-shop\/buecherregale\/#breadcrumb"},"inLanguage":"de","potentialAction":[{"@type":"ReadAction","target":["https:\/\/steel-woody.com\/de\/online-shop\/buecherregale\/"]}]},{"@type":"ImageObject","inLanguage":"de","@id":"https:\/\/steel-woody.com\/de\/online-shop\/buecherregale\/#primaryimage","url":"https:\/\/steel-woody.com\/wp-content\/uploads\/2024\/09\/4-26.jpg","contentUrl":"https:\/\/steel-woody.com\/wp-content\/uploads\/2024\/09\/4-26.jpg"},{"@type":"BreadcrumbList","@id":"https:\/\/steel-woody.com\/de\/online-shop\/buecherregale\/#breadcrumb","itemListElement":[{"@type":"ListItem","position":1,"name":"Home","item":"https:\/\/steel-woody.com\/de\/"},{"@type":"ListItem","position":2,"name":"Shop","item":"https:\/\/steel-woody.com\/de\/online-shop\/"},{"@type":"ListItem","position":3,"name":"B\u00fccherregale"}]},{"@type":"WebSite","@id":"https:\/\/steel-woody.com\/de\/#website","url":"https:\/\/steel-woody.com\/de\/","name":"Steel Woody","description":"","potentialAction":[{"@type":"SearchAction","target":{"@type":"EntryPoint","urlTemplate":"https:\/\/steel-woody.com\/de\/?s={search_term_string}"},"query-input":{"@type":"PropertyValueSpecification","valueRequired":true,"valueName":"search_term_string"}}],"inLanguage":"de"}]}},"_links":{"self":[{"href":"https:\/\/steel-woody.com\/de\/wp-json\/wp\/v2\/pages\/2210","targetHints":{"allow":["GET"]}}],"collection":[{"href":"https:\/\/steel-woody.com\/de\/wp-json\/wp\/v2\/pages"}],"about":[{"href":"https:\/\/steel-woody.com\/de\/wp-json\/wp\/v2\/types\/page"}],"author":[{"embeddable":true,"href":"https:\/\/steel-woody.com\/de\/wp-json\/wp\/v2\/users\/1"}],"replies":[{"embeddable":true,"href":"https:\/\/steel-woody.com\/de\/wp-json\/wp\/v2\/comments?post=2210"}],"version-history":[{"count":1,"href":"https:\/\/steel-woody.com\/de\/wp-json\/wp\/v2\/pages\/2210\/revisions"}],"predecessor-version":[{"id":2212,"href":"https:\/\/steel-woody.com\/de\/wp-json\/wp\/v2\/pages\/2210\/revisions\/2212"}],"up":[{"embeddable":true,"href":"https:\/\/steel-woody.com\/de\/wp-json\/wp\/v2\/pages\/2431"}],"wp:attachment":[{"href":"https:\/\/steel-woody.com\/de\/wp-json\/wp\/v2\/media?parent=2210"}],"curies":[{"name":"wp","href":"https:\/\/api.w.org\/{rel}","templated":true}]}}