{"id":2202,"date":"2024-10-18T11:28:05","date_gmt":"2024-10-18T11:28:05","guid":{"rendered":"https:\/\/steel-woody.com\/stuehle\/"},"modified":"2024-10-21T14:42:01","modified_gmt":"2024-10-21T14:42:01","slug":"stuehle","status":"publish","type":"page","link":"https:\/\/steel-woody.com\/de\/online-shop\/stuehle\/","title":{"rendered":"St\u00fchle"},"content":{"rendered":"\t\t<div data-elementor-type=\"wp-page\" data-elementor-id=\"2202\" class=\"elementor elementor-2202 elementor-1367\" data-elementor-post-type=\"page\">\n\t\t\t\t<div class=\"elementor-element elementor-element-7625eb4 e-flex e-con-boxed e-con e-parent\" data-id=\"7625eb4\" data-element_type=\"container\" data-settings=\"{&quot;background_background&quot;:&quot;classic&quot;}\">\n\t\t\t\t\t<div class=\"e-con-inner\">\n\t\t<div class=\"elementor-element elementor-element-7fc89ce e-con-full e-flex e-con e-child\" data-id=\"7fc89ce\" data-element_type=\"container\">\n\t\t\t\t<div class=\"elementor-element elementor-element-bd5d9f6 elementor-widget elementor-widget-text-editor\" data-id=\"bd5d9f6\" data-element_type=\"widget\" data-widget_type=\"text-editor.default\">\n\t\t\t\t<div class=\"elementor-widget-container\">\n\t\t\t\t\t\t\t\t\t<p>Entdecken Sie unsere bequemen und stilvollen St\u00fchle, die ideal f\u00fcr jede Ecke Ihres Zuhauses sind.<\/p>\n<p>Von stilvollen Esszimmerst\u00fchlen bis hin zu Designs, die f\u00fcr das Wohnzimmer oder die Terrasse geeignet sind, bieten wir eine gro\u00dfe Auswahl an St\u00fchlen, die modernes Design mit dem n\u00f6tigen Komfort verbinden.<\/p>\n<p>W\u00e4hlen Sie die richtigen St\u00fchle, um Ihrem Zuhause Raffinesse und Stil zu verleihen.<\/p>\n\t\t\t\t\t\t\t\t<\/div>\n\t\t\t\t<\/div>\n\t\t\t\t<div class=\"elementor-element elementor-element-8308f49 elementor-align-left elementor-mobile-align-center elementor-widget elementor-widget-button\" data-id=\"8308f49\" data-element_type=\"widget\" data-widget_type=\"button.default\">\n\t\t\t\t<div class=\"elementor-widget-container\">\n\t\t\t\t\t\t\t\t\t<div class=\"elementor-button-wrapper\">\n\t\t\t\t\t<a class=\"elementor-button elementor-button-link elementor-size-sm\" href=\"#scaune\">\n\t\t\t\t\t\t<span class=\"elementor-button-content-wrapper\">\n\t\t\t\t\t\t\t\t\t<span class=\"elementor-button-text\">Siehe Produkte<\/span>\n\t\t\t\t\t<\/span>\n\t\t\t\t\t<\/a>\n\t\t\t\t<\/div>\n\t\t\t\t\t\t\t\t<\/div>\n\t\t\t\t<\/div>\n\t\t\t\t<\/div>\n\t\t<div class=\"elementor-element elementor-element-f680df9 e-con-full e-flex e-con e-child\" data-id=\"f680df9\" data-element_type=\"container\">\n\t\t\t\t<div class=\"elementor-element elementor-element-972765c elementor-widget elementor-widget-image\" data-id=\"972765c\" data-element_type=\"widget\" data-widget_type=\"image.default\">\n\t\t\t\t<div class=\"elementor-widget-container\">\n\t\t\t\t\t\t\t\t\t\t\t\t\t\t\t<img fetchpriority=\"high\" decoding=\"async\" width=\"1536\" height=\"1167\" src=\"https:\/\/steel-woody.com\/wp-content\/uploads\/2024\/09\/4-11.jpg\" class=\"attachment-full size-full wp-image-1865\" alt=\"\" srcset=\"https:\/\/steel-woody.com\/wp-content\/uploads\/2024\/09\/4-11.jpg 1536w, https:\/\/steel-woody.com\/wp-content\/uploads\/2024\/09\/4-11-300x228.jpg 300w, https:\/\/steel-woody.com\/wp-content\/uploads\/2024\/09\/4-11-1024x778.jpg 1024w, https:\/\/steel-woody.com\/wp-content\/uploads\/2024\/09\/4-11-768x584.jpg 768w, https:\/\/steel-woody.com\/wp-content\/uploads\/2024\/09\/4-11-600x456.jpg 600w\" sizes=\"(max-width: 1536px) 100vw, 1536px\" \/>\t\t\t\t\t\t\t\t\t\t\t\t\t\t\t<\/div>\n\t\t\t\t<\/div>\n\t\t\t\t<\/div>\n\t\t\t\t\t<\/div>\n\t\t\t\t<\/div>\n\t\t<div class=\"elementor-element elementor-element-ef7181c e-flex e-con-boxed e-con e-parent\" data-id=\"ef7181c\" data-element_type=\"container\">\n\t\t\t\t\t<div class=\"e-con-inner\">\n\t\t\t\t<div class=\"elementor-element elementor-element-c327e96 elementor-widget elementor-widget-menu-anchor\" data-id=\"c327e96\" data-element_type=\"widget\" data-widget_type=\"menu-anchor.default\">\n\t\t\t\t<div class=\"elementor-widget-container\">\n\t\t\t\t\t\t\t<div class=\"elementor-menu-anchor\" id=\"Sthle\"><\/div>\n\t\t\t\t\t\t<\/div>\n\t\t\t\t<\/div>\n\t\t\t\t\t<\/div>\n\t\t\t\t<\/div>\n\t\t<div class=\"elementor-element elementor-element-58fbe29 e-flex e-con-boxed e-con e-parent\" data-id=\"58fbe29\" data-element_type=\"container\" data-settings=\"{&quot;background_background&quot;:&quot;classic&quot;}\">\n\t\t\t\t\t<div class=\"e-con-inner\">\n\t\t<div class=\"elementor-element elementor-element-cf05408 e-con-full e-flex e-con e-child\" data-id=\"cf05408\" data-element_type=\"container\">\n\t\t\t\t<\/div>\n\t\t\t\t\t<\/div>\n\t\t\t\t<\/div>\n\t\t\t\t<\/div>\n\t\t","protected":false},"excerpt":{"rendered":"<p>Entdecken Sie unsere bequemen und stilvollen St\u00fchle, die ideal f\u00fcr jede Ecke Ihres Zuhauses sind. Von stilvollen Esszimmerst\u00fchlen bis hin zu Designs, die f\u00fcr das Wohnzimmer oder die Terrasse geeignet sind, bieten wir eine gro\u00dfe Auswahl an St\u00fchlen, die modernes Design mit dem n\u00f6tigen Komfort verbinden. W\u00e4hlen Sie die richtigen St\u00fchle, um Ihrem Zuhause Raffinesse [&hellip;]<\/p>\n","protected":false},"author":1,"featured_media":0,"parent":2431,"menu_order":0,"comment_status":"closed","ping_status":"closed","template":"elementor_header_footer","meta":{"footnotes":""},"class_list":["post-2202","page","type-page","status-publish","hentry"],"yoast_head":"<!-- This site is optimized with the Yoast SEO plugin v25.5 - https:\/\/yoast.com\/wordpress\/plugins\/seo\/ -->\n<title>St\u00fchle - Steel Woody<\/title>\n<meta name=\"robots\" content=\"index, follow, max-snippet:-1, max-image-preview:large, max-video-preview:-1\" \/>\n<link rel=\"canonical\" href=\"https:\/\/steel-woody.com\/de\/online-shop\/stuehle\/\" \/>\n<meta property=\"og:locale\" content=\"de_DE\" \/>\n<meta property=\"og:type\" content=\"article\" \/>\n<meta property=\"og:title\" content=\"St\u00fchle - Steel Woody\" \/>\n<meta property=\"og:description\" content=\"Entdecken Sie unsere bequemen und stilvollen St\u00fchle, die ideal f\u00fcr jede Ecke Ihres Zuhauses sind. Von stilvollen Esszimmerst\u00fchlen bis hin zu Designs, die f\u00fcr das Wohnzimmer oder die Terrasse geeignet sind, bieten wir eine gro\u00dfe Auswahl an St\u00fchlen, die modernes Design mit dem n\u00f6tigen Komfort verbinden. W\u00e4hlen Sie die richtigen St\u00fchle, um Ihrem Zuhause Raffinesse [&hellip;]\" \/>\n<meta property=\"og:url\" content=\"https:\/\/steel-woody.com\/de\/online-shop\/stuehle\/\" \/>\n<meta property=\"og:site_name\" content=\"Steel Woody\" \/>\n<meta property=\"article:modified_time\" content=\"2024-10-21T14:42:01+00:00\" \/>\n<meta property=\"og:image\" content=\"https:\/\/steel-woody.com\/wp-content\/uploads\/2024\/09\/4-11.jpg\" \/>\n<meta name=\"twitter:card\" content=\"summary_large_image\" \/>\n<script type=\"application\/ld+json\" class=\"yoast-schema-graph\">{\"@context\":\"https:\/\/schema.org\",\"@graph\":[{\"@type\":\"WebPage\",\"@id\":\"https:\/\/steel-woody.com\/de\/online-shop\/stuehle\/\",\"url\":\"https:\/\/steel-woody.com\/de\/online-shop\/stuehle\/\",\"name\":\"St\u00fchle - Steel Woody\",\"isPartOf\":{\"@id\":\"https:\/\/steel-woody.com\/de\/#website\"},\"primaryImageOfPage\":{\"@id\":\"https:\/\/steel-woody.com\/de\/online-shop\/stuehle\/#primaryimage\"},\"image\":{\"@id\":\"https:\/\/steel-woody.com\/de\/online-shop\/stuehle\/#primaryimage\"},\"thumbnailUrl\":\"https:\/\/steel-woody.com\/wp-content\/uploads\/2024\/09\/4-11.jpg\",\"datePublished\":\"2024-10-18T11:28:05+00:00\",\"dateModified\":\"2024-10-21T14:42:01+00:00\",\"breadcrumb\":{\"@id\":\"https:\/\/steel-woody.com\/de\/online-shop\/stuehle\/#breadcrumb\"},\"inLanguage\":\"de\",\"potentialAction\":[{\"@type\":\"ReadAction\",\"target\":[\"https:\/\/steel-woody.com\/de\/online-shop\/stuehle\/\"]}]},{\"@type\":\"ImageObject\",\"inLanguage\":\"de\",\"@id\":\"https:\/\/steel-woody.com\/de\/online-shop\/stuehle\/#primaryimage\",\"url\":\"https:\/\/steel-woody.com\/wp-content\/uploads\/2024\/09\/4-11.jpg\",\"contentUrl\":\"https:\/\/steel-woody.com\/wp-content\/uploads\/2024\/09\/4-11.jpg\"},{\"@type\":\"BreadcrumbList\",\"@id\":\"https:\/\/steel-woody.com\/de\/online-shop\/stuehle\/#breadcrumb\",\"itemListElement\":[{\"@type\":\"ListItem\",\"position\":1,\"name\":\"Home\",\"item\":\"https:\/\/steel-woody.com\/de\/\"},{\"@type\":\"ListItem\",\"position\":2,\"name\":\"Shop\",\"item\":\"https:\/\/steel-woody.com\/de\/online-shop\/\"},{\"@type\":\"ListItem\",\"position\":3,\"name\":\"St\u00fchle\"}]},{\"@type\":\"WebSite\",\"@id\":\"https:\/\/steel-woody.com\/de\/#website\",\"url\":\"https:\/\/steel-woody.com\/de\/\",\"name\":\"Steel Woody\",\"description\":\"\",\"potentialAction\":[{\"@type\":\"SearchAction\",\"target\":{\"@type\":\"EntryPoint\",\"urlTemplate\":\"https:\/\/steel-woody.com\/de\/?s={search_term_string}\"},\"query-input\":{\"@type\":\"PropertyValueSpecification\",\"valueRequired\":true,\"valueName\":\"search_term_string\"}}],\"inLanguage\":\"de\"}]}<\/script>\n<!-- \/ Yoast SEO plugin. -->","yoast_head_json":{"title":"St\u00fchle - Steel Woody","robots":{"index":"index","follow":"follow","max-snippet":"max-snippet:-1","max-image-preview":"max-image-preview:large","max-video-preview":"max-video-preview:-1"},"canonical":"https:\/\/steel-woody.com\/de\/online-shop\/stuehle\/","og_locale":"de_DE","og_type":"article","og_title":"St\u00fchle - Steel Woody","og_description":"Entdecken Sie unsere bequemen und stilvollen St\u00fchle, die ideal f\u00fcr jede Ecke Ihres Zuhauses sind. Von stilvollen Esszimmerst\u00fchlen bis hin zu Designs, die f\u00fcr das Wohnzimmer oder die Terrasse geeignet sind, bieten wir eine gro\u00dfe Auswahl an St\u00fchlen, die modernes Design mit dem n\u00f6tigen Komfort verbinden. W\u00e4hlen Sie die richtigen St\u00fchle, um Ihrem Zuhause Raffinesse [&hellip;]","og_url":"https:\/\/steel-woody.com\/de\/online-shop\/stuehle\/","og_site_name":"Steel Woody","article_modified_time":"2024-10-21T14:42:01+00:00","og_image":[{"url":"https:\/\/steel-woody.com\/wp-content\/uploads\/2024\/09\/4-11.jpg","type":"","width":"","height":""}],"twitter_card":"summary_large_image","schema":{"@context":"https:\/\/schema.org","@graph":[{"@type":"WebPage","@id":"https:\/\/steel-woody.com\/de\/online-shop\/stuehle\/","url":"https:\/\/steel-woody.com\/de\/online-shop\/stuehle\/","name":"St\u00fchle - Steel Woody","isPartOf":{"@id":"https:\/\/steel-woody.com\/de\/#website"},"primaryImageOfPage":{"@id":"https:\/\/steel-woody.com\/de\/online-shop\/stuehle\/#primaryimage"},"image":{"@id":"https:\/\/steel-woody.com\/de\/online-shop\/stuehle\/#primaryimage"},"thumbnailUrl":"https:\/\/steel-woody.com\/wp-content\/uploads\/2024\/09\/4-11.jpg","datePublished":"2024-10-18T11:28:05+00:00","dateModified":"2024-10-21T14:42:01+00:00","breadcrumb":{"@id":"https:\/\/steel-woody.com\/de\/online-shop\/stuehle\/#breadcrumb"},"inLanguage":"de","potentialAction":[{"@type":"ReadAction","target":["https:\/\/steel-woody.com\/de\/online-shop\/stuehle\/"]}]},{"@type":"ImageObject","inLanguage":"de","@id":"https:\/\/steel-woody.com\/de\/online-shop\/stuehle\/#primaryimage","url":"https:\/\/steel-woody.com\/wp-content\/uploads\/2024\/09\/4-11.jpg","contentUrl":"https:\/\/steel-woody.com\/wp-content\/uploads\/2024\/09\/4-11.jpg"},{"@type":"BreadcrumbList","@id":"https:\/\/steel-woody.com\/de\/online-shop\/stuehle\/#breadcrumb","itemListElement":[{"@type":"ListItem","position":1,"name":"Home","item":"https:\/\/steel-woody.com\/de\/"},{"@type":"ListItem","position":2,"name":"Shop","item":"https:\/\/steel-woody.com\/de\/online-shop\/"},{"@type":"ListItem","position":3,"name":"St\u00fchle"}]},{"@type":"WebSite","@id":"https:\/\/steel-woody.com\/de\/#website","url":"https:\/\/steel-woody.com\/de\/","name":"Steel Woody","description":"","potentialAction":[{"@type":"SearchAction","target":{"@type":"EntryPoint","urlTemplate":"https:\/\/steel-woody.com\/de\/?s={search_term_string}"},"query-input":{"@type":"PropertyValueSpecification","valueRequired":true,"valueName":"search_term_string"}}],"inLanguage":"de"}]}},"_links":{"self":[{"href":"https:\/\/steel-woody.com\/de\/wp-json\/wp\/v2\/pages\/2202","targetHints":{"allow":["GET"]}}],"collection":[{"href":"https:\/\/steel-woody.com\/de\/wp-json\/wp\/v2\/pages"}],"about":[{"href":"https:\/\/steel-woody.com\/de\/wp-json\/wp\/v2\/types\/page"}],"author":[{"embeddable":true,"href":"https:\/\/steel-woody.com\/de\/wp-json\/wp\/v2\/users\/1"}],"replies":[{"embeddable":true,"href":"https:\/\/steel-woody.com\/de\/wp-json\/wp\/v2\/comments?post=2202"}],"version-history":[{"count":1,"href":"https:\/\/steel-woody.com\/de\/wp-json\/wp\/v2\/pages\/2202\/revisions"}],"predecessor-version":[{"id":2205,"href":"https:\/\/steel-woody.com\/de\/wp-json\/wp\/v2\/pages\/2202\/revisions\/2205"}],"up":[{"embeddable":true,"href":"https:\/\/steel-woody.com\/de\/wp-json\/wp\/v2\/pages\/2431"}],"wp:attachment":[{"href":"https:\/\/steel-woody.com\/de\/wp-json\/wp\/v2\/media?parent=2202"}],"curies":[{"name":"wp","href":"https:\/\/api.w.org\/{rel}","templated":true}]}}